{"id":425,"date":"2020-11-24T15:35:40","date_gmt":"2020-11-24T13:35:40","guid":{"rendered":"https:\/\/blog.edu.turku.fi\/vakadigi\/?page_id=425"},"modified":"2026-01-09T18:21:41","modified_gmt":"2026-01-09T16:21:41","slug":"note-3","status":"publish","type":"page","link":"https:\/\/blog.edu.turku.fi\/vakadigi\/kosketustaulu\/note-3\/","title":{"rendered":"Note 3"},"content":{"rendered":"\n<figure class=\"wp-block-image alignleft\"><img loading=\"lazy\" decoding=\"async\" width=\"66\" height=\"51\" src=\"https:\/\/blog.edu.turku.fi\/vakadigi\/files\/2021\/06\/note3-66x51.jpg\" alt=\"\" class=\"wp-image-2280\" \/><\/figure>\n\n\n\n<p><a name=\"up\"><\/a>Note 3 on tietokoneelle ladattava sovellus, jolla voi tehd\u00e4 kosketustaululla toimivia teht\u00e4vi\u00e4 varhaiskasvatuksen arkeen.<\/p>\n\n\n\n<p><\/p>\n\n\n\n<p class=\"has-text-align-left\">Miten l\u00f6yd\u00e4n tietokoneelta Note 3 -sovelluksen:<\/p>\n\n\n\n<ol class=\"wp-block-list\">\n<li>\n<ol class=\"wp-block-list\">\n<li>Kirjoita tietokoneen n\u00e4yt\u00f6n vasemmassa alareunassa olevaan hakukentt\u00e4\u00e4n Note (jos ei n\u00e4y hakukentt\u00e4\u00e4, paina suurennuslasin kuvaa). Etsim\u00e4si Note -sovelluksen kuvake on valkea Note-teksti vaaleanvihre\u00e4ll\u00e4 pohjalla.<\/li>\n\n\n\n<li>Jos ei l\u00f6ytynyt, tarkista l\u00f6ytyyk\u00f6 se Software Centerist\u00e4 (kirjoita tietokoneen hakukentt\u00e4\u00e4n Software Center).<\/li>\n\n\n\n<li>Mik\u00e4li l\u00f6ysit Note 3:n Software Centerist\u00e4, tarkista viel\u00e4, ett\u00e4 sovelluksen nimi on <strong><em>Note Touchscreen 3.1.4.3725 rev2<\/em><\/strong><\/li>\n\n\n\n<li>Klikkaa sovelluksen nime\u00e4 ja valitse &#8221;Asenna&#8221;. Ohjelma asentuu koneelle.<\/li>\n<\/ol>\n<\/li>\n<\/ol>\n\n\n\n<p>Note 3 ei ollut Software Centeriss\u00e4. Pyyd\u00e4 asennus tietokoneellesi:<\/p>\n\n\n\n<ol class=\"wp-block-list\">\n<li>\n<ol class=\"wp-block-list\">\n<li>Kirjaudu <a href=\"http:\/\/servicedesk.turku.fi\/\" target=\"_blank\" rel=\"noreferrer noopener\">Servicedeskin portaaliin<\/a><\/li>\n\n\n\n<li>Valitse sielt\u00e4 &#8221;Palvelut&#8221; -&gt; &#8221;Sovelluksen asennus tai poisto&#8221; -&gt; t\u00e4yt\u00e4 pyydetyt tiedot ja tilaa asennus koneelle.<\/li>\n\n\n\n<li>Saat s\u00e4hk\u00f6postiisi ilmoituksen kun Note 3 on ladattavissa Software Centerist\u00e4.<\/li>\n<\/ol>\n<\/li>\n<\/ol>\n\n\n\n<p>Miten Note 3 -sovellus toimii? <\/p>\n\n\n\n<p><\/p>\n\n\n\n<p>Kuva 1. Painikkeiden toiminnot:<\/p>\n\n\n\n<figure class=\"wp-block-image\"><img loading=\"lazy\" decoding=\"async\" width=\"1024\" height=\"539\" src=\"https:\/\/blog.edu.turku.fi\/vakadigi\/files\/2020\/11\/Nayttokuva-15-1024x539.png\" alt=\"Note -sovelluksen painikkeiden esittely. \" class=\"wp-image-438\" srcset=\"https:\/\/blog.edu.turku.fi\/vakadigi\/files\/2020\/11\/Nayttokuva-15.png 1024w, https:\/\/blog.edu.turku.fi\/vakadigi\/files\/2020\/11\/Nayttokuva-15-300x158.png 300w\" sizes=\"auto, (max-width: 1024px) 100vw, 1024px\" \/><\/figure>\n\n\n\n<p><\/p>\n\n\n\n<p>&nbsp;<\/p>\n\n\n\n<p>Kuva 2. N\u00e4ytt\u00f6tilat; Opetustila &amp; Valmistautuminen:<\/p>\n\n\n\n<figure class=\"wp-block-image\"><img loading=\"lazy\" decoding=\"async\" width=\"1024\" height=\"543\" src=\"https:\/\/blog.edu.turku.fi\/vakadigi\/files\/2020\/11\/Nayttokuva-14-1024x543.png\" alt=\"Note -sovelluksen n\u00e4ytt\u00f6tilat. \" class=\"wp-image-437\" srcset=\"https:\/\/blog.edu.turku.fi\/vakadigi\/files\/2020\/11\/Nayttokuva-14.png 1024w, https:\/\/blog.edu.turku.fi\/vakadigi\/files\/2020\/11\/Nayttokuva-14-300x159.png 300w\" sizes=\"auto, (max-width: 1024px) 100vw, 1024px\" \/><\/figure>\n\n\n\n<p><\/p>\n\n\n\n<p>&nbsp;<\/p>\n\n\n\n<p>Kuva 3. Ty\u00f6kaluvalikko:<\/p>\n\n\n\n<figure class=\"wp-block-image\"><img loading=\"lazy\" decoding=\"async\" width=\"1024\" height=\"545\" src=\"https:\/\/blog.edu.turku.fi\/vakadigi\/files\/2020\/11\/Nayttokuva-16-1024x545.png\" alt=\"Note -sovelluksen ty\u00f6kaluvalikko. \" class=\"wp-image-439\" srcset=\"https:\/\/blog.edu.turku.fi\/vakadigi\/files\/2020\/11\/Nayttokuva-16.png 1024w, https:\/\/blog.edu.turku.fi\/vakadigi\/files\/2020\/11\/Nayttokuva-16-300x160.png 300w\" sizes=\"auto, (max-width: 1024px) 100vw, 1024px\" \/><\/figure>\n\n\n\n<p><\/p>\n\n\n\n<p>&nbsp;<\/p>\n\n\n\n<p>Kuva 4. Kuvan liitt\u00e4minen &#8221;Tietosanakirjan&#8221; kautta:<\/p>\n\n\n\n<figure class=\"wp-block-image\"><img loading=\"lazy\" decoding=\"async\" width=\"1024\" height=\"544\" src=\"https:\/\/blog.edu.turku.fi\/vakadigi\/files\/2020\/11\/Nayttokuva-17-1024x544.png\" alt=\"Note -sovelluksen kuvan liitt\u00e4minen. \" class=\"wp-image-440\" srcset=\"https:\/\/blog.edu.turku.fi\/vakadigi\/files\/2020\/11\/Nayttokuva-17.png 1024w, https:\/\/blog.edu.turku.fi\/vakadigi\/files\/2020\/11\/Nayttokuva-17-300x159.png 300w\" sizes=\"auto, (max-width: 1024px) 100vw, 1024px\" \/><\/figure>\n\n\n\n<p><\/p>\n\n\n\n<p>&nbsp;<\/p>\n\n\n\n<p>Kuva 5. Kuvan lataaminen Noteen omalta tietokoneelta \/ leikep\u00f6yd\u00e4lt\u00e4:<\/p>\n\n\n\n<figure class=\"wp-block-image\"><img loading=\"lazy\" decoding=\"async\" width=\"1024\" height=\"543\" src=\"https:\/\/blog.edu.turku.fi\/vakadigi\/files\/2020\/11\/Nayttokuva-18-1024x543.png\" alt=\"Note -sovelluksen kuvan lataaminen. \" class=\"wp-image-441\" srcset=\"https:\/\/blog.edu.turku.fi\/vakadigi\/files\/2020\/11\/Nayttokuva-18.png 1024w, https:\/\/blog.edu.turku.fi\/vakadigi\/files\/2020\/11\/Nayttokuva-18-300x159.png 300w\" sizes=\"auto, (max-width: 1024px) 100vw, 1024px\" \/><\/figure>\n\n\n\n<p><\/p>\n\n\n\n<p>&nbsp;<\/p>\n\n\n\n<p>Kuva 6. Kuvaty\u00f6kalut:<\/p>\n\n\n\n<figure class=\"wp-block-image\"><img loading=\"lazy\" decoding=\"async\" width=\"1024\" height=\"544\" src=\"https:\/\/blog.edu.turku.fi\/vakadigi\/files\/2020\/11\/Nayttokuva-19-1024x544.png\" alt=\"Note -sovelluksen kuvaty\u00f6kalut. \" class=\"wp-image-442\" srcset=\"https:\/\/blog.edu.turku.fi\/vakadigi\/files\/2020\/11\/Nayttokuva-19.png 1024w, https:\/\/blog.edu.turku.fi\/vakadigi\/files\/2020\/11\/Nayttokuva-19-300x159.png 300w\" sizes=\"auto, (max-width: 1024px) 100vw, 1024px\" \/><\/figure>\n\n\n\n<p><\/p>\n\n\n\n<p>&nbsp;<\/p>\n\n\n\n<p>Kuva 7. Linkin liitt\u00e4minen kuvaan \/ tekstiin:<\/p>\n\n\n\n<figure class=\"wp-block-image\"><img loading=\"lazy\" decoding=\"async\" width=\"1024\" height=\"543\" src=\"https:\/\/blog.edu.turku.fi\/vakadigi\/files\/2020\/11\/Nayttokuva-20-1024x543.png\" alt=\"Note -sovelluksen linkin liitt\u00e4minen kuvaan \/ tekstiin. \" class=\"wp-image-443\" srcset=\"https:\/\/blog.edu.turku.fi\/vakadigi\/files\/2020\/11\/Nayttokuva-20.png 1024w, https:\/\/blog.edu.turku.fi\/vakadigi\/files\/2020\/11\/Nayttokuva-20-300x159.png 300w\" sizes=\"auto, (max-width: 1024px) 100vw, 1024px\" \/><\/figure>\n\n\n\n<p><\/p>\n\n\n\n<p>&nbsp;<\/p>\n\n\n\n<p>Kuva 8. Kyn\u00e4ty\u00f6kalut; kirjoita \/ piirr\u00e4:<\/p>\n\n\n\n<figure class=\"wp-block-image\"><img loading=\"lazy\" decoding=\"async\" width=\"1024\" height=\"544\" src=\"https:\/\/blog.edu.turku.fi\/vakadigi\/files\/2020\/11\/Nayttokuva-21-1024x544.png\" alt=\"Note -sovelluksen kyn\u00e4toiminnot. \" class=\"wp-image-444\" srcset=\"https:\/\/blog.edu.turku.fi\/vakadigi\/files\/2020\/11\/Nayttokuva-21.png 1024w, https:\/\/blog.edu.turku.fi\/vakadigi\/files\/2020\/11\/Nayttokuva-21-300x159.png 300w\" sizes=\"auto, (max-width: 1024px) 100vw, 1024px\" \/><\/figure>\n\n\n\n<p><\/p>\n\n\n\n<p>&nbsp;<\/p>\n\n\n\n<p>Kuva 9. Muodot, nuolet, viivat, tekstity\u00f6kalu:<\/p>\n\n\n\n<figure class=\"wp-block-image\"><img loading=\"lazy\" decoding=\"async\" width=\"1024\" height=\"544\" src=\"https:\/\/blog.edu.turku.fi\/vakadigi\/files\/2020\/11\/Nayttokuva-22-1024x544.png\" alt=\"Note -sovelluksen muodot, viivat, nuolet. \" class=\"wp-image-445\" srcset=\"https:\/\/blog.edu.turku.fi\/vakadigi\/files\/2020\/11\/Nayttokuva-22.png 1024w, https:\/\/blog.edu.turku.fi\/vakadigi\/files\/2020\/11\/Nayttokuva-22-300x159.png 300w\" sizes=\"auto, (max-width: 1024px) 100vw, 1024px\" \/><\/figure>\n\n\n\n<p><\/p>\n\n\n\n<p>&nbsp;<\/p>\n\n\n\n<p>Kuva 10. Tekstipohja. Saat tekstipohjat esille klikkaamalla Tekstity\u00f6kalua (T -kirjain alapalkissa) ja klikkaamalla diaa. Valitse sitten avautuneesta ikkunasta laatikko.<\/p>\n\n\n\n<figure class=\"wp-block-image\"><img loading=\"lazy\" decoding=\"async\" width=\"1024\" height=\"620\" src=\"https:\/\/blog.edu.turku.fi\/vakadigi\/files\/2023\/11\/tekstityokalu-1024x620.jpg\" alt=\"\" class=\"wp-image-4380\" srcset=\"https:\/\/blog.edu.turku.fi\/vakadigi\/files\/2023\/11\/tekstityokalu.jpg 1024w, https:\/\/blog.edu.turku.fi\/vakadigi\/files\/2023\/11\/tekstityokalu-300x182.jpg 300w\" sizes=\"auto, (max-width: 1024px) 100vw, 1024px\" \/><\/figure>\n\n\n\n<p><\/p>\n\n\n\n<p>&nbsp;<\/p>\n\n\n\n<p>Kuva 11. Mik\u00e4li avaat useamman Note -teht\u00e4v\u00e4n yht\u00e4 aikaa, ne kaikki avautuvat ensin avoinna olleen teht\u00e4v\u00e4n jatkoksi, omaksi oletusryhmikseen. N\u00e4in saat siirretty\u00e4 haluamasi diat toiseen Note -teht\u00e4v\u00e4\u00e4n, poista ylim\u00e4\u00e4r\u00e4iset tupladiat. N\u00e4et kaikki Note teht\u00e4v\u00e4ss\u00e4 olevat diat klikkaamalla numeroa alapalkissa.<\/p>\n\n\n\n<p>Saat poistettua ylim\u00e4\u00e4r\u00e4iset diat klikkaamalla roskista yl\u00e4oikealta, klikkaa sitten dioja jotka haluat poistaa ja lopuksi &#8221;Haluatko varmasti poistaa sen?&#8221; -tekstin vasemmalla puolella olevaa v\u00e4k\u00e4st\u00e4.<\/p>\n\n\n\n<figure class=\"wp-block-image\"><img loading=\"lazy\" decoding=\"async\" width=\"1024\" height=\"616\" src=\"https:\/\/blog.edu.turku.fi\/vakadigi\/files\/2023\/11\/Nayttokuva-48-1024x616.png\" alt=\"\" class=\"wp-image-4379\" srcset=\"https:\/\/blog.edu.turku.fi\/vakadigi\/files\/2023\/11\/Nayttokuva-48.png 1024w, https:\/\/blog.edu.turku.fi\/vakadigi\/files\/2023\/11\/Nayttokuva-48-300x180.png 300w\" sizes=\"auto, (max-width: 1024px) 100vw, 1024px\" \/><\/figure>\n\n\n\n<p><\/p>\n\n\n\n<p>&nbsp;<\/p>\n\n\n\n<p>Kuva 12. Tallenna ty\u00f6si v\u00e4lill\u00e4 ja muista &#8221;Kumoa&#8221; -nappi<\/p>\n\n\n\n<figure class=\"wp-block-image\"><img loading=\"lazy\" decoding=\"async\" width=\"1024\" height=\"543\" src=\"https:\/\/blog.edu.turku.fi\/vakadigi\/files\/2020\/11\/Nayttokuva-24-1024x543.png\" alt=\"Note -sovelluksen lopputsempit. \" class=\"wp-image-447\" srcset=\"https:\/\/blog.edu.turku.fi\/vakadigi\/files\/2020\/11\/Nayttokuva-24.png 1024w, https:\/\/blog.edu.turku.fi\/vakadigi\/files\/2020\/11\/Nayttokuva-24-300x159.png 300w\" sizes=\"auto, (max-width: 1024px) 100vw, 1024px\" \/><\/figure>\n\n\n\n<p>Mik\u00e4li Note 3 ehdottaa sovelluksen p\u00e4ivitt\u00e4mist\u00e4 kun avaat sovelluksen, paina X, sill\u00e4 sovellusta ei voi p\u00e4ivitt\u00e4\u00e4 itsen\u00e4isesti. Saat p\u00e4ivitysruudun poistumaan Note3 -ohjelman asetuksista poistamalla &#8221;t\u00e4pin&#8221; ota k\u00e4ytt\u00f6\u00f6n automaattinen ohjelmistop\u00e4ivitys kohdasta.<\/p>\n\n\n\n<p>Huom! Mik\u00e4li ryhm\u00e4ss\u00e4si on TK-team -merkkinen kosketustaulu, Note 3 -sovellus on hiukan monipuolisempi (pro-toiminnot k\u00e4yt\u00f6ss\u00e4).<\/p>\n\n\n\n<p>&nbsp;<\/p>\n\n\n\n<h3 class=\"wp-block-heading\">Note3 -teht\u00e4vi\u00e4<\/h3>\n\n\n\n<p>Voit ladata valmiita sopivia teht\u00e4vi\u00e4 kosketustaululla k\u00e4ytett\u00e4v\u00e4ksi lapsiryhm\u00e4ss\u00e4si. Teht\u00e4v\u00e4pohjat ovat esimerkkej\u00e4 ja voit muokata niit\u00e4 vapaasti oman ryhm\u00e4si k\u00e4ytt\u00f6\u00f6n sopivimmiksi.<\/p>\n\n\n\n<p><\/p>\n\n\n\n<p>Teht\u00e4vien latausohje blogista tietokoneeseen:<\/p>\n\n\n\n<ul class=\"wp-block-list\">\n<li>\n<ul class=\"wp-block-list\">\n<li>Paina teht\u00e4v\u00e4n nime\u00e4.<\/li>\n\n\n\n<li><em>Lataa <\/em>teht\u00e4v\u00e4 koneellesi auenneesta v\u00e4lilehdest\u00e4.<\/li>\n\n\n\n<li>Avaa Note3 -sovellus, sielt\u00e4 valikko -&gt; tiedosto -&gt; avaa. (viereinen kuva)<\/li>\n\n\n\n<li>Lataamasi teht\u00e4v\u00e4 l\u00f6ytyy tietokoneesi <em>Ladatut tiedostot<\/em> -kansiosta.<\/li>\n\n\n\n<li>K\u00e4yt\u00e4 teht\u00e4vi\u00e4 tai muokkaa niit\u00e4 ryhm\u00e4llesi sopivaksi.<\/li>\n<\/ul>\n<\/li>\n<\/ul>\n\n\n\n<figure class=\"wp-block-image size-full\"><img loading=\"lazy\" decoding=\"async\" width=\"187\" height=\"300\" src=\"https:\/\/blog.edu.turku.fi\/vakadigi\/files\/2025\/12\/note3-187x300-1.jpg\" alt=\"\" class=\"wp-image-4856\" \/><\/figure>\n\n\n\n<h5 class=\"wp-block-heading\">Toiminnallinen aamupiiri<\/h5>\n\n\n\n<p>Toiminnallinen aamupiiri -sis\u00e4lt\u00e4\u00e4 esimerkkisivuja, joista voit valita ja muokata ryhm\u00e4llesi sopivaksi. Tiedosto sis\u00e4lt\u00e4\u00e4 useita vaihtoehtoisia sivuja seuraavista:<\/p>\n\n\n\n<ul class=\"wp-block-list\">\n<li>Siirr\u00e4 nimesi ohjeen mukaiseen paikkaan<\/li>\n\n\n\n<li>Kuka paikalla? (siirr\u00e4 oma kuva p\u00e4iv\u00e4kotiin)<\/li>\n\n\n\n<li>Viikonp\u00e4iv\u00e4t v\u00e4rein &amp; kuvin \/ p\u00e4iv\u00e4m\u00e4\u00e4r\u00e4 ja kuukausi<\/li>\n\n\n\n<li>Viikonp\u00e4iv\u00e4 (siirr\u00e4 nuoli oikeaan p\u00e4iv\u00e4\u00e4n)<\/li>\n\n\n\n<li>P\u00e4iv\u00e4m\u00e4\u00e4r\u00e4 ja kuukausi<\/li>\n\n\n\n<li>P\u00e4iv\u00e4n s\u00e4\u00e4 &#8221;Pekka Pouta&#8221;<\/li>\n\n\n\n<li>P\u00e4iv\u00e4n s\u00e4\u00e4 &#8221;Mit\u00e4 puetaan p\u00e4\u00e4lle?&#8221;<\/li>\n\n\n\n<li>Rytmit -&gt; linkit nettisivuille<\/li>\n\n\n\n<li>Pohdintateht\u00e4vi\u00e4 -&gt; linkit nettisivuille<\/li>\n\n\n\n<li>Pienryhm\u00e4t<\/li>\n\n\n\n<li>Lis\u00e4\u00e4 s\u00e4\u00e4kuvia \/ toimintakuvia<\/li>\n\n\n\n<li>Kalenterikuvat (vaihdettavaksi kalenterisivulle) elokuu 2025 &#8211; toukokuu 2026<\/li>\n<\/ul>\n\n\n\n<p>&gt;&gt;<a href=\"https:\/\/edumailturku.sharepoint.com\/:u:\/s\/testitiimi49\/EQU-j0q9cOpAtoZaLX6giLIB_siaCWR7ZqZtw-2fssrXbQ?e=ofaP5Y\" target=\"_blank\" rel=\"noopener\"> Lataa toiminnallinen aamupiiri t\u00e4st\u00e4<\/a> &lt;&lt;<\/p>\n\n\n\n<h5 class=\"wp-block-heading\">Matemaattiset teht\u00e4v\u00e4t<\/h5>\n\n\n\n<ul class=\"wp-block-list\">\n<li><a href=\"https:\/\/edumailturku.sharepoint.com\/:u:\/s\/testitiimi49\/ET1fj94OomRPvcD5Uac8wyYBW6qleM6iiV7TIFBUE-jbHA?e=foXAem\" target=\"_blank\" rel=\"noopener\">Laske el\u00e4imet<\/a>\n<ul class=\"wp-block-list\">\n<li>Kuinka monta el\u00e4int\u00e4 l\u00f6yd\u00e4t kuvasta? Valitse oikea lukum\u00e4\u00e4r\u00e4.<\/li>\n<\/ul>\n<\/li>\n\n\n\n<li><a href=\"https:\/\/edumailturku.sharepoint.com\/:u:\/s\/testitiimi49\/EelqN9fmgKVOgX_fEpPa11MBzIqF5zAinDVA_6JqdyURyw\" target=\"_blank\" rel=\"noopener\">Symmetria -teht\u00e4vi\u00e4<\/a>\n<ul class=\"wp-block-list\">\n<li>Piirr\u00e4 kuvion toinen puoli samanlaiseksi pisteiden mukaan.<\/li>\n<\/ul>\n<\/li>\n\n\n\n<li><a href=\"https:\/\/edumailturku.sharepoint.com\/:u:\/s\/testitiimi49\/EfZOOx5b6HBLuUAErR72gvwBxBYbPZcHnNJ-9e2vvTg33A\" target=\"_blank\" rel=\"noopener\">Matematiikka-teht\u00e4vi\u00e4<\/a>\n<ul class=\"wp-block-list\">\n<li>lukujonoja<\/li>\n\n\n\n<li>lukum\u00e4\u00e4r\u00e4t<\/li>\n\n\n\n<li>yhteenlaskuja<\/li>\n<\/ul>\n<\/li>\n\n\n\n<li><a href=\"https:\/\/edumailturku.sharepoint.com\/:u:\/s\/testitiimi49\/EZPAj2TTQ2pOhL-dHeVUXvUBB31_6ViZLJgGeuFrDX8S1w\" target=\"_blank\" rel=\"noopener\">Yhdist\u00e4 \/ erilainen \/ samanlainen<\/a>\n<ul class=\"wp-block-list\">\n<li>yhdist\u00e4 viivalla erilainen \/ samanlainen<\/li>\n<\/ul>\n<\/li>\n\n\n\n<li><a href=\"https:\/\/edumailturku.sharepoint.com\/:u:\/s\/testitiimi49\/Effonn3Bb3BGmefFNe_cEsYBqnpUwYQFSXC7O0KOpFHQcw\" target=\"_blank\" rel=\"noopener\">L\u00f6yd\u00e4 piilotettu esine -pulmat<\/a>\n<ul class=\"wp-block-list\">\n<li>etsi hukassa olevat tavarat ison tavaram\u00e4\u00e4r\u00e4n joukosta<\/li>\n<\/ul>\n<\/li>\n\n\n\n<li><a href=\"https:\/\/edumailturku.sharepoint.com\/:u:\/s\/testitiimi49\/EZPAj2TTQ2pOhL-dHeVUXvUBB31_6ViZLJgGeuFrDX8S1w?e=lkoqt5\" target=\"_blank\" rel=\"noopener\">Seuraa viivaa \/ yhdistelyteht\u00e4vi\u00e4<\/a>\n<ul class=\"wp-block-list\">\n<li>seuraa viivaa kyn\u00e4ll\u00e4 ja yhdist\u00e4 ohjeen mukaan<\/li>\n<\/ul>\n<\/li>\n\n\n\n<li><a href=\"https:\/\/edumailturku.sharepoint.com\/:u:\/s\/testitiimi49\/EaoL25sAVLRLps5n5fadvyMBNeqo0PT56lkBcu5OPBvwqA?e=ljirs6\" target=\"_blank\" rel=\"noopener\">Seuraa pisteit\u00e4 raketilla<\/a><\/li>\n\n\n\n<li><a href=\"https:\/\/edumailturku.sharepoint.com\/:u:\/s\/testitiimi49\/EeWqP-6wmwhAuPRRWksx6GYBmUFPqFx2enCwwL94xmgqMA?e=BLz7kU\" target=\"_blank\" rel=\"noopener\">Ratkaise salasana<\/a><\/li>\n\n\n\n<li><a href=\"https:\/\/edumailturku.sharepoint.com\/:u:\/s\/testitiimi49\/EemvVlG0QmVCmspBezMuTTUB-8mB0Lc0SgJ3f0bdXGIMBA?e=YtaB6X\" target=\"_blank\" rel=\"noopener\">Jatka sarjaa<\/a><\/li>\n<\/ul>\n\n\n\n<h5 class=\"wp-block-heading\">Kielelliset teht\u00e4v\u00e4t<\/h5>\n\n\n\n<ul class=\"wp-block-list\">\n<li><a href=\"https:\/\/edumailturku.sharepoint.com\/:u:\/s\/testitiimi49\/EU0kfsjr83RLiUHjb-wfHqoBfCwtCJK8rZMGAav1X24upw?e=PTSbyo\" target=\"_blank\" rel=\"noopener\">Aakkoset<\/a>\n<ul class=\"wp-block-list\">\n<li>yhdist\u00e4 iso ja pieni kirjain<\/li>\n\n\n\n<li>kirjoita vokaalit<\/li>\n\n\n\n<li>kirjoita konsonantit<\/li>\n<\/ul>\n<\/li>\n\n\n\n<li><a href=\"https:\/\/edumailturku.sharepoint.com\/:u:\/s\/testitiimi49\/EZGwOgTsz4JOntUfODor2XQB2sBrpBtgPCakcA3yeh_kFA?e=2Cdbdu\" target=\"_blank\" rel=\"noopener\">Aakkoset kuvina<\/a><\/li>\n\n\n\n<li><a href=\"https:\/\/edumailturku.sharepoint.com\/:u:\/s\/testitiimi49\/EZGwOgTsz4JOntUfODor2XQB2sBrpBtgPCakcA3yeh_kFA?e=2Cdbdu\" target=\"_blank\" rel=\"noopener\">Paikkak\u00e4sitteet<\/a>\n<ul class=\"wp-block-list\">\n<li>alla, p\u00e4\u00e4ll\u00e4, takana, edess\u00e4, vieress\u00e4, sis\u00e4ll\u00e4, ulkopuolella, v\u00e4liss\u00e4, kaukana, l\u00e4hell\u00e4<\/li>\n<\/ul>\n<\/li>\n<\/ul>\n\n\n\n<h5 class=\"wp-block-heading\">Interaktiiviset tarinat<\/h5>\n\n\n\n<ul class=\"wp-block-list\">\n<li><a href=\"https:\/\/edumailturku.sharepoint.com\/:u:\/s\/testitiimi49\/EdkZSrlUmAlAtRsdSvBdWr4B7gtDNXma1Wx4htLVhxyNlA?e=nfDVSq\" target=\"_blank\" rel=\"noopener\">Virtasen perheen loma<\/a>\n<ul class=\"wp-block-list\">\n<li>Satu etenee lasten valintojen mukaan.<\/li>\n\n\n\n<li>Sasun kulku valitaan kahdesta vaihtoehdosta sivun alaosasta.<\/li>\n\n\n\n<li>Klikkaa ensin kuvaa ja sen j\u00e4lkeen kuvan alle ilmestynytt\u00e4 kuvaketta.<\/li>\n\n\n\n<li>Sadun lopussa on hyv\u00e4 keskustella sadusta sek\u00e4 satuun liittyvist\u00e4 aiheista.<\/li>\n<\/ul>\n<\/li>\n\n\n\n<li><a href=\"https:\/\/edumailturku.sharepoint.com\/:u:\/s\/testitiimi49\/EciwGwvxrkVIt_HzclVODxQBwvnbGYV8kJ4y9m_5qZUEKw?e=DZZ82p\" target=\"_blank\" rel=\"noopener\">Pupu-Jussin touhukas p\u00e4iv\u00e4<\/a>\n<ul class=\"wp-block-list\">\n<li>Tarina etenee lasten valintojen ja tarinan teht\u00e4vien mukaan.<\/li>\n\n\n\n<li>Kun klikkaat valintakuvaa, ilmestyy linkkikuvake kuvan alle. Painamalla kuvaketta tarina jatkuu.<\/li>\n<\/ul>\n<\/li>\n\n\n\n<li><a href=\"https:\/\/edumailturku.sharepoint.com\/:u:\/s\/testitiimi49\/Ec-JsK2qyGVLqgYMaiUhAWoBsNG_KZguACEDE8bkBJGWrA?e=D7ofCf\" target=\"_blank\" rel=\"noopener\">Kultakutri ja kolme karhua<\/a>\n<ul class=\"wp-block-list\">\n<li>Luetaan\/kerrotaan\/pohditaan yhdess\u00e4 mit\u00e4 tarinassa tapahtuu.<\/li>\n<\/ul>\n<\/li>\n<\/ul>\n\n\n\n<h5 class=\"wp-block-heading\">Muut Note3 -teht\u00e4v\u00e4t<\/h5>\n\n\n\n<ul class=\"wp-block-list\">\n<li><a href=\"https:\/\/edumailturku.sharepoint.com\/:u:\/s\/testitiimi49\/Ec-JsK2qyGVLqgYMaiUhAWoBsNG_KZguACEDE8bkBJGWrA?e=D7ofCf\" target=\"_blank\" rel=\"noopener\">Miss\u00e4 on..?<\/a>\n<ul class=\"wp-block-list\">\n<li>Miss\u00e4 paketissa nukke, nalle, juna ja auto piileskelev\u00e4t?<\/li>\n<\/ul>\n<\/li>\n\n\n\n<li><a href=\"https:\/\/edumailturku.sharepoint.com\/:u:\/s\/testitiimi49\/EffmnXVncYNOldzQ7T4noiABkK88D0jM0fz1O7CpcjyLKQ?e=a6KGBF\" target=\"_blank\" rel=\"noopener\">Tunneteht\u00e4v\u00e4<\/a>\n<ul class=\"wp-block-list\">\n<li>Yhdist\u00e4 tunnetila viivalla ja nime\u00e4 se<\/li>\n<\/ul>\n<\/li>\n\n\n\n<li><a href=\"https:\/\/edumailturku.sharepoint.com\/:u:\/s\/testitiimi49\/EZpHgtRqVnlGgX7ZonZ4aKIBuHS3ZpdfOK4Ie8Zem5PyHg?e=yfM9wD\" target=\"_blank\" rel=\"noopener\">Talvisia teht\u00e4vi\u00e4<\/a><\/li>\n\n\n\n<li><a href=\"https:\/\/edumailturku.sharepoint.com\/:u:\/s\/testitiimi49\/EU9yIzihPWpMpxrgaacT4eYBrpWS1lZ_GjvZvZHi2WjYtg?e=IdNpLn\" target=\"_blank\" rel=\"noopener noreferrer\">112-p\u00e4iv\u00e4n teht\u00e4vi\u00e4<\/a><\/li>\n\n\n\n<li><a href=\"https:\/\/edumailturku.sharepoint.com\/:u:\/s\/testitiimi49\/EcbSLYX3fPZLkLhJfjF8oC0B-FGqDX_o9IAMtCzy4iN8RA?e=JrZJDS\" target=\"_blank\" rel=\"noopener\">P\u00e4\u00e4si\u00e4isteht\u00e4vi\u00e4<\/a><\/li>\n\n\n\n<li><a href=\"https:\/\/edumailturku.sharepoint.com\/:u:\/s\/testitiimi49\/EXDG0Z0lM6FOimj_WP4hW_EBIo3MEggfLwIHjBzZ4Ng_gg?e=X2qljH\" target=\"_blank\" rel=\"noopener\">Kehonosat paikoilleen<\/a>\n<ul class=\"wp-block-list\">\n<li>Laita kehonosat oikeille paikoilleen<\/li>\n<\/ul>\n<\/li>\n\n\n\n<li><a href=\"https:\/\/edumailturku.sharepoint.com\/:u:\/s\/testitiimi49\/EV3SB7TIinpIjoAeimZ-CAIBAbiouqSnMK7pirYJuz1bnQ?e=7Rleac\" target=\"_blank\" rel=\"noopener\">Auta Kaarlo-Korppia kierr\u00e4tt\u00e4m\u00e4\u00e4n<\/a>\n<ul class=\"wp-block-list\">\n<li>Harjoitellaan kierr\u00e4tt\u00e4m\u00e4\u00e4n.<\/li>\n<\/ul>\n<\/li>\n\n\n\n<li><a href=\"https:\/\/edumailturku.sharepoint.com\/:u:\/s\/testitiimi49\/EV3SB7TIinpIjoAeimZ-CAIBAbiouqSnMK7pirYJuz1bnQ?e=7Rleac\" target=\"_blank\" rel=\"noopener\">Vastakohdat<\/a>\n<ul class=\"wp-block-list\">\n<li>P\u00f6ll\u00f6t seikkailevat vastakohtateht\u00e4viss\u00e4<\/li>\n<\/ul>\n<\/li>\n\n\n\n<li><a href=\"https:\/\/edumailturku.sharepoint.com\/:u:\/s\/testitiimi49\/Ee6xzOwb8jVNr3FwUdxWI5sBqyv-YESC4XDP0Ijq0QO8cQ?e=GHRmSg\" target=\"_blank\" rel=\"noopener\">Vuodenajat<\/a> &#8211; mit\u00e4 eri vuodenaikoina puuhataan?\n<ul class=\"wp-block-list\">\n<li>siirr\u00e4 kuvat oikean vuodenajan kohdalle<\/li>\n<\/ul>\n<\/li>\n\n\n\n<li><a href=\"https:\/\/edumailturku.sharepoint.com\/:u:\/s\/testitiimi49\/EVj3vWXQ0PJMhcR4PctlJ90B-u7pezlvg24hvcKLdHnOow?e=vzoxu1\" target=\"_blank\" rel=\"noopener\">Vuorokaudenajat<\/a> -mit\u00e4 eri vuorokaudenaikoina puuhataan?\n<ul class=\"wp-block-list\">\n<li>siirr\u00e4 kuvat oikean vuorokaudenajan kohdalle<\/li>\n<\/ul>\n<\/li>\n\n\n\n<li><a href=\"https:\/\/edumailturku.sharepoint.com\/:u:\/s\/testitiimi49\/Ec97W_1oma9GmZA3W2_C4L0B4hWQK2oyM3L1UVwZKoCPkg?e=Hatwqh\" target=\"_blank\" rel=\"noopener\">Ensin &#8211; sitten -kuvaparit<\/a>\n<ul class=\"wp-block-list\">\n<li>yhdist\u00e4 viivalla mit\u00e4 tapahtuu ensin, ent\u00e4 sen j\u00e4lkeen?<\/li>\n<\/ul>\n<\/li>\n\n\n\n<li><a href=\"https:\/\/edumailturku.sharepoint.com\/:u:\/s\/testitiimi49\/EX_FXcHKVUpBp1jOWFIcGgABJX2_iQSB4yb8pazAxUvnog?e=M190s1\" target=\"_blank\" rel=\"noopener\">Kasvin kasvuvaiheet<\/a>\n<ul class=\"wp-block-list\">\n<li>j\u00e4rjest\u00e4 kuvat oikeaan aikaj\u00e4rjestykseen<\/li>\n<\/ul>\n<\/li>\n\n\n\n<li><a href=\"https:\/\/edumailturku.sharepoint.com\/:u:\/s\/testitiimi49\/EVUtpXjhQvpNn_7FQButqhIBshIO2lAbRmg1W7PGezNIyQ?e=ZDe6Qp\" target=\"_blank\" rel=\"noopener\">Pue paperinukeille vaatteet<\/a><\/li>\n\n\n\n<li><a href=\"https:\/\/edumailturku.sharepoint.com\/:u:\/s\/testitiimi49\/ERIPxjrpxkhKqE_OvapabCkBXS3p18sAFdNmv-_xZdocBQ?e=dxxC9O\" target=\"_blank\" rel=\"noopener\">Milt\u00e4 sinusta tuntuu?<\/a>\n<ul class=\"wp-block-list\">\n<li>Sivuilla eri tilanteista lasten arjesta ja kaksi tunnetilaa.<\/li>\n\n\n\n<li>Pohtikaa ja keskustelkaa yhdess\u00e4 tilanteiden her\u00e4tt\u00e4mi\u00e4 tunteita<\/li>\n<\/ul>\n<\/li>\n\n\n\n<li><a href=\"https:\/\/edumailturku.sharepoint.com\/:u:\/s\/testitiimi49\/EUsyWI6WMNxBojMXnjLzf0oBzuIaD06nBL19c6VSBpNJkQ?e=ahjEMH\" target=\"_blank\" rel=\"noopener\">Tunnistatko Turun n\u00e4ht\u00e4vyydet<\/a> &#8211; piilokuvateht\u00e4v\u00e4\n<ul class=\"wp-block-list\">\n<li>Turun linna<\/li>\n\n\n\n<li>Turun tuomiokirkko<\/li>\n\n\n\n<li>Turun vanha kaupunginkirjasto<\/li>\n\n\n\n<li>Suomenjoutsen<\/li>\n<\/ul>\n<\/li>\n\n\n\n<li><a href=\"https:\/\/edumailturku.sharepoint.com\/:u:\/s\/testitiimi49\/ESsWRct6rmBBilY4ZunT4-EBOn92tCogzPGQfW5j7Y6IAA?e=WEahFs\" target=\"_blank\" rel=\"noopener\">Jouluisia teht\u00e4vi\u00e4<\/a>\n<ul class=\"wp-block-list\">\n<li>Kokoa jouluiset hahmot<\/li>\n\n\n\n<li>Porkkananen\u00e4 lumiukolle<\/li>\n\n\n\n<li>Mik\u00e4 lahja kuuluu kenellekin?<\/li>\n\n\n\n<li>Kuinka monta l\u00f6yd\u00e4t?<\/li>\n\n\n\n<li>Koristele joulukuusi<\/li>\n<\/ul>\n<\/li>\n<\/ul>\n","protected":false},"excerpt":{"rendered":"<p>Note 3 on tietokoneelle ladattava sovellus, jolla voi tehd\u00e4 kosketustaululla toimivia teht\u00e4vi\u00e4 varhaiskasvatuksen arkeen. Miten l\u00f6yd\u00e4n tietokoneelta Note 3 -sovelluksen: Note 3 ei ollut Software Centeriss\u00e4. Pyyd\u00e4 asennus tietokoneellesi: Miten Note 3 -sovellus toimii? Kuva 1. Painikkeiden toiminnot: &nbsp; Kuva<\/p>\n","protected":false},"author":3065,"featured_media":0,"parent":47,"menu_order":0,"comment_status":"closed","ping_status":"closed","template":"","meta":{"footnotes":""},"class_list":["post-425","page","type-page","status-publish","hentry"],"_links":{"self":[{"href":"https:\/\/blog.edu.turku.fi\/vakadigi\/wp-json\/wp\/v2\/pages\/425","targetHints":{"allow":["GET"]}}],"collection":[{"href":"https:\/\/blog.edu.turku.fi\/vakadigi\/wp-json\/wp\/v2\/pages"}],"about":[{"href":"https:\/\/blog.edu.turku.fi\/vakadigi\/wp-json\/wp\/v2\/types\/page"}],"author":[{"embeddable":true,"href":"https:\/\/blog.edu.turku.fi\/vakadigi\/wp-json\/wp\/v2\/users\/3065"}],"replies":[{"embeddable":true,"href":"https:\/\/blog.edu.turku.fi\/vakadigi\/wp-json\/wp\/v2\/comments?post=425"}],"version-history":[{"count":42,"href":"https:\/\/blog.edu.turku.fi\/vakadigi\/wp-json\/wp\/v2\/pages\/425\/revisions"}],"predecessor-version":[{"id":5085,"href":"https:\/\/blog.edu.turku.fi\/vakadigi\/wp-json\/wp\/v2\/pages\/425\/revisions\/5085"}],"up":[{"embeddable":true,"href":"https:\/\/blog.edu.turku.fi\/vakadigi\/wp-json\/wp\/v2\/pages\/47"}],"wp:attachment":[{"href":"https:\/\/blog.edu.turku.fi\/vakadigi\/wp-json\/wp\/v2\/media?parent=425"}],"curies":[{"name":"wp","href":"https:\/\/api.w.org\/{rel}","templated":true}]}}