{"id":3312,"date":"2022-08-02T15:10:01","date_gmt":"2022-08-02T12:10:01","guid":{"rendered":"https:\/\/blog.edu.turku.fi\/vakadigi\/?page_id=3312"},"modified":"2026-03-03T14:18:22","modified_gmt":"2026-03-03T12:18:22","slug":"ilmaisun-monet-muodot2","status":"publish","type":"page","link":"https:\/\/blog.edu.turku.fi\/vakadigi\/ilmaisun-monet-muodot2\/","title":{"rendered":"Ilmaisun monet muodot"},"content":{"rendered":"\n<h5 class=\"wp-block-heading\">Musiikkikasvatus:<\/h5>\n\n\n\n<ul class=\"wp-block-list\">\n<li><a href=\"https:\/\/areena.yle.fi\/audio\/1-50687739\" target=\"_blank\" rel=\"noopener noreferrer\">Soiva syli<\/a> &#8211; lauluja ja lorutteluja pienimmille <span data-contrast=\"none\"><span data-contrast=\"none\"><mark style=\"background-color:#e2f8b6\" class=\"has-inline-color\">0-3v. <\/mark><\/span><\/span><\/li>\n\n\n\n<li><a href=\"https:\/\/kidmons.com\/game\/piano-online\/\" target=\"_blank\" rel=\"noopener noreferrer\">Piano<\/a> &#8211; \u00a0mm. maatilanel\u00e4inten \u00e4\u00e4nill\u00e4 (koko n\u00e4yt\u00f6lle: paina peliruudun alla olevaa vihre\u00e4\u00e4 nappia, jossa kaksip\u00e4inen nuoli) <span data-contrast=\"none\"><span data-contrast=\"none\"><mark style=\"background-color:#e2f8b6\" class=\"has-inline-color\">0-3v. <\/mark><\/span><\/span><\/li>\n\n\n\n<li><a href=\"https:\/\/artsandculture.google.com\/experiment\/AAHWrq360NcGbw?cp=e30.\" target=\"_blank\" rel=\"noopener noreferrer\">Blob Opera \u2014 Google Arts &amp; Culture<\/a> \u2013 tee musiikkia nelj\u00e4n Blobin kanssa <span data-contrast=\"none\"><span data-contrast=\"none\"><mark style=\"background-color:#e2f8b6\" class=\"has-inline-color\">0-3v. <\/mark> <mark style=\"background-color:#d4f2fb\" class=\"has-inline-color\">4-5v. <\/mark> <mark style=\"background-color:#fae2c0\" class=\"has-inline-color\">EO <\/mark> <\/span><\/span><\/li>\n\n\n\n<li><a href=\"https:\/\/musiclab.chromeexperiments.com\/Experiments\" target=\"_blank\" rel=\"noopener\">Crome Music lab<\/a> -musiikkikasvatussivusto erilaisine musiikkiosioineen <span data-contrast=\"none\"><span data-contrast=\"none\"><mark style=\"background-color:#e2f8b6\" class=\"has-inline-color\"> 0-3v. <\/mark>  <mark style=\"background-color:#d4f2fb\" class=\"has-inline-color\"> 4-5v. <\/mark>  <mark style=\"background-color:#fae2c0\" class=\"has-inline-color\"> EO <\/mark> <\/span><\/span><\/li>\n\n\n\n<li><a href=\"https:\/\/davebirss.com\/soundviz\/\" target=\"_blank\" rel=\"noreferrer noopener\">\u00c4\u00e4net aaltoina<\/a> -milt\u00e4 n\u00e4ytt\u00e4\u00e4 oma \u00e4\u00e4ni erilaisina kuvioin ja aaltoina <span data-contrast=\"none\"><span data-contrast=\"none\"><span data-contrast=\"none\"><mark style=\"background-color:#e2f8b6\" class=\"has-inline-color\"> 0-3v. <\/mark>  <mark style=\"background-color:#d4f2fb\" class=\"has-inline-color\"> 4-5v. <\/mark>  <mark style=\"background-color:#fae2c0\" class=\"has-inline-color\"> EO <\/mark> <\/span><\/span><\/span><\/li>\n\n\n\n<li><span data-contrast=\"none\"><a href=\"https:\/\/areena.yle.fi\/audio\/1-4305282\" target=\"_blank\" rel=\"noopener noreferrer\">100 lastenlaulua<\/a> &#8211; Kuuntele ja laula mukana <span data-contrast=\"none\"><span data-contrast=\"none\"><mark style=\"background-color:#e2f8b6\" class=\"has-inline-color\"> 0-3v. <\/mark>  <mark style=\"background-color:#d4f2fb\" class=\"has-inline-color\"> 4-5v. <\/mark>  <mark style=\"background-color:#fae2c0\" class=\"has-inline-color\"> EO <\/mark> <\/span><\/span><\/span><\/li>\n\n\n\n<li><a href=\"https:\/\/pianoplays.com\/\" target=\"_blank\" rel=\"noopener noreferrer\">Virtuaalinen piano<\/a> soita pianolla musiikkia <span data-contrast=\"none\"><span data-contrast=\"none\"><mark style=\"background-color:#e2f8b6\" class=\"has-inline-color\"> 0-3v. <\/mark>  <mark style=\"background-color:#d4f2fb\" class=\"has-inline-color\"> 4-5v. <\/mark>  <mark style=\"background-color:#fae2c0\" class=\"has-inline-color\"> EO <\/mark> <\/span><\/span><\/li>\n\n\n\n<li><a href=\"https:\/\/toytheater.com\/xylophone\/\" target=\"_blank\" rel=\"noopener noreferrer\">Xylofoni<\/a> -Harjoittele soittamaan <span data-contrast=\"none\"><span data-contrast=\"none\"><mark style=\"background-color:#e2f8b6\" class=\"has-inline-color\"> 0-3v. <\/mark>  <mark style=\"background-color:#d4f2fb\" class=\"has-inline-color\"> 4-5v. <\/mark>  <mark style=\"background-color:#fae2c0\" class=\"has-inline-color\"> EO <\/mark> <\/span><\/span><\/li>\n\n\n\n<li><a href=\"https:\/\/yle.fi\/aihe\/s\/10001382\" target=\"_blank\" rel=\"noopener\">Ilmaisun monet muodot<\/a> \u2013 YLE lapset <span data-contrast=\"none\"><span data-contrast=\"none\"><mark style=\"background-color:#e2f8b6\" class=\"has-inline-color\">0-3v. <\/mark> <mark style=\"background-color:#d4f2fb\" class=\"has-inline-color\">4-5v. <\/mark> <mark style=\"background-color:#fae2c0\" class=\"has-inline-color\">EO <\/mark> <\/span><\/span><\/li>\n\n\n\n<li><a href=\"https:\/\/www.incredibox.com\/demo\/\" target=\"_blank\" rel=\"noopener\">Incredibox<\/a> &#8211; tee omaa beatbox-musiikkia <span data-contrast=\"none\"><span data-contrast=\"none\"><mark style=\"background-color:#d4f2fb\" class=\"has-inline-color\">4-5v. <\/mark> <mark style=\"background-color:#fae2c0\" class=\"has-inline-color\">EO <\/mark> <\/span><\/span><\/li>\n\n\n\n<li><a href=\"https:\/\/musicplayonline.com\/activities\/virtual_instruments\/game_files\/classroom_instruments\/index.html\" target=\"_blank\" rel=\"noopener noreferrer\">Kokoelma virtuaalisia soittimia<\/a> <span data-contrast=\"none\"><span data-contrast=\"none\"><mark style=\"background-color:#d4f2fb\" class=\"has-inline-color\"> 4-5v. <\/mark>  <mark style=\"background-color:#fae2c0\" class=\"has-inline-color\"> EO <\/mark> <\/span><\/span><\/li>\n\n\n\n<li><a href=\"https:\/\/touchpianist.com\/\" target=\"_blank\" rel=\"noopener noreferrer\">Touchpianist<\/a> &#8211; naputtele sormella kosketustaululla ja musiikin rytmi kulkee mukana <span data-contrast=\"none\"><span data-contrast=\"none\"><mark style=\"background-color:#d4f2fb\" class=\"has-inline-color\">4-5v. <\/mark> <mark style=\"background-color:#fae2c0\" class=\"has-inline-color\">EO <\/mark> <\/span><\/span><\/li>\n\n\n\n<li><a href=\"https:\/\/www.muistipuisto.fi\/melodiat\/\" target=\"_blank\" rel=\"noopener\">Tunnista sama s\u00e4vel<\/a> &#8211; kuunteluteht\u00e4v\u00e4 <span data-contrast=\"none\"><span data-contrast=\"none\"><mark style=\"background-color:#d4f2fb\" class=\"has-inline-color\"> 4-5v. <\/mark>  <mark style=\"background-color:#fae2c0\" class=\"has-inline-color\"> EO <\/mark> <\/span><\/span><\/li>\n\n\n\n<li><a href=\"https:\/\/musicplayonline.com\/activities\/melody_compose\/exercises\/staff_composition\/menu\/menu.html\" target=\"_blank\" rel=\"noopener noreferrer\">S\u00e4vell\u00e4 oma laulu<\/a> ja kuuntele se <span data-contrast=\"none\"><span data-contrast=\"none\"><mark style=\"background-color:#d4f2fb\" class=\"has-inline-color\"> 4-5v. <\/mark>  <mark style=\"background-color:#fae2c0\" class=\"has-inline-color\"> EO <\/mark> <\/span><\/span><\/li>\n<\/ul>\n\n\n\n<ul class=\"wp-block-list\">\n<li><em>Wild Symphony<\/em> &#8211; sovellus &#8221;Villi sinfonia&#8221; -satukirjalle, soittaa sadun tunnelmamusiikit. <span data-contrast=\"none\"><span data-contrast=\"none\"><mark style=\"background-color:#e2f8b6\" class=\"has-inline-color\">0-3v. <\/mark> <mark style=\"background-color:#d4f2fb\" class=\"has-inline-color\">4-5v. <\/mark> <mark style=\"background-color:#fae2c0\" class=\"has-inline-color\">EO <\/mark> <\/span><\/span>(iPad-sovellus)<\/li>\n\n\n\n<li><em>SoundForest<\/em> &#8211; tee omaa musiikkia <span data-contrast=\"none\"><span data-contrast=\"none\"><mark style=\"background-color:#e2f8b6\" class=\"has-inline-color\"> 0-3v. <\/mark>  <mark style=\"background-color:#d4f2fb\" class=\"has-inline-color\"> 4-5v. <\/mark>  <mark style=\"background-color:#fae2c0\" class=\"has-inline-color\"> EO <\/mark> <\/span><\/span>(iPad-sovellus)<\/li>\n\n\n\n<li><em>GarageBand<\/em> &#8211; tee omaa musiikkia <span data-contrast=\"none\"><span data-contrast=\"none\"><mark style=\"background-color:#e2f8b6\" class=\"has-inline-color\">0-3v. <\/mark> <mark style=\"background-color:#d4f2fb\" class=\"has-inline-color\">4-5v. <\/mark> <mark style=\"background-color:#fae2c0\" class=\"has-inline-color\">EO <\/mark> <\/span><\/span>(iPad-sovellus)<\/li>\n\n\n\n<li><em>Musiquest ECE: Sketch-a-Song<\/em> &#8211; tehd\u00e4\u00e4n omaa musiikkia <span data-contrast=\"none\"><span data-contrast=\"none\"><mark style=\"background-color:#d4f2fb\" class=\"has-inline-color\">4-5v. <\/mark> <mark style=\"background-color:#fae2c0\" class=\"has-inline-color\">EO <\/mark> <\/span><\/span>(iPad-sovellus)<\/li>\n\n\n\n<li><em>Mazaam, The Musical Genius<\/em> &#8211; tunnista musiikin tempo <span data-contrast=\"none\"><span data-contrast=\"none\"><mark style=\"background-color:#d4f2fb\" class=\"has-inline-color\"> 4-5v. <\/mark>  <mark style=\"background-color:#fae2c0\" class=\"has-inline-color\"> EO <\/mark> <\/span><\/span>(iPad-sovellus)<\/li>\n\n\n\n<li><em>Sound Pairs<\/em> &#8211; muistipeli, jossa yhdistet\u00e4\u00e4n \u00e4\u00e4ni ja kuva, voi pelata yhdess\u00e4 <span data-contrast=\"none\"><span data-contrast=\"none\"><mark style=\"background-color:#d4f2fb\" class=\"has-inline-color\"> 4-5v. <\/mark>  <mark style=\"background-color:#fae2c0\" class=\"has-inline-color\"> EO <\/mark> <\/span><\/span>(iPad-sovellus)<\/li>\n\n\n\n<li><em>Pikku kakkonen eskari<\/em> -musiikki alue <span data-contrast=\"none\"><span data-contrast=\"none\"><mark style=\"background-color:#fae2c0\" class=\"has-inline-color\"> EO <\/mark> <\/span><\/span>(iPad-sovellus)<\/li>\n<\/ul>\n\n\n\n<h5 class=\"wp-block-heading\">Videoita musiikkikasvatuksen tueksi<\/h5>\n\n\n\n<ul class=\"wp-block-list\">\n<li><a href=\"https:\/\/areena.yle.fi\/1-4359630\" target=\"_blank\" rel=\"noopener\">Pikku Kakkosen Pienten muskarit<\/a> &#8211; 2-3 minuutin muskarihetki\u00e4 <span data-contrast=\"none\"><span data-contrast=\"none\"><mark style=\"background-color:#e2f8b6\" class=\"has-inline-color\">0-3v. <\/mark><\/span><\/span><\/li>\n\n\n\n<li><a href=\"https:\/\/areena.yle.fi\/1-50953445\" target=\"_blank\" rel=\"noopener\">Pikku Kakkosen livemuskari<\/a> \u2013 n. 30 min mittainen muskari <span data-contrast=\"none\"><span data-contrast=\"none\"><mark style=\"background-color:#e2f8b6\" class=\"has-inline-color\">0-3v. <\/mark> <mark style=\"background-color:#d4f2fb\" class=\"has-inline-color\">4-5v. <\/mark> <mark style=\"background-color:#fae2c0\" class=\"has-inline-color\">EO <\/mark> <\/span><\/span><\/li>\n\n\n\n<li><a href=\"https:\/\/areena.yle.fi\/1-65062875\" target=\"_blank\" rel=\"noopener\">Paloman sanaton muskari<\/a> &#8211; YLE areena <span data-contrast=\"none\"><span data-contrast=\"none\"><mark style=\"background-color:#e2f8b6\" class=\"has-inline-color\"> 0-3v. <\/mark>  <mark style=\"background-color:#d4f2fb\" class=\"has-inline-color\"> 4-5v. <\/mark>  <mark style=\"background-color:#fae2c0\" class=\"has-inline-color\"> EO <\/mark> <\/span><\/span><\/li>\n\n\n\n<li><a href=\"https:\/\/areena.yle.fi\/1-50360693\" target=\"_blank\" rel=\"noopener noreferrer\">Rytmimunashow<\/a> &#8211; tietoiskuja soittimista videoklipeiss\u00e4 <span data-contrast=\"none\"><span data-contrast=\"none\"><mark style=\"background-color:#d4f2fb\" class=\"has-inline-color\"> 4-5v. <\/mark>  <mark style=\"background-color:#fae2c0\" class=\"has-inline-color\"> EO <\/mark> <\/span><\/span><\/li>\n\n\n\n<li><a href=\"https:\/\/areena.yle.fi\/1-50630251\" target=\"_blank\" rel=\"noopener noreferrer\">Taidemusiikkia tenaville<\/a> &#8211;&nbsp; Nakkirakin soitinesittelyj\u00e4 <span data-contrast=\"none\"><span data-contrast=\"none\"><mark style=\"background-color:#d4f2fb\" class=\"has-inline-color\"> 4-5v. <\/mark>  <mark style=\"background-color:#fae2c0\" class=\"has-inline-color\"> EO <\/mark> <\/span><\/span><\/li>\n<\/ul>\n\n\n\n<h5 class=\"wp-block-heading\">Taidekasvatus<\/h5>\n\n\n\n<ul class=\"wp-block-list\">\n<li>Valkotaulu; piirr\u00e4 ja maalaa taululle kiva kuva ja tallenna kuva, voit k\u00e4ytt\u00e4\u00e4 sit\u00e4 vaikka elokuvan taustakuvana<\/li>\n\n\n\n<li><a href=\"https:\/\/scratch.mit.edu\/projects\/80238954\/\" target=\"_blank\" rel=\"noopener noreferrer\">V\u00e4rityspeli<\/a> \u2013 helppo v\u00e4ritysteht\u00e4v\u00e4  <span data-contrast=\"none\"><span data-contrast=\"none\"><mark style=\"background-color:#e2f8b6\" class=\"has-inline-color\">0-3v. <\/mark> <mark style=\"background-color:#d4f2fb\" class=\"has-inline-color\">4-5v. <\/mark> <mark style=\"background-color:#fae2c0\" class=\"has-inline-color\">EO <\/mark> <\/span><\/span><\/li>\n\n\n\n<li><a href=\"https:\/\/wordwall.net\/resource\/13226018\/lukum%c3%a4%c3%a4r%c3%a4t-1-5\" target=\"_blank\" rel=\"noopener\">Piirr\u00e4 ohjeen mukaan<\/a> \u2013 arvotaan hyrr\u00e4n avulla mit\u00e4 ja montako asiaa piirret\u00e4\u00e4n <span data-contrast=\"none\"><span data-contrast=\"none\"><mark style=\"background-color:#d4f2fb\" class=\"has-inline-color\"> 4-5v. <\/mark>  <mark style=\"background-color:#fae2c0\" class=\"has-inline-color\"> EO <\/mark> <\/span><\/span><\/li>\n\n\n\n<li><a href=\"https:\/\/toytheater.com\/category\/art\/\" target=\"_blank\" rel=\"noopener noreferrer\">Spiral ja polygron piirustuslevyt<\/a> -piirr\u00e4 symmetrist\u00e4 taidetta kosketustaululla piirroslevyill\u00e4 <span data-contrast=\"none\"><span data-contrast=\"none\"><mark style=\"background-color:#d4f2fb\" class=\"has-inline-color\"> 4-5v. <\/mark>  <mark style=\"background-color:#fae2c0\" class=\"has-inline-color\"> EO <\/mark> <\/span><\/span><\/li>\n\n\n\n<li><a href=\"https:\/\/toytheater.com\/spinner\/\" target=\"_blank\" rel=\"noopener noreferrer\">V\u00e4rispinneri<\/a> -py\u00f6r\u00e4yt\u00e4 spinnerill\u00e4 v\u00e4ri mink\u00e4 toivot l\u00f6ytyv\u00e4n piirroksestasi <span data-contrast=\"none\"><span data-contrast=\"none\"><mark style=\"background-color:#d4f2fb\" class=\"has-inline-color\"> 4-5v. <\/mark>  <mark style=\"background-color:#fae2c0\" class=\"has-inline-color\"> EO <\/mark> <\/span><\/span><\/li>\n\n\n\n<li><a href=\"https:\/\/prezi.com\/view\/FjjbB8yRhXjz6Yni3VFJ\/\" target=\"_blank\" rel=\"noopener noreferrer\">Taiteen talo<\/a> &#8211; tutustu Turun taidemuseoon verkossa <span data-contrast=\"none\"><span data-contrast=\"none\"><mark style=\"background-color:#d4f2fb\" class=\"has-inline-color\"> 4-5v. <\/mark>  <mark style=\"background-color:#fae2c0\" class=\"has-inline-color\"> EO <\/mark> <\/span><\/span><\/li>\n\n\n\n<li><a href=\"https:\/\/www.tate.org.uk\/kids\" target=\"_blank\" rel=\"noreferrer noopener\">Taidesivut Tate museossa<\/a> &#8211; piirr\u00e4 eri tavoin taidetta museon sivuilla <span data-contrast=\"none\"><span data-contrast=\"none\"><mark style=\"background-color:#d4f2fb\" class=\"has-inline-color\"> 4-5v. <\/mark>  <mark style=\"background-color:#fae2c0\" class=\"has-inline-color\"> EO <\/mark> <\/span><\/span><\/li>\n\n\n\n<li><a href=\"https:\/\/artsandculture.google.com\/experiment\/art-coloring-book\/1QGsh6vSfAQBgQ\" target=\"_blank\" rel=\"noreferrer noopener\">V\u00e4ritystaidekuvat<\/a> &#8211; v\u00e4rit\u00e4 taidekuvia <span data-contrast=\"none\"><span data-contrast=\"none\"><mark style=\"background-color:#d4f2fb\" class=\"has-inline-color\"> 4-5v. <\/mark>  <mark style=\"background-color:#fae2c0\" class=\"has-inline-color\"> EO <\/mark> <\/span><\/span><\/li>\n\n\n\n<li><a href=\"https:\/\/artsandculture.google.com\/experiment\/puzzle-party\/EwGBPZlIzv0KRw?cp=eyJwdXp6bGVJZCI6Il9hMjlpcjRxNm4iLCJnYWxsZXJ5IjpudWxsfQ..\" target=\"_blank\" rel=\"noreferrer noopener\">Taidepalapelit<\/a> -rakenna taideteoksesta palapeli <span data-contrast=\"none\"><span data-contrast=\"none\"><mark style=\"background-color:#d4f2fb\" class=\"has-inline-color\"> 4-5v. <\/mark>  <mark style=\"background-color:#fae2c0\" class=\"has-inline-color\"> EO <\/mark> <\/span><\/span><\/li>\n\n\n\n<li><a href=\"https:\/\/davebirss.com\/character-design\/\" target=\"_blank\" rel=\"noreferrer noopener\">Taide hahmot<\/a> -luo oma taidehahmosi <span data-contrast=\"none\"><span data-contrast=\"none\"><mark style=\"background-color:#d4f2fb\" class=\"has-inline-color\"> 4-5v. <\/mark>  <mark style=\"background-color:#fae2c0\" class=\"has-inline-color\"> EO <\/mark> <\/span><\/span><\/li>\n\n\n\n<li><a href=\"https:\/\/davebirss.com\/sketch\/\" target=\"_blank\" rel=\"noreferrer noopener\">Hassut kuviot<\/a> -piirr\u00e4 loppuun aloitettu kuvio <span data-contrast=\"none\"><span data-contrast=\"none\"><mark style=\"background-color:#d4f2fb\" class=\"has-inline-color\"> 4-5v. <\/mark>  <mark style=\"background-color:#fae2c0\" class=\"has-inline-color\"> EO <\/mark> <\/span><\/span><\/li>\n\n\n\n<li><a href=\"https:\/\/davebirss.com\/shapes\/\" target=\"_blank\" rel=\"noreferrer noopener\">Perusmuodoilla taidetta<\/a> &#8211; piirr\u00e4 muodoilla oma taideteoksesi <span data-contrast=\"none\"><span data-contrast=\"none\"><mark style=\"background-color:#d4f2fb\" class=\"has-inline-color\"> 4-5v. <\/mark>  <mark style=\"background-color:#fae2c0\" class=\"has-inline-color\"> EO <\/mark> <\/span><\/span><\/li>\n<\/ul>\n\n\n\n<p><\/p>\n\n\n\n<ul class=\"wp-block-list\">\n<li><span data-contrast=\"auto\"><em>Kamera<\/em> &#8211; lasten omat kuvat ja niiden tarkastelu tai piirr\u00e4 oman kuvan p\u00e4\u00e4lle, kamerasovelluksessa my\u00f6s videotoiminto hidas ja nopea kuvastekniikka \u00a0<a href=\"https:\/\/pesapuu.fi\/wp-content\/uploads\/2020\/01\/Pes%C3%A4puu-On-kiva-kuvata-valokuvausteht%C3%A4vi%C3%A4-lapsille-verkkoaineisto.pdf\" target=\"_blank\" rel=\"noopener noreferrer\">Ideoita kameralle.<\/a> <span data-contrast=\"none\"><span data-contrast=\"none\"><mark style=\"background-color:#e2f8b6\" class=\"has-inline-color\">0-3v. <\/mark> <mark style=\"background-color:#d4f2fb\" class=\"has-inline-color\">4-5v. <\/mark> <mark style=\"background-color:#fae2c0\" class=\"has-inline-color\">EO <\/mark> <\/span><\/span>(iPad-sovellus)<\/span><\/li>\n\n\n\n<li><span data-contrast=\"auto\"><em>Quiver<\/em> &#8211; v\u00e4rityskuvat el\u00e4viksi, <a href=\"https:\/\/www.youtube.com\/watch?v=IMAJs6StH0E&amp;feature=youtu.be\" target=\"_blank\" rel=\"noopener noreferrer\">ohje<\/a> <span data-contrast=\"none\"><span data-contrast=\"none\"><mark style=\"background-color:#e2f8b6\" class=\"has-inline-color\">0-3v. <\/mark> <mark style=\"background-color:#d4f2fb\" class=\"has-inline-color\">4-5v. <\/mark> <mark style=\"background-color:#fae2c0\" class=\"has-inline-color\">EO <\/mark> <\/span><\/span>(iPad-sovellus)<\/span><\/li>\n\n\n\n<li><span data-contrast=\"auto\"><em>Chatterpix<\/em> &#8211; laitetaan asiat ja esineet puhumaan (<em>Chatterpix<\/em>) <span data-contrast=\"auto\"><span data-contrast=\"none\"><span data-contrast=\"none\"><mark style=\"background-color:#e2f8b6\" class=\"has-inline-color\">0-3v. <\/mark> <mark style=\"background-color:#d4f2fb\" class=\"has-inline-color\">4-5v. <\/mark> <mark style=\"background-color:#fae2c0\" class=\"has-inline-color\">EO <\/mark> <\/span><\/span>(iPad-sovellus)<\/span><\/span><\/li>\n\n\n\n<li><em>Freeform<\/em> -\u00e4\u00e4ret\u00f6n valkotaulusovellus; piirr\u00e4 kuvia tai tuota kuvista oma kuva kollaasi <span data-contrast=\"none\"><span data-contrast=\"none\"><mark style=\"background-color:#d4f2fb\" class=\"has-inline-color\"> 4-5v. <\/mark>  <mark style=\"background-color:#fae2c0\" class=\"has-inline-color\"> EO <\/mark> <\/span><\/span>(iPad-sovellus)<\/li>\n\n\n\n<li><i>Papers<\/i> -piirros ohjelma <span data-ccp-props=\"{&quot;134233279&quot;:true,&quot;201341983&quot;:0,&quot;335559738&quot;:40,&quot;335559739&quot;:40,&quot;335559740&quot;:259}\"><span data-contrast=\"none\"><span data-contrast=\"none\"><mark style=\"background-color:#d4f2fb\" class=\"has-inline-color\">4-5v. <\/mark> <mark style=\"background-color:#fae2c0\" class=\"has-inline-color\">EO <\/mark> <\/span><\/span>(iPad-sovellus)<\/span><\/li>\n<\/ul>\n\n\n\n<h5 class=\"wp-block-heading\">Videoita taidekasvatuksen tueksi<\/h5>\n\n\n\n<ul class=\"wp-block-list\">\n<li><a href=\"https:\/\/taidekoti.com\/2017\/01\/kelmumaalaus\/\" target=\"_blank\" rel=\"noopener\">Kelmumaalaus<\/a> &#8211; ohjesivu kelmumaalaukseen<\/li>\n\n\n\n<li><a href=\"https:\/\/taidekoti.com\/2019\/02\/riisimaalaus\/\" target=\"_blank\" rel=\"noopener\">Riisimaalaus<\/a> &#8211; ohjesivu riisimaalaukseen toimii my\u00f6s suolalla.<\/li>\n<\/ul>\n\n\n\n<h5 class=\"wp-block-heading\">Animaatiot ja videot:<\/h5>\n\n\n\n<ul class=\"wp-block-list\">\n<li><em>Clips<\/em> &#8211; helppo video- ja animaatiosovellus, <a href=\"https:\/\/www.youtube.com\/watch?v=Gx4fhAl_Zcc\" target=\"_blank\" rel=\"noopener\">ohjevideo sovelluksen k\u00e4ytt\u00f6\u00f6n<\/a> (englanniksi, Youtube), <a href=\"https:\/\/www.youtube.com\/watch?v=mMUCJvMB-dc\" target=\"_blank\" rel=\"noopener\">ohje videon tekstitt\u00e4miseen Clips:ill\u00e4<\/a> (suomeksi, Matleena Laakso)<\/li>\n\n\n\n<li><em>iMovie<\/em> &#8211; tee omia videoita ja elokuvia, <a href=\"https:\/\/www.youtube.com\/watch?v=MSiJmq-QUPc&amp;list=PL2vQuRJkOjPQTFYMrNzvI6xI3y-n7QbQv&amp;index=2\" target=\"_blank\" rel=\"noopener\">iMovie -opetusvideoita<\/a><\/li>\n\n\n\n<li><em>Green screen<\/em> &#8211; maksullinen sovellus, kysy lis\u00e4\u00e4 digitutorilta. <a href=\"https:\/\/youtu.be\/9lkY4xbZUVg\" target=\"_blank\" rel=\"noopener\">Katso t\u00e4st\u00e4 ohjevideo sovelluksen k\u00e4ytt\u00f6\u00f6n<\/a>.<\/li>\n\n\n\n<li><em>Stop Motion Studio<\/em> &#8211; animaatiosovellus, <a href=\"https:\/\/www.youtube.com\/watch?v=5Kdg_071B9A&amp;list=PL11AUmPUbY5VjVdDFa0qQCocviavWPX1L\" target=\"_blank\" rel=\"noopener\">Stop Motion Studio -tutoriaalivideot<\/a>, <a href=\"https:\/\/mediametka.fi\/oppimateriaali\/ohjeet-animaation-tekemiseen\/\" target=\"_blank\" rel=\"noopener noreferrer\">ohjevideo sovelluksen k\u00e4ytt\u00f6\u00f6n<\/a><\/li>\n\n\n\n<li><em>iMotion<\/em> &#8211; animaatiosovellus<\/li>\n\n\n\n<li><em>Chatterpix<\/em> &#8211; laitetaan esineet ja asiat puhumaan<\/li>\n\n\n\n<li><a href=\"https:\/\/youtu.be\/3_eTaWmAYHI\" target=\"_blank\" rel=\"noopener noreferrer\">Rakenna iPad-teline animaatioiden kuvaamiseen<\/a> &#8211; materiaalina Duplo-legot<\/li>\n<\/ul>\n\n\n\n<p><span style=\"color: #222222;font-size: 22px\">Muut:<\/span><\/p>\n\n\n\n<ul class=\"wp-block-list\">\n<li><a href=\"https:\/\/lastenlehtikone.fi\/\" target=\"_blank\" rel=\"noopener noreferrer\">Lasten lehtikone<\/a> &#8211; helppo sivusto, jossa voi tehd\u00e4 lasten kanssa oman lehden.&nbsp;<a href=\"https:\/\/youtu.be\/S2NymDqlOlc\" target=\"_blank\" rel=\"noopener noreferrer\">Ohjevideo<\/a> Lasten lehtikoneen<\/li>\n\n\n\n<li><a href=\"https:\/\/education-static.apple.com\/geo\/fi\/education\/2020\/creativity-for-kids\/activities.pdf\" target=\"_blank\" rel=\"noopener noreferrer\">Luovuus kuuluu kaikille &#8211; 30 teht\u00e4v\u00e4\u00e4 iPadilla<\/a>, katso ensin ohjevideo haluamastasi teht\u00e4v\u00e4st\u00e4.<br \/><a href=\"https:\/\/www.youtube.com\/playlist?list=PLh3CnyjtssVcQqlZh_k_LH4OUz-N_kvgV\" target=\"_blank\" rel=\"noopener noreferrer\">Opettajille laaditut ohjevideot teht\u00e4vien tekemiseen<\/a> (alussa kertausta edellisest\u00e4 teht\u00e4v\u00e4st\u00e4)<\/li>\n\n\n\n<li><a href=\"https:\/\/leikkileikkina.com\/leikkeja-lapsille\/\" target=\"_blank\" rel=\"noopener noreferrer\">Seitsem\u00e4n suosittua sis\u00e4puuhaa<\/a><\/li>\n<\/ul>\n\n\n\n<hr class=\"wp-block-separator has-alpha-channel-opacity\" \/>\n\n\n\n<h5 class=\"wp-block-heading\">Dokumenttikamera<\/h5>\n\n\n\n<ul class=\"wp-block-list\">\n<li><span data-contrast=\"none\">Vesiv\u00e4rien maalaustekniikat, v\u00e4rien sekoittuminen<\/span><\/li>\n\n\n\n<li><span data-contrast=\"none\">Sormiv\u00e4rien sekoittaminen&nbsp;<\/span><span data-contrast=\"none\">minigrip<\/span><span data-contrast=\"none\">&nbsp;pussissa kameran alla<\/span><span data-ccp-props=\"{&quot;134233279&quot;:true,&quot;201341983&quot;:0,&quot;335551550&quot;:1,&quot;335551620&quot;:1,&quot;335559738&quot;:40,&quot;335559739&quot;:40,&quot;335559740&quot;:259}\">&nbsp;<\/span><\/li>\n\n\n\n<li><a href=\"https:\/\/leikkileikkina.com\/riemunkirjava-riisi\/\" target=\"_blank\" rel=\"noopener noreferrer\">V\u00e4rj\u00e4tyll\u00e4 riisill\u00e4<\/a> leikkiminen kameran alla<\/li>\n\n\n\n<li><a href=\"https:\/\/kiasma.fi\/wp-content\/uploads\/sites\/2\/2020\/10\/Nykytaidetta-naperoille_tehtavakortit.pdf\" target=\"_blank\" rel=\"noopener noreferrer\">Nykytaidetta naperoille<\/a> -taidekokeiluja, mitk\u00e4 pystyt n\u00e4ytt\u00e4m\u00e4\u00e4n my\u00f6s dokumenttikameralla<\/li>\n\n\n\n<li><span data-contrast=\"none\">Taidetekniikoiden esitt\u00e4minen\/ohjaaminen<\/span><span data-ccp-props=\"{&quot;134233279&quot;:true,&quot;201341983&quot;:0,&quot;335551550&quot;:1,&quot;335551620&quot;:1,&quot;335559738&quot;:40,&quot;335559739&quot;:40,&quot;335559740&quot;:259}\">&nbsp;<\/span><\/li>\n\n\n\n<li><span data-contrast=\"none\">Lapsi tekee itse taidetta kameran alla esitt\u00e4en muille<\/span><span data-ccp-props=\"{&quot;134233279&quot;:true,&quot;201341983&quot;:0,&quot;335551550&quot;:1,&quot;335551620&quot;:1,&quot;335559738&quot;:40,&quot;335559739&quot;:40,&quot;335559740&quot;:259}\">&nbsp;<\/span><\/li>\n\n\n\n<li><span data-contrast=\"none\">Laulukortit; kuvat yksitellen&nbsp;<\/span><span data-contrast=\"none\">etenee<\/span><span data-contrast=\"none\">&nbsp;laulun mukaan esitettyn\u00e4<\/span><span data-ccp-props=\"{&quot;134233279&quot;:true,&quot;201341983&quot;:0,&quot;335551550&quot;:1,&quot;335551620&quot;:1,&quot;335559738&quot;:40,&quot;335559739&quot;:40,&quot;335559740&quot;:259}\">&nbsp;<\/span><\/li>\n\n\n\n<li><span data-contrast=\"none\">Laulutuokio; soittaminen soittimen\/kuvan n\u00e4ytt\u00e4minen, mik\u00e4 seuraavaksi soi<\/span><span data-ccp-props=\"{&quot;134233279&quot;:true,&quot;201341983&quot;:0,&quot;335551550&quot;:1,&quot;335551620&quot;:1,&quot;335559738&quot;:40,&quot;335559739&quot;:40,&quot;335559740&quot;:259}\">&nbsp;<\/span><\/li>\n<\/ul>\n","protected":false},"excerpt":{"rendered":"<p>Musiikkikasvatus: Videoita musiikkikasvatuksen tueksi Taidekasvatus Videoita taidekasvatuksen tueksi Animaatiot ja videot: Muut: Dokumenttikamera<\/p>\n","protected":false},"author":3065,"featured_media":0,"parent":0,"menu_order":0,"comment_status":"closed","ping_status":"closed","template":"","meta":{"footnotes":""},"class_list":["post-3312","page","type-page","status-publish","hentry"],"_links":{"self":[{"href":"https:\/\/blog.edu.turku.fi\/vakadigi\/wp-json\/wp\/v2\/pages\/3312","targetHints":{"allow":["GET"]}}],"collection":[{"href":"https:\/\/blog.edu.turku.fi\/vakadigi\/wp-json\/wp\/v2\/pages"}],"about":[{"href":"https:\/\/blog.edu.turku.fi\/vakadigi\/wp-json\/wp\/v2\/types\/page"}],"author":[{"embeddable":true,"href":"https:\/\/blog.edu.turku.fi\/vakadigi\/wp-json\/wp\/v2\/users\/3065"}],"replies":[{"embeddable":true,"href":"https:\/\/blog.edu.turku.fi\/vakadigi\/wp-json\/wp\/v2\/comments?post=3312"}],"version-history":[{"count":48,"href":"https:\/\/blog.edu.turku.fi\/vakadigi\/wp-json\/wp\/v2\/pages\/3312\/revisions"}],"predecessor-version":[{"id":5286,"href":"https:\/\/blog.edu.turku.fi\/vakadigi\/wp-json\/wp\/v2\/pages\/3312\/revisions\/5286"}],"wp:attachment":[{"href":"https:\/\/blog.edu.turku.fi\/vakadigi\/wp-json\/wp\/v2\/media?parent=3312"}],"curies":[{"name":"wp","href":"https:\/\/api.w.org\/{rel}","templated":true}]}}