{"id":3298,"date":"2022-08-02T13:58:05","date_gmt":"2022-08-02T10:58:05","guid":{"rendered":"https:\/\/blog.edu.turku.fi\/vakadigi\/?page_id=3298"},"modified":"2025-11-20T11:48:12","modified_gmt":"2025-11-20T09:48:12","slug":"tunnetaidot","status":"publish","type":"page","link":"https:\/\/blog.edu.turku.fi\/vakadigi\/tunnetaidot\/","title":{"rendered":"Tunnetaidot"},"content":{"rendered":"<p><em>&#8221;Lapsille tarjotaan mahdollisuuksia kehitt\u00e4\u00e4 tunnetaitojaan ja esteettist\u00e4 ajatteluaan. &#8211; Lapset oppivat parhaiten voidessaan hyvin ja kokiessaan olonsa turvalliseksi. My\u00f6nteiset tunnekokemukset ja vuorovaikutussuhteet edist\u00e4v\u00e4t oppimista. &#8211; Lasten tunnetaidot vahvistuvat, kun heid\u00e4n kanssaan opetellaan havaitsemaan, tiedostamaan ja nime\u00e4m\u00e4\u00e4n tunteita.&#8221;<\/em><\/p>\n<p>Varhaiskasvatussuunnitelman perusteet, 2022<\/p>\n<h5>Tunnehyrr\u00e4<\/h5>\n<p><a href=\"https:\/\/wordwall.net\/resource\/15356124\" target=\"_blank\" rel=\"noopener noreferrer\"><img loading=\"lazy\" decoding=\"async\" class=\"wp-image-1875 alignleft\" src=\"https:\/\/blog.edu.turku.fi\/vakadigi\/files\/2021\/04\/tunnehyrra.jpg\" alt=\"\" width=\"274\" height=\"273\" srcset=\"https:\/\/blog.edu.turku.fi\/vakadigi\/files\/2021\/04\/tunnehyrra.jpg 805w, https:\/\/blog.edu.turku.fi\/vakadigi\/files\/2021\/04\/tunnehyrra-150x150.jpg 150w, https:\/\/blog.edu.turku.fi\/vakadigi\/files\/2021\/04\/tunnehyrra-300x300.jpg 300w\" sizes=\"auto, (max-width: 274px) 100vw, 274px\" \/><\/a><\/p>\n<p>Tutustukaa yhdess\u00e4 tunteisiin <a href=\"https:\/\/wordwall.net\/resource\/15356124\" target=\"_blank\" rel=\"noopener noreferrer\">Tunnehyrr\u00e4n<\/a> avulla. Hyrr\u00e4 toimii kosketustaululla ja iPadeilla.<\/p>\n<p>Hyrr\u00e4n saat n\u00e4kym\u00e4\u00e4n koko n\u00e4yt\u00f6ss\u00e4 painamalla oikean alareunan neli\u00f6n muodostavia nuolia. Py\u00f6r\u00e4yt\u00e4 hyrr\u00e4\u00e4 painamalla keskelt\u00e4 tai hyrr\u00e4n reunasta py\u00f6r\u00e4ytt\u00e4m\u00e4ll\u00e4. Resume -nappia painamalla hyrr\u00e4\u00e4 voi py\u00f6ritt\u00e4\u00e4 uudelleen, Eliminate poistaa sektorin, jolle nuoli osui.<\/p>\n<p>Keksik\u00e4\u00e4 teid\u00e4n ryhm\u00e4lle paras tapa k\u00e4ytt\u00e4\u00e4 tunnehyrr\u00e4\u00e4.<\/p>\n<p>Milt\u00e4 tunne tuntuu? Miss\u00e4 se tuntuu? Oletko joskus tuntenut niin? Miss\u00e4 tilanteessa?<\/p>\n<p><img loading=\"lazy\" decoding=\"async\" class=\"size-large wp-image-1515 aligncenter\" src=\"https:\/\/blog.edu.turku.fi\/vakadigi\/files\/2021\/03\/tunteet4-459x151.jpg\" alt=\"\" width=\"459\" height=\"151\" srcset=\"https:\/\/blog.edu.turku.fi\/vakadigi\/files\/2021\/03\/tunteet4.jpg 459w, https:\/\/blog.edu.turku.fi\/vakadigi\/files\/2021\/03\/tunteet4-300x99.jpg 300w\" sizes=\"auto, (max-width: 459px) 100vw, 459px\" \/><\/p>\n<h5>Tunnekortteja ladattavaksi<\/h5>\n<ul>\n<li><a href=\"https:\/\/childhood101.com\/which-emotion-am-i-exploring-emotions-guessing-game\/\" target=\"_blank\" rel=\"noopener noreferrer\">Mik\u00e4 tunne minulla on?<\/a> &#8211; Lataa ja tulosta kortit, voitte pelata peli\u00e4 ohjeen mukaan tai k\u00e4ytt\u00e4\u00e4 tunnekortteina. Englanninkieliset.<\/li>\n<li><a href=\"https:\/\/mieli.fi\/fi\/julisteet-ja-kortit\/tunnekortit-varhaiskasvatukseen\" target=\"_blank\" rel=\"noopener noreferrer\">Tunnekortit varhaiskasvatukseen<\/a> &#8211; Mieli ry.<\/li>\n<li><a href=\"https:\/\/www.savas.fi\/app\/uploads\/2021\/11\/Rossi-ja-Viima-tunnetaitoja-opettelemassa-opas.pdf\" target=\"_blank\" rel=\"noopener\">Rossi ja Viima tunnetaitoja opettelemassa<\/a> &#8211; Savon Vammaisasuntos\u00e4\u00e4ti\u00f6n Lastu &#8211; hanke<\/li>\n<li><a href=\"https:\/\/storage.googleapis.com\/tukiliitto-production\/2017\/09\/mahti_tunnekortit_tulostusversio.pdf\" target=\"_blank\" rel=\"noopener noreferrer\">Mahti -tunnekortit<\/a> -Tukiliitto<\/li>\n<li><a href=\"https:\/\/www.tukiliitto.fi\/tukiliitto-ja-yhdistykset\/kehittamistoiminta\/tunnekortit\/\" target=\"_blank\" rel=\"noopener noreferrer\">Rohkaisupakan tunnekortit<\/a> &#8211; Tukiliitto<\/li>\n<li><a href=\"https:\/\/helda.helsinki.fi\/handle\/10138\/156292\" target=\"_blank\" rel=\"noopener noreferrer\">Herkkien korvien teht\u00e4v\u00e4kortit<\/a> &#8211; teht\u00e4v\u00e4t houkuttelevat lasta tarkkailemaan, pohtimaan, kuvittelemaan<\/li>\n<li><a href=\"https:\/\/tiesihanke.wordpress.com\/peleja-ja-oppimateriaalia\/tunteet\/\" target=\"_blank\" rel=\"noopener noreferrer\">Tunnekortit omista kuvista<\/a> &#8211; ryhm\u00e4n omat tunnekortit<\/li>\n<li><a href=\"https:\/\/www.pukstaavi.fi\/digisisalto\/lue-mulle-tunnekortit\/\" target=\"_blank\" rel=\"noopener noreferrer\">Lue minulle! -tunnekortit<\/a> (Tatu &amp; Patu)<\/li>\n<li><a href=\"https:\/\/viitotturakkaus.fi\/tuote\/minun-ja-legoukon-tunnekirja\/\" target=\"_blank\" rel=\"noopener\">Lego<\/a> -tunnekirja ja kortit<\/li>\n<\/ul>\n<p><img loading=\"lazy\" decoding=\"async\" class=\"size-large wp-image-1517 aligncenter\" src=\"https:\/\/blog.edu.turku.fi\/vakadigi\/files\/2021\/03\/tunteet2-442x124.jpg\" alt=\"\" width=\"442\" height=\"124\" srcset=\"https:\/\/blog.edu.turku.fi\/vakadigi\/files\/2021\/03\/tunteet2.jpg 442w, https:\/\/blog.edu.turku.fi\/vakadigi\/files\/2021\/03\/tunteet2-300x84.jpg 300w\" sizes=\"auto, (max-width: 442px) 100vw, 442px\" \/><\/p>\n<h5>Lasten kanssa<\/h5>\n<ul>\n<li><a href=\"https:\/\/mieli.fi\/materiaalit-ja-koulutukset\/materiaalit\/tunnerobotti-lapsille\/\" target=\"_blank\" rel=\"noopener noreferrer\">Tunnerobotti<\/a> &#8211; v\u00e4rit\u00e4 kuva ja piirr\u00e4 tunneviisarit robottiin<\/li>\n<li><a href=\"https:\/\/innostunliikkumaan.fi\/skillilataamo\/\" target=\"_blank\" rel=\"noopener noreferrer\">Skillilataamo<\/a> &#8211; valitse Taitovalikosta rauhoittuminen<\/li>\n<li><a href=\"https:\/\/mieli.fi\/materiaalit-ja-koulutukset\/materiaalit\/muistipelikortit-tunnesanoista\/\" target=\"_blank\" rel=\"noopener\">Muistipelikortit tunnesanoista<\/a> &#8211; Mieli ry.<\/li>\n<li><a href=\"https:\/\/neuvokasperhe.fi\/wp-content\/uploads\/sites\/2\/2020\/01\/Neuvokas_2020_olen.pdf\" target=\"_blank\" rel=\"noopener noreferrer\">Min\u00e4 olen<\/a> &#8211; ympyr\u00f6i sinua kuvaavat positiiviset sanat (Neuvokas perhe)<\/li>\n<li><a href=\"https:\/\/neuvokasperhe.fi\/wp-content\/uploads\/sites\/2\/2020\/01\/NP_supersankarin_polku.pdf\" target=\"_blank\" rel=\"noopener noreferrer\">Supersankarin harjoittelupolku<\/a> &#8211; kaavake uuden taidon harjoitteluun.<\/li>\n<li><a href=\"https:\/\/neuvokasperhe.fi\/wp-content\/uploads\/sites\/2\/2020\/01\/Neuvokas_2020_kehoni.pdf\" target=\"_blank\" rel=\"noopener noreferrer\">Min\u00e4 olen hyv\u00e4 ja ainutlaatuinen. Min\u00e4 olen min\u00e4<\/a> &#8211; kehopositiivisuusteht\u00e4vi\u00e4<\/li>\n<li><a href=\"https:\/\/neuvokasperhe.fi\/wp-content\/uploads\/sites\/2\/2019\/12\/Neuvokas_olen_hyva_piirustuspohja.pdf\" target=\"_blank\" rel=\"noopener noreferrer\">Min\u00e4 olen hyv\u00e4 juuri sellaisena kuin olen.<\/a> &#8211; piirr\u00e4 omakuva<\/li>\n<li><a href=\"https:\/\/tunneetsivat3.oph.oodles.fi\/\" target=\"_blank\" rel=\"noopener noreferrer\">Tunne-etsiv\u00e4t<\/a> &#8211; Opetushallituksen pelillinen oppimateriaali. 6v. -&gt;<\/li>\n<li><a href=\"https:\/\/s3-eu-west-1.amazonaws.com\/sanoma-public\/spro\/online\/markkinointi\/static\/prod\/kyselyt\/788.pdf\" target=\"_blank\" rel=\"noopener\">Tunnepeli<\/a> &#8211; Oppi ja ilo sivuston tunnepeli<\/li>\n<li><a href=\"https:\/\/vanhempainliitto.fi\/wp-content\/uploads\/2022\/09\/Lanttu-ja-Ruuti_Vinkkeja-tunne-ja-kaveritaitotuokioihin.pdf\" target=\"_blank\" rel=\"noopener\">Lantun ja Ruutin tunne-ja kaveritaitolaulut<\/a><\/li>\n<\/ul>\n<p><span style=\"font-weight: bold;letter-spacing: 0.1em;text-transform: uppercase\">laulut, tarinat &amp; videot<\/span><\/p>\n<ul>\n<li><a href=\"https:\/\/areena.yle.fi\/audio\/1-50800984\" target=\"_blank\" rel=\"noopener noreferrer\">Vahvuusvariksen tarinat<\/a> &#8211; kuuntelutarinoita vahvuuksista, monta lyhytt\u00e4 tarinaa<\/li>\n<li><a href=\"https:\/\/areena.yle.fi\/podcastit\/1-64669610\" target=\"_blank\" rel=\"noopener\">Tuomon tunnelevyarkisto<\/a> &#8211; n. 15min mittaisia tunnepodcasteja lapsille<\/li>\n<li><a href=\"https:\/\/mediametka.fi\/videotuokiot\/\" target=\"_blank\" rel=\"noopener\">Tunnetaito videotuokioita<\/a> &#8211; Mediametka<\/li>\n<\/ul>\n<h5>Tunnetaito-oppaita varhaiskasvattajille<\/h5>\n<ul>\n<li><a href=\"https:\/\/www.vaestoliitto.fi\/ammattilaiset\/lasten-kehotunnekasvatus\/keho-ja-tunteet\/\" target=\"_blank\" rel=\"noopener noreferrer\">Keho ja tunteet<\/a> &#8211; V\u00e4est\u00f6liitto<\/li>\n<li><a href=\"https:\/\/www.julkari.fi\/bitstream\/handle\/10024\/126027\/Tunne-%20ja%20turvataitoja%20lapsille_WEB.pdf?sequence=1&amp;isAllowed=y\" target=\"_blank\" rel=\"noopener noreferrer\">Tunne- ja turvataitoja lapsille<\/a> &#8211; THL materiaali<\/li>\n<li><a href=\"https:\/\/neuvokasperhe.fi\/artikkeli\/meidan-perheen-tunnetaidot\/\" target=\"_blank\" rel=\"noopener noreferrer\">Meid\u00e4n perheen tunnetaidot<\/a> &#8211; Neuvokas perhe<\/li>\n<li><a href=\"https:\/\/www.theseus.fi\/bitstream\/handle\/10024\/132475\/Susanna_Qvick.pdf?sequence=1&amp;isAllowed=y\" target=\"_blank\" rel=\"noopener noreferrer\">Satukirjoista tukea lasten tunnetaitojen vahvistamiseen<\/a> &#8211; opinn\u00e4ytety\u00f6, Susanna Qvick<\/li>\n<li><a href=\"https:\/\/www.oph.fi\/fi\/oppimateriaali\/tunteesta-tunteeseen\" target=\"_blank\" rel=\"noopener noreferrer\">Tunteesta tunteeseen<\/a> &#8211; ihmismielen tarina kuvin ja sanoin<\/li>\n<li><a href=\"https:\/\/yle.fi\/aihe\/a\/20-10001979\" target=\"_blank\" rel=\"noopener\">Tunnetaidot ihmisen\u00e4 kasvamisen tukena<\/a> &#8211; YLE Lapset<\/li>\n<li><a href=\"https:\/\/www.theseus.fi\/bitstream\/handle\/10024\/120303\/Kaisa%20Nuorala%20ja%20Miia%20Riipola.pdf?sequence=1\" target=\"_blank\" rel=\"noopener\">Laulu- ja loruty\u00f6pakki varhaiskasvattajille<\/a> &#8211; Tunne tunteet, taida ne taiteella -opinn\u00e4ytety\u00f6 sivu 50 -&gt;<\/li>\n<li><a href=\"https:\/\/sites.google.com\/view\/oppivavantaahankkeet\/lukunen-lumoudu-lukemisesta\/tunne-ja-kaveritaitolaatikko?fbclid=IwAR3dcns_b19NVLrJipZy7oKdHCJj1DSqAfEz5QDL5afZa-kY4u-6wHrbTR0_aem_AR5B2rh4mpB6DKu3BGj4QJBxUO-EtATU7MpXSUWAHZREuCXLvllLFg5xn1cZhCNPihk\" target=\"_blank\" rel=\"noopener\">Kirjalista tunnetaitojen avuksi<\/a> -katso listasta sopivat kirjat ja lainaa kirjastosta<\/li>\n<\/ul>\n<p><img loading=\"lazy\" decoding=\"async\" class=\"size-medium wp-image-1531 aligncenter\" src=\"https:\/\/blog.edu.turku.fi\/vakadigi\/files\/2021\/03\/tunnesammakot-300x83.jpg\" alt=\"\" width=\"300\" height=\"83\" srcset=\"https:\/\/blog.edu.turku.fi\/vakadigi\/files\/2021\/03\/tunnesammakot-300x83.jpg 300w, https:\/\/blog.edu.turku.fi\/vakadigi\/files\/2021\/03\/tunnesammakot.jpg 541w\" sizes=\"auto, (max-width: 300px) 100vw, 300px\" \/><\/p>\n","protected":false},"excerpt":{"rendered":"<p>&#8221;Lapsille tarjotaan mahdollisuuksia kehitt\u00e4\u00e4 tunnetaitojaan ja esteettist\u00e4 ajatteluaan. &#8211; Lapset oppivat parhaiten voidessaan hyvin ja kokiessaan olonsa turvalliseksi. My\u00f6nteiset tunnekokemukset ja vuorovaikutussuhteet edist\u00e4v\u00e4t oppimista. &#8211; Lasten tunnetaidot vahvistuvat, kun heid\u00e4n kanssaan opetellaan havaitsemaan, tiedostamaan ja nime\u00e4m\u00e4\u00e4n tunteita.&#8221; Varhaiskasvatussuunnitelman perusteet, 2022<\/p>\n","protected":false},"author":3065,"featured_media":0,"parent":0,"menu_order":0,"comment_status":"closed","ping_status":"closed","template":"","meta":{"footnotes":""},"class_list":["post-3298","page","type-page","status-publish","hentry"],"_links":{"self":[{"href":"https:\/\/blog.edu.turku.fi\/vakadigi\/wp-json\/wp\/v2\/pages\/3298","targetHints":{"allow":["GET"]}}],"collection":[{"href":"https:\/\/blog.edu.turku.fi\/vakadigi\/wp-json\/wp\/v2\/pages"}],"about":[{"href":"https:\/\/blog.edu.turku.fi\/vakadigi\/wp-json\/wp\/v2\/types\/page"}],"author":[{"embeddable":true,"href":"https:\/\/blog.edu.turku.fi\/vakadigi\/wp-json\/wp\/v2\/users\/3065"}],"replies":[{"embeddable":true,"href":"https:\/\/blog.edu.turku.fi\/vakadigi\/wp-json\/wp\/v2\/comments?post=3298"}],"version-history":[{"count":19,"href":"https:\/\/blog.edu.turku.fi\/vakadigi\/wp-json\/wp\/v2\/pages\/3298\/revisions"}],"predecessor-version":[{"id":4658,"href":"https:\/\/blog.edu.turku.fi\/vakadigi\/wp-json\/wp\/v2\/pages\/3298\/revisions\/4658"}],"wp:attachment":[{"href":"https:\/\/blog.edu.turku.fi\/vakadigi\/wp-json\/wp\/v2\/media?parent=3298"}],"curies":[{"name":"wp","href":"https:\/\/api.w.org\/{rel}","templated":true}]}}