{"id":2045,"date":"2021-06-08T16:34:14","date_gmt":"2021-06-08T13:34:14","guid":{"rendered":"https:\/\/blog.edu.turku.fi\/vakadigi\/?page_id=2045"},"modified":"2023-05-17T10:08:14","modified_gmt":"2023-05-17T07:08:14","slug":"ukk","status":"publish","type":"page","link":"https:\/\/blog.edu.turku.fi\/vakadigi\/ukk\/","title":{"rendered":"Ohjeita"},"content":{"rendered":"<p><a name=\"up\"><\/a><\/p>\n<p><img loading=\"lazy\" decoding=\"async\" class=\"alignright wp-image-2059\" src=\"https:\/\/blog.edu.turku.fi\/vakadigi\/files\/2021\/06\/kysymykset-414x619.jpg\" alt=\"Kuvassa palikoita p\u00e4\u00e4llekk\u00e4in. \" width=\"164\" height=\"245\" srcset=\"https:\/\/blog.edu.turku.fi\/vakadigi\/files\/2021\/06\/kysymykset.jpg 414w, https:\/\/blog.edu.turku.fi\/vakadigi\/files\/2021\/06\/kysymykset-201x300.jpg 201w\" sizes=\"auto, (max-width: 164px) 100vw, 164px\" \/><a href=\"#onedrive\">Mik\u00e4 on <strong>OneDrive<\/strong>?<\/a><br \/>\n<a href=\"#edu\">Mik\u00e4 on <strong>edu.turku.fi<\/strong>?<\/a><br \/>\n<a href=\"#office\">Mik\u00e4 on <strong>Microsoft 365<\/strong>?<\/a><br \/>\n<a href=\"https:\/\/edu.turku.fi\/uutiset-uusi-metku\/\" target=\"_blank\" rel=\"noopener\">Miten kirjaudun <strong>MeTkuun<\/strong>?<\/a><br \/>\n<a href=\"#poyta\">Teams <strong>p\u00f6yt\u00e4sovelluksen<\/strong> asentaminen<\/a><br \/>\n<a href=\"#teams\">Mill\u00e4 tunnuksella kirjaudun <strong>Teams<\/strong>iin?<\/a><br \/>\n<a href=\"#jako\"><strong>Jakolinkin teko<\/strong> Teamsissa<\/a><br \/>\n<a href=\"#kansio\">Kansion \/ linkin <strong>poistaminen<\/strong> Teamsissa<\/a><br \/>\n<a href=\"#kausi\"><strong>Teams-tiimi<\/strong> ja seuraava kausi<\/a><br \/>\n<a href=\"#wilma\">Miten <strong>jaan linkin<\/strong> vanhemmille <strong>Wilmassa<\/strong>?<\/a><br \/>\n<a href=\"#selain\">Miten tarkistan \/ vaihdan <strong>oletusselaimen<\/strong>?<\/a><br \/>\n<a href=\"#tulostin\">Miten <strong>lis\u00e4\u00e4n tulostimen<\/strong> omaan profiliini tietokoneeseen?<\/a><br \/>\n<a href=\"#note\">Mik\u00e4 on <strong>Note3<\/strong> ja miten sit\u00e4 k\u00e4ytet\u00e4\u00e4n?<\/a><\/p>\n<p><a name=\"onedrive\"><\/a><\/p>\n<h4>Mik\u00e4 on OneDrive?<\/h4>\n<p><img loading=\"lazy\" decoding=\"async\" class=\"alignright wp-image-2058\" src=\"https:\/\/blog.edu.turku.fi\/vakadigi\/files\/2021\/06\/Nayttokuva-2021-06-03-160442-181x130.jpg\" alt=\"Kuvassa Onedriven logo. \" width=\"80\" height=\"58\" \/>Kaikilla Turun kaupungin ty\u00f6ntekij\u00f6ill\u00e4 on mahdollisuus ottaa k\u00e4ytt\u00f6\u00f6n oma henkil\u00f6kohtainen tallennuspalvelu, OneDrive, jonne saa tallennettua henkil\u00f6kohtaisia tiedostoja. Niihin on p\u00e4\u00e4sy jokaiselta tietokoneelta. T\u00e4m\u00e4 vaatii sen, ett\u00e4 kirjaudut OneDrive:n.<\/p>\n<p>Saat oman OneDrive -tallennustilan k\u00e4ytt\u00f6\u00f6si tietokoneen resurssienhallinnasta (kelta-sininen kansion kuva tietokoneen teht\u00e4v\u00e4palkissa, ruudun alaosassa). Paina resurssienhallinnan vasemmassa reunassa olevaa sinisen pilven kuvaa (OneDrive) ja kirjaudu palveluun OPAS-tunnuksillasi.<\/p>\n<p>N\u00e4et OneDrive-tallennustilasi sis\u00e4ll\u00f6n my\u00f6s internetselaimen kautta osoitteen<a href=\"https:\/\/edu.turku.fi\/\" target=\"_blank\" rel=\"noopener\"> edu.turku.fi<\/a> kautta. Klikkaa sivulla Microsoft 365 -kuvaketta. Kirjaudu sis\u00e4\u00e4n etunimi.sukunimi@edu.turku.fi. P\u00e4\u00e4set siis OneDrive -tallennustilaasi my\u00f6s kotikoneelta, puhelimesta, tablettitietokoneelta&#8230;<br \/>\n<a href=\"#up\"><img loading=\"lazy\" decoding=\"async\" class=\"alignnone wp-image-1171\" src=\"https:\/\/blog.edu.turku.fi\/vakadigi\/files\/2021\/02\/download-1717155_960_720-100x100.png\" alt=\"\" width=\"46\" height=\"46\" \/><\/a><br \/>\n<a name=\"edu\"><\/a><\/p>\n<h4>Mik\u00e4 on edu.turku.fi<\/h4>\n<p><img loading=\"lazy\" decoding=\"async\" class=\"alignleft wp-image-2090\" src=\"https:\/\/blog.edu.turku.fi\/vakadigi\/files\/2021\/06\/eduturkufi-300x109.jpg\" alt=\"Kuvassa Turun kaupungin opetuksen verkkopalveluiden logo. \" width=\"201\" height=\"73\" srcset=\"https:\/\/blog.edu.turku.fi\/vakadigi\/files\/2021\/06\/eduturkufi-300x109.jpg 300w, https:\/\/blog.edu.turku.fi\/vakadigi\/files\/2021\/06\/eduturkufi.jpg 316w\" sizes=\"auto, (max-width: 201px) 100vw, 201px\" \/>Edu.turku.fi on opetuksen verkkopalveluiden sivu, josta p\u00e4\u00e4set siirtym\u00e4\u00e4n eri palveluihin (mm. SAP HR, Servicedeskin portaali, Microsoft 365, salasanan vaihto, blogit, Wilma jne.)<\/p>\n<p><a href=\"#up\"><img loading=\"lazy\" decoding=\"async\" class=\"alignnone wp-image-1171\" src=\"https:\/\/blog.edu.turku.fi\/vakadigi\/files\/2021\/02\/download-1717155_960_720-100x100.png\" alt=\"\" width=\"46\" height=\"46\" \/><\/a><br \/>\n<a name=\"office\"><\/a><\/p>\n<h4>Mik\u00e4 on Microsoft 365?<\/h4>\n<p><img loading=\"lazy\" decoding=\"async\" class=\"alignright wp-image-2091\" src=\"https:\/\/blog.edu.turku.fi\/vakadigi\/files\/2021\/06\/office-94x108.jpg\" alt=\"Kuvassa Office365 logo. \" width=\"80\" height=\"92\" \/>Microsoft 365 -palvelussa voit luoda selainpohjaisesti mm. Word-, Power point- ja Excel -dokumentteja. Ne tallentuvat omaan OneDrive -tallennustilaasi. P\u00e4\u00e4set Microsoft 365 kautta my\u00f6s Teamsin selainversioon. Voit luoda Microsoft 35 -palvelussa mm. Sway-esityksi\u00e4 tai Forms lomakkeita. Microsoft 365 -palveluihin p\u00e4\u00e4set kirjautumaan my\u00f6s kotikoneelta selaimen kautta.<\/p>\n<p><a href=\"#up\"><img loading=\"lazy\" decoding=\"async\" class=\"alignnone wp-image-1171\" src=\"https:\/\/blog.edu.turku.fi\/vakadigi\/files\/2021\/02\/download-1717155_960_720-100x100.png\" alt=\"\" width=\"46\" height=\"46\" \/><\/a><br \/>\n<a name=\"poyta\"><\/a><\/p>\n<h4><span data-contrast=\"auto\">Teams -p\u00f6yt\u00e4sovelluksen asentaminen<\/span><\/h4>\n<p><img loading=\"lazy\" decoding=\"async\" class=\"alignleft wp-image-2092\" src=\"https:\/\/blog.edu.turku.fi\/vakadigi\/files\/2021\/06\/tiimssi-196x175.jpg\" alt=\"Kuvassa Teams -sovelluksen logo. \" width=\"82\" height=\"74\" \/>Teams -p\u00f6yt\u00e4sovellus l\u00f6ytyy helpoiten, kun avaat internetselaimen ja kirjoitat selaimen hakukentt\u00e4\u00e4n esim. &#8221;lataa teams&#8221;. Paina hakutuloksissa linkki\u00e4 &#8221;Lataa Microsoft Teams -ty\u00f6p\u00f6yt\u00e4sovellus ja -mobiilisovellus&#8221; (Microsoftin oma sivu). Paina avautuneella sivulla &#8221;Lataa ty\u00f6p\u00f6yt\u00e4k\u00e4ytt\u00f6\u00f6n&#8221; ja sen j\u00e4lkeen &#8221;Lataa Teams&#8221;. Teams latautuu koneellesi. Voit seurata latautumista joko selaimen vasemmasta alakulmasta tai oikeasta yl\u00e4kulmasta. Kun Teams on latautunut, sinua pyydet\u00e4\u00e4n kirjautumaan sis\u00e4\u00e4n.<\/p>\n<p><a href=\"#up\"><img loading=\"lazy\" decoding=\"async\" class=\"alignnone wp-image-1171\" src=\"https:\/\/blog.edu.turku.fi\/vakadigi\/files\/2021\/02\/download-1717155_960_720-100x100.png\" alt=\"\" width=\"46\" height=\"46\" \/><\/a><br \/>\n<a name=\"teams\"><\/a><\/p>\n<h4><span data-contrast=\"auto\">Mill\u00e4 tunnuksella kirjaudun Teamsiin?<\/span><span data-ccp-props=\"{&quot;134233279&quot;:true,&quot;201341983&quot;:0,&quot;335559739&quot;:160,&quot;335559740&quot;:259}\">\u00a0<\/span><\/h4>\n<p>Turun kaupungin varhaiskasvatuksessa Teamsiin kirjaudutaan edu-tunnuksilla, eli etunimi.sukunimi@edu.turku.fi ja s\u00e4hk\u00f6postisi salasanalla. Jos et muista salasanaasi, katso ohjeet salasanan vaihtoon <a href=\"https:\/\/edu.turku.fi\/ohjeet\/salasanojen-vaihtaminen\/\" target=\"_blank\" rel=\"noopener\">t\u00e4st\u00e4<\/a>. Hallinnon tietokoneet tarjoavat automaattisesti Teams-kirjautumiseen etunimi.sukunimi@turku.fi &#8211; osoitetta, k\u00e4yt\u00e4 toista tili\u00e4 (k\u00e4ytt\u00e4j\u00e4tunnus@edu.turku-fi) eli edu-tunnuksia.<br \/>\n<a href=\"#up\"><img loading=\"lazy\" decoding=\"async\" class=\"alignnone wp-image-1171\" src=\"https:\/\/blog.edu.turku.fi\/vakadigi\/files\/2021\/02\/download-1717155_960_720-100x100.png\" alt=\"\" width=\"46\" height=\"46\" \/><\/a><br \/>\n<a name=\"jako\"><\/a><\/p>\n<h4>Jakolinkin teko Teamsissa<\/h4>\n<p>P\u00e4iv\u00e4kodille \/ ryhm\u00e4lle Teamsiin luodusta tiimist\u00e4 saa jaettua sis\u00e4lt\u00f6\u00e4 vanhempien n\u00e4ht\u00e4v\u00e4ksi. T\u00e4ll\u00f6in kannattaa tehd\u00e4 tiimin tiedostoihin kansio, joka on nimetty esim. Vanhemmille jaettavat tiedostot. T\u00e4lle kansiolle tehd\u00e4\u00e4n linkki, jotta vanhemmat p\u00e4\u00e4sev\u00e4t tarkastelemaan ainoastaan sen kansion sis\u00e4lt\u00f6\u00e4. <a href=\"https:\/\/edumailturku.sharepoint.com\/:w:\/s\/testitiimi49\/EQfv5Ksg1PBPrqhbhBoxuB8BkjAP2SN5I5Hbb6Rnqec1FQ?e=PyXun5\" target=\"_blank\" rel=\"noopener\">Katso t\u00e4st\u00e4 kuvallinen ohje jakolinkin tekemiseen.<\/a> Samasta ohjeesta l\u00f6yd\u00e4t my\u00f6s infon siit\u00e4, miten voit jakaa linkin vanhemmille Wilman kautta.\u00a0 Teamsista\u00a0 jakaminen vanhemmille onnistuu\u00a0 vasta\u00a0 kun\u00a0 siihen\u00a0 on\u00a0 haettu\u00a0 jako-oikeus: l\u00e4het\u00e4 pyynt\u00f6 Antti Huttunen, etunimi.sukunimi@turku.fi . Mainitse\u00a0 viestiss\u00e4\u00a0 sen tiimin\u00a0 nimi,\u00a0 johon\u00a0 haluat\u00a0 jako-oikeudet.<a href=\"#up\"><img loading=\"lazy\" decoding=\"async\" class=\"alignnone wp-image-1171\" src=\"https:\/\/blog.edu.turku.fi\/vakadigi\/files\/2021\/02\/download-1717155_960_720-100x100.png\" alt=\"\" width=\"46\" height=\"46\" \/><\/a><br \/>\n<a name=\"kansio\"><\/a><\/p>\n<h4>Kansion \/ tiedoston poistaminen Teamsissa<\/h4>\n<p>Vie hiiren kursori sen kansion \/ tiedoston kohdalle, jonka haluat poistaa. Paina kansion \/ tiedoston kohdalla olevaa kolmea pistett\u00e4. Valitse avautuneesta valikosta &#8221;Poista&#8221;. Teams varmistaa viel\u00e4, haluatko varmasti poistaa kansion \/ tiedoston. Valitse &#8221;poista&#8221;, mik\u00e4li kansio \/ tiedosto on oikea. Muussa tapauksessa valitse &#8221;peruuta&#8221;. Jos poistamaasi kansioon on luotu linkki, se ei en\u00e4\u00e4 toimi.<a href=\"#up\"><img loading=\"lazy\" decoding=\"async\" class=\"alignnone wp-image-1171\" src=\"https:\/\/blog.edu.turku.fi\/vakadigi\/files\/2021\/02\/download-1717155_960_720-100x100.png\" alt=\"\" width=\"46\" height=\"46\" \/><\/a><br \/>\n<a name=\"kausi\"><\/a><\/p>\n<h4>Teams-tiimi ja seuraava lukuvuosi<\/h4>\n<p>Edellisell\u00e4 lukuvuodella luotu Teams-tiimi jatkaa eloaan seuraavaan lukuvuoteen. Tiimist\u00e4 poistetaan edellisen lukuvuoden koteihin jaettavat materiaalit. Tarvittaessa poistetaan ja lis\u00e4t\u00e4\u00e4n omistajia \/ j\u00e4seni\u00e4. Huom! Vain tiimiss\u00e4 omistajina olevat voivat poistaa ja lis\u00e4t\u00e4 j\u00e4seni\u00e4. J\u00e4seni\u00e4 poistetaan \/ lis\u00e4t\u00e4\u00e4n ja oikeuksia vaihdetaan Tiimin hallinta -sivulla. Se l\u00f6ytyy tiimin vasemmasta reunasta, kolmen pisteen takaa, tiimin nimen vierest\u00e4. Omistaja voi poistaa toisen omistajan vasta kun on pudottanut h\u00e4net j\u00e4seneksi tiimiss\u00e4.<\/p>\n<p><a href=\"#up\"><img loading=\"lazy\" decoding=\"async\" class=\"alignnone wp-image-1171\" src=\"https:\/\/blog.edu.turku.fi\/vakadigi\/files\/2021\/02\/download-1717155_960_720-100x100.png\" alt=\"\" width=\"46\" height=\"46\" \/><\/a><br \/>\n<a name=\"wilma\"><\/a><\/p>\n<h4>Miten jaan linkin vanhemmille Wilmassa?<\/h4>\n<p><img loading=\"lazy\" decoding=\"async\" class=\"alignleft wp-image-2093\" src=\"https:\/\/blog.edu.turku.fi\/vakadigi\/files\/2021\/06\/wilma-96x103.jpg\" alt=\"Kuvassa Wilma -verkkosivuston logo. \" width=\"81\" height=\"87\" \/>Kun olet tehnyt jakolinkin Teamsissa ja kopioinut sen leikep\u00f6yd\u00e4lle, kirjaudu <a href=\"https:\/\/turku.inschool.fi\/\" target=\"_blank\" rel=\"noopener\">Wilmaan<\/a>. Kirjoita uusi viesti. Aloita viestin kirjoitus. Kun haluat liitt\u00e4\u00e4 linkin, paina n\u00e4pp\u00e4imi\u00e4 Ctrl + v. T\u00e4m\u00e4 toiminto liitt\u00e4\u00e4 leikep\u00f6yd\u00e4lle kopioimasi Teams-jakolinkin Wilma-viestiin. Jos n\u00e4pp\u00e4inyhdistelm\u00e4 ei jostain syyst\u00e4 toimi, on my\u00f6s toinen tapa. <a href=\"https:\/\/edumailturku.sharepoint.com\/:w:\/s\/testitiimi49\/EVkmtGKWB3BIv6AO7TOMw5sB_t2xxJwb5sdGW_7QJ7__bw\" target=\"_blank\" rel=\"noopener\">Katso t\u00e4st\u00e4 kuvallinen ohje siihen.<\/a><\/p>\n<p><a href=\"#up\"><img loading=\"lazy\" decoding=\"async\" class=\"alignnone wp-image-1171\" src=\"https:\/\/blog.edu.turku.fi\/vakadigi\/files\/2021\/02\/download-1717155_960_720-100x100.png\" alt=\"\" width=\"46\" height=\"46\" \/><\/a><br \/>\n<a name=\"selain\"><\/a><\/p>\n<h4><span data-contrast=\"auto\">Miten tarkistat \/ vaihdat oletusselaimen?<\/span><span data-ccp-props=\"{&quot;134233279&quot;:true,&quot;201341983&quot;:0,&quot;335559739&quot;:160,&quot;335559740&quot;:259}\">\u00a0<\/span><\/h4>\n<p><img loading=\"lazy\" decoding=\"async\" class=\"alignleft wp-image-2094\" src=\"https:\/\/blog.edu.turku.fi\/vakadigi\/files\/2021\/06\/edge-112x106.jpg\" alt=\"Kuvassa Microsoft Edge -selaimen logo. \" width=\"81\" height=\"77\" \/>Kaikilla k\u00e4ytt\u00e4jill\u00e4 tulisi olla profiilissa oletusselaimena Microsoft Edge (kuva vasemmalla), t\u00e4ll\u00f6in kaikki sivut aukeavan automaattisesti Edge-selaimeen. Voit tarkastaa ja vaihtaa oletusselaimen n\u00e4in: Paina tietokoneen vasemmassa alareunassa olevaa suurennuslasin kuvaa ja kirjoita kentt\u00e4\u00e4n &#8221;oletusselain&#8221;. Valitse valikosta &#8221;Valitse oletusselain&#8221;. N\u00e4yt\u00f6lle avautuu oletussovellukset -ikkuna, josta p\u00e4\u00e4set vaihtamaan profiilisi oletusselaimen kohdasta &#8221;selain&#8221;. Klikkaa kohtaa &#8221;selain&#8221; ja valitse Edge, jos se ei jo ole oletusselaimena.<br \/>\n<a href=\"#up\"><img loading=\"lazy\" decoding=\"async\" class=\"alignnone wp-image-1171\" src=\"https:\/\/blog.edu.turku.fi\/vakadigi\/files\/2021\/02\/download-1717155_960_720-100x100.png\" alt=\"\" width=\"46\" height=\"46\" \/><\/a><br \/>\n<a name=\"tulostin\"><\/a><\/p>\n<h4><span data-contrast=\"auto\">Miten lis\u00e4\u00e4n tulostimen omaan profiiliini tietokoneeseen?<\/span><\/h4>\n<p>Helpoiten lis\u00e4\u00e4t k\u00e4ytt\u00e4j\u00e4tunnuksellesi tulostimen Word-sovelluksen kautta. Avaa Word-sovellus ja joku tiedosto (voi olla tyhj\u00e4kin). Valitse yl\u00e4palkista Tiedosto -&gt; Tulosta. Paina Tulostin -tekstin alla olevan ruudun pient\u00e4 nuolta ja valitse &#8221;Lis\u00e4\u00e4 tulostin&#8221;. Kirjoita &#8221;Nimi&#8221; -kentt\u00e4\u00e4n sen tulostimen nimi, jonka haluat lis\u00e4t\u00e4 profiiliisi, paina &#8221;Etsi&#8221;. Tulostimen nimi l\u00f6ytyy tulostimen p\u00e4\u00e4ll\u00e4 olevasta tarrasta. Alas aukeaa etsinn\u00e4n tulokset, valitse siit\u00e4 tulostin ja paina ok. Tee t\u00e4m\u00e4 jokaiseen tietokoneeseen erikseen, josta haluat tulostaa.<br \/>\n<a href=\"#up\"><img loading=\"lazy\" decoding=\"async\" class=\"alignnone wp-image-1171\" src=\"https:\/\/blog.edu.turku.fi\/vakadigi\/files\/2021\/02\/download-1717155_960_720-100x100.png\" alt=\"\" width=\"46\" height=\"46\" \/><\/a><a name=\"sopii\"><\/a><a name=\"airdrop\"><\/a><br \/>\n<a name=\"note\"><\/a><\/p>\n<h4>Mik\u00e4 on note3 ja miten sit\u00e4 k\u00e4ytet\u00e4\u00e4n?<\/h4>\n<ul>\n<li style=\"list-style-type: none\">\n<ul>\n<li>Note3 on tietokoneelle ladattava sovellus, jolla voi tehd\u00e4 kosketustaululla toimivia teht\u00e4v\u00e4pohjia varhaiskasvatuksen arkeen.<\/li>\n<li>Note3 ladataan (Turun kaupungin varahaiskasvatuksessa) OPAS-koneelle, koska sit\u00e4 k\u00e4ytet\u00e4\u00e4n yhdess\u00e4 kosketustaulun kanssa.<\/li>\n<li>Ohjeita Note3 -sovelluksen lataamiseen koneellesi ja k\u00e4ytt\u00f6\u00f6n <a href=\"https:\/\/blog.edu.turku.fi\/vakadigi\/kosketustaulu\/note-3\/\" target=\"_blank\" rel=\"noopener\">l\u00f6yd\u00e4t t\u00e4\u00e4lt\u00e4<\/a>.<\/li>\n<li>Valmiita Note3- teht\u00e4v\u00e4pohjia voit <a href=\"https:\/\/blog.edu.turku.fi\/vakadigi\/note\/\" target=\"_blank\" rel=\"noopener\">ladata k\u00e4ytt\u00f6\u00f6si t\u00e4\u00e4lt\u00e4<\/a>.<\/li>\n<\/ul>\n<\/li>\n<\/ul>\n<p><a href=\"#up\"><img loading=\"lazy\" decoding=\"async\" class=\"alignnone wp-image-1171\" src=\"https:\/\/blog.edu.turku.fi\/vakadigi\/files\/2021\/02\/download-1717155_960_720-100x100.png\" alt=\"\" width=\"46\" height=\"46\" \/><\/a><\/p>\n<h4>Jos et l\u00f6yt\u00e4nyt vastausta mielt\u00e4si askarruttavaan kysymykseen, kokeile n\u00e4it\u00e4 linkkej\u00e4:<\/h4>\n<ul>\n<li style=\"list-style-type: none\">\n<ul>\n<li><a href=\"https:\/\/blog.edu.turku.fi\/vakadigi\/ipad\/niksit-ipadille\/\" target=\"_blank\" rel=\"noopener\">Niksit iPadille<\/a><\/li>\n<li><a href=\"https:\/\/edu.turku.fi\/category\/ukk\/ipad\/\" target=\"_blank\" rel=\"noopener\">Vastauksia iPad -kysymyksiin<\/a><\/li>\n<li><a href=\"https:\/\/edu.turku.fi\/ohjeet\/salasanojen-vaihtaminen\/\" target=\"_blank\" rel=\"noopener\">Ohjeita salasanojen vaihtamiseen<\/a><\/li>\n<li><a href=\"https:\/\/edu.turku.fi\/ohje-oppilaitosten-kotisivuja-ja-blogeja-paivittaville\/\" target=\"_blank\" rel=\"noopener\">Ohjeita blogia p\u00e4ivitt\u00e4ville<\/a><\/li>\n<\/ul>\n<\/li>\n<\/ul>\n","protected":false},"excerpt":{"rendered":"<p>Mik\u00e4 on OneDrive? Mik\u00e4 on edu.turku.fi? Mik\u00e4 on Microsoft 365? Miten kirjaudun MeTkuun? Teams p\u00f6yt\u00e4sovelluksen asentaminen Mill\u00e4 tunnuksella kirjaudun Teamsiin? Jakolinkin teko Teamsissa Kansion \/ linkin poistaminen Teamsissa Teams-tiimi ja seuraava kausi Miten jaan linkin vanhemmille Wilmassa? Miten tarkistan \/<\/p>\n","protected":false},"author":3065,"featured_media":0,"parent":0,"menu_order":0,"comment_status":"closed","ping_status":"closed","template":"","meta":{"footnotes":""},"class_list":["post-2045","page","type-page","status-publish","hentry"],"_links":{"self":[{"href":"https:\/\/blog.edu.turku.fi\/vakadigi\/wp-json\/wp\/v2\/pages\/2045","targetHints":{"allow":["GET"]}}],"collection":[{"href":"https:\/\/blog.edu.turku.fi\/vakadigi\/wp-json\/wp\/v2\/pages"}],"about":[{"href":"https:\/\/blog.edu.turku.fi\/vakadigi\/wp-json\/wp\/v2\/types\/page"}],"author":[{"embeddable":true,"href":"https:\/\/blog.edu.turku.fi\/vakadigi\/wp-json\/wp\/v2\/users\/3065"}],"replies":[{"embeddable":true,"href":"https:\/\/blog.edu.turku.fi\/vakadigi\/wp-json\/wp\/v2\/comments?post=2045"}],"version-history":[{"count":65,"href":"https:\/\/blog.edu.turku.fi\/vakadigi\/wp-json\/wp\/v2\/pages\/2045\/revisions"}],"predecessor-version":[{"id":4158,"href":"https:\/\/blog.edu.turku.fi\/vakadigi\/wp-json\/wp\/v2\/pages\/2045\/revisions\/4158"}],"wp:attachment":[{"href":"https:\/\/blog.edu.turku.fi\/vakadigi\/wp-json\/wp\/v2\/media?parent=2045"}],"curies":[{"name":"wp","href":"https:\/\/api.w.org\/{rel}","templated":true}]}}