{"id":126,"date":"2020-11-10T11:53:34","date_gmt":"2020-11-10T09:53:34","guid":{"rendered":"https:\/\/blog.edu.turku.fi\/vakadigi\/?page_id=126"},"modified":"2026-01-09T18:21:48","modified_gmt":"2026-01-09T16:21:48","slug":"dokumenttikamera","status":"publish","type":"page","link":"https:\/\/blog.edu.turku.fi\/vakadigi\/dokumenttikamera\/","title":{"rendered":"Dokumenttikamera"},"content":{"rendered":"\n<p>Dokumenttikamera on p\u00f6yd\u00e4ll\u00e4 oleva digitaalinen kamera, jonka avulla voi esitt\u00e4\u00e4 tai kuvata teht\u00e4vi\u00e4 \/ esineit\u00e4 lapsiryhm\u00e4lle. Dokumenttikamera toimii, kun kuva l\u00e4hetet\u00e4\u00e4n kosketustaululle tai videotykin kautta valkokankaalle. T\u00e4ll\u00f6in kuva tutkittavasta asiasta on suuri ja kuvaa voi yht\u00e4 aikaa tarkastella useampi lapsi. <br \/>Dokumenttikamera on nopea ja helppok\u00e4ytt\u00f6inen havainnollistamisen v\u00e4line.<\/p>\n\n\n\n<p><strong>Huomioita dokumenttikameran k\u00e4yt\u00f6st\u00e4:<\/strong><\/p>\n\n\n\n<ul class=\"wp-block-list\">\n<li><span data-contrast=\"auto\">Dokumenttikameran saa k\u00e4\u00e4nnetty\u00e4 osoittamaan\u00a0muuallekin\u00a0kuin alustaan p\u00e4in\u00a0<\/span><\/li>\n\n\n\n<li><span data-contrast=\"auto\">Pys\u00e4yt\u00e4&nbsp;<\/span><span data-contrast=\"auto\">freeze<\/span><span data-contrast=\"auto\">&#8211;<\/span><span data-contrast=\"auto\">toiminnolla kuva<\/span><span data-contrast=\"auto\">&nbsp;dokumenttikameralla<\/span><span data-contrast=\"auto\">&nbsp;n\u00e4yt\u00f6lle ja&nbsp;<\/span><span data-contrast=\"auto\">annotointi<\/span><span data-contrast=\"auto\"> -toiminnolla kirjoita p\u00e4\u00e4lle.<\/span><\/li>\n<\/ul>\n\n\n\n<p><strong>K\u00e4ytt\u00f6vinkkej\u00e4:<\/strong><\/p>\n\n\n\n<ul class=\"wp-block-list\">\n<li><a href=\"https:\/\/blog.edu.turku.fi\/vakadigi\/kielten-rikas-maailma2\/\">Kielten rikas maailma<\/a><\/li>\n\n\n\n<li><a href=\"https:\/\/blog.edu.turku.fi\/vakadigi\/ilmaisun-monet-muodot2\/\">Ilmaisun monet muodot<\/a><\/li>\n\n\n\n<li><a href=\"https:\/\/blog.edu.turku.fi\/vakadigi\/mina-ja-meidan-yhteisomme2\/\">Min\u00e4 ja meid\u00e4n yhteis\u00f6mme<\/a><\/li>\n\n\n\n<li><a href=\"https:\/\/blog.edu.turku.fi\/vakadigi\/tutkin-ja-toimin-ymparistossani2\/\">Tutkin ja toimin ymp\u00e4rist\u00f6ss\u00e4ni<\/a><\/li>\n\n\n\n<li><a href=\"https:\/\/blog.edu.turku.fi\/vakadigi\/kasvan-liikun-ja-kehityn2\/\">Kasvan, liikun ja kehityn<\/a><\/li>\n<\/ul>\n\n\n\n<figure class=\"wp-block-gallery has-nested-images columns-default is-cropped wp-block-gallery-1 is-layout-flex wp-block-gallery-is-layout-flex\">\n<figure class=\"wp-block-image size-large\"><img loading=\"lazy\" decoding=\"async\" width=\"768\" height=\"1024\" data-id=\"2869\" src=\"https:\/\/blog.edu.turku.fi\/vakadigi\/files\/2021\/12\/IMG_0871-768x1024.jpg\" alt=\"\" class=\"wp-image-2869\" srcset=\"https:\/\/blog.edu.turku.fi\/vakadigi\/files\/2021\/12\/IMG_0871.jpg 768w, https:\/\/blog.edu.turku.fi\/vakadigi\/files\/2021\/12\/IMG_0871-225x300.jpg 225w\" sizes=\"auto, (max-width: 768px) 100vw, 768px\" \/><figcaption class=\"wp-element-caption\">11. Kirjan lukeminen freeze-toiminnolla<\/figcaption><\/figure>\n\n\n\n<figure class=\"wp-block-image size-large\"><img loading=\"lazy\" decoding=\"async\" width=\"768\" height=\"1024\" data-id=\"2868\" src=\"https:\/\/blog.edu.turku.fi\/vakadigi\/files\/2021\/12\/IMG_0870-768x1024.jpg\" alt=\"\" class=\"wp-image-2868\" srcset=\"https:\/\/blog.edu.turku.fi\/vakadigi\/files\/2021\/12\/IMG_0870.jpg 768w, https:\/\/blog.edu.turku.fi\/vakadigi\/files\/2021\/12\/IMG_0870-225x300.jpg 225w\" sizes=\"auto, (max-width: 768px) 100vw, 768px\" \/><figcaption class=\"wp-element-caption\">10. KIM-leikki Freeze -toiminnolla<\/figcaption><\/figure>\n\n\n\n<figure class=\"wp-block-image size-large\"><img loading=\"lazy\" decoding=\"async\" width=\"768\" height=\"1024\" data-id=\"2875\" src=\"https:\/\/blog.edu.turku.fi\/vakadigi\/files\/2021\/12\/IMG_0878-768x1024.jpg\" alt=\"\" class=\"wp-image-2875\" srcset=\"https:\/\/blog.edu.turku.fi\/vakadigi\/files\/2021\/12\/IMG_0878.jpg 768w, https:\/\/blog.edu.turku.fi\/vakadigi\/files\/2021\/12\/IMG_0878-225x300.jpg 225w\" sizes=\"auto, (max-width: 768px) 100vw, 768px\" \/><figcaption class=\"wp-element-caption\">15. Kirjainten harjoittelu esim. hiekkaan (alla tarjotin)<\/figcaption><\/figure>\n\n\n\n<figure class=\"wp-block-image size-large\"><img loading=\"lazy\" decoding=\"async\" width=\"768\" height=\"1024\" data-id=\"2874\" src=\"https:\/\/blog.edu.turku.fi\/vakadigi\/files\/2021\/12\/IMG_0877-768x1024.jpg\" alt=\"\" class=\"wp-image-2874\" srcset=\"https:\/\/blog.edu.turku.fi\/vakadigi\/files\/2021\/12\/IMG_0877.jpg 768w, https:\/\/blog.edu.turku.fi\/vakadigi\/files\/2021\/12\/IMG_0877-225x300.jpg 225w\" sizes=\"auto, (max-width: 768px) 100vw, 768px\" \/><figcaption class=\"wp-element-caption\">14. Arjen tilanteiden l\u00e4pik\u00e4ynti<\/figcaption><\/figure>\n\n\n\n<figure class=\"wp-block-image size-large\"><img loading=\"lazy\" decoding=\"async\" width=\"768\" height=\"1024\" data-id=\"2873\" src=\"https:\/\/blog.edu.turku.fi\/vakadigi\/files\/2021\/12\/IMG_0875-768x1024.jpg\" alt=\"\" class=\"wp-image-2873\" srcset=\"https:\/\/blog.edu.turku.fi\/vakadigi\/files\/2021\/12\/IMG_0875.jpg 768w, https:\/\/blog.edu.turku.fi\/vakadigi\/files\/2021\/12\/IMG_0875-225x300.jpg 225w\" sizes=\"auto, (max-width: 768px) 100vw, 768px\" \/><figcaption class=\"wp-element-caption\">13. Laske kuinka monta.<\/figcaption><\/figure>\n\n\n\n<figure class=\"wp-block-image size-large\"><img loading=\"lazy\" decoding=\"async\" width=\"768\" height=\"1024\" data-id=\"2843\" src=\"https:\/\/blog.edu.turku.fi\/vakadigi\/files\/2021\/12\/20210511_064734775_iOS-768x1024.jpg\" alt=\"\" class=\"wp-image-2843\" srcset=\"https:\/\/blog.edu.turku.fi\/vakadigi\/files\/2021\/12\/20210511_064734775_iOS.jpg 768w, https:\/\/blog.edu.turku.fi\/vakadigi\/files\/2021\/12\/20210511_064734775_iOS-225x300.jpg 225w\" sizes=\"auto, (max-width: 768px) 100vw, 768px\" \/><figcaption class=\"wp-element-caption\">4. Mist\u00e4 tykk\u00e4\u00e4t eniten?<\/figcaption><\/figure>\n\n\n\n<figure class=\"wp-block-image size-large\"><img loading=\"lazy\" decoding=\"async\" width=\"768\" height=\"1024\" data-id=\"2377\" src=\"https:\/\/blog.edu.turku.fi\/vakadigi\/files\/2021\/07\/20210511_064405305_iOS-768x1024.jpg\" alt=\"\" class=\"wp-image-2377\" srcset=\"https:\/\/blog.edu.turku.fi\/vakadigi\/files\/2021\/07\/20210511_064405305_iOS.jpg 768w, https:\/\/blog.edu.turku.fi\/vakadigi\/files\/2021\/07\/20210511_064405305_iOS-225x300.jpg 225w\" sizes=\"auto, (max-width: 768px) 100vw, 768px\" \/><figcaption class=\"wp-element-caption\">6. Mik\u00e4 hedelm\u00e4?<\/figcaption><\/figure>\n\n\n\n<figure class=\"wp-block-image size-large\"><img loading=\"lazy\" decoding=\"async\" width=\"768\" height=\"1024\" data-id=\"2871\" src=\"https:\/\/blog.edu.turku.fi\/vakadigi\/files\/2021\/12\/IMG_0873-768x1024.jpg\" alt=\"\" class=\"wp-image-2871\" srcset=\"https:\/\/blog.edu.turku.fi\/vakadigi\/files\/2021\/12\/IMG_0873.jpg 768w, https:\/\/blog.edu.turku.fi\/vakadigi\/files\/2021\/12\/IMG_0873-225x300.jpg 225w\" sizes=\"auto, (max-width: 768px) 100vw, 768px\" \/><figcaption class=\"wp-element-caption\">12. Taulun annotointitoiminnon hy\u00f6dynt\u00e4minen<\/figcaption><\/figure>\n\n\n\n<figure class=\"wp-block-image size-large\"><img loading=\"lazy\" decoding=\"async\" width=\"851\" height=\"729\" data-id=\"2853\" src=\"https:\/\/blog.edu.turku.fi\/vakadigi\/files\/2021\/12\/varit-dokun-alla-kuva-851x729.jpg\" alt=\"\" class=\"wp-image-2853\" srcset=\"https:\/\/blog.edu.turku.fi\/vakadigi\/files\/2021\/12\/varit-dokun-alla-kuva.jpg 851w, https:\/\/blog.edu.turku.fi\/vakadigi\/files\/2021\/12\/varit-dokun-alla-kuva-300x257.jpg 300w\" sizes=\"auto, (max-width: 851px) 100vw, 851px\" \/><figcaption class=\"wp-element-caption\">3. V\u00e4reja kameran alla.<\/figcaption><\/figure>\n\n\n\n<figure class=\"wp-block-image size-large\"><img loading=\"lazy\" decoding=\"async\" width=\"1024\" height=\"768\" data-id=\"2844\" src=\"https:\/\/blog.edu.turku.fi\/vakadigi\/files\/2021\/12\/20210511_065246712_iOS-1024x768.jpg\" alt=\"\" class=\"wp-image-2844\" srcset=\"https:\/\/blog.edu.turku.fi\/vakadigi\/files\/2021\/12\/20210511_065246712_iOS.jpg 1024w, https:\/\/blog.edu.turku.fi\/vakadigi\/files\/2021\/12\/20210511_065246712_iOS-300x225.jpg 300w\" sizes=\"auto, (max-width: 1024px) 100vw, 1024px\" \/><figcaption class=\"wp-element-caption\">2. Kuinka monta t-kirjainta?<\/figcaption><\/figure>\n\n\n\n<figure class=\"wp-block-image size-large\"><img loading=\"lazy\" decoding=\"async\" width=\"768\" height=\"1024\" data-id=\"2867\" src=\"https:\/\/blog.edu.turku.fi\/vakadigi\/files\/2021\/12\/IMG_0869-768x1024.jpg\" alt=\"\" class=\"wp-image-2867\" srcset=\"https:\/\/blog.edu.turku.fi\/vakadigi\/files\/2021\/12\/IMG_0869.jpg 768w, https:\/\/blog.edu.turku.fi\/vakadigi\/files\/2021\/12\/IMG_0869-225x300.jpg 225w\" sizes=\"auto, (max-width: 768px) 100vw, 768px\" \/><figcaption class=\"wp-element-caption\">9. Yhdistelyteht\u00e4v\u00e4t<\/figcaption><\/figure>\n\n\n\n<figure class=\"wp-block-image size-large\"><img loading=\"lazy\" decoding=\"async\" width=\"768\" height=\"1024\" data-id=\"2865\" src=\"https:\/\/blog.edu.turku.fi\/vakadigi\/files\/2021\/12\/IMG_0867-768x1024.jpg\" alt=\"\" class=\"wp-image-2865\" srcset=\"https:\/\/blog.edu.turku.fi\/vakadigi\/files\/2021\/12\/IMG_0867.jpg 768w, https:\/\/blog.edu.turku.fi\/vakadigi\/files\/2021\/12\/IMG_0867-225x300.jpg 225w\" sizes=\"auto, (max-width: 768px) 100vw, 768px\" \/><figcaption class=\"wp-element-caption\">7. Jatka sarjaa&#8230;<\/figcaption><\/figure>\n<\/figure>\n\n\n\n<p>&nbsp;<\/p>\n","protected":false},"excerpt":{"rendered":"<p>Dokumenttikamera on p\u00f6yd\u00e4ll\u00e4 oleva digitaalinen kamera, jonka avulla voi esitt\u00e4\u00e4 tai kuvata teht\u00e4vi\u00e4 \/ esineit\u00e4 lapsiryhm\u00e4lle. Dokumenttikamera toimii, kun kuva l\u00e4hetet\u00e4\u00e4n kosketustaululle tai videotykin kautta valkokankaalle. T\u00e4ll\u00f6in kuva tutkittavasta asiasta on suuri ja kuvaa voi yht\u00e4 aikaa tarkastella useampi lapsi.<\/p>\n","protected":false},"author":3065,"featured_media":0,"parent":0,"menu_order":0,"comment_status":"closed","ping_status":"closed","template":"","meta":{"footnotes":""},"class_list":["post-126","page","type-page","status-publish","hentry"],"_links":{"self":[{"href":"https:\/\/blog.edu.turku.fi\/vakadigi\/wp-json\/wp\/v2\/pages\/126","targetHints":{"allow":["GET"]}}],"collection":[{"href":"https:\/\/blog.edu.turku.fi\/vakadigi\/wp-json\/wp\/v2\/pages"}],"about":[{"href":"https:\/\/blog.edu.turku.fi\/vakadigi\/wp-json\/wp\/v2\/types\/page"}],"author":[{"embeddable":true,"href":"https:\/\/blog.edu.turku.fi\/vakadigi\/wp-json\/wp\/v2\/users\/3065"}],"replies":[{"embeddable":true,"href":"https:\/\/blog.edu.turku.fi\/vakadigi\/wp-json\/wp\/v2\/comments?post=126"}],"version-history":[{"count":31,"href":"https:\/\/blog.edu.turku.fi\/vakadigi\/wp-json\/wp\/v2\/pages\/126\/revisions"}],"predecessor-version":[{"id":5040,"href":"https:\/\/blog.edu.turku.fi\/vakadigi\/wp-json\/wp\/v2\/pages\/126\/revisions\/5040"}],"wp:attachment":[{"href":"https:\/\/blog.edu.turku.fi\/vakadigi\/wp-json\/wp\/v2\/media?parent=126"}],"curies":[{"name":"wp","href":"https:\/\/api.w.org\/{rel}","templated":true}]}}