{"id":916,"date":"2024-09-17T12:05:36","date_gmt":"2024-09-17T09:05:36","guid":{"rendered":"https:\/\/blog.edu.turku.fi\/vahaheikkila\/?page_id=916"},"modified":"2025-12-11T09:33:41","modified_gmt":"2025-12-11T07:33:41","slug":"opetussuunnitelma","status":"publish","type":"page","link":"https:\/\/blog.edu.turku.fi\/vahaheikkila\/opetussuunnitelma\/","title":{"rendered":"Opetussuunnitelma"},"content":{"rendered":"<p>Koulun toimintaa ohjaa opetussuunnitelma. Tutustu V\u00e4h\u00e4-Heikkil\u00e4n koulun opetussuunnitelmaan:<\/p>\n<p><a href=\"https:\/\/blog.edu.turku.fi\/vahaheikkila\/files\/2024\/09\/VAHA-HEIKKILA-OPS-2016.pdf\" target=\"_blank\" rel=\"noopener\">V\u00e4h\u00e4-Heikkil\u00e4n koulun opetussuunnitelma (2016)<\/a><\/p>\n<p>Valtakunnalliset Perusopetuksen opetussuunnitelman perusteet l\u00f6yd\u00e4t t\u00e4\u00e4lt\u00e4:<\/p>\n<p><a href=\"https:\/\/www.oph.fi\/fi\/koulutus-ja-tutkinnot\/perusopetuksen-opetussuunnitelman-perusteet\">Perusopetuksen opetussuunnitelman perusteet<\/a><\/p>\n","protected":false},"excerpt":{"rendered":"<p>Koulun toimintaa ohjaa opetussuunnitelma. Tutustu V\u00e4h\u00e4-Heikkil\u00e4n koulun opetussuunnitelmaan: V\u00e4h\u00e4-Heikkil\u00e4n koulun opetussuunnitelma (2016) Valtakunnalliset Perusopetuksen opetussuunnitelman perusteet l\u00f6yd\u00e4t t\u00e4\u00e4lt\u00e4: Perusopetuksen opetussuunnitelman perusteet<\/p>\n","protected":false},"author":2677,"featured_media":0,"parent":0,"menu_order":0,"comment_status":"closed","ping_status":"closed","template":"","meta":{"footnotes":""},"class_list":["post-916","page","type-page","status-publish","hentry"],"_links":{"self":[{"href":"https:\/\/blog.edu.turku.fi\/vahaheikkila\/wp-json\/wp\/v2\/pages\/916","targetHints":{"allow":["GET"]}}],"collection":[{"href":"https:\/\/blog.edu.turku.fi\/vahaheikkila\/wp-json\/wp\/v2\/pages"}],"about":[{"href":"https:\/\/blog.edu.turku.fi\/vahaheikkila\/wp-json\/wp\/v2\/types\/page"}],"author":[{"embeddable":true,"href":"https:\/\/blog.edu.turku.fi\/vahaheikkila\/wp-json\/wp\/v2\/users\/2677"}],"replies":[{"embeddable":true,"href":"https:\/\/blog.edu.turku.fi\/vahaheikkila\/wp-json\/wp\/v2\/comments?post=916"}],"version-history":[{"count":3,"href":"https:\/\/blog.edu.turku.fi\/vahaheikkila\/wp-json\/wp\/v2\/pages\/916\/revisions"}],"predecessor-version":[{"id":1115,"href":"https:\/\/blog.edu.turku.fi\/vahaheikkila\/wp-json\/wp\/v2\/pages\/916\/revisions\/1115"}],"wp:attachment":[{"href":"https:\/\/blog.edu.turku.fi\/vahaheikkila\/wp-json\/wp\/v2\/media?parent=916"}],"curies":[{"name":"wp","href":"https:\/\/api.w.org\/{rel}","templated":true}]}}