{"id":68,"date":"2016-01-21T17:09:18","date_gmt":"2016-01-21T15:09:18","guid":{"rendered":"https:\/\/blog.edu.turku.fi\/vahaheikkila\/?page_id=68"},"modified":"2025-12-11T11:47:34","modified_gmt":"2025-12-11T09:47:34","slug":"oppilashuolto","status":"publish","type":"page","link":"https:\/\/blog.edu.turku.fi\/vahaheikkila\/oppilashuolto\/","title":{"rendered":"Oppilashuolto"},"content":{"rendered":"<p>Koulussamme oppilashuollosta vastaavat terveydenhoitaja, koulupsykologi, koulukuraattori sek\u00e4 psykiatrinen sairaanhoitaja.<\/p>\n<p>&nbsp;<\/p>\n<p>S\u00e4hk\u00f6postiosoitteet ovat muotoa etunimi.sukunimi@varha.fi, jos ei yhteystiedoissa ole mainittu muuta.<\/p>\n<table>\n<tbody>\n<tr>\n<td width=\"321\">Terveydenhoitaja Satu Koistinen (V\u00c4H)<\/td>\n<td width=\"321\">040 1821 949<\/td>\n<\/tr>\n<tr>\n<td width=\"321\">Terveydenhoitaja Maiju Toivo (UIT)<\/td>\n<td width=\"321\">044 7124 090<\/td>\n<\/tr>\n<tr>\n<td width=\"321\">Koulupsykologi Kirsi Salonen<\/td>\n<td width=\"321\">044 9074 718 (kirsi.m.salonen@varha.fi)<\/td>\n<\/tr>\n<tr>\n<td width=\"321\">Psykiatrinen sairaanhoitaja Salla-Miisa Siira<\/td>\n<td width=\"321\">044 9075 543<\/td>\n<\/tr>\n<\/tbody>\n<\/table>\n<p>&nbsp;<\/p>\n","protected":false},"excerpt":{"rendered":"<p>Koulussamme oppilashuollosta vastaavat terveydenhoitaja, koulupsykologi, koulukuraattori sek\u00e4 psykiatrinen sairaanhoitaja. &nbsp; S\u00e4hk\u00f6postiosoitteet ovat muotoa etunimi.sukunimi@varha.fi, jos ei yhteystiedoissa ole mainittu muuta. Terveydenhoitaja Satu Koistinen (V\u00c4H) 040 1821 949 Terveydenhoitaja Maiju Toivo (UIT) 044 7124 090 Koulupsykologi Kirsi Salonen 044 9074 718 (kirsi.m.salonen@varha.fi) Psykiatrinen sairaanhoitaja Salla-Miisa Siira 044 9075 543 &nbsp;<\/p>\n","protected":false},"author":106,"featured_media":0,"parent":0,"menu_order":3,"comment_status":"closed","ping_status":"closed","template":"","meta":{"footnotes":""},"class_list":["post-68","page","type-page","status-publish","hentry"],"_links":{"self":[{"href":"https:\/\/blog.edu.turku.fi\/vahaheikkila\/wp-json\/wp\/v2\/pages\/68","targetHints":{"allow":["GET"]}}],"collection":[{"href":"https:\/\/blog.edu.turku.fi\/vahaheikkila\/wp-json\/wp\/v2\/pages"}],"about":[{"href":"https:\/\/blog.edu.turku.fi\/vahaheikkila\/wp-json\/wp\/v2\/types\/page"}],"author":[{"embeddable":true,"href":"https:\/\/blog.edu.turku.fi\/vahaheikkila\/wp-json\/wp\/v2\/users\/106"}],"replies":[{"embeddable":true,"href":"https:\/\/blog.edu.turku.fi\/vahaheikkila\/wp-json\/wp\/v2\/comments?post=68"}],"version-history":[{"count":23,"href":"https:\/\/blog.edu.turku.fi\/vahaheikkila\/wp-json\/wp\/v2\/pages\/68\/revisions"}],"predecessor-version":[{"id":1121,"href":"https:\/\/blog.edu.turku.fi\/vahaheikkila\/wp-json\/wp\/v2\/pages\/68\/revisions\/1121"}],"wp:attachment":[{"href":"https:\/\/blog.edu.turku.fi\/vahaheikkila\/wp-json\/wp\/v2\/media?parent=68"}],"curies":[{"name":"wp","href":"https:\/\/api.w.org\/{rel}","templated":true}]}}