{"id":661,"date":"2021-09-30T14:26:28","date_gmt":"2021-09-30T11:26:28","guid":{"rendered":"https:\/\/blog.edu.turku.fi\/vahaheikkila\/?page_id=661"},"modified":"2026-03-10T13:07:52","modified_gmt":"2026-03-10T11:07:52","slug":"kaikki-yhteystiedot","status":"publish","type":"page","link":"https:\/\/blog.edu.turku.fi\/vahaheikkila\/vaha-heikkilan-koulu\/yhteystiedot-2\/kaikki-yhteystiedot\/","title":{"rendered":"Yhteystiedot"},"content":{"rendered":"<p>V\u00e4h\u00e4-Heikkil\u00e4n koulu, V\u00e4h\u00e4-Heikkil\u00e4n yksikk\u00f6<br \/>\n<a href=\"https:\/\/opaskartta.turku.fi\/IMS\/?layers=Opaskartta&amp;cp=6702628,23458829&amp;z=1&amp;title=Myllym%C3%A4entie%2042%2C%20Turku\">Myllym\u00e4entie 42<\/a>, 20810 Turku<\/p>\n<p>V\u00e4h\u00e4-Heikkil\u00e4n koulu, Uittamon yksikk\u00f6<br \/>\n<a href=\"https:\/\/opaskartta.turku.fi\/IMS\/?layers=Opaskartta&amp;cp=6701494,23459261&amp;z=1&amp;title=Jalustinkatu%208%2C%20Turku\">Jalustinkatu 8<\/a>, 20880 Turku<\/p>\n<p><strong>S\u00e4hk\u00f6postiosoitteet<\/strong><\/p>\n<p>Opettajat, ohjaajat ja koulusihteeri: etunimi.sukunimi@edu.turku.fi<\/p>\n<p>Oppilashuoltoryhm\u00e4: etunimi.sukunimi@varha.fi<\/p>\n<table width=\"764\">\n<tbody>\n<tr>\n<td width=\"379\">Rehtori Jutta Maunula-Aaltonen<\/td>\n<td width=\"379\">040 6469 345<\/td>\n<\/tr>\n<tr>\n<td width=\"379\">Apulaisrehtori Elisa Suomi-Kuusela<\/td>\n<td width=\"379\">040 6876 297<\/td>\n<\/tr>\n<tr>\n<td width=\"379\">Ranskan kielilinjan vet\u00e4j\u00e4 Johanna M\u00e4kel\u00e4<\/td>\n<td width=\"379\">040 6841 933<\/td>\n<\/tr>\n<tr>\n<td width=\"379\">Koulusihteeri Milla Tuomi<\/td>\n<td width=\"379\">044 9072 768<\/td>\n<\/tr>\n<tr>\n<td width=\"379\">Terveydenhoitaja Satu Koistinen V\u00c4H<\/td>\n<td width=\"379\">040 1821 949 (paikalla ma-pe)<\/td>\n<\/tr>\n<tr>\n<td width=\"379\">Terveydenhoitaja Ida-Maria Onkalo UIT<\/td>\n<td width=\"379\">044 7124 090 (paikalla ke)<\/td>\n<\/tr>\n<tr>\n<td width=\"379\">Koulupsykologi Kirsi Salonen<\/td>\n<td width=\"379\">044 9074 718 (kirsi.m.salonen@varha.fi)<\/td>\n<\/tr>\n<tr>\n<td width=\"379\">Koulukuraattori Juulia Salminen<\/td>\n<td width=\"379\">044 9075 162<\/td>\n<\/tr>\n<tr>\n<td width=\"379\">Psykiatrinen sairaanhoitaja Salla-Miisa Siira<\/td>\n<td width=\"379\">044 9075 543<\/td>\n<\/tr>\n<tr>\n<td width=\"379\">Kiinteist\u00f6nhoitaja Rasmus Saloranta<\/td>\n<td width=\"379\">040 5876 608<\/td>\n<\/tr>\n<tr>\n<td width=\"379\">Keitti\u00f6 V\u00c4H Riikka Suomi<\/td>\n<td width=\"379\">040 1589 805<\/td>\n<\/tr>\n<tr>\n<td width=\"379\">Keitti\u00f6 UIT<\/td>\n<td width=\"379\">040 5138 109<\/td>\n<\/tr>\n<tr>\n<td width=\"379\">Iltap\u00e4iv\u00e4kerho V\u00c4H<\/td>\n<td width=\"379\">044 7004 074<\/td>\n<\/tr>\n<tr>\n<td width=\"379\">Iltap\u00e4iv\u00e4kerho vastaava ohjaaja V\u00c4H Mari J\u00e4rvinen<\/td>\n<td width=\"379\">044 7004 077<\/td>\n<\/tr>\n<tr>\n<td width=\"379\">Iltap\u00e4iv\u00e4kerho UIT<\/td>\n<td width=\"379\">040 7721 036<\/td>\n<\/tr>\n<tr>\n<td width=\"379\"><strong>Opettajat<\/strong><\/td>\n<td width=\"379\"><\/td>\n<\/tr>\n<tr>\n<td width=\"379\">Ahonen Anssi 3E<\/td>\n<td width=\"379\">040 7412 563<\/td>\n<\/tr>\n<tr>\n<td width=\"379\">Aminoff Verna 3A<\/td>\n<td width=\"379\">040 7604 598<\/td>\n<\/tr>\n<tr>\n<td width=\"379\">Elo Helka 2B<\/td>\n<td width=\"379\">040 3577 846<\/td>\n<\/tr>\n<tr>\n<td width=\"379\">Fagervik Anna-Maria 3B<\/td>\n<td width=\"379\">044 9074 714<\/td>\n<\/tr>\n<tr>\n<td width=\"379\">Haarala Heli 5A<\/td>\n<td width=\"379\">044 7949 970<\/td>\n<\/tr>\n<tr>\n<td width=\"379\">Halenius-Alari Tiina 5E<\/td>\n<td width=\"379\">040 1524 522<\/td>\n<\/tr>\n<tr>\n<td width=\"379\">Heino Sirke 2E<\/td>\n<td width=\"379\">040 1350 480<\/td>\n<\/tr>\n<tr>\n<td width=\"379\">Hemminki Eemil 2C<\/td>\n<td width=\"379\"><\/td>\n<\/tr>\n<tr>\n<td width=\"379\">Hiltunen Ilona 3-4D<\/td>\n<td width=\"379\">040 5726 042<\/td>\n<\/tr>\n<tr>\n<td width=\"379\">Hirvinen Hanna-Kaisa 5-6D<\/td>\n<td width=\"379\">040 1949 532<\/td>\n<\/tr>\n<tr>\n<td width=\"379\">Horn Rasmus 1-2D<\/td>\n<td width=\"379\">044 907 5376<\/td>\n<\/tr>\n<tr>\n<td width=\"379\">H\u00e4nninen Kalevi 6E<\/td>\n<td width=\"379\">040 5763 084<\/td>\n<\/tr>\n<tr>\n<td width=\"379\">Julin Hanna 4B<\/td>\n<td width=\"379\">040 5845 423<\/td>\n<\/tr>\n<tr>\n<td width=\"379\">Karhi Tuuli 1E<\/td>\n<td width=\"379\">040 1319 028<\/td>\n<\/tr>\n<tr>\n<td width=\"379\">Korpela Noora 1C<\/td>\n<td width=\"379\">044 9022 150<\/td>\n<\/tr>\n<tr>\n<td width=\"379\">Koskela Oona 1B<\/td>\n<td width=\"379\">040 1350 805<\/td>\n<\/tr>\n<tr>\n<td width=\"379\">Koskinen Tuija 2A<\/td>\n<td width=\"379\">040 4871 369<\/td>\n<\/tr>\n<tr>\n<td width=\"379\">Kulola Neea 3C<\/td>\n<td width=\"379\">044 907 5067<\/td>\n<\/tr>\n<tr>\n<td width=\"379\">Laaksi Riikka 4A<\/td>\n<td width=\"379\">040 5780 349<\/td>\n<\/tr>\n<tr>\n<td width=\"379\">L\u00e4hteenmaa Eero 4E<\/td>\n<td width=\"379\">040 1847 817<\/td>\n<\/tr>\n<tr>\n<td width=\"379\">M\u00e4kel\u00e4 Johanna 5B<\/td>\n<td width=\"379\">040 6841 933<\/td>\n<\/tr>\n<tr>\n<td width=\"379\">Nieminen Katri 3C (virkavapaalla 22.2.2026 asti)<\/td>\n<td width=\"379\">040 5781 259<\/td>\n<\/tr>\n<tr>\n<td width=\"379\">Nissi Minna 6A<\/td>\n<td width=\"379\">040 7400 153<\/td>\n<\/tr>\n<tr>\n<td width=\"379\">N\u00e4\u00e4pp\u00e4 Sanni S2<\/td>\n<td width=\"379\">044 9073 164<\/td>\n<\/tr>\n<tr>\n<td width=\"379\">Pulli Petra englanti<\/td>\n<td width=\"379\">044 9075 145<\/td>\n<\/tr>\n<tr>\n<td width=\"379\">Reini Anssi 5C<\/td>\n<td width=\"379\">050 5919 809<\/td>\n<\/tr>\n<tr>\n<td width=\"379\">Rissanen Liisa 6B<\/td>\n<td width=\"379\">040 6527 136<\/td>\n<\/tr>\n<tr>\n<td width=\"379\">Tikka Lauri erityisopettaja<\/td>\n<td width=\"379\">040 4871 254<\/td>\n<\/tr>\n<tr>\n<td width=\"379\">Tuomela Ville 6C<\/td>\n<td width=\"379\">040 5783 622<\/td>\n<\/tr>\n<tr>\n<td width=\"379\">Tuominen Anu 1A<\/td>\n<td width=\"379\">040 5784 824 (anu.k.tuominen@edu.turku.fi)<\/td>\n<\/tr>\n<tr>\n<td width=\"379\">T\u00e4hk\u00e4vuori Hanna erityisopettaja<\/td>\n<td width=\"379\">050 4323 686<\/td>\n<\/tr>\n<tr>\n<td width=\"379\">Vasseur Josselin ranska<\/td>\n<td width=\"379\">040 1978 521<\/td>\n<\/tr>\n<tr>\n<td width=\"379\">Yl\u00f6nen Juha 4C<\/td>\n<td width=\"379\">040 7164 831<\/td>\n<\/tr>\n<tr>\n<td width=\"379\"><strong>Koulunk\u00e4ynninohjaajat<\/strong><\/td>\n<td width=\"379\"><\/td>\n<\/tr>\n<tr>\n<td width=\"379\">Back Marianne<\/td>\n<td width=\"379\">040 1603 938<\/td>\n<\/tr>\n<tr>\n<td width=\"379\">Keskinen Eero<\/td>\n<td width=\"379\">044 9022 146<\/td>\n<\/tr>\n<tr>\n<td width=\"379\">Lundberg Paula<\/td>\n<td width=\"379\">040 1588 624<\/td>\n<\/tr>\n<tr>\n<td width=\"379\">Matikainen Taneli<\/td>\n<td width=\"379\"><\/td>\n<\/tr>\n<tr>\n<td width=\"379\">Pyh\u00e4ranta P\u00e4ivi<\/td>\n<td width=\"379\">040 5781 446<\/td>\n<\/tr>\n<tr>\n<td width=\"379\">Rautionaho Riikka<\/td>\n<td width=\"379\">044 9073 466<\/td>\n<\/tr>\n<tr>\n<td width=\"379\">Vuorjoki Aino<\/td>\n<td width=\"379\">044 9074 345<\/td>\n<\/tr>\n<\/tbody>\n<\/table>\n<p>Luokat 1-4C ovat Uittamon yksik\u00f6n luokkia.<\/p>\n","protected":false},"excerpt":{"rendered":"<p>V\u00e4h\u00e4-Heikkil\u00e4n koulu, V\u00e4h\u00e4-Heikkil\u00e4n yksikk\u00f6 Myllym\u00e4entie 42, 20810 Turku V\u00e4h\u00e4-Heikkil\u00e4n koulu, Uittamon yksikk\u00f6 Jalustinkatu 8, 20880 Turku S\u00e4hk\u00f6postiosoitteet Opettajat, ohjaajat ja koulusihteeri: etunimi.sukunimi@edu.turku.fi Oppilashuoltoryhm\u00e4: etunimi.sukunimi@varha.fi Rehtori Jutta Maunula-Aaltonen 040 6469 345 Apulaisrehtori Elisa Suomi-Kuusela 040 6876 297 Ranskan kielilinjan vet\u00e4j\u00e4 Johanna M\u00e4kel\u00e4 040 6841 933 Koulusihteeri Milla Tuomi 044 9072 768 Terveydenhoitaja Satu Koistinen V\u00c4H 040 &hellip; <a href=\"https:\/\/blog.edu.turku.fi\/vahaheikkila\/vaha-heikkilan-koulu\/yhteystiedot-2\/kaikki-yhteystiedot\/\" class=\"more-link\">Jatka lukemista<span class=\"screen-reader-text\"> &#8221;Yhteystiedot&#8221;<\/span><\/a><\/p>\n","protected":false},"author":2677,"featured_media":0,"parent":13,"menu_order":1,"comment_status":"closed","ping_status":"closed","template":"","meta":{"footnotes":""},"class_list":["post-661","page","type-page","status-publish","hentry"],"_links":{"self":[{"href":"https:\/\/blog.edu.turku.fi\/vahaheikkila\/wp-json\/wp\/v2\/pages\/661","targetHints":{"allow":["GET"]}}],"collection":[{"href":"https:\/\/blog.edu.turku.fi\/vahaheikkila\/wp-json\/wp\/v2\/pages"}],"about":[{"href":"https:\/\/blog.edu.turku.fi\/vahaheikkila\/wp-json\/wp\/v2\/types\/page"}],"author":[{"embeddable":true,"href":"https:\/\/blog.edu.turku.fi\/vahaheikkila\/wp-json\/wp\/v2\/users\/2677"}],"replies":[{"embeddable":true,"href":"https:\/\/blog.edu.turku.fi\/vahaheikkila\/wp-json\/wp\/v2\/comments?post=661"}],"version-history":[{"count":70,"href":"https:\/\/blog.edu.turku.fi\/vahaheikkila\/wp-json\/wp\/v2\/pages\/661\/revisions"}],"predecessor-version":[{"id":1142,"href":"https:\/\/blog.edu.turku.fi\/vahaheikkila\/wp-json\/wp\/v2\/pages\/661\/revisions\/1142"}],"up":[{"embeddable":true,"href":"https:\/\/blog.edu.turku.fi\/vahaheikkila\/wp-json\/wp\/v2\/pages\/13"}],"wp:attachment":[{"href":"https:\/\/blog.edu.turku.fi\/vahaheikkila\/wp-json\/wp\/v2\/media?parent=661"}],"curies":[{"name":"wp","href":"https:\/\/api.w.org\/{rel}","templated":true}]}}