{"id":64,"date":"2016-01-21T17:04:45","date_gmt":"2016-01-21T15:04:45","guid":{"rendered":"https:\/\/blog.edu.turku.fi\/vahaheikkila\/?page_id=64"},"modified":"2025-09-03T09:43:34","modified_gmt":"2025-09-03T06:43:34","slug":"poissaolot","status":"publish","type":"page","link":"https:\/\/blog.edu.turku.fi\/vahaheikkila\/oppilashuolto\/poissaolot\/","title":{"rendered":"Poissaolot"},"content":{"rendered":"<p style=\"text-align: left\">Huoltajan tulee ilmoittaa lapsen terveydelliseen syyhyn liittyv\u00e4st\u00e4 poissaolosta heti ensimm\u00e4isen\u00e4 poissaolop\u00e4iv\u00e4n\u00e4 ja kaikkina niin\u00e4 p\u00e4ivin\u00e4, kun oppilas on pois koulusta. T\u00e4m\u00e4n voi tehd\u00e4 <a href=\"http:\/\/turku.inschool.fi\" target=\"_blank\" rel=\"noopener\">Wilmassa.<\/a> Poissaolot ilmoitetaan kohdassa &#8221;Tuntimerkinn\u00e4t&#8221; &#8211; &#8221;Ilmoita poissaolosta&#8221;. Akuutissa tapauksessa poissaolon voi ilmoittaa my\u00f6s Wilma-viestill\u00e4 tai tekstiviestill\u00e4 opettajalle. Huomaathan, ett\u00e4 poissaoloilmoitus tulee olla tiedossa kaikilla kyseisen\u00e4 p\u00e4iv\u00e4n\u00e4 lasta opettavilla. Mik\u00e4li kyseess\u00e4 on pidemm\u00e4n poissaolon vaativa sairaus, on toivottavaa ilmoittaa my\u00f6s koulun terveydenhoitajalle.<\/p>\n<p style=\"text-align: left\">Oppilaiden anomukset lis\u00e4lomiin tulee toimittaa Wilman kautta omalle opettajalle hyviss\u00e4 ajoin. Loma-anomukset tehd\u00e4\u00e4n Wilmassa &#8221;Hakemukset ja p\u00e4\u00e4t\u00f6kset&#8221; -v\u00e4lilehdell\u00e4. Alle kolmen p\u00e4iv\u00e4n lomat voi my\u00f6nt\u00e4\u00e4 oppilaan oma opettaja. Yli kolmen p\u00e4iv\u00e4n lomat my\u00f6nt\u00e4\u00e4 rehtori, jos oma opettaja puoltaa anomuksen my\u00f6nt\u00e4mist\u00e4. Lis\u00e4loman aikana saadut kokemukset ja opit on toivottavaa jakaa muun luokan kanssa!<\/p>\n<h5>Koulupoissaoloihin puuttuminen ja koulupudokkuuden ennaltaehk\u00e4isy Turun peruskouluissa<\/h5>\n<div class=\"ds-1col node node--page view-mode-full node--full node--page--full theme-color-orange clearfix\">\n<div class=\"field field--name-body field--type-text-with-summary field--label-hidden\">\n<div class=\"field__items\">\n<div class=\"field__item even\">\n<p>Turun kaupungin peruskouluissa on k\u00e4yt\u00f6ss\u00e4 alueellinen poissaolomalli, joka on luotu osana OKM:n Sitouttavan kouluyhteis\u00f6n kehitt\u00e4mishanketta. Poissaolomalli pit\u00e4\u00e4 sis\u00e4ll\u00e4\u00e4n poissaolorajat, jotka perustuvat tutkittuun tietoon ja OKM:n ohjaukseen sek\u00e4 alueelliseen kehitt\u00e4misty\u00f6h\u00f6n. Seurattavat poissaolorajat ovat Turussa 50, 100 ja 150 poissaolotuntia.<\/p>\n<p>&nbsp;<\/p>\n<\/div>\n<\/div>\n<\/div>\n<\/div>\n<p><a href=\"https:\/\/blog.edu.turku.fi\/vahaheikkila\/files\/2025\/09\/Koulupoissaoloihin-puuttuminen-ohjeistus-huoltajille-1.pdf\">Koulupoissaoloihin puuttuminen &#8211; ohjeistus huoltajille<\/a><\/p>\n","protected":false},"excerpt":{"rendered":"<p>Huoltajan tulee ilmoittaa lapsen terveydelliseen syyhyn liittyv\u00e4st\u00e4 poissaolosta heti ensimm\u00e4isen\u00e4 poissaolop\u00e4iv\u00e4n\u00e4 ja kaikkina niin\u00e4 p\u00e4ivin\u00e4, kun oppilas on pois koulusta. T\u00e4m\u00e4n voi tehd\u00e4 Wilmassa. Poissaolot ilmoitetaan kohdassa &#8221;Tuntimerkinn\u00e4t&#8221; &#8211; &#8221;Ilmoita poissaolosta&#8221;. Akuutissa tapauksessa poissaolon voi ilmoittaa my\u00f6s Wilma-viestill\u00e4 tai tekstiviestill\u00e4 opettajalle. Huomaathan, ett\u00e4 poissaoloilmoitus tulee olla tiedossa kaikilla kyseisen\u00e4 p\u00e4iv\u00e4n\u00e4 lasta opettavilla. Mik\u00e4li kyseess\u00e4 on &hellip; <a href=\"https:\/\/blog.edu.turku.fi\/vahaheikkila\/oppilashuolto\/poissaolot\/\" class=\"more-link\">Jatka lukemista<span class=\"screen-reader-text\"> &#8221;Poissaolot&#8221;<\/span><\/a><\/p>\n","protected":false},"author":106,"featured_media":0,"parent":68,"menu_order":0,"comment_status":"closed","ping_status":"closed","template":"","meta":{"footnotes":""},"class_list":["post-64","page","type-page","status-publish","hentry"],"_links":{"self":[{"href":"https:\/\/blog.edu.turku.fi\/vahaheikkila\/wp-json\/wp\/v2\/pages\/64","targetHints":{"allow":["GET"]}}],"collection":[{"href":"https:\/\/blog.edu.turku.fi\/vahaheikkila\/wp-json\/wp\/v2\/pages"}],"about":[{"href":"https:\/\/blog.edu.turku.fi\/vahaheikkila\/wp-json\/wp\/v2\/types\/page"}],"author":[{"embeddable":true,"href":"https:\/\/blog.edu.turku.fi\/vahaheikkila\/wp-json\/wp\/v2\/users\/106"}],"replies":[{"embeddable":true,"href":"https:\/\/blog.edu.turku.fi\/vahaheikkila\/wp-json\/wp\/v2\/comments?post=64"}],"version-history":[{"count":23,"href":"https:\/\/blog.edu.turku.fi\/vahaheikkila\/wp-json\/wp\/v2\/pages\/64\/revisions"}],"predecessor-version":[{"id":1058,"href":"https:\/\/blog.edu.turku.fi\/vahaheikkila\/wp-json\/wp\/v2\/pages\/64\/revisions\/1058"}],"up":[{"embeddable":true,"href":"https:\/\/blog.edu.turku.fi\/vahaheikkila\/wp-json\/wp\/v2\/pages\/68"}],"wp:attachment":[{"href":"https:\/\/blog.edu.turku.fi\/vahaheikkila\/wp-json\/wp\/v2\/media?parent=64"}],"curies":[{"name":"wp","href":"https:\/\/api.w.org\/{rel}","templated":true}]}}