{"id":60,"date":"2016-01-21T17:03:38","date_gmt":"2016-01-21T15:03:38","guid":{"rendered":"https:\/\/blog.edu.turku.fi\/vahaheikkila\/?page_id=60"},"modified":"2025-04-14T15:01:07","modified_gmt":"2025-04-14T12:01:07","slug":"koulumatka","status":"publish","type":"page","link":"https:\/\/blog.edu.turku.fi\/vahaheikkila\/opetus\/koulupaiva\/koulumatka\/","title":{"rendered":"Koulumatka"},"content":{"rendered":"<p style=\"text-align: left\">Oppilaan koulumatkalla h\u00e4nen turvallisuudestaan vastaavat huoltajat. Koululla on kuitenkin neuvoja ja s\u00e4\u00e4nt\u00f6j\u00e4 matkaa varten.<\/p>\n<p style=\"text-align: left\">Oppilas voi kulkea koulumatkansa k\u00e4vellen tai py\u00f6r\u00e4illen. Potkulaudat, rullaluistimet ja skeittilaudat suositellaan j\u00e4tett\u00e4v\u00e4n vapaa-aikaan. Polkupy\u00f6r\u00e4ll\u00e4 kouluun tulo on suositeltavaa yleens\u00e4 vasta 3.\u20136. luokkien oppilaille. Luvan antaa oppilaan huoltaja. Polkupy\u00f6r\u00e4ll\u00e4 kouluun kulkevan oppilaan tulee k\u00e4ytt\u00e4\u00e4 py\u00f6r\u00e4ilykyp\u00e4r\u00e4\u00e4 ja tarvittaessa lamppua. Koulup\u00e4iv\u00e4n aikana py\u00f6r\u00e4\u00e4 s\u00e4ilytet\u00e4\u00e4n py\u00f6r\u00e4telineess\u00e4. Sama s\u00e4\u00e4nt\u00f6 koskee my\u00f6s skuutilla kulkemista.<\/p>\n<p style=\"text-align: left\">Aamujen k\u00e4ydess\u00e4 pimeiksi on oppilaan syyt\u00e4 k\u00e4ytt\u00e4\u00e4 heijastinta.<\/p>\n<p style=\"text-align: left\">Autolla oppilasta V\u00e4h\u00e4-Heikkil\u00e4n yksikk\u00f6\u00f6n kuljetettaessa tulee ehdottomasti k\u00e4ytt\u00e4\u00e4 Valtaojantiet\u00e4 ja huomioida muut oppilaat ajamalla turvallista nopeutta. Autolla ei saa ajaa koulun yl\u00e4pihalle. Oppilaan koulumatkan turvallisuuden voi huoltaja varmistaa omalla hyv\u00e4ll\u00e4 esimerkill\u00e4\u00e4n.<\/p>\n<p style=\"text-align: left\"><strong>Turvallista koulumatkaa!<\/strong><\/p>\n","protected":false},"excerpt":{"rendered":"<p>Oppilaan koulumatkalla h\u00e4nen turvallisuudestaan vastaavat huoltajat. Koululla on kuitenkin neuvoja ja s\u00e4\u00e4nt\u00f6j\u00e4 matkaa varten. Oppilas voi kulkea koulumatkansa k\u00e4vellen tai py\u00f6r\u00e4illen. Potkulaudat, rullaluistimet ja skeittilaudat suositellaan j\u00e4tett\u00e4v\u00e4n vapaa-aikaan. Polkupy\u00f6r\u00e4ll\u00e4 kouluun tulo on suositeltavaa yleens\u00e4 vasta 3.\u20136. luokkien oppilaille. Luvan antaa oppilaan huoltaja. Polkupy\u00f6r\u00e4ll\u00e4 kouluun kulkevan oppilaan tulee k\u00e4ytt\u00e4\u00e4 py\u00f6r\u00e4ilykyp\u00e4r\u00e4\u00e4 ja tarvittaessa lamppua. Koulup\u00e4iv\u00e4n aikana py\u00f6r\u00e4\u00e4 &hellip; <a href=\"https:\/\/blog.edu.turku.fi\/vahaheikkila\/opetus\/koulupaiva\/koulumatka\/\" class=\"more-link\">Jatka lukemista<span class=\"screen-reader-text\"> &#8221;Koulumatka&#8221;<\/span><\/a><\/p>\n","protected":false},"author":106,"featured_media":0,"parent":148,"menu_order":0,"comment_status":"closed","ping_status":"closed","template":"","meta":{"footnotes":""},"class_list":["post-60","page","type-page","status-publish","hentry"],"_links":{"self":[{"href":"https:\/\/blog.edu.turku.fi\/vahaheikkila\/wp-json\/wp\/v2\/pages\/60","targetHints":{"allow":["GET"]}}],"collection":[{"href":"https:\/\/blog.edu.turku.fi\/vahaheikkila\/wp-json\/wp\/v2\/pages"}],"about":[{"href":"https:\/\/blog.edu.turku.fi\/vahaheikkila\/wp-json\/wp\/v2\/types\/page"}],"author":[{"embeddable":true,"href":"https:\/\/blog.edu.turku.fi\/vahaheikkila\/wp-json\/wp\/v2\/users\/106"}],"replies":[{"embeddable":true,"href":"https:\/\/blog.edu.turku.fi\/vahaheikkila\/wp-json\/wp\/v2\/comments?post=60"}],"version-history":[{"count":9,"href":"https:\/\/blog.edu.turku.fi\/vahaheikkila\/wp-json\/wp\/v2\/pages\/60\/revisions"}],"predecessor-version":[{"id":974,"href":"https:\/\/blog.edu.turku.fi\/vahaheikkila\/wp-json\/wp\/v2\/pages\/60\/revisions\/974"}],"up":[{"embeddable":true,"href":"https:\/\/blog.edu.turku.fi\/vahaheikkila\/wp-json\/wp\/v2\/pages\/148"}],"wp:attachment":[{"href":"https:\/\/blog.edu.turku.fi\/vahaheikkila\/wp-json\/wp\/v2\/media?parent=60"}],"curies":[{"name":"wp","href":"https:\/\/api.w.org\/{rel}","templated":true}]}}