{"id":57,"date":"2016-01-21T16:58:32","date_gmt":"2016-01-21T14:58:32","guid":{"rendered":"https:\/\/blog.edu.turku.fi\/vahaheikkila\/?page_id=57"},"modified":"2025-11-04T13:36:30","modified_gmt":"2025-11-04T11:36:30","slug":"koulun-ja-oppilaan-omaisuus","status":"publish","type":"page","link":"https:\/\/blog.edu.turku.fi\/vahaheikkila\/opetus\/koulupaiva\/koulun-ja-oppilaan-omaisuus\/","title":{"rendered":"Koulun ja oppilaan omaisuus"},"content":{"rendered":"<h1 style=\"text-align: left\"><strong>Koulun omaisuus<\/strong><\/h1>\n<p style=\"text-align: left\">Oppilas saa koulusta joko omakseen tai lainaksi oppikirjoja ja muita koulutarvikkeita.\u00a0 Koska mm. l\u00e4hes kaikki oppikirjat ker\u00e4t\u00e4\u00e4n lukuvuoden p\u00e4\u00e4ttyess\u00e4 oppilailta pois kierr\u00e4tyst\u00e4 varten, on oppilaan velvollisuutena k\u00e4sitell\u00e4 k\u00e4ytt\u00e4mi\u00e4\u00e4n koulutarvikkeita huolellisesti. Kadonneeseen tai huonosti pidettyyn oppikirjaan liittyy huoltajan korvausvelvollisuus. Oppilaan tulee my\u00f6s kohdella koulun muuta omaisuutta, kuten pulpetteja, tietokoneita ja ty\u00f6kaluja oikein, ja ilmoittaa mahdollisista vahingoista opettajalle.<\/p>\n<h1 style=\"text-align: left\"><strong>Oppilaan omaisuus<\/strong><\/h1>\n<p style=\"text-align: left\">Ainoastaan oppitunnin aikana, opetustilanteessa rikkoutunut oppilaan henkil\u00f6kohtainen omaisuus voidaan korvata kaupungin varoista. Esimerkiksi kemian tunnilla pilaantunut vaate tai liikuntatunnilla rikkoutuneet silm\u00e4lasit kuuluvat t\u00e4m\u00e4n korvausmahdollisuuden piiriin, kuten my\u00f6s koulun ulkopuolella tapahtuvassa opetuksessa aiheutuneet rikkoutumiset. Opetustilanteessakaan rikkoutunutta omaisuutta ei korvata mik\u00e4li oppilas on toiminut vastoin koulun antamia ohjeita.<\/p>\n<p style=\"text-align: left\">Henkil\u00f6kohtainen pienomaisuus, kuten kamerat, musiikkisoittimet, k\u00e4nnyk\u00e4t ym. eiv\u00e4t kuulu koulup\u00e4iv\u00e4\u00e4n. Jos n\u00e4it\u00e4 laitteita kuitenkin saa koulup\u00e4iv\u00e4n aikana (esimerkiksi retkell\u00e4) k\u00e4ytt\u00e4\u00e4, ovat ne oppilaan omaalla vastuulla.<\/p>\n","protected":false},"excerpt":{"rendered":"<p>Koulun omaisuus Oppilas saa koulusta joko omakseen tai lainaksi oppikirjoja ja muita koulutarvikkeita.\u00a0 Koska mm. l\u00e4hes kaikki oppikirjat ker\u00e4t\u00e4\u00e4n lukuvuoden p\u00e4\u00e4ttyess\u00e4 oppilailta pois kierr\u00e4tyst\u00e4 varten, on oppilaan velvollisuutena k\u00e4sitell\u00e4 k\u00e4ytt\u00e4mi\u00e4\u00e4n koulutarvikkeita huolellisesti. Kadonneeseen tai huonosti pidettyyn oppikirjaan liittyy huoltajan korvausvelvollisuus. Oppilaan tulee my\u00f6s kohdella koulun muuta omaisuutta, kuten pulpetteja, tietokoneita ja ty\u00f6kaluja oikein, ja ilmoittaa &hellip; <a href=\"https:\/\/blog.edu.turku.fi\/vahaheikkila\/opetus\/koulupaiva\/koulun-ja-oppilaan-omaisuus\/\" class=\"more-link\">Jatka lukemista<span class=\"screen-reader-text\"> &#8221;Koulun ja oppilaan omaisuus&#8221;<\/span><\/a><\/p>\n","protected":false},"author":106,"featured_media":0,"parent":148,"menu_order":0,"comment_status":"closed","ping_status":"closed","template":"","meta":{"footnotes":""},"class_list":["post-57","page","type-page","status-publish","hentry"],"_links":{"self":[{"href":"https:\/\/blog.edu.turku.fi\/vahaheikkila\/wp-json\/wp\/v2\/pages\/57","targetHints":{"allow":["GET"]}}],"collection":[{"href":"https:\/\/blog.edu.turku.fi\/vahaheikkila\/wp-json\/wp\/v2\/pages"}],"about":[{"href":"https:\/\/blog.edu.turku.fi\/vahaheikkila\/wp-json\/wp\/v2\/types\/page"}],"author":[{"embeddable":true,"href":"https:\/\/blog.edu.turku.fi\/vahaheikkila\/wp-json\/wp\/v2\/users\/106"}],"replies":[{"embeddable":true,"href":"https:\/\/blog.edu.turku.fi\/vahaheikkila\/wp-json\/wp\/v2\/comments?post=57"}],"version-history":[{"count":6,"href":"https:\/\/blog.edu.turku.fi\/vahaheikkila\/wp-json\/wp\/v2\/pages\/57\/revisions"}],"predecessor-version":[{"id":1104,"href":"https:\/\/blog.edu.turku.fi\/vahaheikkila\/wp-json\/wp\/v2\/pages\/57\/revisions\/1104"}],"up":[{"embeddable":true,"href":"https:\/\/blog.edu.turku.fi\/vahaheikkila\/wp-json\/wp\/v2\/pages\/148"}],"wp:attachment":[{"href":"https:\/\/blog.edu.turku.fi\/vahaheikkila\/wp-json\/wp\/v2\/media?parent=57"}],"curies":[{"name":"wp","href":"https:\/\/api.w.org\/{rel}","templated":true}]}}