{"id":54,"date":"2016-01-21T17:03:00","date_gmt":"2016-01-21T15:03:00","guid":{"rendered":"https:\/\/blog.edu.turku.fi\/vahaheikkila\/?page_id=54"},"modified":"2025-08-13T12:27:56","modified_gmt":"2025-08-13T09:27:56","slug":"tyo-ja-loma-ajat","status":"publish","type":"page","link":"https:\/\/blog.edu.turku.fi\/vahaheikkila\/vaha-heikkilan-koulu\/tyo-ja-loma-ajat\/","title":{"rendered":"Ty\u00f6- ja loma-ajat"},"content":{"rendered":"<p><span style=\"font-size: 28px\"><b>Lukuvuonna 2025-2026<\/b><\/span><\/p>\n<h2><strong>Syyslukukausi: to 7.8. &#8211; la 20.12.2025<\/strong><\/h2>\n<div class=\"entry-content\">\n<div class=\"general\">\n<div class=\"wysiwyg text-long\">\n<p>Syysloma: ma 13.10. \u2013 pe 17.10.2025<\/p>\n<p>Joululoma su 21.12.2025 \u2013 ti 6.1.2026<\/p>\n<h2><strong>Kev\u00e4tlukukausi: ke 7.1. &#8211; la 30.5.2026<\/strong><\/h2>\n<p>Talviloma: ma 16.2. \u2013 pe 20.2.2026<\/p>\n<p>&nbsp;<\/p>\n<\/div>\n<\/div>\n<\/div>\n<p>Koulu alkaa torstaina 7.8.2025 klo 9.00. Ensimm\u00e4inen koulup\u00e4iv\u00e4 on kaikilla klo 9-12, perjantaista eteenp\u00e4in jatketaan normaalisti lukuj\u00e4rjestyksen mukaan.<\/p>\n","protected":false},"excerpt":{"rendered":"<p>Lukuvuonna 2025-2026 Syyslukukausi: to 7.8. &#8211; la 20.12.2025 Syysloma: ma 13.10. \u2013 pe 17.10.2025 Joululoma su 21.12.2025 \u2013 ti 6.1.2026 Kev\u00e4tlukukausi: ke 7.1. &#8211; la 30.5.2026 Talviloma: ma 16.2. \u2013 pe 20.2.2026 &nbsp; Koulu alkaa torstaina 7.8.2025 klo 9.00. Ensimm\u00e4inen koulup\u00e4iv\u00e4 on kaikilla klo 9-12, perjantaista eteenp\u00e4in jatketaan normaalisti lukuj\u00e4rjestyksen mukaan.<\/p>\n","protected":false},"author":106,"featured_media":0,"parent":5,"menu_order":1,"comment_status":"closed","ping_status":"closed","template":"","meta":{"footnotes":""},"class_list":["post-54","page","type-page","status-publish","hentry"],"_links":{"self":[{"href":"https:\/\/blog.edu.turku.fi\/vahaheikkila\/wp-json\/wp\/v2\/pages\/54","targetHints":{"allow":["GET"]}}],"collection":[{"href":"https:\/\/blog.edu.turku.fi\/vahaheikkila\/wp-json\/wp\/v2\/pages"}],"about":[{"href":"https:\/\/blog.edu.turku.fi\/vahaheikkila\/wp-json\/wp\/v2\/types\/page"}],"author":[{"embeddable":true,"href":"https:\/\/blog.edu.turku.fi\/vahaheikkila\/wp-json\/wp\/v2\/users\/106"}],"replies":[{"embeddable":true,"href":"https:\/\/blog.edu.turku.fi\/vahaheikkila\/wp-json\/wp\/v2\/comments?post=54"}],"version-history":[{"count":30,"href":"https:\/\/blog.edu.turku.fi\/vahaheikkila\/wp-json\/wp\/v2\/pages\/54\/revisions"}],"predecessor-version":[{"id":1021,"href":"https:\/\/blog.edu.turku.fi\/vahaheikkila\/wp-json\/wp\/v2\/pages\/54\/revisions\/1021"}],"up":[{"embeddable":true,"href":"https:\/\/blog.edu.turku.fi\/vahaheikkila\/wp-json\/wp\/v2\/pages\/5"}],"wp:attachment":[{"href":"https:\/\/blog.edu.turku.fi\/vahaheikkila\/wp-json\/wp\/v2\/media?parent=54"}],"curies":[{"name":"wp","href":"https:\/\/api.w.org\/{rel}","templated":true}]}}