{"id":52,"date":"2016-01-21T16:51:50","date_gmt":"2016-01-21T14:51:50","guid":{"rendered":"https:\/\/blog.edu.turku.fi\/vahaheikkila\/?page_id=52"},"modified":"2025-09-15T11:52:06","modified_gmt":"2025-09-15T08:52:06","slug":"vanhempainyhdistykset","status":"publish","type":"page","link":"https:\/\/blog.edu.turku.fi\/vahaheikkila\/koti-ja-koulu\/yhteistyokumppanit\/vanhempainyhdistykset\/","title":{"rendered":"Vanhempainyhdistys"},"content":{"rendered":"<p style=\"text-align: justify\">Vanhempainyhdistyksen tarkoituksena on:<\/p>\n<ul style=\"text-align: justify\">\n<li>lis\u00e4t\u00e4 kodin ja koulun v\u00e4list\u00e4 yhteisty\u00f6t\u00e4<\/li>\n<li>tukea koteja ja koulua lasten kasvamisessa ja oppimisessa<\/li>\n<li>keskustella kouluun liittyvist\u00e4 asioista<\/li>\n<li>kantaa kortensa kekoon oman koulumme kehitt\u00e4misess\u00e4<\/li>\n<\/ul>\n<p>&nbsp;<\/p>\n<p style=\"text-align: justify\">Koulussamme toimii kaksi vanhempainyhdistyst\u00e4:<\/p>\n<p>&nbsp;<\/p>\n<p style=\"text-align: justify\"><strong>V\u00e4hiksen v\u00e4ki<\/strong><\/p>\n<p style=\"text-align: justify\">vahiksenvaki@gmail.com<\/p>\n<p style=\"text-align: justify\"><a href=\"https:\/\/www.facebook.com\/groups\/390524330971849\/\" target=\"_blank\" rel=\"noopener\">V\u00e4hiksen v\u00e4en Facebook-sivu<\/a><\/p>\n<p>&nbsp;<\/p>\n<p style=\"text-align: justify\"><strong>Turun ranskan kieliluokkien vanhempainyhdistys, Ensemble<\/strong><\/p>\n<p>ensembleturku@gmail.com<\/p>\n<p style=\"text-align: justify\"><a href=\"https:\/\/ensembleturku.wordpress.com\/\" target=\"_blank\" rel=\"noopener\">Ensemblen kotisivut<\/a><\/p>\n<p>&nbsp;<\/p>\n<p style=\"text-align: justify\">Tervetuloa toimintaan mukaan! Bienvenue!<\/p>\n","protected":false},"excerpt":{"rendered":"<p>Vanhempainyhdistyksen tarkoituksena on: lis\u00e4t\u00e4 kodin ja koulun v\u00e4list\u00e4 yhteisty\u00f6t\u00e4 tukea koteja ja koulua lasten kasvamisessa ja oppimisessa keskustella kouluun liittyvist\u00e4 asioista kantaa kortensa kekoon oman koulumme kehitt\u00e4misess\u00e4 &nbsp; Koulussamme toimii kaksi vanhempainyhdistyst\u00e4: &nbsp; V\u00e4hiksen v\u00e4ki vahiksenvaki@gmail.com V\u00e4hiksen v\u00e4en Facebook-sivu &nbsp; Turun ranskan kieliluokkien vanhempainyhdistys, Ensemble ensembleturku@gmail.com Ensemblen kotisivut &nbsp; Tervetuloa toimintaan mukaan! Bienvenue!<\/p>\n","protected":false},"author":106,"featured_media":0,"parent":131,"menu_order":0,"comment_status":"closed","ping_status":"closed","template":"","meta":{"footnotes":""},"class_list":["post-52","page","type-page","status-publish","hentry"],"_links":{"self":[{"href":"https:\/\/blog.edu.turku.fi\/vahaheikkila\/wp-json\/wp\/v2\/pages\/52","targetHints":{"allow":["GET"]}}],"collection":[{"href":"https:\/\/blog.edu.turku.fi\/vahaheikkila\/wp-json\/wp\/v2\/pages"}],"about":[{"href":"https:\/\/blog.edu.turku.fi\/vahaheikkila\/wp-json\/wp\/v2\/types\/page"}],"author":[{"embeddable":true,"href":"https:\/\/blog.edu.turku.fi\/vahaheikkila\/wp-json\/wp\/v2\/users\/106"}],"replies":[{"embeddable":true,"href":"https:\/\/blog.edu.turku.fi\/vahaheikkila\/wp-json\/wp\/v2\/comments?post=52"}],"version-history":[{"count":12,"href":"https:\/\/blog.edu.turku.fi\/vahaheikkila\/wp-json\/wp\/v2\/pages\/52\/revisions"}],"predecessor-version":[{"id":1081,"href":"https:\/\/blog.edu.turku.fi\/vahaheikkila\/wp-json\/wp\/v2\/pages\/52\/revisions\/1081"}],"up":[{"embeddable":true,"href":"https:\/\/blog.edu.turku.fi\/vahaheikkila\/wp-json\/wp\/v2\/pages\/131"}],"wp:attachment":[{"href":"https:\/\/blog.edu.turku.fi\/vahaheikkila\/wp-json\/wp\/v2\/media?parent=52"}],"curies":[{"name":"wp","href":"https:\/\/api.w.org\/{rel}","templated":true}]}}