{"id":5,"date":"2016-01-21T10:10:00","date_gmt":"2016-01-21T08:10:00","guid":{"rendered":"https:\/\/blog.edu.turku.fi\/vahaheikkila\/?page_id=5"},"modified":"2025-12-11T09:26:55","modified_gmt":"2025-12-11T07:26:55","slug":"vaha-heikkilan-koulu","status":"publish","type":"page","link":"https:\/\/blog.edu.turku.fi\/vahaheikkila\/","title":{"rendered":"Koulun esittely"},"content":{"rendered":"<p style=\"text-align: left\">Tervetuloa V\u00e4h\u00e4-Heikkil\u00e4n koulun kotisivuille.<\/p>\n<p style=\"text-align: left\">V\u00e4h\u00e4-Heikkil\u00e4n koulu on Turun suurimpia alakouluja. Lukuvuonna 2025-2026 oppilaita V\u00e4hiksess\u00e4 on noin 550, joista noin 90 k\u00e4y koulua Uittamon yksik\u00f6ss\u00e4. V\u00e4h\u00e4-Heikkil\u00e4n koulu tarjoaa opetusta my\u00f6s ranskaksi kieliluokillaan, joita on kaikilla luokka-asteilla. Koulun B-luokat ovat ranskan kieliluokkia ja 1-4C-luokat ovat Uittamon yksik\u00f6n oppilaiden luokkia.<\/p>\n<p style=\"text-align: left\">V\u00e4h\u00e4-Heikkil\u00e4n koulun historia ylt\u00e4\u00e4 yli sadan vuoden p\u00e4\u00e4h\u00e4n. Koulu aloitti toimintansa V\u00e4h\u00e4-Heikkil\u00e4n kansakouluna 2.10.1905. Ensimm\u00e4inen opettaja koulussa oli V\u00e4in\u00f6 Kotkanen. Nykyisell\u00e4 paikalla Myllym\u00e4ell\u00e4 opetusta on ollut vuodesta 1906 alkaen. Alussa oppilaita oli koulussa vain 45, mutta 300 oppilaan raja saavutettiin vuonna 1922. Myllym\u00e4en alkuper\u00e4isist\u00e4 puurakennuksista toinen valmistui vuonna 1912, ja kivikoulu 1929. Koulussa opiskeltiin s\u00e4hk\u00f6valaistuksessa jo vuonna 1913.<\/p>\n<p style=\"text-align: left\">V\u00e4h\u00e4-Heikkil\u00e4n koulu toimi alkuper\u00e4isiss\u00e4 tiloissa aina vuoteen 2005 saakka, jolloin koulum\u00e4elle valmistui kaksi uutta koulurakennusta. Lis\u00e4ksi vanhat rakennukset peruskorjattiin vaiheittain siten, ett\u00e4 kaikki rakennukset olivat opetusk\u00e4yt\u00f6ss\u00e4 vuodesta 2007 l\u00e4htien. Viimeisin muutos tuli vuonna 2008, jolloin Uittamon koulu liitettiin hallinnollisesti osaksi V\u00e4h\u00e4-Heikkil\u00e4n koulua.<\/p>\n<p style=\"text-align: left\">Syksyll\u00e4 2025 koulumme vietti siis 120-vuotissyntym\u00e4p\u00e4iv\u00e4\u00e4ns\u00e4, mik\u00e4 on osaltaan n\u00e4kynyt lukuvuoden ohjelmassa. Turun kaupungin koulujen yhteisin\u00e4 teemoina t\u00e4n\u00e4 lukuvuonna ovat turvallisuus, hyvinvointi ja perustaidot. My\u00f6s n\u00e4ihin teemoihin tulemme panostamaan pitkin lukuvuotta!<\/p>\n<p>&nbsp;<\/p>\n<p>&nbsp;<\/p>\n<p>&nbsp;<\/p>\n","protected":false},"excerpt":{"rendered":"<p>Tervetuloa V\u00e4h\u00e4-Heikkil\u00e4n koulun kotisivuille. V\u00e4h\u00e4-Heikkil\u00e4n koulu on Turun suurimpia alakouluja. Lukuvuonna 2025-2026 oppilaita V\u00e4hiksess\u00e4 on noin 550, joista noin 90 k\u00e4y koulua Uittamon yksik\u00f6ss\u00e4. V\u00e4h\u00e4-Heikkil\u00e4n koulu tarjoaa opetusta my\u00f6s ranskaksi kieliluokillaan, joita on kaikilla luokka-asteilla. Koulun B-luokat ovat ranskan kieliluokkia ja 1-4C-luokat ovat Uittamon yksik\u00f6n oppilaiden luokkia. V\u00e4h\u00e4-Heikkil\u00e4n koulun historia ylt\u00e4\u00e4 yli sadan vuoden p\u00e4\u00e4h\u00e4n. &hellip; <a href=\"https:\/\/blog.edu.turku.fi\/vahaheikkila\/\" class=\"more-link\">Jatka lukemista<span class=\"screen-reader-text\"> &#8221;Koulun esittely&#8221;<\/span><\/a><\/p>\n","protected":false},"author":106,"featured_media":0,"parent":0,"menu_order":1,"comment_status":"closed","ping_status":"closed","template":"","meta":{"footnotes":""},"class_list":["post-5","page","type-page","status-publish","hentry"],"_links":{"self":[{"href":"https:\/\/blog.edu.turku.fi\/vahaheikkila\/wp-json\/wp\/v2\/pages\/5","targetHints":{"allow":["GET"]}}],"collection":[{"href":"https:\/\/blog.edu.turku.fi\/vahaheikkila\/wp-json\/wp\/v2\/pages"}],"about":[{"href":"https:\/\/blog.edu.turku.fi\/vahaheikkila\/wp-json\/wp\/v2\/types\/page"}],"author":[{"embeddable":true,"href":"https:\/\/blog.edu.turku.fi\/vahaheikkila\/wp-json\/wp\/v2\/users\/106"}],"replies":[{"embeddable":true,"href":"https:\/\/blog.edu.turku.fi\/vahaheikkila\/wp-json\/wp\/v2\/comments?post=5"}],"version-history":[{"count":32,"href":"https:\/\/blog.edu.turku.fi\/vahaheikkila\/wp-json\/wp\/v2\/pages\/5\/revisions"}],"predecessor-version":[{"id":1112,"href":"https:\/\/blog.edu.turku.fi\/vahaheikkila\/wp-json\/wp\/v2\/pages\/5\/revisions\/1112"}],"wp:attachment":[{"href":"https:\/\/blog.edu.turku.fi\/vahaheikkila\/wp-json\/wp\/v2\/media?parent=5"}],"curies":[{"name":"wp","href":"https:\/\/api.w.org\/{rel}","templated":true}]}}