{"id":465,"date":"2019-05-27T15:05:51","date_gmt":"2019-05-27T12:05:51","guid":{"rendered":"https:\/\/blog.edu.turku.fi\/vahaheikkila\/?page_id=465"},"modified":"2024-08-20T14:59:40","modified_gmt":"2024-08-20T11:59:40","slug":"koulukuraattori","status":"publish","type":"page","link":"https:\/\/blog.edu.turku.fi\/vahaheikkila\/koulukuraattori\/","title":{"rendered":"Koulukuraattori"},"content":{"rendered":"<p>Koulukuraattori on koulun sosiaality\u00f6ntekij\u00e4, joka tukee ja ohjaa oppilaita, konsultoi opettajia sek\u00e4 tekee oppilashuoltoasioissa viranomaisyhteisty\u00f6t\u00e4. T\u00e4rke\u00e4\u00e4 koulukuraattorin ty\u00f6ss\u00e4 on lapsen edun selvitt\u00e4minen sek\u00e4 koulun ja kodin v\u00e4lisen yhteisty\u00f6n edist\u00e4minen siten, ett\u00e4 jokainen lapsi voisi saavuttaa koulun kasvatustavoitteet. V\u00e4h\u00e4-Heikkil\u00e4n koulun koulukuraattorina toimii Juulia Salminen. P\u00e4\u00e4asiassa oppilaat tulevat koulukuraattorin keskusteluun opettajan tekem\u00e4n aloitteen perusteella. Toivottavaa on, ett\u00e4 entist\u00e4 enemm\u00e4n my\u00f6s oppilaat ja huoltajat ottaisivat yhteytt\u00e4 koulukuraattoriin asioissa, joilla on merkityst\u00e4 oppilaan s\u00e4\u00e4nn\u00f6llisen koulunk\u00e4ynnin, koulussa viihtymisen ja oppimisen kannalta. Oppilaan koulunk\u00e4ynnin tukemiseksi tarvittavista toimenpiteist\u00e4 sovitaan yhteisymm\u00e4rryksess\u00e4 oppilaan, huoltajan ja koulun kanssa. Koulukuraattoriin saa yhteyden puhelimitse, Wilma-viestill\u00e4 ja s\u00e4hk\u00f6postitse.<\/p>\n<p>Koulukuraattori <strong>Juulia Salminen<\/strong>, p. 044 9075 162, juulia.salminen@varha.fi<\/p>\n","protected":false},"excerpt":{"rendered":"<p>Koulukuraattori on koulun sosiaality\u00f6ntekij\u00e4, joka tukee ja ohjaa oppilaita, konsultoi opettajia sek\u00e4 tekee oppilashuoltoasioissa viranomaisyhteisty\u00f6t\u00e4. T\u00e4rke\u00e4\u00e4 koulukuraattorin ty\u00f6ss\u00e4 on lapsen edun selvitt\u00e4minen sek\u00e4 koulun ja kodin v\u00e4lisen yhteisty\u00f6n edist\u00e4minen siten, ett\u00e4 jokainen lapsi voisi saavuttaa koulun kasvatustavoitteet. V\u00e4h\u00e4-Heikkil\u00e4n koulun koulukuraattorina toimii Juulia Salminen. P\u00e4\u00e4asiassa oppilaat tulevat koulukuraattorin keskusteluun opettajan tekem\u00e4n aloitteen perusteella. Toivottavaa on, ett\u00e4 &hellip; <a href=\"https:\/\/blog.edu.turku.fi\/vahaheikkila\/koulukuraattori\/\" class=\"more-link\">Jatka lukemista<span class=\"screen-reader-text\"> &#8221;Koulukuraattori&#8221;<\/span><\/a><\/p>\n","protected":false},"author":2677,"featured_media":0,"parent":0,"menu_order":0,"comment_status":"closed","ping_status":"closed","template":"","meta":{"footnotes":""},"class_list":["post-465","page","type-page","status-publish","hentry"],"_links":{"self":[{"href":"https:\/\/blog.edu.turku.fi\/vahaheikkila\/wp-json\/wp\/v2\/pages\/465","targetHints":{"allow":["GET"]}}],"collection":[{"href":"https:\/\/blog.edu.turku.fi\/vahaheikkila\/wp-json\/wp\/v2\/pages"}],"about":[{"href":"https:\/\/blog.edu.turku.fi\/vahaheikkila\/wp-json\/wp\/v2\/types\/page"}],"author":[{"embeddable":true,"href":"https:\/\/blog.edu.turku.fi\/vahaheikkila\/wp-json\/wp\/v2\/users\/2677"}],"replies":[{"embeddable":true,"href":"https:\/\/blog.edu.turku.fi\/vahaheikkila\/wp-json\/wp\/v2\/comments?post=465"}],"version-history":[{"count":6,"href":"https:\/\/blog.edu.turku.fi\/vahaheikkila\/wp-json\/wp\/v2\/pages\/465\/revisions"}],"predecessor-version":[{"id":879,"href":"https:\/\/blog.edu.turku.fi\/vahaheikkila\/wp-json\/wp\/v2\/pages\/465\/revisions\/879"}],"wp:attachment":[{"href":"https:\/\/blog.edu.turku.fi\/vahaheikkila\/wp-json\/wp\/v2\/media?parent=465"}],"curies":[{"name":"wp","href":"https:\/\/api.w.org\/{rel}","templated":true}]}}