{"id":462,"date":"2019-05-27T15:05:38","date_gmt":"2019-05-27T12:05:38","guid":{"rendered":"https:\/\/blog.edu.turku.fi\/vahaheikkila\/?page_id=462"},"modified":"2024-08-20T14:58:40","modified_gmt":"2024-08-20T11:58:40","slug":"koulupsykologi","status":"publish","type":"page","link":"https:\/\/blog.edu.turku.fi\/vahaheikkila\/koulupsykologi\/","title":{"rendered":"Koulupsykologi"},"content":{"rendered":"<p>Koulupsykologi on kouluyhteis\u00f6n psykologian asiantuntija. Vanhemmat, koulu tai oppilas itse voivat ottaa yhteytt\u00e4 psykologiin, kun jokin lapsen koulunk\u00e4ynniss\u00e4, kasvussa tai kehityksess\u00e4 huolestuttaa. Koulupsykologi tekee mm. psykologisia tutkimuksia oppimis- ja keskittymisvaikeuksien, k\u00e4yt\u00f6songelmien ja tunne-el\u00e4m\u00e4\u00e4n liittyvien vaikeuksien selvitt\u00e4miseksi. V\u00e4h\u00e4-Heikkil\u00e4n koulun koulupsykologina toimii Kirsi Salonen. Psykologin vastaanotolle tulee varata aika etuk\u00e4teen ja lapsen k\u00e4ynneist\u00e4 sovitaan aina ensin yhdess\u00e4 huoltajien kanssa. V\u00e4h\u00e4-Heikkil\u00e4n yksik\u00f6ss\u00e4 psykologi on paikalla yleens\u00e4 maanantaisin ja tiistaisin, sek\u00e4 Uittamon yksik\u00f6ss\u00e4 tarvittaessa. Koulupsykologiin saa yhteyden puhelimella, s\u00e4hk\u00f6postilla tai Wilman kautta.<\/p>\n<p>Koulupsykologi<strong> Kirsi Salonen<\/strong>, p. 044 907 4718, kirsi.m.salonen@varha.fi<\/p>\n","protected":false},"excerpt":{"rendered":"<p>Koulupsykologi on kouluyhteis\u00f6n psykologian asiantuntija. Vanhemmat, koulu tai oppilas itse voivat ottaa yhteytt\u00e4 psykologiin, kun jokin lapsen koulunk\u00e4ynniss\u00e4, kasvussa tai kehityksess\u00e4 huolestuttaa. Koulupsykologi tekee mm. psykologisia tutkimuksia oppimis- ja keskittymisvaikeuksien, k\u00e4yt\u00f6songelmien ja tunne-el\u00e4m\u00e4\u00e4n liittyvien vaikeuksien selvitt\u00e4miseksi. V\u00e4h\u00e4-Heikkil\u00e4n koulun koulupsykologina toimii Kirsi Salonen. Psykologin vastaanotolle tulee varata aika etuk\u00e4teen ja lapsen k\u00e4ynneist\u00e4 sovitaan aina ensin yhdess\u00e4 &hellip; <a href=\"https:\/\/blog.edu.turku.fi\/vahaheikkila\/koulupsykologi\/\" class=\"more-link\">Jatka lukemista<span class=\"screen-reader-text\"> &#8221;Koulupsykologi&#8221;<\/span><\/a><\/p>\n","protected":false},"author":2677,"featured_media":0,"parent":0,"menu_order":0,"comment_status":"closed","ping_status":"closed","template":"","meta":{"footnotes":""},"class_list":["post-462","page","type-page","status-publish","hentry"],"_links":{"self":[{"href":"https:\/\/blog.edu.turku.fi\/vahaheikkila\/wp-json\/wp\/v2\/pages\/462","targetHints":{"allow":["GET"]}}],"collection":[{"href":"https:\/\/blog.edu.turku.fi\/vahaheikkila\/wp-json\/wp\/v2\/pages"}],"about":[{"href":"https:\/\/blog.edu.turku.fi\/vahaheikkila\/wp-json\/wp\/v2\/types\/page"}],"author":[{"embeddable":true,"href":"https:\/\/blog.edu.turku.fi\/vahaheikkila\/wp-json\/wp\/v2\/users\/2677"}],"replies":[{"embeddable":true,"href":"https:\/\/blog.edu.turku.fi\/vahaheikkila\/wp-json\/wp\/v2\/comments?post=462"}],"version-history":[{"count":3,"href":"https:\/\/blog.edu.turku.fi\/vahaheikkila\/wp-json\/wp\/v2\/pages\/462\/revisions"}],"predecessor-version":[{"id":878,"href":"https:\/\/blog.edu.turku.fi\/vahaheikkila\/wp-json\/wp\/v2\/pages\/462\/revisions\/878"}],"wp:attachment":[{"href":"https:\/\/blog.edu.turku.fi\/vahaheikkila\/wp-json\/wp\/v2\/media?parent=462"}],"curies":[{"name":"wp","href":"https:\/\/api.w.org\/{rel}","templated":true}]}}