{"id":459,"date":"2019-05-27T15:05:17","date_gmt":"2019-05-27T12:05:17","guid":{"rendered":"https:\/\/blog.edu.turku.fi\/vahaheikkila\/?page_id=459"},"modified":"2026-03-10T13:06:52","modified_gmt":"2026-03-10T11:06:52","slug":"terveydenhoitaja","status":"publish","type":"page","link":"https:\/\/blog.edu.turku.fi\/vahaheikkila\/terveydenhoitaja\/","title":{"rendered":"Terveydenhoitaja"},"content":{"rendered":"<p>Kouluterveydenhuollon tavoitteena on oppilaiden terveyden edist\u00e4minen sek\u00e4 terveen kasvun ja kehityksen tukeminen yhteisty\u00f6ss\u00e4 vanhempien, opettajien ja muun opiskeluhuollon henkil\u00f6st\u00f6n kanssa. Tavoitteena on my\u00f6s koko kouluyhteis\u00f6n terveyden, hyvinvoinnin ja turvallisuuden edist\u00e4minen. V\u00e4h\u00e4-Heikkil\u00e4n koulun terveydenhoitajina toimivat Satu Koistinen ja Maiju Toivo. Oppilaiden terveystarkastukset suoritetaan jokaisella luokka-asteella. Koulul\u00e4\u00e4k\u00e4ri tarkastaa 1. ja 5. luokkien oppilaat. Koulul\u00e4\u00e4k\u00e4ri tarkastaa my\u00f6s tarkkailua vaativat oppilaat tarpeen mukaan. Oppilaiden hammashuolto j\u00e4rjestet\u00e4\u00e4n hammashoitoloissa.<\/p>\n<p>Terveydenhoitaja Satu Koistinen on V\u00e4h\u00e4-Heikkil\u00e4n yksik\u00f6ss\u00e4 maanantaista perjantaihin. Terveydenhoitaja Maiju Toivo on keskiviikkoisin Uittamon yksik\u00f6ss\u00e4. Parhaiten yhteyden terveydenhoitajaan saa s\u00e4hk\u00f6postilla, Wilma-viestill\u00e4 tai puhelimella. S\u00e4hk\u00f6postiin voi my\u00f6s j\u00e4tt\u00e4\u00e4 soittopyynn\u00f6n.<\/p>\n<p>Terveydenhoitajien yhteystiedot:<\/p>\n<p>V\u00e4h\u00e4-Heikkil\u00e4n yksikk\u00f6:<strong> Satu Koistinen<\/strong>, p. 040 182 1949, satu.koistinen@varha.fi<\/p>\n<p>Uittamon yksikk\u00f6: <strong>Ida-Maria Onkalo<\/strong>, p. 044 712 4090, ida-maria.onkalo@varha.fi<\/p>\n","protected":false},"excerpt":{"rendered":"<p>Kouluterveydenhuollon tavoitteena on oppilaiden terveyden edist\u00e4minen sek\u00e4 terveen kasvun ja kehityksen tukeminen yhteisty\u00f6ss\u00e4 vanhempien, opettajien ja muun opiskeluhuollon henkil\u00f6st\u00f6n kanssa. Tavoitteena on my\u00f6s koko kouluyhteis\u00f6n terveyden, hyvinvoinnin ja turvallisuuden edist\u00e4minen. V\u00e4h\u00e4-Heikkil\u00e4n koulun terveydenhoitajina toimivat Satu Koistinen ja Maiju Toivo. Oppilaiden terveystarkastukset suoritetaan jokaisella luokka-asteella. Koulul\u00e4\u00e4k\u00e4ri tarkastaa 1. ja 5. luokkien oppilaat. Koulul\u00e4\u00e4k\u00e4ri tarkastaa my\u00f6s tarkkailua &hellip; <a href=\"https:\/\/blog.edu.turku.fi\/vahaheikkila\/terveydenhoitaja\/\" class=\"more-link\">Jatka lukemista<span class=\"screen-reader-text\"> &#8221;Terveydenhoitaja&#8221;<\/span><\/a><\/p>\n","protected":false},"author":2677,"featured_media":0,"parent":0,"menu_order":0,"comment_status":"closed","ping_status":"closed","template":"","meta":{"footnotes":""},"class_list":["post-459","page","type-page","status-publish","hentry"],"_links":{"self":[{"href":"https:\/\/blog.edu.turku.fi\/vahaheikkila\/wp-json\/wp\/v2\/pages\/459","targetHints":{"allow":["GET"]}}],"collection":[{"href":"https:\/\/blog.edu.turku.fi\/vahaheikkila\/wp-json\/wp\/v2\/pages"}],"about":[{"href":"https:\/\/blog.edu.turku.fi\/vahaheikkila\/wp-json\/wp\/v2\/types\/page"}],"author":[{"embeddable":true,"href":"https:\/\/blog.edu.turku.fi\/vahaheikkila\/wp-json\/wp\/v2\/users\/2677"}],"replies":[{"embeddable":true,"href":"https:\/\/blog.edu.turku.fi\/vahaheikkila\/wp-json\/wp\/v2\/comments?post=459"}],"version-history":[{"count":18,"href":"https:\/\/blog.edu.turku.fi\/vahaheikkila\/wp-json\/wp\/v2\/pages\/459\/revisions"}],"predecessor-version":[{"id":1141,"href":"https:\/\/blog.edu.turku.fi\/vahaheikkila\/wp-json\/wp\/v2\/pages\/459\/revisions\/1141"}],"wp:attachment":[{"href":"https:\/\/blog.edu.turku.fi\/vahaheikkila\/wp-json\/wp\/v2\/media?parent=459"}],"curies":[{"name":"wp","href":"https:\/\/api.w.org\/{rel}","templated":true}]}}