{"id":186,"date":"2016-01-21T22:31:49","date_gmt":"2016-01-21T20:31:49","guid":{"rendered":"https:\/\/blog.edu.turku.fi\/vahaheikkila\/?page_id=186"},"modified":"2025-08-13T12:12:02","modified_gmt":"2025-08-13T09:12:02","slug":"vaha-heikkilan-yksikko","status":"publish","type":"page","link":"https:\/\/blog.edu.turku.fi\/vahaheikkila\/vaha-heikkilan-koulu\/yhteystiedot-2\/kaikki-yhteystiedot\/vaha-heikkilan-yksikko\/","title":{"rendered":"V\u00e4h\u00e4-Heikkil\u00e4n yksikk\u00f6"},"content":{"rendered":"<p><strong>V\u00e4h\u00e4-Heikkil\u00e4n koulu, V\u00e4h\u00e4-Heikkil\u00e4n yksikk\u00f6<\/strong><\/p>\n<p><a href=\"http:\/\/opaskartta.turku.fi\/Web\/Default.aspx?layers=Opaskartta&amp;cp=6702602,23458856&amp;z=2&amp;title=Myllym%C3%A4entie%2042%2C%20Turku&amp;language=fin\">Myllym\u00e4entie 42, 20810 Turku<\/a><\/p>\n<p>S\u00e4hk\u00f6posti opettajat ja ohjaajat: etunimi.sukunimi@edu.turku.fi<\/p>\n<table>\n<tbody>\n<tr>\n<td>Rehtori Jutta Maunula-Aaltonen<\/td>\n<td>040 6469 345<\/td>\n<\/tr>\n<tr>\n<td>Apulaisrehtori Elisa Suomi-Kuusela<\/td>\n<td>040 6876 297<\/td>\n<\/tr>\n<tr>\n<td>Ranskan kielilinjan vastaava Johanna M\u00e4kel\u00e4<\/td>\n<td>040 6841 933<\/td>\n<\/tr>\n<tr>\n<td>Koulusihteeri Maria Saarni<\/td>\n<td>040 5176 643 (maria.saarni@edu.turku.fi)<\/td>\n<\/tr>\n<tr>\n<td>Keitti\u00f6 Riikka Suomi<\/td>\n<td>040 1589 805<\/td>\n<\/tr>\n<tr>\n<td>Kiinteist\u00f6nhoitaja<\/td>\n<td>040 1448 401<\/td>\n<\/tr>\n<tr>\n<td>Terveydenhoitaja Satu Koistinen<\/td>\n<td>040 1821 949 (satu.koistinen@varha.fi)<\/td>\n<\/tr>\n<tr>\n<td>Koulupsykologi Kirsi Salonen<\/td>\n<td>044 907 4718 (kirsi.m.salonen@varha.fi)<\/td>\n<\/tr>\n<tr>\n<td>Koulukuraattori Juulia Salminen<\/td>\n<td>044 9075 162 (juulia.salminen@varha.fi)<\/td>\n<\/tr>\n<\/tbody>\n<\/table>\n<p><strong>V\u00e4h\u00e4-Heikkil\u00e4n iltap\u00e4iv\u00e4toiminta<\/strong><\/p>\n<p>TPS kerhovastaava\u00a0 040 7028 610<br \/>\nKerhopuhelin 044 7004 074<br \/>\nVastaava ohjaaja Mari J\u00e4rvinen 044 7004 077<\/p>\n","protected":false},"excerpt":{"rendered":"<p>V\u00e4h\u00e4-Heikkil\u00e4n koulu, V\u00e4h\u00e4-Heikkil\u00e4n yksikk\u00f6 Myllym\u00e4entie 42, 20810 Turku S\u00e4hk\u00f6posti opettajat ja ohjaajat: etunimi.sukunimi@edu.turku.fi Rehtori Jutta Maunula-Aaltonen 040 6469 345 Apulaisrehtori Elisa Suomi-Kuusela 040 6876 297 Ranskan kielilinjan vastaava Johanna M\u00e4kel\u00e4 040 6841 933 Koulusihteeri Maria Saarni 040 5176 643 (maria.saarni@edu.turku.fi) Keitti\u00f6 Riikka Suomi 040 1589 805 Kiinteist\u00f6nhoitaja 040 1448 401 Terveydenhoitaja Satu Koistinen 040 1821 &hellip; <a href=\"https:\/\/blog.edu.turku.fi\/vahaheikkila\/vaha-heikkilan-koulu\/yhteystiedot-2\/kaikki-yhteystiedot\/vaha-heikkilan-yksikko\/\" class=\"more-link\">Jatka lukemista<span class=\"screen-reader-text\"> &#8221;V\u00e4h\u00e4-Heikkil\u00e4n yksikk\u00f6&#8221;<\/span><\/a><\/p>\n","protected":false},"author":106,"featured_media":0,"parent":661,"menu_order":0,"comment_status":"closed","ping_status":"closed","template":"","meta":{"footnotes":""},"class_list":["post-186","page","type-page","status-publish","hentry"],"_links":{"self":[{"href":"https:\/\/blog.edu.turku.fi\/vahaheikkila\/wp-json\/wp\/v2\/pages\/186","targetHints":{"allow":["GET"]}}],"collection":[{"href":"https:\/\/blog.edu.turku.fi\/vahaheikkila\/wp-json\/wp\/v2\/pages"}],"about":[{"href":"https:\/\/blog.edu.turku.fi\/vahaheikkila\/wp-json\/wp\/v2\/types\/page"}],"author":[{"embeddable":true,"href":"https:\/\/blog.edu.turku.fi\/vahaheikkila\/wp-json\/wp\/v2\/users\/106"}],"replies":[{"embeddable":true,"href":"https:\/\/blog.edu.turku.fi\/vahaheikkila\/wp-json\/wp\/v2\/comments?post=186"}],"version-history":[{"count":48,"href":"https:\/\/blog.edu.turku.fi\/vahaheikkila\/wp-json\/wp\/v2\/pages\/186\/revisions"}],"predecessor-version":[{"id":1013,"href":"https:\/\/blog.edu.turku.fi\/vahaheikkila\/wp-json\/wp\/v2\/pages\/186\/revisions\/1013"}],"up":[{"embeddable":true,"href":"https:\/\/blog.edu.turku.fi\/vahaheikkila\/wp-json\/wp\/v2\/pages\/661"}],"wp:attachment":[{"href":"https:\/\/blog.edu.turku.fi\/vahaheikkila\/wp-json\/wp\/v2\/media?parent=186"}],"curies":[{"name":"wp","href":"https:\/\/api.w.org\/{rel}","templated":true}]}}