{"id":17,"date":"2016-01-21T14:34:43","date_gmt":"2016-01-21T12:34:43","guid":{"rendered":"https:\/\/blog.edu.turku.fi\/vahaheikkila\/?page_id=17"},"modified":"2020-09-01T10:17:39","modified_gmt":"2020-09-01T07:17:39","slug":"kieliluokat","status":"publish","type":"page","link":"https:\/\/blog.edu.turku.fi\/vahaheikkila\/kieliluokat\/","title":{"rendered":"Ranskan kieliluokat \u2013 les classes bilingues"},"content":{"rendered":"<div class=\"post_title\">\n<p style=\"text-align: left\">Ranskaksikin voi opettaa muun muassa matematiikkaa, kuvataidetta, ymp\u00e4rist\u00f6- ja luonnontietoa tai vaikkapa musiikkia ja liikuntaa!<\/p>\n<\/div>\n<div class=\"post_body\" style=\"text-align: left\">\n<p style=\"text-align: left\">Koulumme tarjoaa oppilaalle mahdollisuuden ranskan kieliluokkaopetukseen ja ranskan luokista on tullut arvokas osa V\u00e4h\u00e4-Heikkil\u00e4n koulua. Ensimm\u00e4iselt\u00e4 luokalta alkaen ranskankielisen opetuksen perustavoitteena on luoda positiivinen asenne opiskeluun, kehitt\u00e4\u00e4 omaa min\u00e4kuvaa ja itsetuntoa, kannustaa oppilaan omatoimisuutta ja rohkaista h\u00e4nt\u00e4 osallistumaan ranskankieliseen keskusteluun. Ranskan kielen opetus perustuu havannoillistamiseen, n\u00e4ytt\u00e4miseen, toistoon ja konkretisoimiseen. Ranskalaisen kulttuurin perinteit\u00e4 opetetaan arvostamaan &#8211; unohtamatta kuitenkaan suomalaisuutta.<\/p>\n<p style=\"text-align: left\">Kieliluokan opettaja puhuu ranskaa eri luokkatilanteissa. Oppilaat oppivat alusta alkaen normaalit koulup\u00e4iv\u00e4n toiminnot ranskan kielell\u00e4. Kielt\u00e4 k\u00e4ytet\u00e4\u00e4n kaikilla muilla kuin \u00e4idinkielen oppitunneilla. Lukeminen ja kirjoittaminen opetetaan suomen kielell\u00e4. Joka oppiaineessa uudet asiat opetetaan tarpeen mukaan suomeksi.<\/p>\n<p style=\"text-align: justify\">Lis\u00e4tietoja kieliluokista: <a href=\"https:\/\/blog.edu.turku.fi\/kieliluokat\/\" target=\"_blank\" rel=\"noopener noreferrer\">Turun kaupungin kieliluokkaopetuksen kotisivut<\/a><\/p>\n<p>&nbsp;<\/p>\n<\/div>\n<h1 style=\"text-align: left\">Enseignement bilingue \u00e0 l&#8217;\u00e9cole de V\u00e4h\u00e4-Heikkil\u00e4<\/h1>\n<p style=\"text-align: left\">\u00c0 l&#8217;\u00e9cole de V\u00e4h\u00e4-Heikkil\u00e4, l&#8217;acquisition des bases \u00e9l\u00e9mentaires est une priorit\u00e9: conna\u00eetre une culture, vivre dans un monde cosmopolite, \u00eatre responsable de son environnement et trouver le bien-\u00eatre physique et mental.<\/p>\n<p style=\"text-align: left\">L&#8217;objectif de l&#8217;enseignement \u00e9l\u00e9mentaire, dans les premi\u00e8res et deuxi\u00e8mes classes (1-2), est de rendre l&#8217;\u00e9l\u00e8ve heureux et dynamique, d&#8217;en faire un membre actif du groupe, qui ma\u00eetrise les notions fondamentales.<\/p>\n<p style=\"text-align: left\">Dans les classes 3 \u00e0 6 l&#8217;enseignement continue selon le programme scolaire \u00e9tablit par l&#8217;\u00e9cole et la ville de Turku.<\/p>\n<p style=\"text-align: left\">L&#8217;enseignement dans les classes bilingues est partiellement dispens\u00e9 en fran\u00e7ais, durant toute la dure\u00e9 de l&#8217;\u00e9cole primaire (de la classe 1 \u00e1 la classe 6). Les traditions du monde francophone comme Mardi Gras, la Galette des Rois, les \u0153ufs de P\u00e2ques et le Poisson d&#8217;avril sont \u00e9galement une partie importante de l&#8217;\u00e9ducation francophone.<\/p>\n<h1>Partenaires<\/h1>\n<p>&nbsp;<\/p>\n<p><a href=\"http:\/\/www.france.fi\/\" target=\"_blank\" rel=\"noopener noreferrer\"><img loading=\"lazy\" decoding=\"async\" class=\"\" src=\"https:\/\/pbs.twimg.com\/profile_images\/2997929709\/f438970ce93e37204507347d41864619.jpeg\" alt=\"\" width=\"98\" height=\"98\" \/><\/a><a href=\"http:\/\/labelfranceducation.fr\/fr\/etablissements\/ecole-v%C3%A4h%C3%A4-heikkil%C3%A4\" target=\"_blank\" rel=\"noopener noreferrer\"><img loading=\"lazy\" decoding=\"async\" class=\"\" src=\"http:\/\/labelfranceducation.fr\/sites\/default\/files\/logo_0.png\" alt=\"\" width=\"106\" height=\"106\" \/><\/a><\/p>\n<p>&nbsp;<\/p>\n<p>&nbsp;<\/p>\n<div class=\"post_body\">\n<p>&nbsp;<\/p>\n<\/div>\n","protected":false},"excerpt":{"rendered":"<p>Ranskaksikin voi opettaa muun muassa matematiikkaa, kuvataidetta, ymp\u00e4rist\u00f6- ja luonnontietoa tai vaikkapa musiikkia ja liikuntaa! Koulumme tarjoaa oppilaalle mahdollisuuden ranskan kieliluokkaopetukseen ja ranskan luokista on tullut arvokas osa V\u00e4h\u00e4-Heikkil\u00e4n koulua. Ensimm\u00e4iselt\u00e4 luokalta alkaen ranskankielisen opetuksen perustavoitteena on luoda positiivinen asenne opiskeluun, kehitt\u00e4\u00e4 omaa min\u00e4kuvaa ja itsetuntoa, kannustaa oppilaan omatoimisuutta ja rohkaista h\u00e4nt\u00e4 osallistumaan ranskankieliseen keskusteluun. &hellip; <a href=\"https:\/\/blog.edu.turku.fi\/vahaheikkila\/kieliluokat\/\" class=\"more-link\">Jatka lukemista<span class=\"screen-reader-text\"> &#8221;Ranskan kieliluokat \u2013 les classes bilingues&#8221;<\/span><\/a><\/p>\n","protected":false},"author":161,"featured_media":0,"parent":0,"menu_order":4,"comment_status":"closed","ping_status":"closed","template":"","meta":{"footnotes":""},"class_list":["post-17","page","type-page","status-publish","hentry"],"_links":{"self":[{"href":"https:\/\/blog.edu.turku.fi\/vahaheikkila\/wp-json\/wp\/v2\/pages\/17","targetHints":{"allow":["GET"]}}],"collection":[{"href":"https:\/\/blog.edu.turku.fi\/vahaheikkila\/wp-json\/wp\/v2\/pages"}],"about":[{"href":"https:\/\/blog.edu.turku.fi\/vahaheikkila\/wp-json\/wp\/v2\/types\/page"}],"author":[{"embeddable":true,"href":"https:\/\/blog.edu.turku.fi\/vahaheikkila\/wp-json\/wp\/v2\/users\/161"}],"replies":[{"embeddable":true,"href":"https:\/\/blog.edu.turku.fi\/vahaheikkila\/wp-json\/wp\/v2\/comments?post=17"}],"version-history":[{"count":17,"href":"https:\/\/blog.edu.turku.fi\/vahaheikkila\/wp-json\/wp\/v2\/pages\/17\/revisions"}],"predecessor-version":[{"id":614,"href":"https:\/\/blog.edu.turku.fi\/vahaheikkila\/wp-json\/wp\/v2\/pages\/17\/revisions\/614"}],"wp:attachment":[{"href":"https:\/\/blog.edu.turku.fi\/vahaheikkila\/wp-json\/wp\/v2\/media?parent=17"}],"curies":[{"name":"wp","href":"https:\/\/api.w.org\/{rel}","templated":true}]}}