{"id":165,"date":"2016-01-21T22:09:02","date_gmt":"2016-01-21T20:09:02","guid":{"rendered":"https:\/\/blog.edu.turku.fi\/vahaheikkila\/?page_id=165"},"modified":"2025-12-11T09:41:33","modified_gmt":"2025-12-11T07:41:33","slug":"kor","status":"publish","type":"page","link":"https:\/\/blog.edu.turku.fi\/vahaheikkila\/oppilashuolto\/kor\/","title":{"rendered":"KOR"},"content":{"rendered":"<h2>Koulun yhteis\u00f6llinen opiskeluhuoltoryhm\u00e4 (KOR)<\/h2>\n<p>Yhteis\u00f6llisen opiskeluhuoltoryhm\u00e4n puheenjohtajana toimii koulun rehtori. Ryhm\u00e4\u00e4n kuuluvat kouluterveydenhoitaja, koulupsykologi, koulukuraattori, sek\u00e4 opettajien ja erityisopettajien edustajat. Opettajien ja erityisopettajien edustajat valitaan lukuvuoden alkaessa lukuvuodeksi kerrallaan. Yhteis\u00f6lliseen opiskeluhuoltoryhm\u00e4\u00e4n kutsutaan k\u00e4sitelt\u00e4v\u00e4n aiheen ja tilanteen mukaan muita koulun henkil\u00f6st\u00f6n edustajia sek\u00e4 yhteisty\u00f6kumppaneita. Koulun oppilaskunnan n\u00e4kemys huomioidaan asioiden valmistelussa. Vanhempia kuullaan eri foorumeissa aina tilanteen edellytt\u00e4m\u00e4ll\u00e4 tavalla.<\/p>\n<p>KOR kokoontuu kerran kuukaudessa. Sen teht\u00e4v\u00e4n\u00e4 on suunnitella, toteuttaa, arvioida ja kehitt\u00e4\u00e4 kouluyhteis\u00f6n hyvinvointia, turvallisuutta, viihtyvyytt\u00e4 ja osallisuuden edist\u00e4mist\u00e4.<\/p>\n","protected":false},"excerpt":{"rendered":"<p>Koulun yhteis\u00f6llinen opiskeluhuoltoryhm\u00e4 (KOR) Yhteis\u00f6llisen opiskeluhuoltoryhm\u00e4n puheenjohtajana toimii koulun rehtori. Ryhm\u00e4\u00e4n kuuluvat kouluterveydenhoitaja, koulupsykologi, koulukuraattori, sek\u00e4 opettajien ja erityisopettajien edustajat. Opettajien ja erityisopettajien edustajat valitaan lukuvuoden alkaessa lukuvuodeksi kerrallaan. Yhteis\u00f6lliseen opiskeluhuoltoryhm\u00e4\u00e4n kutsutaan k\u00e4sitelt\u00e4v\u00e4n aiheen ja tilanteen mukaan muita koulun henkil\u00f6st\u00f6n edustajia sek\u00e4 yhteisty\u00f6kumppaneita. Koulun oppilaskunnan n\u00e4kemys huomioidaan asioiden valmistelussa. Vanhempia kuullaan eri foorumeissa aina tilanteen &hellip; <a href=\"https:\/\/blog.edu.turku.fi\/vahaheikkila\/oppilashuolto\/kor\/\" class=\"more-link\">Jatka lukemista<span class=\"screen-reader-text\"> &#8221;KOR&#8221;<\/span><\/a><\/p>\n","protected":false},"author":106,"featured_media":0,"parent":68,"menu_order":1,"comment_status":"closed","ping_status":"closed","template":"","meta":{"footnotes":""},"class_list":["post-165","page","type-page","status-publish","hentry"],"_links":{"self":[{"href":"https:\/\/blog.edu.turku.fi\/vahaheikkila\/wp-json\/wp\/v2\/pages\/165","targetHints":{"allow":["GET"]}}],"collection":[{"href":"https:\/\/blog.edu.turku.fi\/vahaheikkila\/wp-json\/wp\/v2\/pages"}],"about":[{"href":"https:\/\/blog.edu.turku.fi\/vahaheikkila\/wp-json\/wp\/v2\/types\/page"}],"author":[{"embeddable":true,"href":"https:\/\/blog.edu.turku.fi\/vahaheikkila\/wp-json\/wp\/v2\/users\/106"}],"replies":[{"embeddable":true,"href":"https:\/\/blog.edu.turku.fi\/vahaheikkila\/wp-json\/wp\/v2\/comments?post=165"}],"version-history":[{"count":10,"href":"https:\/\/blog.edu.turku.fi\/vahaheikkila\/wp-json\/wp\/v2\/pages\/165\/revisions"}],"predecessor-version":[{"id":1119,"href":"https:\/\/blog.edu.turku.fi\/vahaheikkila\/wp-json\/wp\/v2\/pages\/165\/revisions\/1119"}],"up":[{"embeddable":true,"href":"https:\/\/blog.edu.turku.fi\/vahaheikkila\/wp-json\/wp\/v2\/pages\/68"}],"wp:attachment":[{"href":"https:\/\/blog.edu.turku.fi\/vahaheikkila\/wp-json\/wp\/v2\/media?parent=165"}],"curies":[{"name":"wp","href":"https:\/\/api.w.org\/{rel}","templated":true}]}}