{"id":157,"date":"2016-01-21T22:06:02","date_gmt":"2016-01-21T20:06:02","guid":{"rendered":"https:\/\/blog.edu.turku.fi\/vahaheikkila\/?page_id=157"},"modified":"2019-05-27T14:26:40","modified_gmt":"2019-05-27T11:26:40","slug":"opetussuunnitelma","status":"publish","type":"page","link":"https:\/\/blog.edu.turku.fi\/vahaheikkila\/opetus\/opetussuunnitelma\/","title":{"rendered":"Opetussuunnitelma"},"content":{"rendered":"<p>Koulun toimintaa ohjaa opetussuunnitelma. Tutustu V\u00e4h\u00e4-Heikkil\u00e4n koulun opetussuunnitelmaan:<\/p>\n<p><a href=\"https:\/\/blog.edu.turku.fi\/ops2016\/files\/2015\/04\/V%C3%84H%C3%84-HEIKKIL%C3%84-OPS-2016.pdf\" target=\"_blank\" rel=\"noopener\">V\u00e4h\u00e4-Heikkil\u00e4n koulun OPS 2016 (PDF)<\/a><\/p>\n","protected":false},"excerpt":{"rendered":"<p>Koulun toimintaa ohjaa opetussuunnitelma. Tutustu V\u00e4h\u00e4-Heikkil\u00e4n koulun opetussuunnitelmaan: V\u00e4h\u00e4-Heikkil\u00e4n koulun OPS 2016 (PDF)<\/p>\n","protected":false},"author":161,"featured_media":0,"parent":145,"menu_order":5,"comment_status":"closed","ping_status":"closed","template":"","meta":{"footnotes":""},"class_list":["post-157","page","type-page","status-publish","hentry"],"_links":{"self":[{"href":"https:\/\/blog.edu.turku.fi\/vahaheikkila\/wp-json\/wp\/v2\/pages\/157","targetHints":{"allow":["GET"]}}],"collection":[{"href":"https:\/\/blog.edu.turku.fi\/vahaheikkila\/wp-json\/wp\/v2\/pages"}],"about":[{"href":"https:\/\/blog.edu.turku.fi\/vahaheikkila\/wp-json\/wp\/v2\/types\/page"}],"author":[{"embeddable":true,"href":"https:\/\/blog.edu.turku.fi\/vahaheikkila\/wp-json\/wp\/v2\/users\/161"}],"replies":[{"embeddable":true,"href":"https:\/\/blog.edu.turku.fi\/vahaheikkila\/wp-json\/wp\/v2\/comments?post=157"}],"version-history":[{"count":4,"href":"https:\/\/blog.edu.turku.fi\/vahaheikkila\/wp-json\/wp\/v2\/pages\/157\/revisions"}],"predecessor-version":[{"id":446,"href":"https:\/\/blog.edu.turku.fi\/vahaheikkila\/wp-json\/wp\/v2\/pages\/157\/revisions\/446"}],"up":[{"embeddable":true,"href":"https:\/\/blog.edu.turku.fi\/vahaheikkila\/wp-json\/wp\/v2\/pages\/145"}],"wp:attachment":[{"href":"https:\/\/blog.edu.turku.fi\/vahaheikkila\/wp-json\/wp\/v2\/media?parent=157"}],"curies":[{"name":"wp","href":"https:\/\/api.w.org\/{rel}","templated":true}]}}