{"id":155,"date":"2016-01-21T22:05:44","date_gmt":"2016-01-21T20:05:44","guid":{"rendered":"https:\/\/blog.edu.turku.fi\/vahaheikkila\/?page_id=155"},"modified":"2026-03-24T11:13:13","modified_gmt":"2026-03-24T09:13:13","slug":"valinnaisaineet","status":"publish","type":"page","link":"https:\/\/blog.edu.turku.fi\/vahaheikkila\/opetus\/valinnaisaineet\/","title":{"rendered":"Valinnaisaineet"},"content":{"rendered":"<p style=\"margin-bottom: 6.0pt\">V\u00e4h\u00e4-Heikkil\u00e4n koulun oppilailla on vuosiluokilla 5 ja 6 valinnaisainetta 1 tunti\/viikko. Yht\u00e4 valinnaisainetta opiskellaan aina lukukauden verran. Lukuvuoteen mahtuu siis jokaisella oppilaalla kaksi valinnaisainetta. Valinnaisainetta opiskellaan joko tunti viikoittain tai kaksoistunteina joka toinen viikko.\u00a0 Valinnaisainevalikoima saattaa vaihdella vuosittain.<\/p>\n<p>&nbsp;<\/p>\n<p style=\"margin-bottom: 6.0pt\"><strong>Lukuvuonna 2025-2026 valinnaisaineet ovat seuraavat:<\/strong><\/p>\n<p><u><strong>Retkeily:<\/strong><\/u>\u00a0Luontoretkeily\u00e4 ja er\u00e4taitojen harjoittelua\u00a0l\u00e4hiluonnossa. T\u00e4m\u00e4 valinnaisaine\u00a0toteutetaan\u00a0<strong>seitsem\u00e4n viikon kursseina sek\u00e4 syys- (21.8.-9.10., ei tunteja 2.10.) ett\u00e4 kev\u00e4tlukukaudella\u00a0<\/strong>(loppukev\u00e4\u00e4ll\u00e4, tarkempi ajankohta ilmoitetaan my\u00f6hemmin).<strong>\u00a0<\/strong><em>Oppitunnit ovat kaksoistunteja, lukuun ottamatta kurssin p\u00e4\u00e4tt\u00e4v\u00e4\u00e4 nelj\u00e4n oppitunnin mittaista retke\u00e4.<\/em><\/p>\n<p><strong><u>Taiteilu:<\/u>\u00a0<\/strong>Kuvataidetta kolmiulotteisesti ja maalaten.\u00a0Teemme k\u00e4sin kosketeltavaa taidetta\u00a0eri materiaaleja k\u00e4ytt\u00e4en ja v\u00e4lill\u00e4 my\u00f6s maalaamme.\u00a0<em>Osa oppitunneista on kaksoistunteja joka toinen viikko. Tuntien aikataulusta kerrotaan taiteilijoiden koteihin tarkemmin.<\/em><\/p>\n<p><u><strong>Draama:<\/strong><\/u>\u00a0Itsetuntemuksen\u00a0lis\u00e4\u00e4minen ja ilmaisun kehitt\u00e4minen\u00a0leikkien ja erilaisten harjoitusten\u00a0avulla.\u00a0<em>Valinnaisainetta pidet\u00e4\u00e4n joka viikko 1 h.<\/em><\/p>\n<p><u><strong>Liikunta:<\/strong><\/u>\u00a0Erilaisiin pallopeleihin ja niiden viitepeleihin (mm. koripallo, jalkapallo, futsal, salibandy, pes\u00e4pallo, j\u00e4\u00e4kiekko ja k\u00e4sipallo) tutustuminen ja niiden pelaaminen.\u00a0<em>Oppitunnit ovat<\/em><em>\u00a0kaksoistunteja\u00a0joka toinen viikko.<\/em><\/p>\n<p><u><strong>Digiveijarit:<\/strong><\/u>\u00a0N\u00f6rtteily\u00e4 vai ongelmanratkaisua.\u00a0Tutustutaan iPadin ihmeelliseen maailmaan, hy\u00f6dynt\u00e4en eri sovelluksia. Koodauksesta valokuvaukseen ja musiikin tekemisest\u00e4 esitysten tekemiseen.<em>\u00a0Valinnaisainetta pidet\u00e4\u00e4n joka viikko 1 h.<\/em><\/p>\n<p><u><strong>Myytinmurtajat:<\/strong><\/u>\u00a0Pieni\u00e4\u00a0tiedetemppuja\u00a0sek\u00e4 matematiikan ongelmaratkaisua.\u00a0<strong>T\u00e4m\u00e4 valinnaisaine on ainoastaan koulumme kuudesluokkalaisille.<\/strong>\u00a0<em>Valinnaisainetta pidet\u00e4\u00e4n joka viikko 1 h.<\/em><\/p>\n<p><u><strong>B\u00e4ndi:<\/strong><\/u>\u00a0B\u00e4ndisoittoa. Hieno tilaisuus oppia soittamaan yhdess\u00e4 muiden kanssa sek\u00e4 kehitt\u00e4\u00e4 omia musiikillisia taitojaan.\u00a0<em>Valinnaisainetta p<\/em><em>idet\u00e4\u00e4n joka viikko 1 h.<\/em><\/p>\n<p><u><strong>Hippocampus:<\/strong><\/u> Hippocampus\u00a0on valinnaisaine sinulle, joka haluat tutustua itseesi syvemmin, lis\u00e4t\u00e4 itseluottamusta, harjoitella arjen taitoja ja vuorovaikutusta, olla osana ryhm\u00e4\u00e4 ja kokea kenties uutta yst\u00e4vyytt\u00e4kin. Hippucampuksessa pyrit\u00e4\u00e4n l\u00f6yt\u00e4m\u00e4\u00e4n omia vahvuuksiasi, nauttimaan hyv\u00e4ksyv\u00e4st\u00e4 ilmapiirist\u00e4 ja rohkaistumaan uusien\u00a0kokemusten \u00e4\u00e4rell\u00e4. Kohtaamisia\u00a0yhteisen tekemisen \u00e4\u00e4rell\u00e4 toteutetaan Linkki-toiminnan nuorisoty\u00f6ntekij\u00e4n ja koulun oman opettajan Vernan kanssa.\u00a0<em>Oppitunnit ovat kaksoistunteja joka toinen viikko (parittomat viikot).<\/em><\/p>\n<p><u><strong>Voimistelu<\/strong>:\u00a0<\/u>Erilaisiin voimistelulajeihin (tanssi, telinevoimistelu, aerobic, akrobatia ja joukkuevoimistelu) tutustuminen ja niiden harjoitteleminen.\u00a0<em>Oppitunnit ovat<\/em><em>\u00a0kaksoistunteja\u00a0joka toinen viikko.<\/em><\/p>\n<p><u><strong>Yrityssankarit:<\/strong><\/u> Oppilaat perustavat oman harjoitusyrityksen ja myyv\u00e4t yrityksens\u00e4 tuotteita myyntitapahtumassa. <em>Valinnaisainetta pidet\u00e4\u00e4n joka viikko 1 h.<\/em><\/p>\n","protected":false},"excerpt":{"rendered":"<p>V\u00e4h\u00e4-Heikkil\u00e4n koulun oppilailla on vuosiluokilla 5 ja 6 valinnaisainetta 1 tunti\/viikko. Yht\u00e4 valinnaisainetta opiskellaan aina lukukauden verran. Lukuvuoteen mahtuu siis jokaisella oppilaalla kaksi valinnaisainetta. Valinnaisainetta opiskellaan joko tunti viikoittain tai kaksoistunteina joka toinen viikko.\u00a0 Valinnaisainevalikoima saattaa vaihdella vuosittain. &nbsp; Lukuvuonna 2025-2026 valinnaisaineet ovat seuraavat: Retkeily:\u00a0Luontoretkeily\u00e4 ja er\u00e4taitojen harjoittelua\u00a0l\u00e4hiluonnossa. T\u00e4m\u00e4 valinnaisaine\u00a0toteutetaan\u00a0seitsem\u00e4n viikon kursseina sek\u00e4 syys- (21.8.-9.10., &hellip; <a href=\"https:\/\/blog.edu.turku.fi\/vahaheikkila\/opetus\/valinnaisaineet\/\" class=\"more-link\">Jatka lukemista<span class=\"screen-reader-text\"> &#8221;Valinnaisaineet&#8221;<\/span><\/a><\/p>\n","protected":false},"author":106,"featured_media":0,"parent":145,"menu_order":3,"comment_status":"closed","ping_status":"closed","template":"","meta":{"footnotes":""},"class_list":["post-155","page","type-page","status-publish","hentry"],"_links":{"self":[{"href":"https:\/\/blog.edu.turku.fi\/vahaheikkila\/wp-json\/wp\/v2\/pages\/155","targetHints":{"allow":["GET"]}}],"collection":[{"href":"https:\/\/blog.edu.turku.fi\/vahaheikkila\/wp-json\/wp\/v2\/pages"}],"about":[{"href":"https:\/\/blog.edu.turku.fi\/vahaheikkila\/wp-json\/wp\/v2\/types\/page"}],"author":[{"embeddable":true,"href":"https:\/\/blog.edu.turku.fi\/vahaheikkila\/wp-json\/wp\/v2\/users\/106"}],"replies":[{"embeddable":true,"href":"https:\/\/blog.edu.turku.fi\/vahaheikkila\/wp-json\/wp\/v2\/comments?post=155"}],"version-history":[{"count":20,"href":"https:\/\/blog.edu.turku.fi\/vahaheikkila\/wp-json\/wp\/v2\/pages\/155\/revisions"}],"predecessor-version":[{"id":1151,"href":"https:\/\/blog.edu.turku.fi\/vahaheikkila\/wp-json\/wp\/v2\/pages\/155\/revisions\/1151"}],"up":[{"embeddable":true,"href":"https:\/\/blog.edu.turku.fi\/vahaheikkila\/wp-json\/wp\/v2\/pages\/145"}],"wp:attachment":[{"href":"https:\/\/blog.edu.turku.fi\/vahaheikkila\/wp-json\/wp\/v2\/media?parent=155"}],"curies":[{"name":"wp","href":"https:\/\/api.w.org\/{rel}","templated":true}]}}