{"id":153,"date":"2016-01-21T22:05:30","date_gmt":"2016-01-21T20:05:30","guid":{"rendered":"https:\/\/blog.edu.turku.fi\/vahaheikkila\/?page_id=153"},"modified":"2025-12-11T09:38:33","modified_gmt":"2025-12-11T07:38:33","slug":"kielitarjonta","status":"publish","type":"page","link":"https:\/\/blog.edu.turku.fi\/vahaheikkila\/opetus\/kielitarjonta\/","title":{"rendered":"Kielitarjonta"},"content":{"rendered":"<p>V\u00e4h\u00e4-Heikkil\u00e4n koulussa oppilaiden ensimm\u00e4inen vieras kieli on suomenkielisill\u00e4 luokilla englanti ja\u00a0 ranskan kieliluokilla ranska. Kielt\u00e4 opiskellaan ensimm\u00e4isest\u00e4 luokasta l\u00e4htien varhennettuna kielenopetuksena. Nelj\u00e4nnell\u00e4 luokalla oppilaat voivat valita espanjan, jota opiskellaan l\u00e4hiopetuksessa.\u00a0 Ranskan kieliluokilla oppilaat voivat valita englannin. Kuudennella luokalla kaikki oppilaat opiskelevat ruotsia kaksi tuntia viikossa.<\/p>\n","protected":false},"excerpt":{"rendered":"<p>V\u00e4h\u00e4-Heikkil\u00e4n koulussa oppilaiden ensimm\u00e4inen vieras kieli on suomenkielisill\u00e4 luokilla englanti ja\u00a0 ranskan kieliluokilla ranska. Kielt\u00e4 opiskellaan ensimm\u00e4isest\u00e4 luokasta l\u00e4htien varhennettuna kielenopetuksena. Nelj\u00e4nnell\u00e4 luokalla oppilaat voivat valita espanjan, jota opiskellaan l\u00e4hiopetuksessa.\u00a0 Ranskan kieliluokilla oppilaat voivat valita englannin. Kuudennella luokalla kaikki oppilaat opiskelevat ruotsia kaksi tuntia viikossa.<\/p>\n","protected":false},"author":106,"featured_media":0,"parent":145,"menu_order":2,"comment_status":"closed","ping_status":"closed","template":"","meta":{"footnotes":""},"class_list":["post-153","page","type-page","status-publish","hentry"],"_links":{"self":[{"href":"https:\/\/blog.edu.turku.fi\/vahaheikkila\/wp-json\/wp\/v2\/pages\/153","targetHints":{"allow":["GET"]}}],"collection":[{"href":"https:\/\/blog.edu.turku.fi\/vahaheikkila\/wp-json\/wp\/v2\/pages"}],"about":[{"href":"https:\/\/blog.edu.turku.fi\/vahaheikkila\/wp-json\/wp\/v2\/types\/page"}],"author":[{"embeddable":true,"href":"https:\/\/blog.edu.turku.fi\/vahaheikkila\/wp-json\/wp\/v2\/users\/106"}],"replies":[{"embeddable":true,"href":"https:\/\/blog.edu.turku.fi\/vahaheikkila\/wp-json\/wp\/v2\/comments?post=153"}],"version-history":[{"count":8,"href":"https:\/\/blog.edu.turku.fi\/vahaheikkila\/wp-json\/wp\/v2\/pages\/153\/revisions"}],"predecessor-version":[{"id":1117,"href":"https:\/\/blog.edu.turku.fi\/vahaheikkila\/wp-json\/wp\/v2\/pages\/153\/revisions\/1117"}],"up":[{"embeddable":true,"href":"https:\/\/blog.edu.turku.fi\/vahaheikkila\/wp-json\/wp\/v2\/pages\/145"}],"wp:attachment":[{"href":"https:\/\/blog.edu.turku.fi\/vahaheikkila\/wp-json\/wp\/v2\/media?parent=153"}],"curies":[{"name":"wp","href":"https:\/\/api.w.org\/{rel}","templated":true}]}}