{"id":1125,"date":"2025-12-11T12:05:13","date_gmt":"2025-12-11T10:05:13","guid":{"rendered":"https:\/\/blog.edu.turku.fi\/vahaheikkila\/?page_id=1125"},"modified":"2026-01-16T08:51:36","modified_gmt":"2026-01-16T06:51:36","slug":"oppimisen-tuki","status":"publish","type":"page","link":"https:\/\/blog.edu.turku.fi\/vahaheikkila\/oppimisen-tuki\/","title":{"rendered":"Oppimisen tuki"},"content":{"rendered":"<div class=\"wysiwyg wysiwyg--ingress wysiwyg--ingress--page\">\n<div class=\"wysiwyg wysiwyg--news-ingress text-long\">\n<p>Oppimisen tuen lakiuudistus astui voimaan 1.8.2025. Aiemmin k\u00e4yt\u00f6ss\u00e4 oli kolmiportainen tuki, joka koostui kolmesta tasosta: yleinen, tehostettu ja erityinen tuki. Oppimisen tuen lakiuudistuksessa n\u00e4m\u00e4 tasot poistuivat. Jatkossa oppilas voi saada ryhm\u00e4kohtaista ja oppilaskohtaista tukea.<\/p>\n<\/div>\n<div class=\"general\">\n<div class=\"wysiwyg text-long\">\n<p>Uudistuksessa painottuu ennaltaehk\u00e4isy sek\u00e4 oppilaiden oikeus opiskella omassa l\u00e4hikoulussaan. Uudistuksen tavoitteena on varmistaa, ett\u00e4 kaikki oppilaat saavat tarvitsemansa tuen oppimisessaan.<\/p>\n<\/div>\n<\/div>\n<p>Koulussa kaiken toiminnan perustana on oppilaiden turvallisuuteen, hyvinvointiin ja oppimiseen panostava toimintakulttuuri. T\u00e4m\u00e4 toimintakulttuuri mahdollistaa my\u00f6s oppimisen ja koulunk\u00e4ynnin tuen j\u00e4rjest\u00e4misen. Oppimisen edellytyksi\u00e4 tukevat opetusj\u00e4rjestelyt<strong>\u00a0<\/strong>edist\u00e4v\u00e4t oppilaiden oppimista ja hyvinvointia sek\u00e4 luovat pohjan oppilaiden tarpeiden huomioimiselle. N\u00e4it\u00e4 ovat erilaiset opettajien toimintaan ja opetuksen j\u00e4rjest\u00e4miseen liittyv\u00e4t ratkaisut, jotka tukevat oppimista ja kouluarjen toteuttamista.<\/p>\n<\/div>\n<div id=\"block-turku-v2-theme-content\" class=\"block\">\n<article class=\"page\">\n<div class=\"content-paragraph\">\n<div class=\"general\">\n<div class=\"wysiwyg text-long\">\n<p>Oppimisen edellytyksi\u00e4 tukevia opetusj\u00e4rjestelyit\u00e4 ovat esimerkiksi<\/p>\n<ul>\n<li style=\"list-style-type: none\">\n<ul>\n<li>Opettajien v\u00e4linen yhteisty\u00f6 opetuksessa<\/li>\n<li>Koulunk\u00e4ynninohjaajien hy\u00f6dynt\u00e4minen oppilaiden tukemisessa<\/li>\n<li>Yhteisesti sovitut toimintatavat<\/li>\n<li>Opetusryhmien tarkoituksenmukainen muodostaminen ja ryhmittely koulup\u00e4ivien aikana<\/li>\n<li>Kiireet\u00f6n ja oppilaiden kohtaamista tukeva ilmapiiri<\/li>\n<li>Opetuksen eriytt\u00e4minen, strukturointi ja kielitietoisuus<\/li>\n<\/ul>\n<\/li>\n<\/ul>\n<p>V\u00e4h\u00e4-Heikkil\u00e4n koulussa opetusta suunnitellaan yhteisty\u00f6ss\u00e4 vuosiluokkatiimeiss\u00e4. Oppitunneilla on selke\u00e4 aloitus ja lopetus. Oppilaat kokoontuvat v\u00e4litunnin p\u00e4\u00e4ttyess\u00e4 sovitulle jonopaikalle, josta luokkaan siirryt\u00e4\u00e4n aina opettajan johdolla. P\u00e4iv\u00e4j\u00e4rjestys, tunnin ohjelma ja kotiteht\u00e4v\u00e4t ovat n\u00e4kyviss\u00e4. Lukuj\u00e4rjestyksiss\u00e4 on huomioitu jakotunnit sek\u00e4 luokka-asteiden sis\u00e4ll\u00e4 oppituntien palkitus ja mahdollisuus joustaviin ryhmittelyihin. Koulussamme ty\u00f6skentelee lukuvuonna 2025-2026 yhteens\u00e4 seitsem\u00e4n koulunk\u00e4ynninohjaajaa, viisi V\u00e4h\u00e4-Heikkil\u00e4n yksik\u00f6ss\u00e4 ja kaksi Uittamon yksik\u00f6ss\u00e4.<\/p>\n<\/div>\n<\/div>\n<\/div>\n<div class=\"content-paragraph\">\n<div class=\"accordion\">\n<h3 class=\"heading h3\">Ryhm\u00e4kohtaiset tukimuodot<\/h3>\n<div class=\"wysiwyg text-long\">\n<p>Ryhm\u00e4kohtaiset tukimuodot toteutetaan ensisijaisesti osana jokap\u00e4iv\u00e4ist\u00e4 luokkaopetusta. Ryhm\u00e4kohtaista tukea annetaan joustavasti heti, kun tarve ilmenee, eik\u00e4 niist\u00e4 tehd\u00e4 oppilaille erillisi\u00e4 p\u00e4\u00e4t\u00f6ksi\u00e4 tuen toteuttamisesta.<\/p>\n<p>Ryhm\u00e4kohtaisia tukimuotoja ovat<\/p>\n<ul>\n<li>Yleinen tukiopetus<\/li>\n<li>Opetuskielen tukiopetus<\/li>\n<li>Erityisopettajan antama opetus muun opetuksen yhteydess\u00e4<\/li>\n<\/ul>\n<\/div>\n<\/div>\n<div class=\"accordion\">\n<h3 class=\"heading h3\">Oppilaskohtaiset tukitoimet<\/h3>\n<div class=\"wysiwyg text-long\">\n<p>Oppilaskohtaisilla tukitoimilla t\u00e4ydennet\u00e4\u00e4n oppilaan tukea, jos aiemmat tukimuodot eiv\u00e4t ole olleet riitt\u00e4vi\u00e4. Oppilaskohtaiset tukitoimet suunnitellaan oppilaan henkil\u00f6kohtaisten tarpeiden mukaan ja niiden tavoitteena on turvata oppilaan opinnoissa eteneminen. Oppilaskohtaisista tukitoimista tehd\u00e4\u00e4n hallintop\u00e4\u00e4t\u00f6s ja tukea suunnitellaan yhteisty\u00f6ss\u00e4 huoltajan kanssa.<\/p>\n<p>Oppilaskohtaisia tukitoimia ovat<\/p>\n<ul>\n<li>Erityisopettajan opetus osittain pienryhm\u00e4ss\u00e4<\/li>\n<li>Erityisopettajan tai erityisluokanopettajan opetus pienryhm\u00e4ss\u00e4<\/li>\n<li>Erityisluokanopettajan opetus erityisluokalla<\/li>\n<li>Tulkitsemis- ja avustajapalvelut sek\u00e4 apuv\u00e4lineet<\/li>\n<\/ul>\n<p>V\u00e4h\u00e4-Heikkil\u00e4n koulussa ty\u00f6skentelee kaksi laaja-alaista erityisopettajaa. Koulussamme on erityisluokat luokka-asteille 1-2, 3-4 ja 5-6. N\u00e4iss\u00e4 luokissa opetuksesta vastaa erityisluokanopettaja.<\/p>\n<div class=\"wysiwyg text-long\"><\/div>\n<div class=\"accordion-item__close\">Lue lis\u00e4\u00e4 oppimisen tuen j\u00e4rjestelyist\u00e4: <a href=\"https:\/\/www.turku.fi\/perusopetus\/tukea-oppimiseen\">https:\/\/www.turku.fi\/perusopetus\/tukea-oppimiseen<\/a><\/div>\n<div><\/div>\n<\/div>\n<\/div>\n<\/div>\n<\/article>\n<\/div>\n","protected":false},"excerpt":{"rendered":"<p>Oppimisen tuen lakiuudistus astui voimaan 1.8.2025. Aiemmin k\u00e4yt\u00f6ss\u00e4 oli kolmiportainen tuki, joka koostui kolmesta tasosta: yleinen, tehostettu ja erityinen tuki. Oppimisen tuen lakiuudistuksessa n\u00e4m\u00e4 tasot poistuivat. Jatkossa oppilas voi saada ryhm\u00e4kohtaista ja oppilaskohtaista tukea. Uudistuksessa painottuu ennaltaehk\u00e4isy sek\u00e4 oppilaiden oikeus opiskella omassa l\u00e4hikoulussaan. Uudistuksen tavoitteena on varmistaa, ett\u00e4 kaikki oppilaat saavat tarvitsemansa tuen oppimisessaan. Koulussa &hellip; <a href=\"https:\/\/blog.edu.turku.fi\/vahaheikkila\/oppimisen-tuki\/\" class=\"more-link\">Jatka lukemista<span class=\"screen-reader-text\"> &#8221;Oppimisen tuki&#8221;<\/span><\/a><\/p>\n","protected":false},"author":2677,"featured_media":0,"parent":0,"menu_order":0,"comment_status":"closed","ping_status":"closed","template":"","meta":{"footnotes":""},"class_list":["post-1125","page","type-page","status-publish","hentry"],"_links":{"self":[{"href":"https:\/\/blog.edu.turku.fi\/vahaheikkila\/wp-json\/wp\/v2\/pages\/1125","targetHints":{"allow":["GET"]}}],"collection":[{"href":"https:\/\/blog.edu.turku.fi\/vahaheikkila\/wp-json\/wp\/v2\/pages"}],"about":[{"href":"https:\/\/blog.edu.turku.fi\/vahaheikkila\/wp-json\/wp\/v2\/types\/page"}],"author":[{"embeddable":true,"href":"https:\/\/blog.edu.turku.fi\/vahaheikkila\/wp-json\/wp\/v2\/users\/2677"}],"replies":[{"embeddable":true,"href":"https:\/\/blog.edu.turku.fi\/vahaheikkila\/wp-json\/wp\/v2\/comments?post=1125"}],"version-history":[{"count":3,"href":"https:\/\/blog.edu.turku.fi\/vahaheikkila\/wp-json\/wp\/v2\/pages\/1125\/revisions"}],"predecessor-version":[{"id":1128,"href":"https:\/\/blog.edu.turku.fi\/vahaheikkila\/wp-json\/wp\/v2\/pages\/1125\/revisions\/1128"}],"wp:attachment":[{"href":"https:\/\/blog.edu.turku.fi\/vahaheikkila\/wp-json\/wp\/v2\/media?parent=1125"}],"curies":[{"name":"wp","href":"https:\/\/api.w.org\/{rel}","templated":true}]}}