{"id":1059,"date":"2025-09-04T11:59:25","date_gmt":"2025-09-04T08:59:25","guid":{"rendered":"https:\/\/blog.edu.turku.fi\/vahaheikkila\/?page_id=1059"},"modified":"2025-09-04T11:59:25","modified_gmt":"2025-09-04T08:59:25","slug":"tasa-arvo-ja-yhdenvertaisuus","status":"publish","type":"page","link":"https:\/\/blog.edu.turku.fi\/vahaheikkila\/tasa-arvo-ja-yhdenvertaisuus\/","title":{"rendered":"Tasa-arvo ja yhdenvertaisuus"},"content":{"rendered":"<p>Koulutuksen j\u00e4rjest\u00e4j\u00e4n velvollisuuksiin kuuluu tasa-arvo- ja yhdenvertaisuussuunnitelman laatiminen. Suunnitelman tarkoituksena on tukea tasa-arvon ja yhdenvertaisuuden edist\u00e4mist\u00e4 oppilaitoksissa. Linkist\u00e4 l\u00f6yd\u00e4t V\u00e4h\u00e4-Heikkil\u00e4n koulun tasa-arvo- ja yhdenvertaisuussuunnitelman.<\/p>\n<p><a href=\"https:\/\/blog.edu.turku.fi\/vahaheikkila\/files\/2025\/09\/Tasa-arvo-ja-yhdenvertaisuussuunnitelma-2025.pdf\">Tasa-arvo- ja yhdenvertaisuussuunnitelma 2025<\/a><\/p>\n","protected":false},"excerpt":{"rendered":"<p>Koulutuksen j\u00e4rjest\u00e4j\u00e4n velvollisuuksiin kuuluu tasa-arvo- ja yhdenvertaisuussuunnitelman laatiminen. Suunnitelman tarkoituksena on tukea tasa-arvon ja yhdenvertaisuuden edist\u00e4mist\u00e4 oppilaitoksissa. Linkist\u00e4 l\u00f6yd\u00e4t V\u00e4h\u00e4-Heikkil\u00e4n koulun tasa-arvo- ja yhdenvertaisuussuunnitelman. Tasa-arvo- ja yhdenvertaisuussuunnitelma 2025<\/p>\n","protected":false},"author":2677,"featured_media":0,"parent":0,"menu_order":0,"comment_status":"closed","ping_status":"closed","template":"","meta":{"footnotes":""},"class_list":["post-1059","page","type-page","status-publish","hentry"],"_links":{"self":[{"href":"https:\/\/blog.edu.turku.fi\/vahaheikkila\/wp-json\/wp\/v2\/pages\/1059","targetHints":{"allow":["GET"]}}],"collection":[{"href":"https:\/\/blog.edu.turku.fi\/vahaheikkila\/wp-json\/wp\/v2\/pages"}],"about":[{"href":"https:\/\/blog.edu.turku.fi\/vahaheikkila\/wp-json\/wp\/v2\/types\/page"}],"author":[{"embeddable":true,"href":"https:\/\/blog.edu.turku.fi\/vahaheikkila\/wp-json\/wp\/v2\/users\/2677"}],"replies":[{"embeddable":true,"href":"https:\/\/blog.edu.turku.fi\/vahaheikkila\/wp-json\/wp\/v2\/comments?post=1059"}],"version-history":[{"count":1,"href":"https:\/\/blog.edu.turku.fi\/vahaheikkila\/wp-json\/wp\/v2\/pages\/1059\/revisions"}],"predecessor-version":[{"id":1062,"href":"https:\/\/blog.edu.turku.fi\/vahaheikkila\/wp-json\/wp\/v2\/pages\/1059\/revisions\/1062"}],"wp:attachment":[{"href":"https:\/\/blog.edu.turku.fi\/vahaheikkila\/wp-json\/wp\/v2\/media?parent=1059"}],"curies":[{"name":"wp","href":"https:\/\/api.w.org\/{rel}","templated":true}]}}