{"id":1037,"date":"2025-08-13T14:54:36","date_gmt":"2025-08-13T11:54:36","guid":{"rendered":"https:\/\/blog.edu.turku.fi\/vahaheikkila\/?page_id=1037"},"modified":"2025-08-13T14:57:28","modified_gmt":"2025-08-13T11:57:28","slug":"psykiatrinen-sairaanhoitaja","status":"publish","type":"page","link":"https:\/\/blog.edu.turku.fi\/vahaheikkila\/oppilashuolto\/psykiatrinen-sairaanhoitaja\/","title":{"rendered":"Psykiatrinen sairaanhoitaja"},"content":{"rendered":"<p>Varsinais-Suomen hyvinvointialueen lasten ja nuorten perustason mielenterveys- ja p\u00e4ihdepalvelut ovat toteutettu p\u00e4\u00e4asiassa kouluihin jalkautuvana ty\u00f6n\u00e4. Koulujen psykiatriset sairaanhoitajat tarjoavat koko Varhan alueella varhaisen vaiheen mielenterveys- ja p\u00e4ihdepalveluita perus- sek\u00e4 toisen asteen opiskelijoille. V\u00e4h\u00e4-Heikkil\u00e4n koulun psykiatrisena sairaanhoitajana toimii Salla-Miisa Siira. Psykiatrisen sairaanhoitajan luona asioidaan erilaisissa mielen hyvinvointiin liittyviss\u00e4 asioissa silloin, kun kyseess\u00e4 on laajemmin lapsen tai nuoren el\u00e4m\u00e4\u00e4n vaikuttava mielenterveyden ongelma tai huoli p\u00e4ihteiden k\u00e4yt\u00f6st\u00e4.<\/p>\n<p>Psykiatrisen sairaanhoitajan teht\u00e4v\u00e4\u00e4n kuuluu p\u00e4\u00e4asiassa keskivaikeiden sek\u00e4 pitkittyneiden mielenterveyden ongelmien hoito\u202fsuunnitelmallisesti ja tavoitteellisesti. Hoito voidaan toteuttaa yksil\u00f6- tai ryhm\u00e4interventiona. Hoidon tarpeen arviointi tehd\u00e4\u00e4n tarvittaessa yhteisty\u00f6ss\u00e4 oppilashuollon henkil\u00f6kunnan kanssa. Hoidon alussa tehd\u00e4\u00e4n aina hoitosuunnitelma, johon m\u00e4\u00e4ritell\u00e4\u00e4n yksil\u00f6llisesti hoidon tavoitteet. Hoitosuunnitelman toteutumista, tavoitteiden saavuttamista sek\u00e4 hoidon vaikutuksia arvioidaan koko hoidon ajan.<\/p>\n<p>Yhteydenotot psykiatriseen sairaanhoitajaan tapahtuu ensisijaisesti oppilashuollon kautta. Psykiatrinen sairaanhoitaja kartoittaa oppilaan tilanteen lyhyesti ja varmistaa, ett\u00e4 h\u00e4nell\u00e4 on lupa tietojen vaihtoon oppilashuollon kanssa sek\u00e4 kysyy my\u00f6s mahdollisista muista k\u00e4ynniss\u00e4 olevista kontakteista. Psykiatriset sairaanhoitajat osallistuvat my\u00f6s mahdollisuuksien mukaan koulujen yhteis\u00f6lliseen toimintaan oppilashuoltoryhm\u00e4n kanssa.<\/p>\n<p>Psykiatrinen sairaanhoitaja <strong>Salla-Miisa Siira<\/strong>, p. 044 907 5543, salla-miisa.siira@varha.fi<\/p>\n","protected":false},"excerpt":{"rendered":"<p>Varsinais-Suomen hyvinvointialueen lasten ja nuorten perustason mielenterveys- ja p\u00e4ihdepalvelut ovat toteutettu p\u00e4\u00e4asiassa kouluihin jalkautuvana ty\u00f6n\u00e4. Koulujen psykiatriset sairaanhoitajat tarjoavat koko Varhan alueella varhaisen vaiheen mielenterveys- ja p\u00e4ihdepalveluita perus- sek\u00e4 toisen asteen opiskelijoille. V\u00e4h\u00e4-Heikkil\u00e4n koulun psykiatrisena sairaanhoitajana toimii Salla-Miisa Siira. Psykiatrisen sairaanhoitajan luona asioidaan erilaisissa mielen hyvinvointiin liittyviss\u00e4 asioissa silloin, kun kyseess\u00e4 on laajemmin lapsen tai &hellip; <a href=\"https:\/\/blog.edu.turku.fi\/vahaheikkila\/oppilashuolto\/psykiatrinen-sairaanhoitaja\/\" class=\"more-link\">Jatka lukemista<span class=\"screen-reader-text\"> &#8221;Psykiatrinen sairaanhoitaja&#8221;<\/span><\/a><\/p>\n","protected":false},"author":2677,"featured_media":0,"parent":68,"menu_order":0,"comment_status":"closed","ping_status":"closed","template":"","meta":{"footnotes":""},"class_list":["post-1037","page","type-page","status-publish","hentry"],"_links":{"self":[{"href":"https:\/\/blog.edu.turku.fi\/vahaheikkila\/wp-json\/wp\/v2\/pages\/1037","targetHints":{"allow":["GET"]}}],"collection":[{"href":"https:\/\/blog.edu.turku.fi\/vahaheikkila\/wp-json\/wp\/v2\/pages"}],"about":[{"href":"https:\/\/blog.edu.turku.fi\/vahaheikkila\/wp-json\/wp\/v2\/types\/page"}],"author":[{"embeddable":true,"href":"https:\/\/blog.edu.turku.fi\/vahaheikkila\/wp-json\/wp\/v2\/users\/2677"}],"replies":[{"embeddable":true,"href":"https:\/\/blog.edu.turku.fi\/vahaheikkila\/wp-json\/wp\/v2\/comments?post=1037"}],"version-history":[{"count":2,"href":"https:\/\/blog.edu.turku.fi\/vahaheikkila\/wp-json\/wp\/v2\/pages\/1037\/revisions"}],"predecessor-version":[{"id":1040,"href":"https:\/\/blog.edu.turku.fi\/vahaheikkila\/wp-json\/wp\/v2\/pages\/1037\/revisions\/1040"}],"up":[{"embeddable":true,"href":"https:\/\/blog.edu.turku.fi\/vahaheikkila\/wp-json\/wp\/v2\/pages\/68"}],"wp:attachment":[{"href":"https:\/\/blog.edu.turku.fi\/vahaheikkila\/wp-json\/wp\/v2\/media?parent=1037"}],"curies":[{"name":"wp","href":"https:\/\/api.w.org\/{rel}","templated":true}]}}