{"id":43,"date":"2020-10-28T14:39:42","date_gmt":"2020-10-28T12:39:42","guid":{"rendered":"https:\/\/blog.edu.turku.fi\/varhaiskasvatuksenulkopedagogiikanmateriaalipaketti\/?page_id=43"},"modified":"2020-11-11T23:11:57","modified_gmt":"2020-11-11T21:11:57","slug":"ulkopedagogiikan-materiaalipaketin-synty-ja-sisalto","status":"publish","type":"page","link":"https:\/\/blog.edu.turku.fi\/ulkopeda\/ulkopedagogiikan-materiaalipaketin-synty-ja-sisalto\/","title":{"rendered":"Ulkopedagogiikan materiaalipaketin synty ja sis\u00e4lt\u00f6"},"content":{"rendered":"<p>Ulkopedagogiikan materiaalipakettiin olemme ker\u00e4nneet mahdollisimman paljon erilaisia perhep\u00e4iv\u00e4hoitoon sopivia toiminnallisia ja pedagogisia ulkoleikkej\u00e4 ja menetelmi\u00e4. Ulkopedagogiikan materiaalipaketissa on huomioitu vasun oppimisen osa-alueet sek\u00e4 lapsen osallisuus.<\/p>\n<p>Osa leikeist\u00e4 ja menetelmist\u00e4 on lainattu muista julkaisuista, sek\u00e4 netist\u00e4 . Osa on meid\u00e4n perhep\u00e4iv\u00e4hoidon kiert\u00e4vien varhaiskasvatuksen opettajien itse kehittelemi\u00e4 ja osa perhep\u00e4iv\u00e4hoitajien ja heid\u00e4n lastensa ideoimia. Suurin osa leikeist\u00e4 ja menetelmist\u00e4 on testattu perhep\u00e4iv\u00e4hoidon k\u00e4yt\u00f6ss\u00e4.<\/p>\n<p>Toiminnalliset ja pedagogiset ulkoleikit on suunniteltu ja ker\u00e4tty nelj\u00e4n eri aihealueen sis\u00e4lle:<\/p>\n<p>METS\u00c4 (mets\u00e4\u00e4n sopivia toiminnallisia leikkej\u00e4)<br \/>\nPUISTO (puistoon sopivia toiminnallisia leikkej\u00e4)<br \/>\nV\u00c4LINE (toiminnallisia leikkej\u00e4, joissa mukana jokin v\u00e4line tai materiaali)<br \/>\nVISKARI (toiminnallisia leikkej\u00e4 viisivuotiaille tai numeroista\/kirjaimista\/adjektiiveista\/muodoista kiinnostuneille lapsille)<\/p>\n<p>Ulkopedagogiikan materiaalipaketissa kaikki leikkien ohjeet l\u00f6ytyv\u00e4t ulkoleikkikorteista, jotka on helppo napata mukaan ulkoiluun. Ulkoleikkikorttien reunat on v\u00e4rikoodattu aihealueen mukaisesti ja oikeassa yl\u00e4kulmassa on aihealueen logo<br \/>\nmets\u00e4 = vihre\u00e4<br \/>\npuisto = punainen<br \/>\nv\u00e4line = keltainen<br \/>\nviskari = sininen<\/p>\n<p><img loading=\"lazy\" decoding=\"async\" class=\"alignnone size-full wp-image-29\" src=\"https:\/\/blog.edu.turku.fi\/ulkopeda\/files\/2020\/10\/logot.png\" alt=\"\" width=\"1096\" height=\"326\" srcset=\"https:\/\/blog.edu.turku.fi\/ulkopeda\/files\/2020\/10\/logot.png 1096w, https:\/\/blog.edu.turku.fi\/ulkopeda\/files\/2020\/10\/logot-300x89.png 300w, https:\/\/blog.edu.turku.fi\/ulkopeda\/files\/2020\/10\/logot-1024x305.png 1024w\" sizes=\"auto, (max-width: 709px) 85vw, (max-width: 909px) 67vw, (max-width: 1362px) 62vw, 840px\" \/><\/p>\n<p>T\u00e4ss\u00e4 kuva ulkoleikkikorteista aihealueittain<\/p>\n<p><img loading=\"lazy\" decoding=\"async\" class=\"alignnone size-full wp-image-75\" src=\"https:\/\/blog.edu.turku.fi\/ulkopeda\/files\/2020\/11\/kuva-ulkoleikkikortit.jpg\" alt=\"\" width=\"1024\" height=\"768\" srcset=\"https:\/\/blog.edu.turku.fi\/ulkopeda\/files\/2020\/11\/kuva-ulkoleikkikortit.jpg 1024w, https:\/\/blog.edu.turku.fi\/ulkopeda\/files\/2020\/11\/kuva-ulkoleikkikortit-300x225.jpg 300w\" sizes=\"auto, (max-width: 709px) 85vw, (max-width: 909px) 67vw, (max-width: 1362px) 62vw, 840px\" \/><\/p>\n<p><strong>Materiaalipaketti sis\u00e4lt\u00e4\u00e4 kokonaisuudessaan:<\/strong><\/p>\n<ul>\n<li>Esipuheen<\/li>\n<li>K\u00e4ytt\u00f6ohjekortin<\/li>\n<li>Vinkkikortin ohjaajalle toiminnan ohjaamiseen<\/li>\n<li>V\u00e4lilehdet aihealueittain<\/li>\n<li>Tyhji\u00e4 korttisivuja t\u00e4ytett\u00e4v\u00e4ksi eri aihealueista<\/li>\n<li><strong>Ulkoleikkikortit aihealueittain<\/strong><\/li>\n<li><strong>Kuvamateriaalipaketin, josta l\u00f6yd\u00e4t leikkeihin tarvittavat valmiit kuvamateriaalit<\/strong><\/li>\n<\/ul>\n<p>&nbsp;<\/p>\n<p>T\u00e4ss\u00e4 kuva monipuolisesta kuvamateriaalista. Sielt\u00e4 l\u00f6yd\u00e4t erilaisia kuva- ja sanakortteja ,joita tarvitset mm. v\u00e4line-ja viskarileikeiss\u00e4.<\/p>\n<p><img loading=\"lazy\" decoding=\"async\" class=\"alignnone size-full wp-image-72\" src=\"https:\/\/blog.edu.turku.fi\/ulkopeda\/files\/2020\/11\/kuva-vain-kuvamateriaalista-rappusilla-sarita-e1605126820561.jpg\" alt=\"\" width=\"768\" height=\"1024\" srcset=\"https:\/\/blog.edu.turku.fi\/ulkopeda\/files\/2020\/11\/kuva-vain-kuvamateriaalista-rappusilla-sarita-e1605126820561.jpg 768w, https:\/\/blog.edu.turku.fi\/ulkopeda\/files\/2020\/11\/kuva-vain-kuvamateriaalista-rappusilla-sarita-e1605126820561-225x300.jpg 225w\" sizes=\"auto, (max-width: 768px) 85vw, 768px\" \/><\/p>\n<p>Hankety\u00f6mme aikana olemme kouluttaneet kaikki Turun kaupungin perhep\u00e4iv\u00e4hoitajat t\u00e4m\u00e4n materiaalin k\u00e4ytt\u00f6\u00f6n.\u00a0 T\u00e4\u00e4lt\u00e4 l\u00f6yd\u00e4t powerpoint luentomateriaalin koulutuksesta<\/p>\n<p><a href=\"https:\/\/blog.edu.turku.fi\/ulkopeda\/files\/2020\/11\/Luento-Perhepaivahoidon-ulkopedagogiikka-materiaalipaketista.pptx\">Luento Perhep\u00e4iv\u00e4hoidon ulkopedagogiikka materiaalipaketista<\/a><\/p>\n<p>&nbsp;<\/p>\n","protected":false},"excerpt":{"rendered":"<p>Ulkopedagogiikan materiaalipakettiin olemme ker\u00e4nneet mahdollisimman paljon erilaisia perhep\u00e4iv\u00e4hoitoon sopivia toiminnallisia ja pedagogisia ulkoleikkej\u00e4 ja menetelmi\u00e4. Ulkopedagogiikan materiaalipaketissa on huomioitu vasun oppimisen osa-alueet sek\u00e4 lapsen osallisuus. Osa leikeist\u00e4 ja menetelmist\u00e4 on lainattu muista julkaisuista, sek\u00e4 netist\u00e4 . Osa on meid\u00e4n perhep\u00e4iv\u00e4hoidon kiert\u00e4vien varhaiskasvatuksen opettajien itse kehittelemi\u00e4 ja osa perhep\u00e4iv\u00e4hoitajien ja heid\u00e4n lastensa ideoimia. Suurin osa leikeist\u00e4 &hellip; <a href=\"https:\/\/blog.edu.turku.fi\/ulkopeda\/ulkopedagogiikan-materiaalipaketin-synty-ja-sisalto\/\" class=\"more-link\">Jatka lukemista<span class=\"screen-reader-text\"> &#8221;Ulkopedagogiikan materiaalipaketin synty ja sis\u00e4lt\u00f6&#8221;<\/span><\/a><\/p>\n","protected":false},"author":3063,"featured_media":0,"parent":0,"menu_order":0,"comment_status":"closed","ping_status":"closed","template":"","meta":{"footnotes":""},"class_list":["post-43","page","type-page","status-publish","hentry"],"_links":{"self":[{"href":"https:\/\/blog.edu.turku.fi\/ulkopeda\/wp-json\/wp\/v2\/pages\/43","targetHints":{"allow":["GET"]}}],"collection":[{"href":"https:\/\/blog.edu.turku.fi\/ulkopeda\/wp-json\/wp\/v2\/pages"}],"about":[{"href":"https:\/\/blog.edu.turku.fi\/ulkopeda\/wp-json\/wp\/v2\/types\/page"}],"author":[{"embeddable":true,"href":"https:\/\/blog.edu.turku.fi\/ulkopeda\/wp-json\/wp\/v2\/users\/3063"}],"replies":[{"embeddable":true,"href":"https:\/\/blog.edu.turku.fi\/ulkopeda\/wp-json\/wp\/v2\/comments?post=43"}],"version-history":[{"count":14,"href":"https:\/\/blog.edu.turku.fi\/ulkopeda\/wp-json\/wp\/v2\/pages\/43\/revisions"}],"predecessor-version":[{"id":87,"href":"https:\/\/blog.edu.turku.fi\/ulkopeda\/wp-json\/wp\/v2\/pages\/43\/revisions\/87"}],"wp:attachment":[{"href":"https:\/\/blog.edu.turku.fi\/ulkopeda\/wp-json\/wp\/v2\/media?parent=43"}],"curies":[{"name":"wp","href":"https:\/\/api.w.org\/{rel}","templated":true}]}}