{"id":4,"date":"2020-10-13T17:11:37","date_gmt":"2020-10-13T14:11:37","guid":{"rendered":"https:\/\/blog.edu.turku.fi\/varhaiskasvatuksenulkopedagogiikanmateriaalipaketti\/?page_id=4"},"modified":"2021-08-27T14:23:53","modified_gmt":"2021-08-27T11:23:53","slug":"etusivu","status":"publish","type":"page","link":"https:\/\/blog.edu.turku.fi\/ulkopeda\/","title":{"rendered":"Etusivu"},"content":{"rendered":"<p>Ulkona oppiminen ja oivaltaminen lasten kanssa on mahtavaa!<\/p>\n<p>Olemme kaksi perhep\u00e4iv\u00e4hoidon kiert\u00e4v\u00e4\u00e4 varhaiskasvatuksen opettajaa Sarita M\u00e4ki\u00f6 ja Tiina Kaskinen. Ty\u00f6skentelemme hankety\u00f6ntekij\u00f6in\u00e4 Turussa, Positiivisen diskriminaation edist\u00e4mishankkeessa (1.9.2019-31.12.2021). Yhten\u00e4 toimintamme tavoitteena on kehitt\u00e4\u00e4 Turun kaupungin perhep\u00e4iv\u00e4hoidon pedagogista ja toiminnallista ulkoilua. T\u00e4h\u00e4n tarpeeseen olemme koonneet yhteen helppok\u00e4ytt\u00f6isen ulkopedagogiikan materiaalipaketin. Sielt\u00e4 l\u00f6yd\u00e4t nopeasti ja helposti pedagogisia ja toiminnallisia\u00a0 ulkoleikkej\u00e4 ulkoleikkikorttien muodossa, sek\u00e4 niihin tarvittavat valmiit materiaalit kaiken ik\u00e4isille lapsille.<\/p>\n<p>T\u00e4ss\u00e4 kuva koko materiaalista<\/p>\n<p><img loading=\"lazy\" decoding=\"async\" class=\"alignnone size-full wp-image-73\" src=\"https:\/\/blog.edu.turku.fi\/ulkopeda\/files\/2020\/11\/kuva-koko-materiaalista-rappusilla-sarita-e1605126831797.jpg\" alt=\"\" width=\"768\" height=\"1024\" srcset=\"https:\/\/blog.edu.turku.fi\/ulkopeda\/files\/2020\/11\/kuva-koko-materiaalista-rappusilla-sarita-e1605126831797.jpg 768w, https:\/\/blog.edu.turku.fi\/ulkopeda\/files\/2020\/11\/kuva-koko-materiaalista-rappusilla-sarita-e1605126831797-225x300.jpg 225w\" sizes=\"auto, (max-width: 768px) 85vw, 768px\" \/><\/p>\n<p>Perhep\u00e4iv\u00e4hoidon ulkopedagogiikan materiaalipaketin l\u00f6yd\u00e4t alla olevista linkeist\u00e4. Sielt\u00e4 voit helposti tulostaa koko paketin itsellesi tai ty\u00f6yhteis\u00f6si k\u00e4ytt\u00f6\u00f6n. Koko paketti sis\u00e4lt\u00e4\u00e4 n\u00e4m\u00e4 kaksi tiedosta. Ensimm\u00e4isest\u00e4 l\u00f6yd\u00e4t ulkoleikkikortit , joissa on valmiit ohjeet kaikkiin leikkeihin. Toisesta tiedostosta l\u00f6yd\u00e4t valmiit leikeiss\u00e4 tarvittavat kuvamateriaalit.<\/p>\n<p><a href=\"https:\/\/blog.edu.turku.fi\/ulkopeda\/files\/2021\/08\/Ulkoleikkikortit-2020.pdf\">Ulkoleikkikortit 2020<\/a><\/p>\n<p><a href=\"https:\/\/blog.edu.turku.fi\/ulkopeda\/files\/2020\/12\/Materiaalipaketti-2020-ja-rahoituslogo-valmis.pdf\">Materiaalipaketti valmis 2020 ja rahoituslogo (pdf)<\/a><\/p>\n<p>Perhep\u00e4iv\u00e4hoidon ulkopedagogiikan materiaalipaketti on tarkoitettu printattavaksi materiaaliksi eik\u00e4 ole siksi saavutettava. Se on kuitenkin purettu saavutettavaksi tekstiversioksi, jonka voit ladata itsellesi t\u00e4st\u00e4: <a href=\"https:\/\/blog.edu.turku.fi\/ulkopeda\/files\/2021\/08\/Perhepaivahoidon-ulkoleikkikortit-tektiversio.pdf\">Perhep\u00e4iv\u00e4hoidon ulkopedagogiikan materiaalipaketin tekstiversio<\/a><\/p>\n<p><a href=\"https:\/\/dotku.turku.fi\/sivistys\/varhaiskasvatus\/perhepaivahoito\/PDhanke\/Forms\/AllItems.aspx\">Ulkopedagogiikan materiaalipaketti l\u00f6ytyy s\u00e4hk\u00f6isen\u00e4 my\u00f6s Turun kaupungin s\u00e4hk\u00f6iselt\u00e4 alustalta (Dotku)<\/a>\u00a0 T\u00e4m\u00e4 vaatii kirjautumisen Turun kaupungin tunnuksilla.<\/p>\n<p>Alla olevasta videosta p\u00e4\u00e4set kurkistamaan, mit\u00e4\u00a0 perhep\u00e4iv\u00e4hoidon ulkopedagogiikan materiaalipaketti sis\u00e4lt\u00e4\u00e4 ja miten se on syntynyt. Saat my\u00f6s hyvi\u00e4 vinkkej\u00e4 sen k\u00e4ytt\u00f6\u00f6n.<\/p>\n<p><iframe loading=\"lazy\" title=\"Perhep\u00e4iv\u00e4hoidon ulkopedagogiikan materiaalipaketin esittely (tekstitetty suomeksi)\" width=\"840\" height=\"473\" src=\"https:\/\/www.youtube.com\/embed\/_Mz3E1srr4c?feature=oembed\" frameborder=\"0\" allow=\"accelerometer; autoplay; clipboard-write; encrypted-media; gyroscope; picture-in-picture\" allowfullscreen><\/iframe><\/p>\n<p>&nbsp;<\/p>\n<p>Pssst. K\u00e4y lukemassa my\u00f6s perhep\u00e4iv\u00e4hoidon materiaalipaketin synty ja sis\u00e4lt\u00f6 sivu. Siell\u00e4 kerromme tarkemmin, miten t\u00e4m\u00e4 paketti on synytynyt ja mit\u00e4 se sis\u00e4lt\u00e4\u00e4.<\/p>\n<p>Ei muuta kuin ulos leikkim\u00e4\u00e4n ja liikkumaan!<\/p>\n<p>Mukavia oppimishetki\u00e4 ulkona toivottavat perhep\u00e4iv\u00e4hoidon kiert\u00e4v\u00e4t varhaiskasvatusken opettajat<\/p>\n<p>Sarita M\u00e4ki\u00f6 ja Tiina Kaskinen<\/p>\n<p>Sarita M\u00e4ki\u00f6 etunimi.sukunimi@turku.fi<\/p>\n<p>Tiina Kaskinen etunimi.e.sukunimi@turku.fi<\/p>\n<p>&nbsp;<\/p>\n<p><img loading=\"lazy\" decoding=\"async\" class=\"alignnone wp-image-84\" src=\"https:\/\/blog.edu.turku.fi\/ulkopeda\/files\/2020\/11\/kuva-meista-kesalla-e1605128064769.jpg\" alt=\"\" width=\"253\" height=\"338\" srcset=\"https:\/\/blog.edu.turku.fi\/ulkopeda\/files\/2020\/11\/kuva-meista-kesalla-e1605128064769.jpg 425w, https:\/\/blog.edu.turku.fi\/ulkopeda\/files\/2020\/11\/kuva-meista-kesalla-e1605128064769-224x300.jpg 224w\" sizes=\"auto, (max-width: 253px) 85vw, 253px\" \/><\/p>\n","protected":false},"excerpt":{"rendered":"<p>Ulkona oppiminen ja oivaltaminen lasten kanssa on mahtavaa! Olemme kaksi perhep\u00e4iv\u00e4hoidon kiert\u00e4v\u00e4\u00e4 varhaiskasvatuksen opettajaa Sarita M\u00e4ki\u00f6 ja Tiina Kaskinen. Ty\u00f6skentelemme hankety\u00f6ntekij\u00f6in\u00e4 Turussa, Positiivisen diskriminaation edist\u00e4mishankkeessa (1.9.2019-31.12.2021). Yhten\u00e4 toimintamme tavoitteena on kehitt\u00e4\u00e4 Turun kaupungin perhep\u00e4iv\u00e4hoidon pedagogista ja toiminnallista ulkoilua. T\u00e4h\u00e4n tarpeeseen olemme koonneet yhteen helppok\u00e4ytt\u00f6isen ulkopedagogiikan materiaalipaketin. Sielt\u00e4 l\u00f6yd\u00e4t nopeasti ja helposti pedagogisia ja toiminnallisia\u00a0 ulkoleikkej\u00e4 &hellip; <a href=\"https:\/\/blog.edu.turku.fi\/ulkopeda\/\" class=\"more-link\">Jatka lukemista<span class=\"screen-reader-text\"> &#8221;Etusivu&#8221;<\/span><\/a><\/p>\n","protected":false},"author":9,"featured_media":0,"parent":0,"menu_order":0,"comment_status":"closed","ping_status":"closed","template":"","meta":{"footnotes":""},"class_list":["post-4","page","type-page","status-publish","hentry"],"_links":{"self":[{"href":"https:\/\/blog.edu.turku.fi\/ulkopeda\/wp-json\/wp\/v2\/pages\/4","targetHints":{"allow":["GET"]}}],"collection":[{"href":"https:\/\/blog.edu.turku.fi\/ulkopeda\/wp-json\/wp\/v2\/pages"}],"about":[{"href":"https:\/\/blog.edu.turku.fi\/ulkopeda\/wp-json\/wp\/v2\/types\/page"}],"author":[{"embeddable":true,"href":"https:\/\/blog.edu.turku.fi\/ulkopeda\/wp-json\/wp\/v2\/users\/9"}],"replies":[{"embeddable":true,"href":"https:\/\/blog.edu.turku.fi\/ulkopeda\/wp-json\/wp\/v2\/comments?post=4"}],"version-history":[{"count":28,"href":"https:\/\/blog.edu.turku.fi\/ulkopeda\/wp-json\/wp\/v2\/pages\/4\/revisions"}],"predecessor-version":[{"id":113,"href":"https:\/\/blog.edu.turku.fi\/ulkopeda\/wp-json\/wp\/v2\/pages\/4\/revisions\/113"}],"wp:attachment":[{"href":"https:\/\/blog.edu.turku.fi\/ulkopeda\/wp-json\/wp\/v2\/media?parent=4"}],"curies":[{"name":"wp","href":"https:\/\/api.w.org\/{rel}","templated":true}]}}