{"id":106,"date":"2021-08-24T12:31:25","date_gmt":"2021-08-24T09:31:25","guid":{"rendered":"https:\/\/blog.edu.turku.fi\/ulkopeda\/?page_id=106"},"modified":"2021-12-17T13:14:50","modified_gmt":"2021-12-17T11:14:50","slug":"perhepaivahoidon-kiertavan-varhaiskasvatuksen-opettajan-tyomuoto","status":"publish","type":"page","link":"https:\/\/blog.edu.turku.fi\/ulkopeda\/perhepaivahoidon-kiertavan-varhaiskasvatuksen-opettajan-tyomuoto\/","title":{"rendered":"Perhep\u00e4iv\u00e4hoidon kiert\u00e4v\u00e4n varhaiskasvatuksen opettajan ty\u00f6muoto"},"content":{"rendered":"<p>Hankkeen aikana on tehty raportti, jossa kuvataan kokonaisuudessaan perhep\u00e4iv\u00e4hoidon kiert\u00e4v\u00e4n varhaiskasvatuksen opettajan ty\u00f6muoto.\u00a0 Ty\u00f6muoto on muodostunut opetushallituksen rahoittamassa positiivisen diskriminaation edist\u00e4mishankkeessa. Hanketta toteutettiin 2.9.2019-31.12.2021 Turussa.<\/p>\n<p>Raportin l\u00f6yd\u00e4t t\u00e4\u00e4lt\u00e4<\/p>\n<p><a href=\"https:\/\/blog.edu.turku.fi\/ulkopeda\/files\/2021\/12\/kiertavan-varhaiskasvatuksen-opettajan-tyomuoto-perhepaivahoidossa-1.pdf\">kiert\u00e4v\u00e4n varhaiskasvatuksen opettajan ty\u00f6muoto perhep\u00e4iv\u00e4hoidossa<\/a><\/p>\n<p><img loading=\"lazy\" decoding=\"async\" class=\"wp-image-114 alignleft\" src=\"https:\/\/blog.edu.turku.fi\/ulkopeda\/files\/2021\/08\/Kuva-kansilehdesta-tyomuoto.png\" alt=\"\" width=\"144\" height=\"204\" srcset=\"https:\/\/blog.edu.turku.fi\/ulkopeda\/files\/2021\/08\/Kuva-kansilehdesta-tyomuoto.png 520w, https:\/\/blog.edu.turku.fi\/ulkopeda\/files\/2021\/08\/Kuva-kansilehdesta-tyomuoto-212x300.png 212w\" sizes=\"auto, (max-width: 144px) 85vw, 144px\" \/><\/p>\n","protected":false},"excerpt":{"rendered":"<p>Hankkeen aikana on tehty raportti, jossa kuvataan kokonaisuudessaan perhep\u00e4iv\u00e4hoidon kiert\u00e4v\u00e4n varhaiskasvatuksen opettajan ty\u00f6muoto.\u00a0 Ty\u00f6muoto on muodostunut opetushallituksen rahoittamassa positiivisen diskriminaation edist\u00e4mishankkeessa. Hanketta toteutettiin 2.9.2019-31.12.2021 Turussa. Raportin l\u00f6yd\u00e4t t\u00e4\u00e4lt\u00e4 kiert\u00e4v\u00e4n varhaiskasvatuksen opettajan ty\u00f6muoto perhep\u00e4iv\u00e4hoidossa<\/p>\n","protected":false},"author":3063,"featured_media":0,"parent":0,"menu_order":0,"comment_status":"closed","ping_status":"closed","template":"","meta":{"footnotes":""},"class_list":["post-106","page","type-page","status-publish","hentry"],"_links":{"self":[{"href":"https:\/\/blog.edu.turku.fi\/ulkopeda\/wp-json\/wp\/v2\/pages\/106","targetHints":{"allow":["GET"]}}],"collection":[{"href":"https:\/\/blog.edu.turku.fi\/ulkopeda\/wp-json\/wp\/v2\/pages"}],"about":[{"href":"https:\/\/blog.edu.turku.fi\/ulkopeda\/wp-json\/wp\/v2\/types\/page"}],"author":[{"embeddable":true,"href":"https:\/\/blog.edu.turku.fi\/ulkopeda\/wp-json\/wp\/v2\/users\/3063"}],"replies":[{"embeddable":true,"href":"https:\/\/blog.edu.turku.fi\/ulkopeda\/wp-json\/wp\/v2\/comments?post=106"}],"version-history":[{"count":10,"href":"https:\/\/blog.edu.turku.fi\/ulkopeda\/wp-json\/wp\/v2\/pages\/106\/revisions"}],"predecessor-version":[{"id":129,"href":"https:\/\/blog.edu.turku.fi\/ulkopeda\/wp-json\/wp\/v2\/pages\/106\/revisions\/129"}],"wp:attachment":[{"href":"https:\/\/blog.edu.turku.fi\/ulkopeda\/wp-json\/wp\/v2\/media?parent=106"}],"curies":[{"name":"wp","href":"https:\/\/api.w.org\/{rel}","templated":true}]}}