{"id":76,"date":"2015-06-25T10:30:02","date_gmt":"2015-06-25T07:30:02","guid":{"rendered":"https:\/\/blog.edu.turku.fi\/uittamonphy\/?page_id=76"},"modified":"2025-02-04T16:42:32","modified_gmt":"2025-02-04T14:42:32","slug":"hyodyllisia-linkkeja","status":"publish","type":"page","link":"https:\/\/blog.edu.turku.fi\/uittamonphy\/hyodyllisia-linkkeja\/","title":{"rendered":"Hy\u00f6dyllisi\u00e4 linkkej\u00e4"},"content":{"rendered":"<p><a href=\"https:\/\/www.turku.fi\/paivahoito-ja-koulutus\/varhaiskasvatus\">Tietoa Turun kaupungin varhaiskasvatuksesta<\/a><\/p>\n<p><a href=\"https:\/\/menu.kaarea.fi\/KaareaAromieMenus\/FI\/Default\/Kaarea\/_\/Default.aspx\">Ruokalistat<\/a><\/p>\n<p><a href=\"https:\/\/blog.edu.turku.fi\/molla\/oppimateriaaleja\/\">Varhaiskasvatuksen oppimateriaaleja verkossa<\/a><\/p>\n","protected":false},"excerpt":{"rendered":"<p>Tietoa Turun kaupungin varhaiskasvatuksesta Ruokalistat Varhaiskasvatuksen oppimateriaaleja verkossa<\/p>\n","protected":false},"author":705,"featured_media":0,"parent":0,"menu_order":5,"comment_status":"closed","ping_status":"closed","template":"","meta":{"footnotes":""},"class_list":["post-76","page","type-page","status-publish","hentry"],"_links":{"self":[{"href":"https:\/\/blog.edu.turku.fi\/uittamonphy\/wp-json\/wp\/v2\/pages\/76","targetHints":{"allow":["GET"]}}],"collection":[{"href":"https:\/\/blog.edu.turku.fi\/uittamonphy\/wp-json\/wp\/v2\/pages"}],"about":[{"href":"https:\/\/blog.edu.turku.fi\/uittamonphy\/wp-json\/wp\/v2\/types\/page"}],"author":[{"embeddable":true,"href":"https:\/\/blog.edu.turku.fi\/uittamonphy\/wp-json\/wp\/v2\/users\/705"}],"replies":[{"embeddable":true,"href":"https:\/\/blog.edu.turku.fi\/uittamonphy\/wp-json\/wp\/v2\/comments?post=76"}],"version-history":[{"count":12,"href":"https:\/\/blog.edu.turku.fi\/uittamonphy\/wp-json\/wp\/v2\/pages\/76\/revisions"}],"predecessor-version":[{"id":558,"href":"https:\/\/blog.edu.turku.fi\/uittamonphy\/wp-json\/wp\/v2\/pages\/76\/revisions\/558"}],"wp:attachment":[{"href":"https:\/\/blog.edu.turku.fi\/uittamonphy\/wp-json\/wp\/v2\/media?parent=76"}],"curies":[{"name":"wp","href":"https:\/\/api.w.org\/{rel}","templated":true}]}}