{"id":594,"date":"2025-06-04T12:00:35","date_gmt":"2025-06-04T09:00:35","guid":{"rendered":"https:\/\/blog.edu.turku.fi\/uittamonphy\/?page_id=594"},"modified":"2025-06-04T12:00:35","modified_gmt":"2025-06-04T09:00:35","slug":"594-2","status":"publish","type":"page","link":"https:\/\/blog.edu.turku.fi\/uittamonphy\/","title":{"rendered":""},"content":{"rendered":"<p style=\"text-align: center;\">Tervetuloa Uittamon p\u00e4iv\u00e4kodin kotisivujen pariin.<br \/>\nUittamon p\u00e4iv\u00e4kotiin kuuluu kaksi p\u00e4iv\u00e4kotia:<br \/>\nPulttikadun p\u00e4iv\u00e4koti (Pulttikatu 2) ja Jalustinkadun p\u00e4iv\u00e4koti (Jalustinkatu 8).<\/p>\n","protected":false},"excerpt":{"rendered":"<p>Tervetuloa Uittamon p\u00e4iv\u00e4kodin kotisivujen pariin. Uittamon p\u00e4iv\u00e4kotiin kuuluu kaksi p\u00e4iv\u00e4kotia: Pulttikadun p\u00e4iv\u00e4koti (Pulttikatu 2) ja Jalustinkadun p\u00e4iv\u00e4koti (Jalustinkatu 8).<\/p>\n","protected":false},"author":9,"featured_media":0,"parent":0,"menu_order":0,"comment_status":"closed","ping_status":"closed","template":"","meta":{"footnotes":""},"class_list":["post-594","page","type-page","status-publish","hentry"],"_links":{"self":[{"href":"https:\/\/blog.edu.turku.fi\/uittamonphy\/wp-json\/wp\/v2\/pages\/594","targetHints":{"allow":["GET"]}}],"collection":[{"href":"https:\/\/blog.edu.turku.fi\/uittamonphy\/wp-json\/wp\/v2\/pages"}],"about":[{"href":"https:\/\/blog.edu.turku.fi\/uittamonphy\/wp-json\/wp\/v2\/types\/page"}],"author":[{"embeddable":true,"href":"https:\/\/blog.edu.turku.fi\/uittamonphy\/wp-json\/wp\/v2\/users\/9"}],"replies":[{"embeddable":true,"href":"https:\/\/blog.edu.turku.fi\/uittamonphy\/wp-json\/wp\/v2\/comments?post=594"}],"version-history":[{"count":1,"href":"https:\/\/blog.edu.turku.fi\/uittamonphy\/wp-json\/wp\/v2\/pages\/594\/revisions"}],"predecessor-version":[{"id":595,"href":"https:\/\/blog.edu.turku.fi\/uittamonphy\/wp-json\/wp\/v2\/pages\/594\/revisions\/595"}],"wp:attachment":[{"href":"https:\/\/blog.edu.turku.fi\/uittamonphy\/wp-json\/wp\/v2\/media?parent=594"}],"curies":[{"name":"wp","href":"https:\/\/api.w.org\/{rel}","templated":true}]}}