{"id":240,"date":"2015-10-19T13:03:58","date_gmt":"2015-10-19T10:03:58","guid":{"rendered":"https:\/\/blog.edu.turku.fi\/uittamonphy\/?page_id=240"},"modified":"2025-06-04T08:58:38","modified_gmt":"2025-06-04T05:58:38","slug":"paivakoti","status":"publish","type":"page","link":"https:\/\/blog.edu.turku.fi\/uittamonphy\/yhteystiedot-2\/paivakoti\/","title":{"rendered":"P\u00e4iv\u00e4kodin johtajat ja varhaiskasvatuksen erityisopettaja"},"content":{"rendered":"<p><strong>P\u00e4iv\u00e4kodin johtaja: <\/strong><\/p>\n<p>Anne Lehto p.\u00a0 050 303 5990<\/p>\n<p>anne.lehto@edu.turku.fi<\/p>\n<p><strong>P\u00e4iv\u00e4kodin varajohtaja: <\/strong><\/p>\n<p>Marjo Uusi-Jaakkola p. 040 627 8574<\/p>\n<p>marjo.uusi-jaakkola@edu.turku.fi<\/p>\n<p><strong>P\u00e4iv\u00e4kodin varhaiskasvatuksen erityisopettaja: <\/strong><\/p>\n<p>Mirjami H\u00f6glund p. 044 901 4163<\/p>\n<p>mirjami.hoglund@edu.turku.fi<\/p>\n","protected":false},"excerpt":{"rendered":"<p>P\u00e4iv\u00e4kodin johtaja: Anne Lehto p.\u00a0 050 303 5990 anne.lehto@edu.turku.fi P\u00e4iv\u00e4kodin varajohtaja: Marjo Uusi-Jaakkola p. 040 627 8574 marjo.uusi-jaakkola@edu.turku.fi P\u00e4iv\u00e4kodin varhaiskasvatuksen erityisopettaja: Mirjami H\u00f6glund p. 044 901 4163 mirjami.hoglund@edu.turku.fi<\/p>\n","protected":false},"author":1262,"featured_media":0,"parent":55,"menu_order":1,"comment_status":"closed","ping_status":"closed","template":"","meta":{"footnotes":""},"class_list":["post-240","page","type-page","status-publish","hentry"],"_links":{"self":[{"href":"https:\/\/blog.edu.turku.fi\/uittamonphy\/wp-json\/wp\/v2\/pages\/240","targetHints":{"allow":["GET"]}}],"collection":[{"href":"https:\/\/blog.edu.turku.fi\/uittamonphy\/wp-json\/wp\/v2\/pages"}],"about":[{"href":"https:\/\/blog.edu.turku.fi\/uittamonphy\/wp-json\/wp\/v2\/types\/page"}],"author":[{"embeddable":true,"href":"https:\/\/blog.edu.turku.fi\/uittamonphy\/wp-json\/wp\/v2\/users\/1262"}],"replies":[{"embeddable":true,"href":"https:\/\/blog.edu.turku.fi\/uittamonphy\/wp-json\/wp\/v2\/comments?post=240"}],"version-history":[{"count":22,"href":"https:\/\/blog.edu.turku.fi\/uittamonphy\/wp-json\/wp\/v2\/pages\/240\/revisions"}],"predecessor-version":[{"id":591,"href":"https:\/\/blog.edu.turku.fi\/uittamonphy\/wp-json\/wp\/v2\/pages\/240\/revisions\/591"}],"up":[{"embeddable":true,"href":"https:\/\/blog.edu.turku.fi\/uittamonphy\/wp-json\/wp\/v2\/pages\/55"}],"wp:attachment":[{"href":"https:\/\/blog.edu.turku.fi\/uittamonphy\/wp-json\/wp\/v2\/media?parent=240"}],"curies":[{"name":"wp","href":"https:\/\/api.w.org\/{rel}","templated":true}]}}