{"id":206,"date":"2015-10-19T12:02:57","date_gmt":"2015-10-19T09:02:57","guid":{"rendered":"https:\/\/blog.edu.turku.fi\/uittamonphy\/?page_id=206"},"modified":"2025-03-06T09:30:24","modified_gmt":"2025-03-06T07:30:24","slug":"susiniitynkatu","status":"publish","type":"page","link":"https:\/\/blog.edu.turku.fi\/uittamonphy\/ryhmat-2\/susiniitynkatu\/","title":{"rendered":"Pulttikatu 2"},"content":{"rendered":"<p><strong>Apilat ja Timoteit<\/strong><\/p>\n<p>Apilat ja Timoteit ovat p\u00e4iv\u00e4kotimme pienimpi\u00e4. Kummassakin ryhm\u00e4ss\u00e4 touhuaa kaksitoista alle 3-vuotiasta lasta. Apiloissa ty\u00f6skentelev\u00e4t varhaiskasvatuksen opettaja Piia ja lastenhoitajat Sari ja Ellen. Uusimmassa ryhm\u00e4ss\u00e4mme Timoteissa aikuisina ovat varhaiskasvatuksen opettaja Charlene, sosionomi Marika sek\u00e4 lastenhoitajat Heidi ja Ofelia.<\/p>\n<p><strong>Helmik\u00e4t<\/strong><\/p>\n<p>Helmik\u00f6iss\u00e4 vilist\u00e4v\u00e4t 2-4 -vuotiaat lapset varhaiskasvatuksen opettaja Mariannen,\u00a0lastenhoitaja Nooran ja ryhm\u00e4avustaja Katin johdolla.<\/p>\n<p><strong>Kaislat<\/strong><\/p>\n<p>Kaisloissa temmelt\u00e4v\u00e4t 2-4 -vuotiaat lapset varhaiskasvatuksen opettajien Janinan ja Katriinan \/ Jennan ja lastenhoitaja Mian ohjaamina.<\/p>\n<p><strong>Sarat<\/strong><\/p>\n<p>Sarat ovat monivammaisten lasten kuntouttava erityisryhm\u00e4. Saroissa on t\u00e4ll\u00e4 hetkell\u00e4 viisi 2-6 -vuotiasta lasta. Lasten kanssa ty\u00f6skentelev\u00e4t varhaiskasvatuksen opettaja Heidi H, sairaanhoitaja Satu V. sek\u00e4 lastenhoitajat Heidi V. ja Satu P.<\/p>\n<p>Lis\u00e4ksi Pulttikadulla ty\u00f6skentelev\u00e4t varahoitajat Pirjo ja Evita sek\u00e4 laitoshuoltajat Sadiya ja Laia. P\u00e4iv\u00e4kotimme erityisopettaja Mirjami ty\u00f6skentelee kaikissa ryhmiss\u00e4mme.<\/p>\n<p>Kaikissa ryhmiss\u00e4mme kokoonnutaan p\u00e4ivitt\u00e4in aamupiiriin, jossa k\u00e4yd\u00e4\u00e4n l\u00e4pi p\u00e4iv\u00e4n ohjelmaa toiminnallisesti kuvia hy\u00f6dynt\u00e4en. Aamup\u00e4ivisin toimitaan pienryhmiss\u00e4 p\u00e4iv\u00e4n ohjelman mukaisesti. Toiminta vaihtelee teemojen, vuodenaikojen ja lasten omien ideoiden mukaan varhaiskasvatussuunnitelmaa noudattaen.<\/p>\n","protected":false},"excerpt":{"rendered":"<p>Apilat ja Timoteit Apilat ja Timoteit ovat p\u00e4iv\u00e4kotimme pienimpi\u00e4. Kummassakin ryhm\u00e4ss\u00e4 touhuaa kaksitoista alle 3-vuotiasta lasta. Apiloissa ty\u00f6skentelev\u00e4t varhaiskasvatuksen opettaja Piia ja lastenhoitajat Sari ja Ellen. Uusimmassa ryhm\u00e4ss\u00e4mme Timoteissa aikuisina ovat varhaiskasvatuksen opettaja Charlene, sosionomi Marika sek\u00e4 lastenhoitajat Heidi ja Ofelia. Helmik\u00e4t Helmik\u00f6iss\u00e4 vilist\u00e4v\u00e4t 2-4 -vuotiaat lapset varhaiskasvatuksen opettaja Mariannen,\u00a0lastenhoitaja Nooran ja ryhm\u00e4avustaja Katin johdolla. &hellip; <a href=\"https:\/\/blog.edu.turku.fi\/uittamonphy\/ryhmat-2\/susiniitynkatu\/\" class=\"more-link\">Jatka lukemista<span class=\"screen-reader-text\"> &#8221;Pulttikatu 2&#8221;<\/span><\/a><\/p>\n","protected":false},"author":1262,"featured_media":0,"parent":14,"menu_order":1,"comment_status":"closed","ping_status":"closed","template":"","meta":{"footnotes":""},"class_list":["post-206","page","type-page","status-publish","hentry"],"_links":{"self":[{"href":"https:\/\/blog.edu.turku.fi\/uittamonphy\/wp-json\/wp\/v2\/pages\/206","targetHints":{"allow":["GET"]}}],"collection":[{"href":"https:\/\/blog.edu.turku.fi\/uittamonphy\/wp-json\/wp\/v2\/pages"}],"about":[{"href":"https:\/\/blog.edu.turku.fi\/uittamonphy\/wp-json\/wp\/v2\/types\/page"}],"author":[{"embeddable":true,"href":"https:\/\/blog.edu.turku.fi\/uittamonphy\/wp-json\/wp\/v2\/users\/1262"}],"replies":[{"embeddable":true,"href":"https:\/\/blog.edu.turku.fi\/uittamonphy\/wp-json\/wp\/v2\/comments?post=206"}],"version-history":[{"count":21,"href":"https:\/\/blog.edu.turku.fi\/uittamonphy\/wp-json\/wp\/v2\/pages\/206\/revisions"}],"predecessor-version":[{"id":571,"href":"https:\/\/blog.edu.turku.fi\/uittamonphy\/wp-json\/wp\/v2\/pages\/206\/revisions\/571"}],"up":[{"embeddable":true,"href":"https:\/\/blog.edu.turku.fi\/uittamonphy\/wp-json\/wp\/v2\/pages\/14"}],"wp:attachment":[{"href":"https:\/\/blog.edu.turku.fi\/uittamonphy\/wp-json\/wp\/v2\/media?parent=206"}],"curies":[{"name":"wp","href":"https:\/\/api.w.org\/{rel}","templated":true}]}}