{"id":204,"date":"2015-10-19T12:02:22","date_gmt":"2015-10-19T09:02:22","guid":{"rendered":"https:\/\/blog.edu.turku.fi\/uittamonphy\/?page_id=204"},"modified":"2025-03-06T09:31:32","modified_gmt":"2025-03-06T07:31:32","slug":"jalustinkatu","status":"publish","type":"page","link":"https:\/\/blog.edu.turku.fi\/uittamonphy\/ryhmat-2\/jalustinkatu\/","title":{"rendered":"Jalustinkatu 8"},"content":{"rendered":"<p><strong>Merihevoset <\/strong><\/p>\n<p>Merihevosissa touhuavat\u00a0 4-5 vuotiaat lapset. Lapsia opettavat, hoitavat ja kasvattavat kaksi varhaiskasvatuksen opettajaa Raija ja Merja sek\u00e4 kaksi lastenhoitajaa Riia ja Susanna.<\/p>\n<p><strong>Merit\u00e4hdet<\/strong><\/p>\n<p>Merit\u00e4hdiss\u00e4 ovat p\u00e4iv\u00e4kodin vanhimmat lapset, 5-6 vuotiaat. Merit\u00e4hdiss\u00e4 j\u00e4rjestet\u00e4\u00e4n siis my\u00f6s esiopetusta. Merit\u00e4htien aikuiset ovat varhaiskasvatuksen opettajat Jenni ja Jaana, lastenhoitaja Teija sek\u00e4 ryhm\u00e4avustaja Deeqo.<\/p>\n<p>Lis\u00e4ksi Jalustinkadulla ty\u00f6skentelev\u00e4t varahoitajat Pirjo ja Evita sek\u00e4 laitoshuoltaja Jenna. P\u00e4iv\u00e4kotimme erityisopettaja Mirjami ty\u00f6skentelee kaikissa ryhmiss\u00e4mme.<\/p>\n<p>&nbsp;<\/p>\n","protected":false},"excerpt":{"rendered":"<p>Merihevoset Merihevosissa touhuavat\u00a0 4-5 vuotiaat lapset. Lapsia opettavat, hoitavat ja kasvattavat kaksi varhaiskasvatuksen opettajaa Raija ja Merja sek\u00e4 kaksi lastenhoitajaa Riia ja Susanna. Merit\u00e4hdet Merit\u00e4hdiss\u00e4 ovat p\u00e4iv\u00e4kodin vanhimmat lapset, 5-6 vuotiaat. Merit\u00e4hdiss\u00e4 j\u00e4rjestet\u00e4\u00e4n siis my\u00f6s esiopetusta. Merit\u00e4htien aikuiset ovat varhaiskasvatuksen opettajat Jenni ja Jaana, lastenhoitaja Teija sek\u00e4 ryhm\u00e4avustaja Deeqo. Lis\u00e4ksi Jalustinkadulla ty\u00f6skentelev\u00e4t varahoitajat Pirjo ja &hellip; <a href=\"https:\/\/blog.edu.turku.fi\/uittamonphy\/ryhmat-2\/jalustinkatu\/\" class=\"more-link\">Jatka lukemista<span class=\"screen-reader-text\"> &#8221;Jalustinkatu 8&#8221;<\/span><\/a><\/p>\n","protected":false},"author":1262,"featured_media":0,"parent":14,"menu_order":2,"comment_status":"closed","ping_status":"closed","template":"","meta":{"footnotes":""},"class_list":["post-204","page","type-page","status-publish","hentry"],"_links":{"self":[{"href":"https:\/\/blog.edu.turku.fi\/uittamonphy\/wp-json\/wp\/v2\/pages\/204","targetHints":{"allow":["GET"]}}],"collection":[{"href":"https:\/\/blog.edu.turku.fi\/uittamonphy\/wp-json\/wp\/v2\/pages"}],"about":[{"href":"https:\/\/blog.edu.turku.fi\/uittamonphy\/wp-json\/wp\/v2\/types\/page"}],"author":[{"embeddable":true,"href":"https:\/\/blog.edu.turku.fi\/uittamonphy\/wp-json\/wp\/v2\/users\/1262"}],"replies":[{"embeddable":true,"href":"https:\/\/blog.edu.turku.fi\/uittamonphy\/wp-json\/wp\/v2\/comments?post=204"}],"version-history":[{"count":13,"href":"https:\/\/blog.edu.turku.fi\/uittamonphy\/wp-json\/wp\/v2\/pages\/204\/revisions"}],"predecessor-version":[{"id":572,"href":"https:\/\/blog.edu.turku.fi\/uittamonphy\/wp-json\/wp\/v2\/pages\/204\/revisions\/572"}],"up":[{"embeddable":true,"href":"https:\/\/blog.edu.turku.fi\/uittamonphy\/wp-json\/wp\/v2\/pages\/14"}],"wp:attachment":[{"href":"https:\/\/blog.edu.turku.fi\/uittamonphy\/wp-json\/wp\/v2\/media?parent=204"}],"curies":[{"name":"wp","href":"https:\/\/api.w.org\/{rel}","templated":true}]}}