{"id":99,"date":"2020-03-26T12:15:24","date_gmt":"2020-03-26T10:15:24","guid":{"rendered":"https:\/\/blog.edu.turku.fi\/tyovaenopisto\/?page_id=99"},"modified":"2026-02-24T13:21:28","modified_gmt":"2026-02-24T11:21:28","slug":"toimisto","status":"publish","type":"page","link":"https:\/\/blog.edu.turku.fi\/tyovaenopisto\/toimisto\/","title":{"rendered":"Toimisto"},"content":{"rendered":"<p><strong>K\u00e4yntiosoite:<\/strong> Kaskenkatu 5, opistotalo, 2. kerros.<\/p>\n<p><strong>Postiosoite:<\/strong> Kaskenkatu 5, 20700 Turku<\/p>\n<p><strong>Puhelin:<\/strong> 02 262 9811<\/p>\n<p><strong>S\u00e4hk\u00f6posti: <\/strong>tyovaenopisto@edu.turku.fi<\/p>\n<p><strong>Aukioloajat:<\/strong><\/p>\n<p>7.1.2026 alkaen ma\u2013to klo 10\u201318<\/p>\n<p>Toimisto on suljettuna koulujen lomaviikkoina, arkipyhin\u00e4, kiirastorstaina 2.4.2026 sek\u00e4 vappuaattona 30.4.2026.<\/p>\n<p><strong>Internet:<\/strong> <a href=\"https:\/\/www.turuntyovaenopisto.fi\" target=\"_blank\" rel=\"noopener noreferrer\">https:\/\/www.turuntyovaenopisto.fi<\/a> tai <a href=\"https:\/\/blog.edu.turku.fi\/tyovaenopisto\/\" target=\"_blank\" rel=\"noopener noreferrer\">https:\/\/blog.edu.turku.fi\/tyovaenopisto<\/a><\/p>\n<p><strong>Facebook:<\/strong> <a href=\"http:\/\/www.facebook.com\/turuntyovaenopisto\" target=\"_blank\" rel=\"noopener noreferrer\">http:\/\/www.facebook.com\/turuntyovaenopisto<\/a><\/p>\n<p><strong>Instagram: <\/strong><a href=\"https:\/\/www.instagram.com\/turuntyovis\/\" rel=\"alternate\">https:\/\/www.instagram.com\/turuntyovis\/<\/a><\/p>\n<p><strong>Palaute, palautteet: <a href=\"https:\/\/opaskartta.turku.fi\/eFeedback\/fi\/Feedback\/52-Ty%C3%B6v%C3%A4enopistot\">Ty\u00f6v\u00e4enopistot &#8211; Anna palautetta &#8211; Turun palautepalvelu (turku.fi)<\/a><\/strong><\/p>\n","protected":false},"excerpt":{"rendered":"<p>K\u00e4yntiosoite: Kaskenkatu 5, opistotalo, 2. kerros. Postiosoite: Kaskenkatu 5, 20700 Turku Puhelin: 02 262 9811 S\u00e4hk\u00f6posti: tyovaenopisto@edu.turku.fi Aukioloajat: 7.1.2026 alkaen ma\u2013to klo 10\u201318 Toimisto on suljettuna koulujen lomaviikkoina, arkipyhin\u00e4, kiirastorstaina 2.4.2026 sek\u00e4 vappuaattona 30.4.2026. Internet: https:\/\/www.turuntyovaenopisto.fi tai https:\/\/blog.edu.turku.fi\/tyovaenopisto Facebook: http:\/\/www.facebook.com\/turuntyovaenopisto Instagram: https:\/\/www.instagram.com\/turuntyovis\/ Palaute, palautteet: Ty\u00f6v\u00e4enopistot &#8211; Anna palautetta &#8211; Turun palautepalvelu (turku.fi)<\/p>\n","protected":false},"author":2817,"featured_media":0,"parent":0,"menu_order":0,"comment_status":"closed","ping_status":"closed","template":"","meta":{"footnotes":""},"class_list":["post-99","page","type-page","status-publish","hentry"],"_links":{"self":[{"href":"https:\/\/blog.edu.turku.fi\/tyovaenopisto\/wp-json\/wp\/v2\/pages\/99","targetHints":{"allow":["GET"]}}],"collection":[{"href":"https:\/\/blog.edu.turku.fi\/tyovaenopisto\/wp-json\/wp\/v2\/pages"}],"about":[{"href":"https:\/\/blog.edu.turku.fi\/tyovaenopisto\/wp-json\/wp\/v2\/types\/page"}],"author":[{"embeddable":true,"href":"https:\/\/blog.edu.turku.fi\/tyovaenopisto\/wp-json\/wp\/v2\/users\/2817"}],"replies":[{"embeddable":true,"href":"https:\/\/blog.edu.turku.fi\/tyovaenopisto\/wp-json\/wp\/v2\/comments?post=99"}],"version-history":[{"count":109,"href":"https:\/\/blog.edu.turku.fi\/tyovaenopisto\/wp-json\/wp\/v2\/pages\/99\/revisions"}],"predecessor-version":[{"id":4559,"href":"https:\/\/blog.edu.turku.fi\/tyovaenopisto\/wp-json\/wp\/v2\/pages\/99\/revisions\/4559"}],"wp:attachment":[{"href":"https:\/\/blog.edu.turku.fi\/tyovaenopisto\/wp-json\/wp\/v2\/media?parent=99"}],"curies":[{"name":"wp","href":"https:\/\/api.w.org\/{rel}","templated":true}]}}