{"id":953,"date":"2021-02-07T08:00:59","date_gmt":"2021-02-07T06:00:59","guid":{"rendered":"https:\/\/blog.edu.turku.fi\/tyovaenopisto\/?page_id=953"},"modified":"2022-01-10T07:50:30","modified_gmt":"2022-01-10T05:50:30","slug":"etaopetus-opiskelijoiden-nakokulmasta","status":"publish","type":"page","link":"https:\/\/blog.edu.turku.fi\/tyovaenopisto\/opettajille-ja-luennoitsijoille\/etaopetus-opiskelijoiden-nakokulmasta\/","title":{"rendered":"Et\u00e4opetus opiskelijoiden n\u00e4k\u00f6kulmasta"},"content":{"rendered":"<p>\u2013 Yksinkertaisimmillaan opiston et\u00e4opetus toteutetaan siten, ett\u00e4 opettaja l\u00e4hett\u00e4\u00e4 opiskelijalle s\u00e4hk\u00f6postin, jossa on linkki et\u00e4opetusohjelmaan. Linkki\u00e4 klikkaamalla p\u00e4\u00e4see et\u00e4opetustilaan silloin kun kurssi pidet\u00e4\u00e4n.<\/p>\n<p>\u2013 Turun ty\u00f6v\u00e4enopiston et\u00e4opetusohjelmat ovat <strong>Microsoft Teams<\/strong>, <strong>Google Meet<\/strong> ja <strong>Jitsi<\/strong>.<\/p>\n<p>\u2013 Voit osallistua et\u00e4opetukseen tietokoneellasi, tabletillasi\/taulutietokoneellasi tai \u00e4lypuhelimellasi. Tietokoneeseen ei tarvitse asentaa mit\u00e4\u00e4n, p\u00e4\u00e4set mukaan <strong>Google Chrome<\/strong> tai <strong>Microsoft Edge<\/strong> -internetselaimellasi. Tabletilla ja \u00e4lypuhelimella suositellaan k\u00e4ytett\u00e4v\u00e4n Teams, Google Meet tai Jitsi Meet &#8211;<strong>sovellusta<\/strong>.<\/p>\n<p>\u2013\u00a0 Osa opettajista k\u00e4ytt\u00e4\u00e4 kurssillaan verkkokokousohjelman lis\u00e4ksi Moodlea, jonka kautta voidaan jakaa esimerkiksi kotiteht\u00e4vi\u00e4.<\/p>\n<p>\u2013 Jumppa-\/jooga-\/tanssikursseille voi osallistua vaikka omassa tietokoneessasi ei olisi mikrofonia ja kameraa. Kaiutttimen tarvitset (usein integroitu tietokoneeseen tai n\u00e4ytt\u00f6\u00f6n). Tabletilla ja \u00e4lypuhelimellakin voi osallistua, mutta n\u00e4ihin suositellaan asennettavan Teams, Google Meet tai Jitsi Meet -sovellus.<\/p>\n<p>\u2013 Keskustelukursseille osallistuaksesi tarvitset tietokoneesi mikrofonia. Omaa kameraa voi monella kurssilla k\u00e4ytt\u00e4\u00e4, mutta se ei ole v\u00e4ltt\u00e4m\u00e4t\u00f6nt\u00e4. Tabletilla ja \u00e4lypuhelimellakin voi osallistua, mutta n\u00e4ihin suositellaan asennettavan Teams, Google Meet tai Jitsi Meet -sovellus Google Play &#8211; tai App Store -sovelluskaupasta.<\/p>\n<p>\u2013 Opiskelijan ruudun n\u00e4kym\u00e4 et\u00e4opetustilanteessa riippuu siit\u00e4 mill\u00e4 laitteella osallistutaan (tietokone, tabletti, puhelin) sek\u00e4 siit\u00e4 k\u00e4ytet\u00e4\u00e4nk\u00f6 et\u00e4opetusohjelman sovellusta vai internetselainta. Esim. Teamsiss\u00e4 internetselainta k\u00e4ytt\u00e4v\u00e4t opiskelijat n\u00e4kev\u00e4t opetustilanteessa opettajan sek\u00e4 itsens\u00e4, mutta tablettia + Teams-sovellusta k\u00e4ytt\u00e4v\u00e4 n\u00e4kee edellisten lis\u00e4ksi my\u00f6s kaikki muut osallistujat.<\/p>\n<h2>Microsoft Teams<\/h2>\n<p>\u2013 Opettaja l\u00e4hett\u00e4\u00e4 opiskelijan s\u00e4hk\u00f6postiin linkin, jota klikkaamalla avautuu et\u00e4opetustila ajankohtana jolloin kurssinne pidet\u00e4\u00e4n. Automaattisesti luodussa linkiss\u00e4 lukee &#8221;Liity kokoukseen napsauttamalla t\u00e4t\u00e4&#8221; tai &#8221;Join Microsoft Teams Meeting&#8221;.<\/p>\n<p>\u2013 Teamsi\u00e4 voi suositellaan k\u00e4ytett\u00e4v\u00e4n <strong>Google Chrome<\/strong> tai <strong>Microsoft Edge<\/strong> -internetselaimella tai Teams-sovelluksella, jonka voi ladata Google Play tai App Store -sovelluskaupasta.<\/p>\n<p>\u2013 Tablettiin\/taulutietokoneeseen tai \u00e4lypuhelimeen suositellaan asennettavan <strong>Teams-sovellus<\/strong>.<\/p>\n<p>\u2013 Ohje : <a href=\"https:\/\/blog.edu.turku.fi\/tyovaenopisto\/files\/2021\/02\/Teams-kokoukseen-liittyminen-opiskelijan-pikaohje.pdf\">Teams-kokoukseen liittyminen tietokoneella<\/a> (pdf).<\/p>\n<h2>Google Meet<\/h2>\n<p>\u2013 Opettaja l\u00e4hett\u00e4\u00e4 opiskelijan s\u00e4hk\u00f6postiin linkin, jota klikkaamalla avautuu et\u00e4opetustila ajankohtana jolloin kurssinne pidet\u00e4\u00e4n.<\/p>\n<h2>Jitsi<\/h2>\n<p>\u2013 Opettaja l\u00e4hett\u00e4\u00e4 opiskelijan s\u00e4hk\u00f6postiin linkin, jota klikkaamalla avautuu et\u00e4opetustila ajankohtana jolloin kurssinne pidet\u00e4\u00e4n.<\/p>\n<p>\u2013 Tablettiin\/taulutietokoneeseen tai \u00e4lypuhelimeen suositellaan asennettavan <strong>Jitsi Meet -sovellus<\/strong>. Katso ohje, sivu 4: <a href=\"https:\/\/blog.edu.turku.fi\/tyovaenopisto\/files\/2021\/02\/Jitsi-verkkotapaamistilan-avaaminen.pdf\">Jitsi-verkkotapaamistilan-avaaminen<\/a><\/p>\n<p>&nbsp;<\/p>\n<p>&nbsp;<\/p>\n","protected":false},"excerpt":{"rendered":"<p>\u2013 Yksinkertaisimmillaan opiston et\u00e4opetus toteutetaan siten, ett\u00e4 opettaja l\u00e4hett\u00e4\u00e4 opiskelijalle s\u00e4hk\u00f6postin, jossa on linkki et\u00e4opetusohjelmaan. Linkki\u00e4 klikkaamalla p\u00e4\u00e4see et\u00e4opetustilaan silloin kun kurssi pidet\u00e4\u00e4n. \u2013 Turun ty\u00f6v\u00e4enopiston et\u00e4opetusohjelmat ovat Microsoft Teams, Google Meet ja Jitsi. \u2013 Voit osallistua et\u00e4opetukseen tietokoneellasi, tabletillasi\/taulutietokoneellasi tai \u00e4lypuhelimellasi. Tietokoneeseen ei tarvitse asentaa mit\u00e4\u00e4n, p\u00e4\u00e4set mukaan Google Chrome tai Microsoft Edge -internetselaimellasi. &hellip; <a href=\"https:\/\/blog.edu.turku.fi\/tyovaenopisto\/opettajille-ja-luennoitsijoille\/etaopetus-opiskelijoiden-nakokulmasta\/\" class=\"more-link\">Jatka lukemista<span class=\"screen-reader-text\"> &#8221;Et\u00e4opetus opiskelijoiden n\u00e4k\u00f6kulmasta&#8221;<\/span><\/a><\/p>\n","protected":false},"author":2817,"featured_media":0,"parent":123,"menu_order":0,"comment_status":"closed","ping_status":"closed","template":"","meta":{"footnotes":""},"class_list":["post-953","page","type-page","status-publish","hentry"],"_links":{"self":[{"href":"https:\/\/blog.edu.turku.fi\/tyovaenopisto\/wp-json\/wp\/v2\/pages\/953","targetHints":{"allow":["GET"]}}],"collection":[{"href":"https:\/\/blog.edu.turku.fi\/tyovaenopisto\/wp-json\/wp\/v2\/pages"}],"about":[{"href":"https:\/\/blog.edu.turku.fi\/tyovaenopisto\/wp-json\/wp\/v2\/types\/page"}],"author":[{"embeddable":true,"href":"https:\/\/blog.edu.turku.fi\/tyovaenopisto\/wp-json\/wp\/v2\/users\/2817"}],"replies":[{"embeddable":true,"href":"https:\/\/blog.edu.turku.fi\/tyovaenopisto\/wp-json\/wp\/v2\/comments?post=953"}],"version-history":[{"count":37,"href":"https:\/\/blog.edu.turku.fi\/tyovaenopisto\/wp-json\/wp\/v2\/pages\/953\/revisions"}],"predecessor-version":[{"id":1519,"href":"https:\/\/blog.edu.turku.fi\/tyovaenopisto\/wp-json\/wp\/v2\/pages\/953\/revisions\/1519"}],"up":[{"embeddable":true,"href":"https:\/\/blog.edu.turku.fi\/tyovaenopisto\/wp-json\/wp\/v2\/pages\/123"}],"wp:attachment":[{"href":"https:\/\/blog.edu.turku.fi\/tyovaenopisto\/wp-json\/wp\/v2\/media?parent=953"}],"curies":[{"name":"wp","href":"https:\/\/api.w.org\/{rel}","templated":true}]}}