{"id":645,"date":"2020-10-28T09:06:40","date_gmt":"2020-10-28T07:06:40","guid":{"rendered":"https:\/\/blog.edu.turku.fi\/tyovaenopisto\/?page_id=645"},"modified":"2025-04-30T09:20:43","modified_gmt":"2025-04-30T06:20:43","slug":"hellewin-saavutettavuus","status":"publish","type":"page","link":"https:\/\/blog.edu.turku.fi\/tyovaenopisto\/opistoinfo\/saavutettavuus\/hellewin-saavutettavuus\/","title":{"rendered":"Hellewin saavutettavuus"},"content":{"rendered":"<article>\n<header>\n<h1>Saavutettavuusseloste: Hellewi<\/h1>\n<\/header>\n<section class=\"statement__section\">T\u00e4m\u00e4 saavutettavuusseloste koskee palvelua <strong>https:\/\/opistopalvelut.fi\/turku<\/strong> ja on laadittu <strong>28.10.2020.<\/strong> Palvelua koskee laki digitaalisten palvelujen tarjoamisesta, jossa edellytet\u00e4\u00e4n, ett\u00e4 julkisten verkkopalvelujen on oltava saavutettavia. Olemme arvioineet palvelun saavutettavuuden itse.<\/section>\n<section><\/section>\n<section><\/section>\n<section><\/section>\n<section class=\"statement__section\">\n<h2>Digipalvelun saavutettavuuden tila<\/h2>\n<p>T\u00e4ytt\u00e4\u00e4 saavutettavuusvaatimukset.<\/p>\n<\/section>\n<section class=\"statement__section\">\n<h2>Huomasitko saavutettavuuspuutteen digipalvelussamme?<\/h2>\n<p>Kerro se meille ja teemme parhaamme puutteen korjaamiseksi<\/p>\n<article>\n<section class=\"statement__section\">\n<h3>Verkkolomakkeella<\/h3>\n<p>Anna saavutettavuuspalautetta t\u00e4ll\u00e4 verkkolomakkeella: <a href=\"https:\/\/link.webropolsurveys.com\/S\/519DE44B9832A5F4\">https:\/\/link.webropolsurveys.com\/S\/519DE44B9832A5F4<\/a><\/p>\n<h3>S\u00e4hk\u00f6postilla<\/h3>\n<p><a href=\"mailto:tyovaenopisto@edu.turku.fi\">tyovaenopisto@edu.turku.fi<\/a><\/p>\n<h3>Muilla tavoin<\/h3>\n<p>Soittamalla asiakaspalvelunumeroomme 02 262 9811. Asiakaspalvelumme on avoinna opetuskaudella maanantaista torstaihin klo 10:00\u201315:00.<\/p>\n<\/section>\n<\/article>\n<\/section>\n<section class=\"statement__section\">\n<h2>Valvontaviranomainen<\/h2>\n<p>Jos huomaat sivustolla saavutettavuusongelmia, anna ensin palautetta meille eli sivuston yll\u00e4pit\u00e4j\u00e4lle. Vastauksessa voi menn\u00e4 14 p\u00e4iv\u00e4\u00e4. Jos et ole tyytyv\u00e4inen saamaasi vastaukseen tai et saa vastausta lainkaan kahden viikon aikana, <a href=\"https:\/\/www.saavutettavuusvaatimukset.fi\/oikeutesi\/\" target=\"_blank\" rel=\"noopener noreferrer\">voit tehd\u00e4 ilmoituksen Etel\u00e4-Suomen aluehallintovirastoon<\/a>. Etel\u00e4-Suomen aluehallintoviraston sivulla kerrotaan tarkasti, miten ilmoituksen voi tehd\u00e4 ja miten asia k\u00e4sitell\u00e4\u00e4n.<\/p>\n<h2>Valvontaviranomaisen yhteystiedot<\/h2>\n<p>Etel\u00e4-Suomen aluehallintovirasto<br \/>\nSaavutettavuuden valvonnan yksikk\u00f6<br \/>\n<a href=\"https:\/\/www.saavutettavuusvaatimukset.fi\">www.saavutettavuusvaatimukset.fi<\/a><br \/>\nsaavutettavuus(at)avi.fi<br \/>\npuhelinnumero vaihde 0295 016 000<\/p>\n<\/section>\n<\/article>\n","protected":false},"excerpt":{"rendered":"<p>Saavutettavuusseloste: Hellewi T\u00e4m\u00e4 saavutettavuusseloste koskee palvelua https:\/\/opistopalvelut.fi\/turku ja on laadittu 28.10.2020. Palvelua koskee laki digitaalisten palvelujen tarjoamisesta, jossa edellytet\u00e4\u00e4n, ett\u00e4 julkisten verkkopalvelujen on oltava saavutettavia. Olemme arvioineet palvelun saavutettavuuden itse. Digipalvelun saavutettavuuden tila T\u00e4ytt\u00e4\u00e4 saavutettavuusvaatimukset. Huomasitko saavutettavuuspuutteen digipalvelussamme? Kerro se meille ja teemme parhaamme puutteen korjaamiseksi Verkkolomakkeella Anna saavutettavuuspalautetta t\u00e4ll\u00e4 verkkolomakkeella: https:\/\/link.webropolsurveys.com\/S\/519DE44B9832A5F4 S\u00e4hk\u00f6postilla tyovaenopisto@edu.turku.fi Muilla &hellip; <a href=\"https:\/\/blog.edu.turku.fi\/tyovaenopisto\/opistoinfo\/saavutettavuus\/hellewin-saavutettavuus\/\" class=\"more-link\">Jatka lukemista<span class=\"screen-reader-text\"> &#8221;Hellewin saavutettavuus&#8221;<\/span><\/a><\/p>\n","protected":false},"author":2817,"featured_media":0,"parent":363,"menu_order":0,"comment_status":"closed","ping_status":"closed","template":"","meta":{"footnotes":""},"class_list":["post-645","page","type-page","status-publish","hentry"],"_links":{"self":[{"href":"https:\/\/blog.edu.turku.fi\/tyovaenopisto\/wp-json\/wp\/v2\/pages\/645","targetHints":{"allow":["GET"]}}],"collection":[{"href":"https:\/\/blog.edu.turku.fi\/tyovaenopisto\/wp-json\/wp\/v2\/pages"}],"about":[{"href":"https:\/\/blog.edu.turku.fi\/tyovaenopisto\/wp-json\/wp\/v2\/types\/page"}],"author":[{"embeddable":true,"href":"https:\/\/blog.edu.turku.fi\/tyovaenopisto\/wp-json\/wp\/v2\/users\/2817"}],"replies":[{"embeddable":true,"href":"https:\/\/blog.edu.turku.fi\/tyovaenopisto\/wp-json\/wp\/v2\/comments?post=645"}],"version-history":[{"count":9,"href":"https:\/\/blog.edu.turku.fi\/tyovaenopisto\/wp-json\/wp\/v2\/pages\/645\/revisions"}],"predecessor-version":[{"id":3945,"href":"https:\/\/blog.edu.turku.fi\/tyovaenopisto\/wp-json\/wp\/v2\/pages\/645\/revisions\/3945"}],"up":[{"embeddable":true,"href":"https:\/\/blog.edu.turku.fi\/tyovaenopisto\/wp-json\/wp\/v2\/pages\/363"}],"wp:attachment":[{"href":"https:\/\/blog.edu.turku.fi\/tyovaenopisto\/wp-json\/wp\/v2\/media?parent=645"}],"curies":[{"name":"wp","href":"https:\/\/api.w.org\/{rel}","templated":true}]}}