{"id":4552,"date":"2026-02-24T13:01:03","date_gmt":"2026-02-24T11:01:03","guid":{"rendered":"https:\/\/blog.edu.turku.fi\/tyovaenopisto\/?page_id=4552"},"modified":"2026-04-01T13:23:47","modified_gmt":"2026-04-01T10:23:47","slug":"tyovaenopiston-ehdot","status":"publish","type":"page","link":"https:\/\/blog.edu.turku.fi\/tyovaenopisto\/tyovaenopiston-ehdot\/","title":{"rendered":"Ty\u00f6v\u00e4enopiston ehdot"},"content":{"rendered":"<p><strong>Lue t\u00e4m\u00e4 huolellisesti l\u00e4pi ennen kuin ilmoittaudut!<\/strong><\/p>\n<p><strong>1. Turun suomenkielisen ty\u00f6v\u00e4enopiston yhteystiedot<\/strong><\/p>\n<p>&nbsp;<\/p>\n<p>S\u00e4hk\u00f6posti: tyovaenopisto@edu.turku.fi<br \/>\nPuhelin: (02) 262 9811<br \/>\nToimisto: Kaskenkatu 5 (2. kerros), 20700 Turku<\/p>\n<p>Aukioloajat l\u00f6yd\u00e4t\u00a0<a href=\"https:\/\/blog.edu.turku.fi\/tyovaenopisto\/\">verkkosivuiltamme<\/a><\/p>\n<p><strong>2. Ilmoittautumisehdot<\/strong><\/p>\n<p><strong>Ilmoittautuminen on sitova.<\/strong>\u00a0Saat onnistuneesta ilmoittautumisesta automaattisen ilmoittautumisvahvistuksen s\u00e4hk\u00f6postiisi. Tarkistathan, ett\u00e4 s\u00e4hk\u00f6postiosoitteesi on kirjoitettu oikein. Jos kurssi on t\u00e4ynn\u00e4, kurssille voi ilmoittautua jonopaikalle. Jonottajalle ilmoitetaan vapautuneesta kurssipaikasta s\u00e4hk\u00f6postitse. Kurssipaikan vastaanottaminen jonosta on sitova ilmoittautuminen.<\/p>\n<p>Ilmoittautumiseen tarvitset suomalaisen henkil\u00f6tunnuksen. Jos sinulla ei ole henkil\u00f6tunnusta, ole yhteydess\u00e4 suoraan ty\u00f6v\u00e4enopiston toimistoon.<\/p>\n<p><a name=\"perumisehdot\"><\/a><strong>3. Perumisehdot<\/strong><\/p>\n<p>Kurssi-ilmoittautumisen voit perua:<\/p>\n<ul>\n<li><a href=\"https:\/\/uusi.opistopalvelut.fi\/turku\/fi\/\">nettisivuillamme\u00a0<\/a>kohdassa \u201dOmat ilmoittautumiseni\u201d<\/li>\n<li>s\u00e4hk\u00f6postilla osoitteeseen\u00a0<a href=\"mailto:tyovaenopisto@edu.turku.fi\">tyovaenopisto@edu.turku.fi<\/a><\/li>\n<li>toimistossamme t\u00e4ytt\u00e4m\u00e4ll\u00e4 kurssi-ilmoittautumisen perumislomakkeen<\/li>\n<\/ul>\n<p>Ilmoittautumista ei voi perua puhelimitse eik\u00e4 kurssin opettajalle.<\/p>\n<p>Ilmoittautumisen voi perua maksutta:<\/p>\n<ul>\n<li><strong>viimeist\u00e4\u00e4n 4 p\u00e4iv\u00e4\u00e4<\/strong>\u00a0ennen kurssin alkua.<\/li>\n<li><strong>viimeist\u00e4\u00e4n 7 p\u00e4iv\u00e4\u00e4<\/strong>\u00a0ennen kurssin alkua,\u00a0<strong>mik\u00e4li kurssi sis\u00e4lt\u00e4\u00e4 materiaalimaksun<\/strong>.<\/li>\n<\/ul>\n<p><strong>Jos et peru m\u00e4\u00e4r\u00e4aikaan menness\u00e4, perit\u00e4\u00e4n peruutusmaksu 20 euroa. Jos perut vasta kurssin alkamisp\u00e4iv\u00e4n\u00e4 tai my\u00f6hemmin, veloitetaan koko kurssimaksu.<\/strong><\/p>\n<p>Maksun suorittamatta j\u00e4tt\u00e4minen tai tunnilta pois j\u00e4\u00e4minen ei ole peruminen.\u00a0Kurssimaksua ei palauteta, vaikka opiskelija keskeytt\u00e4isi kurssin.<\/p>\n<p><a name=\"kurssimaksut\"><\/a><strong>4. Kurssimaksut<\/strong><\/p>\n<p>Kurssin alkamisen j\u00e4lkeen saat maksulinkin s\u00e4hk\u00f6postiosoitteeseesi. Maksulinkki on voimassa 14 p\u00e4iv\u00e4\u00e4. Jos sinulla ei ole s\u00e4hk\u00f6postia tai et maksa laskua maksulinkin kautta,<strong>\u00a0<\/strong>l\u00e4het\u00e4mme uuden laskun e-laskuna, s\u00e4hk\u00f6isen\u00e4 OmaPosti- tai Kivra- palveluun tai tavallisella kirjepostilla kotiosoitteeseen ilman lis\u00e4kustannuksia.\u00a0Jos haluat maksaa laskun pankkikortilla tai k\u00e4teisell\u00e4, voit tehd\u00e4 sen\u00a0Kauppatorin Monitorissa (Aurakatu 8).<\/p>\n<p>Kurssimateriaalit ja -tarvikkeet sek\u00e4 oppikirjat opiskelija maksaa ja hankkii itse, ellei kurssin tiedoissa ole toisin mainittu.<\/p>\n<p>Maksamattomat laskut siirret\u00e4\u00e4n perint\u00e4toimiston hoidettavaksi. Jos opiskelijalla on perinn\u00e4ss\u00e4 olevia kurssilaskuja, h\u00e4n ei voi ilmoittautua uudelle kurssille.<\/p>\n<p><strong>5. Kurssin muutokset tai peruuntuminen<\/strong><\/p>\n<p>Opisto pid\u00e4tt\u00e4\u00e4 itsell\u00e4\u00e4n oikeuden opinto-ohjelman muutoksiin.\u00a0Kurssi toteutuu, mik\u00e4li sen opiskelijaminimi on t\u00e4yttynyt ilmoittautumisajan p\u00e4\u00e4ttyess\u00e4. Ilmoitamme\u00a0mahdollisista\u00a0kurssin muutoksista tai peruuntumisesta tekstiviestill\u00e4 ja s\u00e4hk\u00f6postilla. T\u00e4m\u00e4n vuoksi on t\u00e4rke\u00e4\u00e4 antaa ilmoittautuessa matkapuhelinnumero ja s\u00e4hk\u00f6postiosoite.\u00a0Opiskelija on itse vastuussa siit\u00e4, ett\u00e4 h\u00e4nen yhteystietonsa ovat ajan tasalla.<\/p>\n<p>Mik\u00e4li yli 20 % kurssin opetuskerroista peruuntuu, voidaan osa kurssimaksusta hyvitt\u00e4\u00e4.<\/p>\n<p><strong>6. Vakuutukset<\/strong><\/p>\n<p>Ty\u00f6v\u00e4enopisto ei vakuuta opiskelijoita tai heid\u00e4n omaisuuttaan.<\/p>\n<p><strong>7. Tietosuoja<\/strong><\/p>\n<p>Tietosuojaseloste:\u00a0<a href=\"https:\/\/www.turku.fi\/tietosuoja\">https:\/\/www.turku.fi\/tietosuoja<\/a><\/p>\n<p>Ilmoittautuessasi annat luvan k\u00e4sitell\u00e4 henkil\u00f6tietojasi tietosuojaselosteen \u201dKurssien tai ryhmien hallintaj\u00e4rjestelm\u00e4n henkil\u00f6tietokanta (Hellewi)\u201d m\u00e4\u00e4rittelem\u00e4ll\u00e4 tavalla.<\/p>\n<p><strong>8. Saavutettavuus<\/strong><\/p>\n<p>Saavutettavuusseloste:\u00a0<a href=\"https:\/\/blog.edu.turku.fi\/tyovaenopisto\/opistoinfo\/saavutettavuus\/hellewin-saavutettavuus\/\">https:\/\/blog.edu.turku.fi\/tyovaenopisto\/opistoinfo\/saavutettavuus\/hellewin-saavutettavuus\/<\/a><\/p>\n<p><a name=\"se\"><\/a><\/p>\n<h2>Anm\u00e4lningsvillkor<\/h2>\n<p><strong>L\u00e4s detta innan du anm\u00e4ler dig!<\/strong><\/p>\n<p><strong>1. Kontaktuppgifter till Turun suomenkielinen ty\u00f6v\u00e4enopisto<\/strong><\/p>\n<p>E-post:\u00a0<a href=\"mailto:tyovaenopisto@edu.turku.fi\">tyovaenopisto@edu.turku.fi<\/a><\/p>\n<p>Telefon: (02) 262 9811<\/p>\n<p>Kansli: Kaskisgatan 5 (2. v\u00e5ningen), 20700 \u00c5bo<\/p>\n<p>Kontaktuppgifterna\u00a0och \u00f6ppettiderna hittar du ocks\u00e5 p\u00e5 v\u00e5r\u00a0<a href=\"https:\/\/blog.edu.turku.fi\/tyovaenopisto\/\">hemsida<\/a><\/p>\n<p><strong>2. Anm\u00e4lningsvillkor<\/strong><strong>\u00a0<\/strong><\/p>\n<p><strong>Anm\u00e4lan \u00e4r bindande.\u00a0<\/strong>N\u00e4r du har anm\u00e4lt dig, ska du f\u00e5 en bekr\u00e4ftelse via e-post. Om kursen \u00e4r full, kan du st\u00e4lla dig p\u00e5 en k\u00f6plats. Om en plats p\u00e5 kursen blir ledig kontaktas n\u00e4sta person i k\u00f6n via e-post. Mottagande av k\u00f6plats motsvarar en bindande anm\u00e4lan.<\/p>\n<p>F\u00f6r anm\u00e4lningen kr\u00e4vs det finska personnumret f\u00f6r fakturerings\u00e4ndam\u00e5l. Om du inte har personnumret kan du inte anm\u00e4la dig via n\u00e4tet. Kontakta i st\u00e4llet v\u00e5rt kansli.<\/p>\n<p><a name=\"se-annullera\"><strong>3. Avbokningsvillkor<\/strong><\/a><\/p>\n<p>Anm\u00e4lan kan annulleras kostnadsfritt:<br \/>\n\u2022\u00a0<strong>senast 4 dagar<\/strong>\u00a0f\u00f6re kursstart.<br \/>\n\u2022\u00a0<strong>senast 7 dagar<\/strong>\u00a0f\u00f6re kursstart\u00a0<strong>om kursen har en materialavgift.<\/strong><\/p>\n<p><strong>Efter detta tas en avbokningsavgift p\u00e5 20 euro.<\/strong><br \/>\n<strong>Om du avbokar p\u00e5 kursens startdag eller senare, m\u00e5ste du betala hela kursavgiften.<\/strong><\/p>\n<p>Underl\u00e5tenhet att betala avgiften eller komma till en lektion betyder inte att du har avbokat deltagandet.\u00a0Kursavgiften \u00e5terbetalas inte \u00e4ven om deltagaren skulle avbryta kursen<strong>.\u00a0<\/strong><\/p>\n<p>Du kan annullera din anm\u00e4lan:<br \/>\n\u2022 p\u00e5 v\u00e5r\u00a0<a href=\"https:\/\/uusi.opistopalvelut.fi\/turku\/fi\/\">webbplats\u00a0<\/a>under \u201dMin information\u201d<br \/>\n\u2022 genom att skicka e-post till tyovaenopisto@edu.turku.fi<br \/>\n\u2022 genom att bes\u00f6ka v\u00e5rt kansli och fylla i en avbokningsblankett.<\/p>\n<p><strong>Du kan inte annullera din anm\u00e4lan till kursen via telefon eller till din l\u00e4rare.\u00a0<\/strong><\/p>\n<p><strong>4. Betalningsvillkor<\/strong><\/p>\n<p>Du f\u00e5r ett e-postmeddelande med en betalningsl\u00e4nk efter att kursen p\u00e5g\u00e5tt en tid. Om kursavgiften inte betalas via betalningsl\u00e4nken inom utsatt tid skickas fakturan ist\u00e4llet utan extra kostnad som e-faktura, elektroniskt till OmaPosti- eller Kivra-tj\u00e4nsten eller med vanlig brevpost till hemadressen. Fakturorna kan betalas kontant eller med kort i Salutorgets Monitori, Auragatan 8.<\/p>\n<p>Studerandena k\u00f6per sina egna kursb\u00f6cker och material, om inte annat anges i kursinformationen.<\/p>\n<p>Obetalda avgifter g\u00e5r till indrivning.<\/p>\n<p><strong>5. \u00c4ndring eller inst\u00e4llande av kursen<\/strong><strong>\u00a0<\/strong><\/p>\n<p>Vi f\u00f6rbeh\u00e5ller oss r\u00e4tten att g\u00f6ra \u00e4ndringar i studieprogrammet.<\/p>\n<p>Kursen kommer att genomf\u00f6ras som planerat om det finns tillr\u00e4ckligt m\u00e5nga deltagare. Vi meddelar om \u00e4ndringar eller inst\u00e4llande av en kurs via textmeddelande och e-post.\u00a0D\u00e4rf\u00f6r \u00e4r det viktigt att du anger ditt telefonnummer och din e-postadress n\u00e4r du anm\u00e4lar dig. Det \u00e4r studerandes ansvar att se till att kontaktuppgifterna \u00e4r uppdaterade.<\/p>\n<p>Om mer \u00e4n 20% av lektionerna inst\u00e4lldas, kan en del av kursavgiften \u00e5terbetalas.<\/p>\n<p><strong>6. F\u00f6rs\u00e4kringar<\/strong><strong>\u00a0<\/strong><\/p>\n<p>Studerandena eller deras personliga egendom \u00e4r inte f\u00f6rs\u00e4krade.<\/p>\n<p><strong>7. Dataskyddsbeskrivning:<\/strong>\u00a0<a href=\"https:\/\/www.turku.fi\/sv\/datasekretess\">https:\/\/www.turku.fi\/sv\/datasekretess<\/a><\/p>\n<p>Genom att anm\u00e4la dig till en kurs samtycker du till behandlingen av dina personuppgifter enligt dataskyddsbeskrivningen.\u00a0V\u00e5r dataskyddsbeskrivning finns bakom denna l\u00e4nk\u00a0<a href=\"https:\/\/rekisteri.turku.fi\/\">https:\/\/rekisteri.turku.fi\/<\/a>\u00a0under namnet \u201dKurssien tai ryhmien hallintaj\u00e4rjestelm\u00e4n henkil\u00f6tietokanta (Hellewi)\u201d<\/p>\n<p><strong>8. Tillg\u00e4nglighetsf\u00f6rklaring<\/strong>:\u00a0<a href=\"https:\/\/blog.edu.turku.fi\/tyovaenopisto\/opistoinfo\/saavutettavuus\/\">https:\/\/blog.edu.turku.fi\/tyovaenopisto\/opistoinfo\/saavutettavuus\/<\/a><\/p>\n<p><a name=\"en\"><\/a><\/p>\n<h2>Course terms<\/h2>\n<p><strong>Read this before enrolling!<\/strong><\/p>\n<p><strong>1. Contact information of Turun suomenkielinen ty\u00f6v\u00e4enopisto<\/strong><\/p>\n<p>Email:<strong>\u00a0<\/strong><a href=\"mailto:tyovaenopisto@edu.turku.fi\">tyovaenopisto@edu.turku.fi<\/a><\/p>\n<p>Tel:\u00a0(02) 262 9811<\/p>\n<p>Office: Kaskenkatu 5 (2. floor), 20700 Turku<\/p>\n<p>The contact information and opening hours can also be found on our\u00a0<a href=\"https:\/\/blog.edu.turku.fi\/tyovaenopisto\/\">website<\/a><\/p>\n<p><strong>2. Enrolment terms<\/strong><\/p>\n<p><strong>Enrolments are binding.<\/strong>\u00a0When enrolled successfully, you&#8217;ll get\u00a0a confirmation email.<strong>\u00a0<\/strong>If the course is full, you can enroll on a waiting list. The persons in the queue are notified by email if a place on the course becomes available. Accepting a place in the queue is a binding enrolment.<\/p>\n<p>Enrolment requires a personal identity code for invoicing. If you do not have a Finnish personal identity code, contact our office directly. Enrolment online without a personal identity code is not possible.<\/p>\n<p><a name=\"en-cancel\"><strong>3. Terms of cancellation<\/strong><\/a><\/p>\n<p>You can cancel the course registration for free:<\/p>\n<ul>\n<li><strong>at least<\/strong>\u00a0<strong>4 days\u00a0<\/strong>before it starts.<\/li>\n<li><strong>at least<\/strong>\u00a0<strong>7 days\u00a0<\/strong>before it starts,\u00a0<strong>if the course includes a material fee.<\/strong><\/li>\n<\/ul>\n<p><strong>After this, a cancellation fee of 20 euro will be charged<\/strong>\u00a0<strong>for cancellations made before the course starts. If you cancel the registration on the course start date or later, the full course fee will be charged.<\/strong><\/p>\n<p>Course fees will be invoiced regardless of the student&#8217;s attendance to the course.\u00a0Course fees are not refunded even if the student drops the course<strong>.\u00a0<\/strong><\/p>\n<p>You can cancel your registration:<br \/>\n\u2022 on our\u00a0<a href=\"https:\/\/uusi.opistopalvelut.fi\/turku\/fi\/\">website\u00a0<\/a>under \u201cMy registrations\u201d<br \/>\n\u2022 by sending an email to tyovaenopisto@edu.turku.fi<br \/>\n\u2022 at our office by filling out a course cancellation form<\/p>\n<p><strong>You can&#8217;t cancel your registration by phone or to your teacher.<\/strong><\/p>\n<p><strong>4. Course fees<\/strong><\/p>\n<p>Once your course has started, you&#8217;ll get a payment link to your email.<strong>\u00a0<\/strong>If the course fee is not paid via the payment link by the due date, the invoice will be sent at no extra cost\u00a0as an e-invoice, electronically to the OmaPosti or Kivra service or by regular letter mail to your home address. Invoices can be paid in cash or by card at Monitori, Aurakatu 8 (Kauppatori).<\/p>\n<p>The student is responsible for paying for course materials and textbooks, unless otherwise stated in the course information.<\/p>\n<p>Unpaid invoices are transferred to collection.<\/p>\n<p><strong>5. Changes to or cancellation of a course<\/strong><\/p>\n<p>All rights reserved.<strong>\u00a0<\/strong>The course will take place as planned if there are enough participants.<strong>\u00a0<\/strong>If a course is changed or cancelled, we will inform you by text message and email. It is therefore important to provide a phone number and email address when registering. Students are responsible for ensuring that their contact details are up to date.<\/p>\n<p>If more than 20% of the lessons are canceled, part of the course fee can be refunded.<\/p>\n<p><strong>6. Insurance policies<\/strong><\/p>\n<p>Students or their personal property are not insured.<\/p>\n<p><strong>7. Privacy Policy:<\/strong>\u00a0<a href=\"https:\/\/www.turku.fi\/en\/data-protection\">https:\/\/www.turku.fi\/en\/data-protection<\/a><\/p>\n<p>By enrolling for a course, you agree to the processing of your personal data in accordance with privacy policy. Our Privacy Policy can be found under the name (in Finnish) &#8221;Kurssien tai ryhmien hallintaj\u00e4rjestelm\u00e4n henkil\u00f6tietokanta (Hellewi)&#8221;.<\/p>\n<p><strong>8. Accessibility statement<\/strong><\/p>\n<p><a href=\"https:\/\/blog.edu.turku.fi\/tyovaenopisto\/opistoinfo\/saavutettavuus\/\">https:\/\/blog.edu.turku.fi\/tyovaenopisto\/opistoinfo\/saavutettavuus\/<\/a><\/p>\n","protected":false},"excerpt":{"rendered":"<p>Lue t\u00e4m\u00e4 huolellisesti l\u00e4pi ennen kuin ilmoittaudut! 1. Turun suomenkielisen ty\u00f6v\u00e4enopiston yhteystiedot &nbsp; S\u00e4hk\u00f6posti: tyovaenopisto@edu.turku.fi Puhelin: (02) 262 9811 Toimisto: Kaskenkatu 5 (2. kerros), 20700 Turku Aukioloajat l\u00f6yd\u00e4t\u00a0verkkosivuiltamme 2. Ilmoittautumisehdot Ilmoittautuminen on sitova.\u00a0Saat onnistuneesta ilmoittautumisesta automaattisen ilmoittautumisvahvistuksen s\u00e4hk\u00f6postiisi. Tarkistathan, ett\u00e4 s\u00e4hk\u00f6postiosoitteesi on kirjoitettu oikein. Jos kurssi on t\u00e4ynn\u00e4, kurssille voi ilmoittautua jonopaikalle. Jonottajalle ilmoitetaan vapautuneesta &hellip; <a href=\"https:\/\/blog.edu.turku.fi\/tyovaenopisto\/tyovaenopiston-ehdot\/\" class=\"more-link\">Jatka lukemista<span class=\"screen-reader-text\"> &#8221;Ty\u00f6v\u00e4enopiston ehdot&#8221;<\/span><\/a><\/p>\n","protected":false},"author":2817,"featured_media":0,"parent":0,"menu_order":0,"comment_status":"closed","ping_status":"closed","template":"","meta":{"footnotes":""},"class_list":["post-4552","page","type-page","status-publish","hentry"],"_links":{"self":[{"href":"https:\/\/blog.edu.turku.fi\/tyovaenopisto\/wp-json\/wp\/v2\/pages\/4552","targetHints":{"allow":["GET"]}}],"collection":[{"href":"https:\/\/blog.edu.turku.fi\/tyovaenopisto\/wp-json\/wp\/v2\/pages"}],"about":[{"href":"https:\/\/blog.edu.turku.fi\/tyovaenopisto\/wp-json\/wp\/v2\/types\/page"}],"author":[{"embeddable":true,"href":"https:\/\/blog.edu.turku.fi\/tyovaenopisto\/wp-json\/wp\/v2\/users\/2817"}],"replies":[{"embeddable":true,"href":"https:\/\/blog.edu.turku.fi\/tyovaenopisto\/wp-json\/wp\/v2\/comments?post=4552"}],"version-history":[{"count":8,"href":"https:\/\/blog.edu.turku.fi\/tyovaenopisto\/wp-json\/wp\/v2\/pages\/4552\/revisions"}],"predecessor-version":[{"id":4665,"href":"https:\/\/blog.edu.turku.fi\/tyovaenopisto\/wp-json\/wp\/v2\/pages\/4552\/revisions\/4665"}],"wp:attachment":[{"href":"https:\/\/blog.edu.turku.fi\/tyovaenopisto\/wp-json\/wp\/v2\/media?parent=4552"}],"curies":[{"name":"wp","href":"https:\/\/api.w.org\/{rel}","templated":true}]}}