{"id":4545,"date":"2026-02-24T12:45:59","date_gmt":"2026-02-24T10:45:59","guid":{"rendered":"https:\/\/blog.edu.turku.fi\/tyovaenopisto\/?page_id=4545"},"modified":"2026-02-24T12:56:37","modified_gmt":"2026-02-24T10:56:37","slug":"ukk-usein-kysytyt-kysymykset","status":"publish","type":"page","link":"https:\/\/blog.edu.turku.fi\/tyovaenopisto\/opistoinfo\/ukk-usein-kysytyt-kysymykset\/","title":{"rendered":"UKK &#8211; Usein kysytyt kysymykset"},"content":{"rendered":"<p>Olemme koonneet t\u00e4h\u00e4n usein kysyttyj\u00e4 kysymyksi\u00e4 vastauksineen. Katso my\u00f6s <a href=\"https:\/\/uusi.opistopalvelut.fi\/turku\/fi\/help\">ty\u00f6v\u00e4enopiston ehdot<\/a>.<\/p>\n<p><strong>Milloin kursseille voi ilmoittautua?<\/strong><\/p>\n<p>Ilmoittautuminen syksyn kursseille alkaa p\u00e4\u00e4s\u00e4\u00e4nt\u00f6isesti toukokuussa ja kev\u00e4\u00e4n kursseille marraskuussa. Voit kuitenkin kysy\u00e4 vapaita kurssipaikkoja toimistosta l\u00e4pi vuoden.<\/p>\n<p><strong>Voinko ilmoittautua koko lukuvuoden kurssille pelk\u00e4ksi kev\u00e4tkaudeksi?<\/strong><\/p>\n<p>Kyll\u00e4, jos kurssilla on tilaa. Voit kysy\u00e4 vapaita paikkoja kev\u00e4\u00e4n ilmoittautumisten alkaessa marraskuussa. Kurssimaksu m\u00e4\u00e4r\u00e4ytyy kev\u00e4\u00e4n opetuskertojen mukaan ja on yleens\u00e4 noin puolet koko kurssin maksusta.<\/p>\n<p><strong>Mist\u00e4 n\u00e4en omat ilmoittautumiseni?<\/strong><\/p>\n<p>Voit tarkistaa omat ilmoittautumisesi <a href=\"https:\/\/uusi.opistopalvelut.fi\/turku\">nettisivuillamme<\/a> kohdassa \u201dOmat ilmoittautumiseni\u201d. Saat s\u00e4hk\u00f6postiisi linkin, jonka kautta p\u00e4\u00e4set tarkastelemaan omia ilmoittautumisiasi.<\/p>\n<p>Jos ilmoittautumistasi ei l\u00f6ydy Omat ilmoittautumiseni -kohdan kautta, ota yhteytt\u00e4 toimistoomme ilmoittautumisen varmistamiseksi.<\/p>\n<p><strong>Tarvitsen kurssimaksuun lis\u00e4\u00e4 maksuaikaa, miten toimin?<\/strong><\/p>\n<p>Jos s\u00e4hk\u00f6postiin saamasi maksulinkki on viel\u00e4 voimassa, ole yhteydess\u00e4 ty\u00f6v\u00e4enopiston toimistoon maksuajan sopimiseksi: <a href=\"mailto:tyovaenopisto@edu.turku.fi\">tyovaenopisto@edu.turku.fi<\/a> tai 02 262 9811. Jos olet saanut paperilaskun, voit sopia maksuajasta kaupungin laskutuksen kanssa: <a href=\"mailto:myyntilaskutus@turku.fi\">myyntilaskutus@turku.fi<\/a> tai 02\u00a0262 6490 (ma-to klo 9-11).<\/p>\n<p><strong>Olen sairastunut enk\u00e4 p\u00e4\u00e4se tunnille, mit\u00e4 teen?<\/strong><\/p>\n<p>Poissaoloista ei tarvitse ilmoittaa. Et menet\u00e4 paikkaasi, vaikka opetuskertoja j\u00e4isi v\u00e4list\u00e4.<\/p>\n<p><strong>Voiko yst\u00e4v\u00e4ni osallistua puolestani kurssille?<\/strong><\/p>\n<p>Ei voi, kurssipaikka on henkil\u00f6kohtainen.<\/p>\n<p><strong>Voinko vaihtaa kurssia kesken lukukauden?<\/strong><\/p>\n<p>Voit, jos toisella kurssilla on tilaa. Vaihdosta on sovittava toimiston kanssa. Jos kurssimaksu on uudessa ryhm\u00e4ss\u00e4 suurempi, maksat erotuksen.<\/p>\n<p>&nbsp;<\/p>\n<p>Etk\u00f6 l\u00f6yt\u00e4nyt vastausta kysymykseesi? Olethan yhteydess\u00e4 toimistoomme, autamme mielell\u00e4mme!<\/p>\n","protected":false},"excerpt":{"rendered":"<p>Olemme koonneet t\u00e4h\u00e4n usein kysyttyj\u00e4 kysymyksi\u00e4 vastauksineen. Katso my\u00f6s ty\u00f6v\u00e4enopiston ehdot. Milloin kursseille voi ilmoittautua? Ilmoittautuminen syksyn kursseille alkaa p\u00e4\u00e4s\u00e4\u00e4nt\u00f6isesti toukokuussa ja kev\u00e4\u00e4n kursseille marraskuussa. Voit kuitenkin kysy\u00e4 vapaita kurssipaikkoja toimistosta l\u00e4pi vuoden. Voinko ilmoittautua koko lukuvuoden kurssille pelk\u00e4ksi kev\u00e4tkaudeksi? Kyll\u00e4, jos kurssilla on tilaa. Voit kysy\u00e4 vapaita paikkoja kev\u00e4\u00e4n ilmoittautumisten alkaessa marraskuussa. Kurssimaksu m\u00e4\u00e4r\u00e4ytyy &hellip; <a href=\"https:\/\/blog.edu.turku.fi\/tyovaenopisto\/opistoinfo\/ukk-usein-kysytyt-kysymykset\/\" class=\"more-link\">Jatka lukemista<span class=\"screen-reader-text\"> &#8221;UKK &#8211; Usein kysytyt kysymykset&#8221;<\/span><\/a><\/p>\n","protected":false},"author":2817,"featured_media":0,"parent":29,"menu_order":0,"comment_status":"closed","ping_status":"closed","template":"","meta":{"footnotes":""},"class_list":["post-4545","page","type-page","status-publish","hentry"],"_links":{"self":[{"href":"https:\/\/blog.edu.turku.fi\/tyovaenopisto\/wp-json\/wp\/v2\/pages\/4545","targetHints":{"allow":["GET"]}}],"collection":[{"href":"https:\/\/blog.edu.turku.fi\/tyovaenopisto\/wp-json\/wp\/v2\/pages"}],"about":[{"href":"https:\/\/blog.edu.turku.fi\/tyovaenopisto\/wp-json\/wp\/v2\/types\/page"}],"author":[{"embeddable":true,"href":"https:\/\/blog.edu.turku.fi\/tyovaenopisto\/wp-json\/wp\/v2\/users\/2817"}],"replies":[{"embeddable":true,"href":"https:\/\/blog.edu.turku.fi\/tyovaenopisto\/wp-json\/wp\/v2\/comments?post=4545"}],"version-history":[{"count":5,"href":"https:\/\/blog.edu.turku.fi\/tyovaenopisto\/wp-json\/wp\/v2\/pages\/4545\/revisions"}],"predecessor-version":[{"id":4551,"href":"https:\/\/blog.edu.turku.fi\/tyovaenopisto\/wp-json\/wp\/v2\/pages\/4545\/revisions\/4551"}],"up":[{"embeddable":true,"href":"https:\/\/blog.edu.turku.fi\/tyovaenopisto\/wp-json\/wp\/v2\/pages\/29"}],"wp:attachment":[{"href":"https:\/\/blog.edu.turku.fi\/tyovaenopisto\/wp-json\/wp\/v2\/media?parent=4545"}],"curies":[{"name":"wp","href":"https:\/\/api.w.org\/{rel}","templated":true}]}}