{"id":4404,"date":"2026-01-14T11:50:24","date_gmt":"2026-01-14T09:50:24","guid":{"rendered":"https:\/\/blog.edu.turku.fi\/tyovaenopisto\/?page_id=4404"},"modified":"2026-03-02T06:34:03","modified_gmt":"2026-03-02T04:34:03","slug":"tasa-arvo-ja-yhdenvertaisuus","status":"publish","type":"page","link":"https:\/\/blog.edu.turku.fi\/tyovaenopisto\/opistoinfo\/tasa-arvo-ja-yhdenvertaisuus\/","title":{"rendered":"Tasa-arvo ja yhdenvertaisuus"},"content":{"rendered":"<p>Turun tasa-arvoinen ja yhdenvertainen ty\u00f6v\u00e4enopisto oli Opetushallituksen rahoittama hanke vuosille 2023-2025. Hankkeen tavoitteena oli tehd\u00e4 opiston tasa-arvo- ja yhdenvertaisuussuunnitelma kehitt\u00e4miskohteineen sek\u00e4 kehitt\u00e4\u00e4 sen pohjalta ty\u00f6tapoja ja ty\u00f6kaluja, joiden avulla tasa-arvo ja yhdenvertaisuus huomioidaan entist\u00e4 paremmin osana kurssitarjonnan ja lukuvuoden suunnittelua sek\u00e4 opiston toimintaa.<\/p>\n<p>Hanke saavutti tavoitteensa hienosti ja saimme paljon hyv\u00e4\u00e4 aikaan. Opiston opettajille ja muulle henkil\u00f6kunnalle pidettiin lukuisia tasa-arvoon, yhdenvertaisuuteen ja turvallisemman tilan periaatteisiin liittyvi\u00e4 ty\u00f6pajoja. Hanke mahdollisti aiheeseen keskittymisen ja toi tasa-arvoa ja yhdenvertaisuutta esille opiston arjessa niin opiskelijoille, opettajille kuin muulle henkil\u00f6kunnalle esimerkiksi tasa-arvo- ja yhdenvertaisuuskyselyjen avulla.<\/p>\n<p>Kyselyjen vastausten perusteella tasa-arvo ja yhdenvertaisuus toteutuvat Turun suomenkielisess\u00e4 ty\u00f6v\u00e4enopistossa p\u00e4\u00e4s\u00e4\u00e4nt\u00f6isesti hyvin ja niin opiskelijat, opettajat kuin henkil\u00f6kuntakin ovat tyytyv\u00e4isi\u00e4 tilanteeseen. Hankkeen my\u00f6t\u00e4 mahdollistetut kyselyt, ty\u00f6pajat ja turvallisemman tilan periaatteet sek\u00e4 aiheeseen paneutuminen ja tasa-arvon ja yhdenvertaisuuden esille tuominen saivat erityist\u00e4 kiitosta kaikilta osapuolilta.<\/p>\n<h3>Tasa-arvo- ja yhdenvertaisuussuunnitelma<\/h3>\n<p>Osana Turun tasa-arvoinen ja yhdenvertainen ty\u00f6v\u00e4enopisto -hanketta toteutettiin Turun suomenkielisen ty\u00f6v\u00e4enopiston tasa-arvo- ja yhdenvertaisuussuunnitelma vuosille 2026\u20132028. Tasa-arvo- ja yhdenvertaisuussuunnitelman tekeminen perustuu koulutuksen j\u00e4rjest\u00e4j\u00e4n ja oppilaitoksen velvollisuuksiin tasa-arvon ja yhdenvertaisuuden edist\u00e4misest\u00e4.<\/p>\n<p>Hankkeen ja tasa-arvo- ja yhdenvertaisuussuunnitelman mukaisesti opiston henkil\u00f6st\u00f6\u00e4 ja opiskelijoita osallistettiin tasa-arvoa ja yhdenvertaisuutta edist\u00e4vien k\u00e4yt\u00e4nt\u00f6jen kehitt\u00e4miseen sek\u00e4 kehitt\u00e4mistarpeiden tunnistamiseen ja suunnitelman osien kirjaamiseen. Turun suomenkielisen ty\u00f6v\u00e4enopiston tasa-arvo- ja yhdenvertaisuussuunnitelma 2026\u20132028 sis\u00e4lt\u00e4\u00e4 selvityksen Turun suomenkielisen ty\u00f6v\u00e4enopiston tasa-arvotilanteesta, tarvittavat toimenpiteet tasa-arvon edist\u00e4miseksi sek\u00e4 arvion suunnitelmaan sis\u00e4ltyneiden toimenpiteiden toteuttamisesta, tuloksista ja tulevaisuudesta.<\/p>\n<p>Avaa t\u00e4st\u00e4 <a href=\"https:\/\/blog.edu.turku.fi\/tyovaenopisto\/files\/2026\/01\/Turun-suomenkielinen-tyovaenopisto-tasa-arvo-ja-yhdenvertaisuussuunnitelma-2026-28-verkkoversio.pdf\">Ty\u00f6v\u00e4enopiston tasa-arvo- ja yhdenvertaisuussuunnitelma (pdf)<\/a><\/p>\n<h3>Turvallisemman tilan periaatteet<\/h3>\n<p>Osana tasa-arvo- ja yhdenvertaisuussuunnitelmaa sek\u00e4 oppilaitoksen velvoitetta tehd\u00e4 ty\u00f6t\u00e4 tasa-arvon ja yhdenvertaisuuden edist\u00e4miseksi ja saada aikaan konkreettisia muutoksia oppilaitoksen toiminnassa, olemme Turun suomenkielisess\u00e4 ty\u00f6v\u00e4enopistossa huomioineet turvallisemman tilan periaatteet luomaan yhteiset toimintatavat opistolle mahdollistaen jokaisen osallistumisen toimintaan mahdollisimman turvallisesti. Turun tasa-arvoinen ja yhdenvertainen ty\u00f6v\u00e4enopisto -hankkeen aikana pidettyjen ty\u00f6pajojen yhteispohdintoina opistolle on koottu omat Ty\u00f6viksen turvallisemman tilan periaatteet, jotka ovat esill\u00e4 opiston eri tiloissa kehottaen jokaista opiston toimintaan osallistuvaa niihin perehtym\u00e4\u00e4n sek\u00e4 osaltaan sitoutumaan.<\/p>\n<p><img loading=\"lazy\" decoding=\"async\" class=\"alignnone wp-image-4416\" src=\"https:\/\/blog.edu.turku.fi\/tyovaenopisto\/files\/2026\/01\/Turvallisemman-tyotilan-periaatteet-Juliste-oranssi-A4-RGB-1.jpg\" alt=\"Ty\u00f6v\u00e4enopiston juliste turvallisemman tilan periaatteista: turvallisuus, yhdenvertaisuus, kunnioitus, viihtyvyys ja vastuu.\" width=\"600\" height=\"849\" srcset=\"https:\/\/blog.edu.turku.fi\/tyovaenopisto\/files\/2026\/01\/Turvallisemman-tyotilan-periaatteet-Juliste-oranssi-A4-RGB-1.jpg 724w, https:\/\/blog.edu.turku.fi\/tyovaenopisto\/files\/2026\/01\/Turvallisemman-tyotilan-periaatteet-Juliste-oranssi-A4-RGB-1-198x280.jpg 198w, https:\/\/blog.edu.turku.fi\/tyovaenopisto\/files\/2026\/01\/Turvallisemman-tyotilan-periaatteet-Juliste-oranssi-A4-RGB-1-542x767.jpg 542w\" sizes=\"auto, (max-width: 600px) 85vw, 600px\" \/><\/p>\n<p><img loading=\"lazy\" decoding=\"async\" class=\"alignnone wp-image-4419\" src=\"https:\/\/blog.edu.turku.fi\/tyovaenopisto\/files\/2026\/01\/Turvallisemman-tyotilan-periaatteet-Juliste-minttu-A4-RGB-1.jpg\" alt=\"Ty\u00f6v\u00e4enopiston juliste turvallisemman tilan periaatteista: turvallisuus, yhdenvertaisuus, kunnioitus, viihtyvyys ja vastuu.\" width=\"600\" height=\"849\" srcset=\"https:\/\/blog.edu.turku.fi\/tyovaenopisto\/files\/2026\/01\/Turvallisemman-tyotilan-periaatteet-Juliste-minttu-A4-RGB-1.jpg 724w, https:\/\/blog.edu.turku.fi\/tyovaenopisto\/files\/2026\/01\/Turvallisemman-tyotilan-periaatteet-Juliste-minttu-A4-RGB-1-198x280.jpg 198w, https:\/\/blog.edu.turku.fi\/tyovaenopisto\/files\/2026\/01\/Turvallisemman-tyotilan-periaatteet-Juliste-minttu-A4-RGB-1-542x767.jpg 542w\" sizes=\"auto, (max-width: 600px) 85vw, 600px\" \/><\/p>\n<p><img loading=\"lazy\" decoding=\"async\" class=\"alignnone wp-image-4418\" src=\"https:\/\/blog.edu.turku.fi\/tyovaenopisto\/files\/2026\/01\/Turvallisemman-tyotilan-periaatteet-Juliste-vihrea-A4-RGB-1.jpg\" alt=\"Ty\u00f6v\u00e4enopiston juliste turvallisemman tilan periaatteista: turvallisuus, yhdenvertaisuus, kunnioitus, viihtyvyys ja vastuu.\" width=\"600\" height=\"849\" srcset=\"https:\/\/blog.edu.turku.fi\/tyovaenopisto\/files\/2026\/01\/Turvallisemman-tyotilan-periaatteet-Juliste-vihrea-A4-RGB-1.jpg 724w, https:\/\/blog.edu.turku.fi\/tyovaenopisto\/files\/2026\/01\/Turvallisemman-tyotilan-periaatteet-Juliste-vihrea-A4-RGB-1-198x280.jpg 198w, https:\/\/blog.edu.turku.fi\/tyovaenopisto\/files\/2026\/01\/Turvallisemman-tyotilan-periaatteet-Juliste-vihrea-A4-RGB-1-542x767.jpg 542w\" sizes=\"auto, (max-width: 600px) 85vw, 600px\" \/><\/p>\n<p><img loading=\"lazy\" decoding=\"async\" class=\"alignnone wp-image-4417\" src=\"https:\/\/blog.edu.turku.fi\/tyovaenopisto\/files\/2026\/01\/Turvallisemman-tyotilan-periaatteet-Juliste-pinkki-A4-RGB-1.jpg\" alt=\"Ty\u00f6v\u00e4enopiston juliste turvallisemman tilan periaatteista: turvallisuus, yhdenvertaisuus, kunnioitus, viihtyvyys ja vastuu.\" width=\"600\" height=\"849\" srcset=\"https:\/\/blog.edu.turku.fi\/tyovaenopisto\/files\/2026\/01\/Turvallisemman-tyotilan-periaatteet-Juliste-pinkki-A4-RGB-1.jpg 724w, https:\/\/blog.edu.turku.fi\/tyovaenopisto\/files\/2026\/01\/Turvallisemman-tyotilan-periaatteet-Juliste-pinkki-A4-RGB-1-198x280.jpg 198w, https:\/\/blog.edu.turku.fi\/tyovaenopisto\/files\/2026\/01\/Turvallisemman-tyotilan-periaatteet-Juliste-pinkki-A4-RGB-1-542x767.jpg 542w\" sizes=\"auto, (max-width: 600px) 85vw, 600px\" \/><\/p>\n","protected":false},"excerpt":{"rendered":"<p>Turun tasa-arvoinen ja yhdenvertainen ty\u00f6v\u00e4enopisto oli Opetushallituksen rahoittama hanke vuosille 2023-2025. Hankkeen tavoitteena oli tehd\u00e4 opiston tasa-arvo- ja yhdenvertaisuussuunnitelma kehitt\u00e4miskohteineen sek\u00e4 kehitt\u00e4\u00e4 sen pohjalta ty\u00f6tapoja ja ty\u00f6kaluja, joiden avulla tasa-arvo ja yhdenvertaisuus huomioidaan entist\u00e4 paremmin osana kurssitarjonnan ja lukuvuoden suunnittelua sek\u00e4 opiston toimintaa. Hanke saavutti tavoitteensa hienosti ja saimme paljon hyv\u00e4\u00e4 aikaan. Opiston opettajille ja &hellip; <a href=\"https:\/\/blog.edu.turku.fi\/tyovaenopisto\/opistoinfo\/tasa-arvo-ja-yhdenvertaisuus\/\" class=\"more-link\">Jatka lukemista<span class=\"screen-reader-text\"> &#8221;Tasa-arvo ja yhdenvertaisuus&#8221;<\/span><\/a><\/p>\n","protected":false},"author":2817,"featured_media":0,"parent":29,"menu_order":10,"comment_status":"closed","ping_status":"closed","template":"","meta":{"footnotes":""},"class_list":["post-4404","page","type-page","status-publish","hentry"],"_links":{"self":[{"href":"https:\/\/blog.edu.turku.fi\/tyovaenopisto\/wp-json\/wp\/v2\/pages\/4404","targetHints":{"allow":["GET"]}}],"collection":[{"href":"https:\/\/blog.edu.turku.fi\/tyovaenopisto\/wp-json\/wp\/v2\/pages"}],"about":[{"href":"https:\/\/blog.edu.turku.fi\/tyovaenopisto\/wp-json\/wp\/v2\/types\/page"}],"author":[{"embeddable":true,"href":"https:\/\/blog.edu.turku.fi\/tyovaenopisto\/wp-json\/wp\/v2\/users\/2817"}],"replies":[{"embeddable":true,"href":"https:\/\/blog.edu.turku.fi\/tyovaenopisto\/wp-json\/wp\/v2\/comments?post=4404"}],"version-history":[{"count":7,"href":"https:\/\/blog.edu.turku.fi\/tyovaenopisto\/wp-json\/wp\/v2\/pages\/4404\/revisions"}],"predecessor-version":[{"id":4570,"href":"https:\/\/blog.edu.turku.fi\/tyovaenopisto\/wp-json\/wp\/v2\/pages\/4404\/revisions\/4570"}],"up":[{"embeddable":true,"href":"https:\/\/blog.edu.turku.fi\/tyovaenopisto\/wp-json\/wp\/v2\/pages\/29"}],"wp:attachment":[{"href":"https:\/\/blog.edu.turku.fi\/tyovaenopisto\/wp-json\/wp\/v2\/media?parent=4404"}],"curies":[{"name":"wp","href":"https:\/\/api.w.org\/{rel}","templated":true}]}}