{"id":4274,"date":"2025-11-10T14:19:55","date_gmt":"2025-11-10T12:19:55","guid":{"rendered":"https:\/\/blog.edu.turku.fi\/tyovaenopisto\/?page_id=4274"},"modified":"2026-01-05T08:09:48","modified_gmt":"2026-01-05T06:09:48","slug":"koto-toiminta","status":"publish","type":"page","link":"https:\/\/blog.edu.turku.fi\/tyovaenopisto\/koto-toiminta\/","title":{"rendered":"KOTO-toiminta"},"content":{"rendered":"<p><H2>KOTO-koulutukset koti\u00e4ideille ja naisille Turun suomenkielisess\u00e4 ty\u00f6v\u00e4enopistossa.<H2><\/p>\n<h2>Kenelle koulutus on tarkoitettu?<\/h2>\n<p>KOTO-koulutukset on suunnattu maahanmuuttajanaisille, jotka hoitavat kotona alle 3-vuotiaita lapsia. Koulutukseen voivat osallistua maahanmuuttajataustaiset naiset, joilla on kotoutumislain mukainen oikeus kotoutumissuunnitelmaan.<\/p>\n<h2>Yhteystiedot ja ilmoittautuminen<\/h2>\n<p>Marina Kolomainen Turun suomenkielinen ty\u00f6v\u00e4enopisto 044 445 7858 marina.kolomainen@edu.turku.fi<\/p>\n<p>Maijastiina Korkeam\u00e4ki Fredriksson Turun kaupungin maahanmuuttajapalvelut 044 907 5729 maijastiina.korkeamaki.fredriksson@turku.fi<\/p>\n<h2>Opetuspaikka ja lastenhoito<\/h2>\n<p>International House Turku Linnankatu 31, 3. kerros<\/p>\n<p>Lastenhoito j\u00e4rjestet\u00e4\u00e4n opetuksen aikana lastenhuoneessa.<\/p>\n<h2>Kev\u00e4tlukukausi 2026 \u2013 Lukuj\u00e4rjestys<\/h2>\n<p>KOTO-toiminta<\/p>\n<p>Luku- ja kirjoitustaidon opetus koti\u00e4ideille<\/p>\n<p>Ti, ke ja to klo 9.00\u201312.30 13.1.\u201328.5.2026 Taitotaso: opiskelijoille, jotka eiv\u00e4t osaa lukea tai kirjoittaa omalla \u00e4idinkielell\u00e4\u00e4n.<\/p>\n<p>Suomea lukutaitoisille koti\u00e4ideille A Ma, ti ja to klo 9.00\u201313.15 12.1.\u201328.5.2026 Taitotaso: A1.1\u2013A1.2 Tavoitetaso: A2.1<\/p>\n<p>Suomea lukutaitoisille koti\u00e4ideille B Ma, ti ja to klo 9.00\u201313.15 12.1.\u201328.5.2026 Taitotaso: A1.3\u2013A2.1 Tavoitetaso: B1.1<\/p>\n<p>Monikulttuurinen k\u00e4sity\u00f6 Ke klo 13.00\u201315.15 21.1.\u20136.5.2026 kaikille avoin<\/p>\n<h2>Maahanmuuttajanaisten tukiryhm\u00e4t -hanke (AMIF)<\/h2>\n<p><img loading=\"lazy\" decoding=\"async\" class=\"alignnone wp-image-4282\" src=\"https:\/\/blog.edu.turku.fi\/tyovaenopisto\/files\/2025\/11\/FI_fundedbyEU_VERTICAL_RGB_POS-757x767.png\" alt=\"EU-logo, EU:n rahoittama hanke\" width=\"265\" height=\"269\" srcset=\"https:\/\/blog.edu.turku.fi\/tyovaenopisto\/files\/2025\/11\/FI_fundedbyEU_VERTICAL_RGB_POS-757x767.png 757w, https:\/\/blog.edu.turku.fi\/tyovaenopisto\/files\/2025\/11\/FI_fundedbyEU_VERTICAL_RGB_POS-276x280.png 276w, https:\/\/blog.edu.turku.fi\/tyovaenopisto\/files\/2025\/11\/FI_fundedbyEU_VERTICAL_RGB_POS.png 910w\" sizes=\"auto, (max-width: 265px) 85vw, 265px\" \/><\/p>\n<p>Hankkeen toiminta on suunnattu kolmansien maiden maahanmuuttajanaisille. Tavoitteena on vahvistaa osallistujien valmiuksia ty\u00f6nhakuun ja ty\u00f6el\u00e4m\u00e4\u00e4n, sek\u00e4 tarjota tukea ja k\u00e4yt\u00e4nn\u00f6n taitoja arkeen ja kotoutumiseen.<\/p>\n<p>Ty\u00f6el\u00e4m\u00e4taidot Ke klo 11.00\u201313.15 14.1.\u201310.6.2026<\/p>\n<p>Digitaidot el\u00e4m\u00e4\u00e4n Pe klo 9.00\u201311.45 16.1.\u201312.6.2026<\/p>\n<p>Matematiikan matkalla Ma klo 13.30\u201315.00 12.1.\u20138.6.2026<\/p>\n<p>Ruoanvalmistuksen perusteet Ti klo 13.00\u201315.15 20.1., 3.2., 24.2., 10.3., 24.3., 7.4., 21.4. ja 5.5.2026<\/p>\n","protected":false},"excerpt":{"rendered":"<p>KOTO-koulutukset koti\u00e4ideille ja naisille Turun suomenkielisess\u00e4 ty\u00f6v\u00e4enopistossa. Kenelle koulutus on tarkoitettu? KOTO-koulutukset on suunnattu maahanmuuttajanaisille, jotka hoitavat kotona alle 3-vuotiaita lapsia. Koulutukseen voivat osallistua maahanmuuttajataustaiset naiset, joilla on kotoutumislain mukainen oikeus kotoutumissuunnitelmaan. Yhteystiedot ja ilmoittautuminen Marina Kolomainen Turun suomenkielinen ty\u00f6v\u00e4enopisto 044 445 7858 marina.kolomainen@edu.turku.fi Maijastiina Korkeam\u00e4ki Fredriksson Turun kaupungin maahanmuuttajapalvelut 044 907 5729 maijastiina.korkeamaki.fredriksson@turku.fi Opetuspaikka &hellip; <a href=\"https:\/\/blog.edu.turku.fi\/tyovaenopisto\/koto-toiminta\/\" class=\"more-link\">Jatka lukemista<span class=\"screen-reader-text\"> &#8221;KOTO-toiminta&#8221;<\/span><\/a><\/p>\n","protected":false},"author":2817,"featured_media":0,"parent":0,"menu_order":0,"comment_status":"closed","ping_status":"closed","template":"","meta":{"footnotes":""},"class_list":["post-4274","page","type-page","status-publish","hentry"],"_links":{"self":[{"href":"https:\/\/blog.edu.turku.fi\/tyovaenopisto\/wp-json\/wp\/v2\/pages\/4274","targetHints":{"allow":["GET"]}}],"collection":[{"href":"https:\/\/blog.edu.turku.fi\/tyovaenopisto\/wp-json\/wp\/v2\/pages"}],"about":[{"href":"https:\/\/blog.edu.turku.fi\/tyovaenopisto\/wp-json\/wp\/v2\/types\/page"}],"author":[{"embeddable":true,"href":"https:\/\/blog.edu.turku.fi\/tyovaenopisto\/wp-json\/wp\/v2\/users\/2817"}],"replies":[{"embeddable":true,"href":"https:\/\/blog.edu.turku.fi\/tyovaenopisto\/wp-json\/wp\/v2\/comments?post=4274"}],"version-history":[{"count":7,"href":"https:\/\/blog.edu.turku.fi\/tyovaenopisto\/wp-json\/wp\/v2\/pages\/4274\/revisions"}],"predecessor-version":[{"id":4392,"href":"https:\/\/blog.edu.turku.fi\/tyovaenopisto\/wp-json\/wp\/v2\/pages\/4274\/revisions\/4392"}],"wp:attachment":[{"href":"https:\/\/blog.edu.turku.fi\/tyovaenopisto\/wp-json\/wp\/v2\/media?parent=4274"}],"curies":[{"name":"wp","href":"https:\/\/api.w.org\/{rel}","templated":true}]}}