{"id":42,"date":"2020-02-07T12:36:12","date_gmt":"2020-02-07T10:36:12","guid":{"rendered":"https:\/\/blog.edu.turku.fi\/tyovaenopisto\/?page_id=42"},"modified":"2026-04-07T06:54:53","modified_gmt":"2026-04-07T03:54:53","slug":"luennot","status":"publish","type":"page","link":"https:\/\/blog.edu.turku.fi\/tyovaenopisto\/luennot-ja-tapahtumat\/luennot\/","title":{"rendered":"Luennot"},"content":{"rendered":"<h2>Luentomaksut<\/h2>\n<p>Luentokertamaksu 8 \u20ac.<br \/>\nHuom.! Luennoille ilmoittaudutaan ennakkoon.<\/p>\n<h2>Luentopaikka<\/h2>\n<p>Kaskenkatu 5:n opistotalon 1. kerroksen <a href=\"https:\/\/blog.edu.turku.fi\/tyovaenopisto\/opetustilat\/\">luentosali<\/a>.<\/p>\n<h2>Kev\u00e4tkauden luennot aikaj\u00e4rjestyksess\u00e4<\/h2>\n<p>Kev\u00e4\u00e4n 2026 luennot on nyt kaikki pidetty. Luentoja on tarjolla j\u00e4lleen syksyll\u00e4 2026.<\/p>\n<p><strong>Kuinka vanha Turku on?<\/strong><br \/>\nMa 2.3.2026 klo 17\u201318:30<br \/>\nTimo Soikkanen, VTT, professori emeritus<br \/>\n<a href=\"https:\/\/uusi.opistopalvelut.fi\/turku\/fi\/course\/16378\/\">https:\/\/uusi.opistopalvelut.fi\/turku\/fi\/course\/16378\/<\/a><\/p>\n<p><strong>Historiallisten rakennusten moderni restaurointi<\/strong><br \/>\nTi 3.3.2026 klo 18\u201319:30<br \/>\nTietokirjailija, FM, Mikko Laaksonen<br \/>\n<a href=\"https:\/\/uusi.opistopalvelut.fi\/turku\/fi\/course\/16381\/\">https:\/\/uusi.opistopalvelut.fi\/turku\/fi\/course\/16381\/<\/a><\/p>\n<p><strong>Vapaaksi liiallisesta miellytt\u00e4misest\u00e4<\/strong><br \/>\nTo 5.3.2026 klo 17\u201318:30<br \/>\nMarja Laihinen, psykiatrinen sairaanhoitaja, seksuaalineuvoja ja dialektinen k\u00e4ytt\u00e4ytymisterapeutti<br \/>\n<a href=\"https:\/\/uusi.opistopalvelut.fi\/turku\/fi\/course\/16376\/\">https:\/\/uusi.opistopalvelut.fi\/turku\/fi\/course\/16376\/<\/a><\/p>\n<p><strong>Valvontakomissio ja sen toiminta Turun alueella<br \/>\n<\/strong>Ma 9.3.2026 klo 17\u201318:30<br \/>\nTimo Soikkanen, VTT, professori emeritus<br \/>\n<a href=\"https:\/\/uusi.opistopalvelut.fi\/turku\/fi\/course\/16379\/\">https:\/\/uusi.opistopalvelut.fi\/turku\/fi\/course\/16379\/<\/a><\/p>\n<p><strong>Miten suomalaiset puukaupungit s\u00e4ilytettiin<br \/>\n<\/strong>Ti 10.3.2026 klo 18\u201319:30<br \/>\nTietokirjailija, FM, Mikko Laaksonen<br \/>\n<a href=\"https:\/\/uusi.opistopalvelut.fi\/turku\/fi\/course\/16382\/\">https:\/\/uusi.opistopalvelut.fi\/turku\/fi\/course\/16382\/<\/a><\/p>\n<p><strong>Peruttu luento: Miellytt\u00e4minen ja omat rajat seksuaalisuudessa<br \/>\n<\/strong>To 12.3.2026 klo 17\u201318:30<\/p>\n<p><strong>&#8221;Kun sirkus tuli kaupunkiin&#8221;\u2026 ja kaikki muuttui kunnallispolitiikassa<\/strong><br \/>\nMa 16.3.2026 klo 17\u201318:30<br \/>\nTimo Soikkanen, VTT, professori emeritus<br \/>\n<a href=\"https:\/\/uusi.opistopalvelut.fi\/turku\/fi\/course\/16380\/\">https:\/\/uusi.opistopalvelut.fi\/turku\/fi\/course\/16380\/<\/a><\/p>\n<p><strong>Arkkitehti Erik Bryggman (1891\u20131955)<\/strong><br \/>\nTi 17.3.2026 klo 18\u201319:30<br \/>\nTietokirjailija, FM, Mikko Laaksonen<br \/>\n<a href=\"https:\/\/uusi.opistopalvelut.fi\/turku\/fi\/course\/16383\/\">https:\/\/uusi.opistopalvelut.fi\/turku\/fi\/course\/16383\/<\/a><\/p>\n<p><strong>Koteja suomalaisille \u2013 arava-arkkitehtuuria 1949\u20131966<\/strong><br \/>\nTi 24.3.2026 klo 18\u201319:30<br \/>\nTietokirjailija, FM, Mikko Laaksonen<br \/>\n<a href=\"https:\/\/uusi.opistopalvelut.fi\/turku\/fi\/course\/16384\/\">https:\/\/uusi.opistopalvelut.fi\/turku\/fi\/course\/16384\/<\/a><\/p>\n<p>&nbsp;<\/p>\n<h2>Luentopalautteet ja -toiveet<\/h2>\n<p>Anna palautetta luennoista <a href=\"mailto:tyovaenopisto@edu.turku.fi\">tyovaenopisto@edu.turku.fi<\/a> tai p. 02 262 9811.<\/p>\n","protected":false},"excerpt":{"rendered":"<p>Luentomaksut Luentokertamaksu 8 \u20ac. Huom.! Luennoille ilmoittaudutaan ennakkoon. Luentopaikka Kaskenkatu 5:n opistotalon 1. kerroksen luentosali. Kev\u00e4tkauden luennot aikaj\u00e4rjestyksess\u00e4 Kev\u00e4\u00e4n 2026 luennot on nyt kaikki pidetty. Luentoja on tarjolla j\u00e4lleen syksyll\u00e4 2026. Kuinka vanha Turku on? Ma 2.3.2026 klo 17\u201318:30 Timo Soikkanen, VTT, professori emeritus https:\/\/uusi.opistopalvelut.fi\/turku\/fi\/course\/16378\/ Historiallisten rakennusten moderni restaurointi Ti 3.3.2026 klo 18\u201319:30 Tietokirjailija, FM, &hellip; <a href=\"https:\/\/blog.edu.turku.fi\/tyovaenopisto\/luennot-ja-tapahtumat\/luennot\/\" class=\"more-link\">Jatka lukemista<span class=\"screen-reader-text\"> &#8221;Luennot&#8221;<\/span><\/a><\/p>\n","protected":false},"author":2817,"featured_media":0,"parent":26,"menu_order":0,"comment_status":"closed","ping_status":"closed","template":"","meta":{"footnotes":""},"class_list":["post-42","page","type-page","status-publish","hentry"],"_links":{"self":[{"href":"https:\/\/blog.edu.turku.fi\/tyovaenopisto\/wp-json\/wp\/v2\/pages\/42","targetHints":{"allow":["GET"]}}],"collection":[{"href":"https:\/\/blog.edu.turku.fi\/tyovaenopisto\/wp-json\/wp\/v2\/pages"}],"about":[{"href":"https:\/\/blog.edu.turku.fi\/tyovaenopisto\/wp-json\/wp\/v2\/types\/page"}],"author":[{"embeddable":true,"href":"https:\/\/blog.edu.turku.fi\/tyovaenopisto\/wp-json\/wp\/v2\/users\/2817"}],"replies":[{"embeddable":true,"href":"https:\/\/blog.edu.turku.fi\/tyovaenopisto\/wp-json\/wp\/v2\/comments?post=42"}],"version-history":[{"count":132,"href":"https:\/\/blog.edu.turku.fi\/tyovaenopisto\/wp-json\/wp\/v2\/pages\/42\/revisions"}],"predecessor-version":[{"id":4683,"href":"https:\/\/blog.edu.turku.fi\/tyovaenopisto\/wp-json\/wp\/v2\/pages\/42\/revisions\/4683"}],"up":[{"embeddable":true,"href":"https:\/\/blog.edu.turku.fi\/tyovaenopisto\/wp-json\/wp\/v2\/pages\/26"}],"wp:attachment":[{"href":"https:\/\/blog.edu.turku.fi\/tyovaenopisto\/wp-json\/wp\/v2\/media?parent=42"}],"curies":[{"name":"wp","href":"https:\/\/api.w.org\/{rel}","templated":true}]}}