{"id":363,"date":"2020-04-28T11:55:18","date_gmt":"2020-04-28T08:55:18","guid":{"rendered":"https:\/\/blog.edu.turku.fi\/tyovaenopisto\/?page_id=363"},"modified":"2023-05-05T10:50:52","modified_gmt":"2023-05-05T07:50:52","slug":"saavutettavuus","status":"publish","type":"page","link":"https:\/\/blog.edu.turku.fi\/tyovaenopisto\/opistoinfo\/saavutettavuus\/","title":{"rendered":"Saavutettavuus"},"content":{"rendered":"<h2>Saavutettavuusseloste<\/h2>\n<p>T\u00e4m\u00e4 saavutettavuusseloste koskee sivua https:\/\/blog.edu.turku.fi\/tyovaenopisto ja on laadittu 28.04.2020.<\/p>\n<h3>Digipalvelun saavutettavuuden tila<\/h3>\n<p>Ei t\u00e4yt\u00e4 kriittisi\u00e4 saavutettavuusvaatimuksia<\/p>\n<h2><\/h2>\n<h4>1. Verkkosivusto ei ole viel\u00e4 kaikilta osin vaatimusten mukainen<\/h4>\n<h5>Havaittava<\/h5>\n<h5><\/h5>\n<p><strong>Saavuttamaton sis\u00e4lt\u00f6 ja sen puutteet<\/strong><\/p>\n<p>Sivustolta l\u00f6ytyv\u00e4t lomakkeet.<\/p>\n<p><strong>Saavutettavuusvaatimukset jotka eiv\u00e4t t\u00e4yty<\/strong><\/p>\n<h5>Hallittava<\/h5>\n<h5>Ymm\u00e4rrett\u00e4v\u00e4<\/h5>\n<h5>Toimintavarma<\/h5>\n<h5><\/h5>\n<p><strong>Saavuttamaton sis\u00e4lt\u00f6 ja sen puutteet<\/strong><\/p>\n<p><strong>Saavutettavuusvaatimukset jotka eiv\u00e4t t\u00e4yty<\/strong><\/p>\n<h3>Huomasitko saavutettavuuspuutteen digipalvelussamme? Kerro se meille ja teemme parhaamme puutteen korjaamiseksi<\/h3>\n<p><strong>S\u00e4hk\u00f6postilla<\/strong><\/p>\n<p><span class=\"value\">tyovaenopisto@edu.turku.fi<\/span><\/p>\n<p><strong>Muilla tavoin<\/strong><\/p>\n<p><span class=\"value\">p. 02 262 9811<\/span><\/p>\n<h3>Valvontaviranomainen<\/h3>\n<p>Jos huomaat sivustolla saavutettavuusongelmia, anna ensin palautetta meille eli sivuston yll\u00e4pit\u00e4j\u00e4lle. Vastauksessa voi menn\u00e4 14 p\u00e4iv\u00e4\u00e4. Jos et ole tyytyv\u00e4inen saamaasi vastaukseen tai et saa vastausta lainkaan kahden viikon aikana,\u00a0<a href=\"https:\/\/www.saavutettavuusvaatimukset.fi\/oikeutesi\/\" target=\"_blank\" rel=\"noopener noreferrer\">voit tehd\u00e4 ilmoituksen Etel\u00e4-Suomen aluehallintovirastoon<\/a>. Etel\u00e4-Suomen aluehallintoviraston sivulla kerrotaan tarkasti, miten ilmoituksen voi tehd\u00e4 ja miten asia k\u00e4sitell\u00e4\u00e4n.<\/p>\n<h4>Valvontaviranomaisen yhteystiedot<\/h4>\n<p>Etel\u00e4-Suomen aluehallintovirasto<br \/>\nSaavutettavuuden valvonnan yksikk\u00f6<br \/>\nwww.saavutettavuusvaatimukset.fi<br \/>\nsaavutettavuus(at)avi.fi<br \/>\npuhelinnumero vaihde 0295 016 000<\/p>\n","protected":false},"excerpt":{"rendered":"<p>Saavutettavuusseloste T\u00e4m\u00e4 saavutettavuusseloste koskee sivua https:\/\/blog.edu.turku.fi\/tyovaenopisto ja on laadittu 28.04.2020. Digipalvelun saavutettavuuden tila Ei t\u00e4yt\u00e4 kriittisi\u00e4 saavutettavuusvaatimuksia 1. Verkkosivusto ei ole viel\u00e4 kaikilta osin vaatimusten mukainen Havaittava Saavuttamaton sis\u00e4lt\u00f6 ja sen puutteet Sivustolta l\u00f6ytyv\u00e4t lomakkeet. Saavutettavuusvaatimukset jotka eiv\u00e4t t\u00e4yty Hallittava Ymm\u00e4rrett\u00e4v\u00e4 Toimintavarma Saavuttamaton sis\u00e4lt\u00f6 ja sen puutteet Saavutettavuusvaatimukset jotka eiv\u00e4t t\u00e4yty Huomasitko saavutettavuuspuutteen digipalvelussamme? Kerro &hellip; <a href=\"https:\/\/blog.edu.turku.fi\/tyovaenopisto\/opistoinfo\/saavutettavuus\/\" class=\"more-link\">Jatka lukemista<span class=\"screen-reader-text\"> &#8221;Saavutettavuus&#8221;<\/span><\/a><\/p>\n","protected":false},"author":2817,"featured_media":0,"parent":29,"menu_order":0,"comment_status":"closed","ping_status":"closed","template":"","meta":{"footnotes":""},"class_list":["post-363","page","type-page","status-publish","hentry"],"_links":{"self":[{"href":"https:\/\/blog.edu.turku.fi\/tyovaenopisto\/wp-json\/wp\/v2\/pages\/363","targetHints":{"allow":["GET"]}}],"collection":[{"href":"https:\/\/blog.edu.turku.fi\/tyovaenopisto\/wp-json\/wp\/v2\/pages"}],"about":[{"href":"https:\/\/blog.edu.turku.fi\/tyovaenopisto\/wp-json\/wp\/v2\/types\/page"}],"author":[{"embeddable":true,"href":"https:\/\/blog.edu.turku.fi\/tyovaenopisto\/wp-json\/wp\/v2\/users\/2817"}],"replies":[{"embeddable":true,"href":"https:\/\/blog.edu.turku.fi\/tyovaenopisto\/wp-json\/wp\/v2\/comments?post=363"}],"version-history":[{"count":9,"href":"https:\/\/blog.edu.turku.fi\/tyovaenopisto\/wp-json\/wp\/v2\/pages\/363\/revisions"}],"predecessor-version":[{"id":2429,"href":"https:\/\/blog.edu.turku.fi\/tyovaenopisto\/wp-json\/wp\/v2\/pages\/363\/revisions\/2429"}],"up":[{"embeddable":true,"href":"https:\/\/blog.edu.turku.fi\/tyovaenopisto\/wp-json\/wp\/v2\/pages\/29"}],"wp:attachment":[{"href":"https:\/\/blog.edu.turku.fi\/tyovaenopisto\/wp-json\/wp\/v2\/media?parent=363"}],"curies":[{"name":"wp","href":"https:\/\/api.w.org\/{rel}","templated":true}]}}