{"id":274,"date":"2020-04-22T13:18:50","date_gmt":"2020-04-22T10:18:50","guid":{"rendered":"https:\/\/blog.edu.turku.fi\/tyovaenopisto\/?page_id=274"},"modified":"2026-04-17T09:37:09","modified_gmt":"2026-04-17T06:37:09","slug":"nayttelyt","status":"publish","type":"page","link":"https:\/\/blog.edu.turku.fi\/tyovaenopisto\/luennot-ja-tapahtumat\/nayttelyt\/","title":{"rendered":"N\u00e4yttelyt ja n\u00e4yttelytilat"},"content":{"rendered":"<h2>N\u00e4yttelyt<\/h2>\n<p>&#8212;<\/p>\n<p>\u2013 Aulagalleria: 1. kerroksen ala-aulan 3-metriset kapalevyt ja kaksi tv-ruutua.<\/p>\n<p>\u2013 Ikkunagalleria:\u00a0 1. kerroksen ikkunatilat, teokset n\u00e4kyv\u00e4t opistotalon ulkopuolelta.<\/p>\n<p>\u2013 Vitriinigalleria: 1. kerroksen ala-aulan kolme valaistua lasivitriini\u00e4.<\/p>\n<p>\u2013 Sein\u00e4galleria: 2. kerroksen k\u00e4yt\u00e4v\u00e4n sein\u00e4t.<\/p>\n<p>\u2013 K\u00e4yt\u00e4v\u00e4galleria: 5. kerroksen k\u00e4yt\u00e4v\u00e4n sein\u00e4.<\/p>\n","protected":false},"excerpt":{"rendered":"<p>N\u00e4yttelyt &#8212; \u2013 Aulagalleria: 1. kerroksen ala-aulan 3-metriset kapalevyt ja kaksi tv-ruutua. \u2013 Ikkunagalleria:\u00a0 1. kerroksen ikkunatilat, teokset n\u00e4kyv\u00e4t opistotalon ulkopuolelta. \u2013 Vitriinigalleria: 1. kerroksen ala-aulan kolme valaistua lasivitriini\u00e4. \u2013 Sein\u00e4galleria: 2. kerroksen k\u00e4yt\u00e4v\u00e4n sein\u00e4t. \u2013 K\u00e4yt\u00e4v\u00e4galleria: 5. kerroksen k\u00e4yt\u00e4v\u00e4n sein\u00e4.<\/p>\n","protected":false},"author":2817,"featured_media":0,"parent":26,"menu_order":0,"comment_status":"closed","ping_status":"closed","template":"","meta":{"footnotes":""},"class_list":["post-274","page","type-page","status-publish","hentry"],"_links":{"self":[{"href":"https:\/\/blog.edu.turku.fi\/tyovaenopisto\/wp-json\/wp\/v2\/pages\/274","targetHints":{"allow":["GET"]}}],"collection":[{"href":"https:\/\/blog.edu.turku.fi\/tyovaenopisto\/wp-json\/wp\/v2\/pages"}],"about":[{"href":"https:\/\/blog.edu.turku.fi\/tyovaenopisto\/wp-json\/wp\/v2\/types\/page"}],"author":[{"embeddable":true,"href":"https:\/\/blog.edu.turku.fi\/tyovaenopisto\/wp-json\/wp\/v2\/users\/2817"}],"replies":[{"embeddable":true,"href":"https:\/\/blog.edu.turku.fi\/tyovaenopisto\/wp-json\/wp\/v2\/comments?post=274"}],"version-history":[{"count":146,"href":"https:\/\/blog.edu.turku.fi\/tyovaenopisto\/wp-json\/wp\/v2\/pages\/274\/revisions"}],"predecessor-version":[{"id":4705,"href":"https:\/\/blog.edu.turku.fi\/tyovaenopisto\/wp-json\/wp\/v2\/pages\/274\/revisions\/4705"}],"up":[{"embeddable":true,"href":"https:\/\/blog.edu.turku.fi\/tyovaenopisto\/wp-json\/wp\/v2\/pages\/26"}],"wp:attachment":[{"href":"https:\/\/blog.edu.turku.fi\/tyovaenopisto\/wp-json\/wp\/v2\/media?parent=274"}],"curies":[{"name":"wp","href":"https:\/\/api.w.org\/{rel}","templated":true}]}}