{"id":270,"date":"2020-04-22T13:14:13","date_gmt":"2020-04-22T10:14:13","guid":{"rendered":"https:\/\/blog.edu.turku.fi\/tyovaenopisto\/?page_id=270"},"modified":"2026-04-21T06:25:50","modified_gmt":"2026-04-21T03:25:50","slug":"tapahtumat","status":"publish","type":"page","link":"https:\/\/blog.edu.turku.fi\/tyovaenopisto\/luennot-ja-tapahtumat\/tapahtumat\/","title":{"rendered":"Tapahtumat"},"content":{"rendered":"<ul>\n<li>Konsertti: Kanteleorkesteri Kummottis feat. kanteleensoiton alkeet, to 23.4. klo 19 alkaen<\/li>\n<li>Konsertti: Kranes, ma 27.4. klo 18 alkaen<\/li>\n<li>Konsertti: Ilo laulaa -kuorot, ma 27.4. klo 19 alkaen<\/li>\n<li>Konsertti: Turku Folks!- orkesterin keskiviikkokurssin iltasoitto, \u00a0ke 29.4. klo 19 alkaen<\/li>\n<\/ul>\n<h3>Konsertti:\u00a0Kanteleorkesteri Kummottis feat. kanteleensoiton alkeet<\/h3>\n<p><strong>Aika: <\/strong>to 23.4. klo 19 alkaen<br \/>\n<strong>Paikka:<\/strong> Ty\u00f6v\u00e4enopisto, Kaskenkatu 5, Usko Puustinen -sali 2. krs<\/p>\n<p><img loading=\"lazy\" decoding=\"async\" class=\"alignnone size-full wp-image-4680\" src=\"https:\/\/blog.edu.turku.fi\/tyovaenopisto\/files\/2026\/04\/Kanteleorkesteri-Kummottis-K26.jpg\" alt=\"\" width=\"724\" height=\"1024\" srcset=\"https:\/\/blog.edu.turku.fi\/tyovaenopisto\/files\/2026\/04\/Kanteleorkesteri-Kummottis-K26.jpg 724w, https:\/\/blog.edu.turku.fi\/tyovaenopisto\/files\/2026\/04\/Kanteleorkesteri-Kummottis-K26-198x280.jpg 198w, https:\/\/blog.edu.turku.fi\/tyovaenopisto\/files\/2026\/04\/Kanteleorkesteri-Kummottis-K26-542x767.jpg 542w\" sizes=\"auto, (max-width: 724px) 85vw, 724px\" \/><\/p>\n<p>&nbsp;<\/p>\n<h3>Konsertti: KRANES<\/h3>\n<p><strong>Aika:<\/strong> ma 27.4.2026 klo 18 alkaen<br \/>\n<strong>Paikka:<\/strong> Ty\u00f6v\u00e4enopisto, Kaskenkatu 5, Usko Puustinen -sali 2. krs<\/p>\n<p>Opiston ulkopuolinen b\u00e4ndi, joka soittaa rootsia. Ilmaiskonsertti.<\/p>\n<h3>Konsertti: Ilo laulaa -kuorot<\/h3>\n<p><strong>Aika:<\/strong> ma 27.4.2026 klo 19 alkaen<br \/>\n<strong>Paikka:<\/strong> Ty\u00f6v\u00e4enopisto ja Caf\u00e9 Dominic, Kaskenkatu 5<\/p>\n<p>Opiston Ilo laulaa -kuorojen kev\u00e4tkauden p\u00e4\u00e4t\u00f6skonsertti. Vapaa p\u00e4\u00e4sy, tervetuloa!<\/p>\n<h3>Konsertti: <strong>Turku Folks!- orkesterin keskiviikkokurssin iltasoitto<\/strong><\/h3>\n<p><strong>Aika:<\/strong> ke 29.4.2026 klo 19 alkaen<br \/>\n<strong>Paikka:<\/strong>\u00a0Ty\u00f6v\u00e4enopisto ja Caf\u00e9 Dominic, Kaskenkatu 5<\/p>\n<p>Kaikille soittimille ja soittajille avoin Turku Folks! -orkesteri (\u00c5bo Folks! orkester) treenailee talvikaudella\u00a0 kurssimuotoisesti Ty\u00f6viksell\u00e4 joka toinen keskiviikko. 60-henkinen kurssikokoonpano soittaa ja laulaa menev\u00e4sti sovitettua varsinaissuomalaista tanssimusiikkia 1700-luvulta t\u00e4h\u00e4n p\u00e4iv\u00e4\u00e4n. Iloisen soittoporukan soitinvalikoima ulottuu polkuharmoonista selloon ja pyykkilaudasta saksofoniin. Keskiviikkokurssia ovat lukuvuonna 2025\u20132026 luotsanneet Jaana Nurmi ja Marjaana Puurtinen.<\/p>\n<p>Tervetuloa Turku Folks! -keskiviikkokurssin iltasoittoon kuulemaan mit\u00e4 lukuvuoden aikana on treenailtu! Iltasoiton kesto on n. 1 tunti.<\/p>\n<p>Vapaa p\u00e4\u00e4sy. Caf\u00e9 Dominic palvelee kuulijoita iltasoiton ajan.<\/p>\n<p><img loading=\"lazy\" decoding=\"async\" class=\"alignnone size-full wp-image-4595\" src=\"https:\/\/blog.edu.turku.fi\/tyovaenopisto\/files\/2026\/03\/TURKU-FOLKS-BANNER.png\" alt=\"Turku Folks! -banneri\" width=\"1024\" height=\"534\" srcset=\"https:\/\/blog.edu.turku.fi\/tyovaenopisto\/files\/2026\/03\/TURKU-FOLKS-BANNER.png 1024w, https:\/\/blog.edu.turku.fi\/tyovaenopisto\/files\/2026\/03\/TURKU-FOLKS-BANNER-537x280.png 537w\" sizes=\"auto, (max-width: 709px) 85vw, (max-width: 909px) 67vw, (max-width: 1362px) 62vw, 840px\" \/><\/p>\n<h2><\/h2>\n<h2>Lautapelikerho 13.1.\u2013<\/h2>\n<p>Lautapelikerho kokoontuu tiistaisin \u00a0klo 16\u201320:30 Turun suomenkielisen ty\u00f6v\u00e4enopiston opistotalon ala-aulassa (Kaskenkatu 5, 1. krs). L\u00e4mpim\u00e4sti tervetuloa mukaan aiempaan pelikokemukseen katsomatta! Kerhossa pelataan monenlaisia lautapelej\u00e4 aina Decryptosta Brassiin ja Dominionista Avaloniin. Kerholaiset voivat tuoda peli-iltoihin omia pelej\u00e4\u00e4n. Peli-illassa pelattavat pelit valitaan aina osallistujien kiinnostuksen mukaan. Vapaa p\u00e4\u00e4sy, tervetuloa!<\/p>\n<p><img loading=\"lazy\" decoding=\"async\" class=\"alignnone size-large wp-image-3429\" src=\"https:\/\/blog.edu.turku.fi\/tyovaenopisto\/files\/2024\/09\/Lautapeli-3-fb-1024x536.jpg\" alt=\"Tervetuloa ty\u00f6v\u00e4enopistolla pidett\u00e4v\u00e4\u00e4n lautapelikerhoon tiistaisin klo 16\u201320:30.\" width=\"1024\" height=\"536\" srcset=\"https:\/\/blog.edu.turku.fi\/tyovaenopisto\/files\/2024\/09\/Lautapeli-3-fb.jpg 1024w, https:\/\/blog.edu.turku.fi\/tyovaenopisto\/files\/2024\/09\/Lautapeli-3-fb-535x280.jpg 535w\" sizes=\"auto, (max-width: 709px) 85vw, (max-width: 909px) 67vw, (max-width: 1362px) 62vw, 840px\" \/><\/p>\n","protected":false},"excerpt":{"rendered":"<p>Konsertti: Kanteleorkesteri Kummottis feat. kanteleensoiton alkeet, to 23.4. klo 19 alkaen Konsertti: Kranes, ma 27.4. klo 18 alkaen Konsertti: Ilo laulaa -kuorot, ma 27.4. klo 19 alkaen Konsertti: Turku Folks!- orkesterin keskiviikkokurssin iltasoitto, \u00a0ke 29.4. klo 19 alkaen Konsertti:\u00a0Kanteleorkesteri Kummottis feat. kanteleensoiton alkeet Aika: to 23.4. klo 19 alkaen Paikka: Ty\u00f6v\u00e4enopisto, Kaskenkatu 5, Usko Puustinen &hellip; <a href=\"https:\/\/blog.edu.turku.fi\/tyovaenopisto\/luennot-ja-tapahtumat\/tapahtumat\/\" class=\"more-link\">Jatka lukemista<span class=\"screen-reader-text\"> &#8221;Tapahtumat&#8221;<\/span><\/a><\/p>\n","protected":false},"author":2817,"featured_media":0,"parent":26,"menu_order":0,"comment_status":"closed","ping_status":"closed","template":"","meta":{"footnotes":""},"class_list":["post-270","page","type-page","status-publish","hentry"],"_links":{"self":[{"href":"https:\/\/blog.edu.turku.fi\/tyovaenopisto\/wp-json\/wp\/v2\/pages\/270","targetHints":{"allow":["GET"]}}],"collection":[{"href":"https:\/\/blog.edu.turku.fi\/tyovaenopisto\/wp-json\/wp\/v2\/pages"}],"about":[{"href":"https:\/\/blog.edu.turku.fi\/tyovaenopisto\/wp-json\/wp\/v2\/types\/page"}],"author":[{"embeddable":true,"href":"https:\/\/blog.edu.turku.fi\/tyovaenopisto\/wp-json\/wp\/v2\/users\/2817"}],"replies":[{"embeddable":true,"href":"https:\/\/blog.edu.turku.fi\/tyovaenopisto\/wp-json\/wp\/v2\/comments?post=270"}],"version-history":[{"count":140,"href":"https:\/\/blog.edu.turku.fi\/tyovaenopisto\/wp-json\/wp\/v2\/pages\/270\/revisions"}],"predecessor-version":[{"id":4708,"href":"https:\/\/blog.edu.turku.fi\/tyovaenopisto\/wp-json\/wp\/v2\/pages\/270\/revisions\/4708"}],"up":[{"embeddable":true,"href":"https:\/\/blog.edu.turku.fi\/tyovaenopisto\/wp-json\/wp\/v2\/pages\/26"}],"wp:attachment":[{"href":"https:\/\/blog.edu.turku.fi\/tyovaenopisto\/wp-json\/wp\/v2\/media?parent=270"}],"curies":[{"name":"wp","href":"https:\/\/api.w.org\/{rel}","templated":true}]}}