{"id":15,"date":"2020-02-07T12:07:40","date_gmt":"2020-02-07T10:07:40","guid":{"rendered":"https:\/\/blog.edu.turku.fi\/tyovaenopisto\/?page_id=15"},"modified":"2026-04-17T09:27:37","modified_gmt":"2026-04-17T06:27:37","slug":"etusivu","status":"publish","type":"page","link":"https:\/\/blog.edu.turku.fi\/tyovaenopisto\/","title":{"rendered":"Etusivu"},"content":{"rendered":"<h2>Ilmoittautuminen syksyn kursseille alkaa 25.5.2026<\/h2>\n<ul>\n<li>Ilmoittautuminen kursseille ja luennoille <a href=\"https:\/\/uusi.opistopalvelut.fi\/turku\/fi\/\">netiss\u00e4<\/a><\/li>\n<li>Ilmoittautuminen puhelimitse 02 262 9811 ma\u2013to klo 10\u201318<\/li>\n<li>Ilmoittautuminen infoon (Kaskenkatu 5, 2. krs) ma\u2013to klo 10\u201318<\/li>\n<li>Tutustu kurssi- ja luentotarjontaamme:<a href=\"https:\/\/uusi.opistopalvelut.fi\/turku\/\"> https:\/\/uusi.opistopalvelut.fi\/turku<\/a><\/li>\n<li><strong>Syksyn 2026 kursseille ilmoittautuminen alkaa 25.5.2026 klo 10:00.\u00a0 <\/strong><\/li>\n<li>Syksyn 2026 kurssit julkaistaan 18.5. osoitteessa <a href=\"https:\/\/uusi.opistopalvelut.fi\/turku\">https:\/\/uusi.opistopalvelut.fi\/turku<\/a><\/li>\n<\/ul>\n<h2>Huhtikuun maksuttomat konsertit<\/h2>\n<ul>\n<li>Konsertti: Mountains of the Moon, ma 20.4. klo 18:00\u201321:15<\/li>\n<li>Konsertti: Kanteleorkesteri Kummottis feat. kanteleensoiton alkeet, to 23.4. klo 19 alkaen<\/li>\n<li>Konsertti: Kranes, ma 27.4. klo 18 alkaen<\/li>\n<li>Konsertti: Ilo laulaa -kuorot, ma 27.4. klo 19 alkaen<\/li>\n<li>Konsertti: Turku Folks!- orkesterin keskiviikkokurssin iltasoitto, ke 29.4. klo 19 alkaen<\/li>\n<li>Tapahtumien lis\u00e4tiedot: <a href=\"https:\/\/blog.edu.turku.fi\/tyovaenopisto\/luennot-ja-tapahtumat\/tapahtumat\/\">Tapahtumat \u2013 Turun suomenkielinen ty\u00f6v\u00e4enopisto<\/a><\/li>\n<\/ul>\n<h2>Caf\u00e9 Dominic<\/h2>\n<ul>\n<li><a href=\"https:\/\/blog.edu.turku.fi\/tyovaenopisto\/yhteystiedot\/kahvio\/\">Kahvila \u2013 Turun suomenkielinen ty\u00f6v\u00e4enopisto<\/a>\n<div><\/div>\n<\/li>\n<\/ul>\n<h2>Enroll for our Finnish language courses!<\/h2>\n<ul>\n<li><a href=\"https:\/\/uusi.opistopalvelut.fi\/turku\/en\/?q=subject%3A7%2F36&amp;page=1\">Registrations<\/a><\/li>\n<\/ul>\n<h2>Opinto-ohjelma<\/h2>\n<ul>\n<li>Painetun opinto-ohjelman voi noutaa Kaskenkatu 5:n opistotalosta.<\/li>\n<li>Pdf-versio: <a href=\"https:\/\/blog.edu.turku.fi\/tyovaenopisto\/files\/2025\/06\/Opinto-ohjelma-25-26-pvm-19062025-nettiversio.pdf\">Opinto-ohjelma-25-26-pvm-19062025-nettiversio.pdf<\/a>.<\/li>\n<\/ul>\n<h2><a href=\"https:\/\/blog.edu.turku.fi\/tyovaenopisto\/files\/2025\/06\/Opinto-ohjelma-25-26-pvm-19062025-nettiversio.pdf\"><img loading=\"lazy\" decoding=\"async\" class=\"alignnone size-large wp-image-4073\" src=\"https:\/\/blog.edu.turku.fi\/tyovaenopisto\/files\/2025\/06\/Opinto-ohjelman-kansikuva-2025-2026-542x767.jpg\" alt=\"Opinto-ohjelman-kansikuva-2025-2026\" width=\"542\" height=\"767\" srcset=\"https:\/\/blog.edu.turku.fi\/tyovaenopisto\/files\/2025\/06\/Opinto-ohjelman-kansikuva-2025-2026-542x767.jpg 542w, https:\/\/blog.edu.turku.fi\/tyovaenopisto\/files\/2025\/06\/Opinto-ohjelman-kansikuva-2025-2026-198x280.jpg 198w, https:\/\/blog.edu.turku.fi\/tyovaenopisto\/files\/2025\/06\/Opinto-ohjelman-kansikuva-2025-2026.jpg 724w\" sizes=\"auto, (max-width: 542px) 85vw, 542px\" \/><\/a><\/h2>\n<h2>Seuraa meit\u00e4 Facebookissa ja Instagramissa!<\/h2>\n<ul>\n<li>FB:<a href=\"http:\/\/www.facebook.com\/turuntyovaenopisto\"> http:\/\/www.facebook.com\/turuntyovaenopisto<\/a><\/li>\n<li>IG: <a href=\"https:\/\/www.instagram.com\/turuntyovis\/\">https:\/\/www.instagram.com\/turuntyovis\/<\/a><\/li>\n<\/ul>\n<p>K\u00e4ytt\u00e4mi\u00e4mme aihetunnisteita: #turunty\u00f6v\u00e4enopisto #turunty\u00f6vis #kurssitunnelmia #turku #kurssit #harrastukset #tiimivastaavat #meid\u00e4nope #meid\u00e4nopisto #kaikkienopisto #opiston\u00e4kyv\u00e4ksi<\/p>\n","protected":false},"excerpt":{"rendered":"<p>Ilmoittautuminen syksyn kursseille alkaa 25.5.2026 Ilmoittautuminen kursseille ja luennoille netiss\u00e4 Ilmoittautuminen puhelimitse 02 262 9811 ma\u2013to klo 10\u201318 Ilmoittautuminen infoon (Kaskenkatu 5, 2. krs) ma\u2013to klo 10\u201318 Tutustu kurssi- ja luentotarjontaamme: https:\/\/uusi.opistopalvelut.fi\/turku Syksyn 2026 kursseille ilmoittautuminen alkaa 25.5.2026 klo 10:00.\u00a0 Syksyn 2026 kurssit julkaistaan 18.5. osoitteessa https:\/\/uusi.opistopalvelut.fi\/turku Huhtikuun maksuttomat konsertit Konsertti: Mountains of the Moon, &hellip; <a href=\"https:\/\/blog.edu.turku.fi\/tyovaenopisto\/\" class=\"more-link\">Jatka lukemista<span class=\"screen-reader-text\"> &#8221;Etusivu&#8221;<\/span><\/a><\/p>\n","protected":false},"author":2817,"featured_media":0,"parent":0,"menu_order":0,"comment_status":"closed","ping_status":"closed","template":"","meta":{"footnotes":""},"class_list":["post-15","page","type-page","status-publish","hentry"],"_links":{"self":[{"href":"https:\/\/blog.edu.turku.fi\/tyovaenopisto\/wp-json\/wp\/v2\/pages\/15","targetHints":{"allow":["GET"]}}],"collection":[{"href":"https:\/\/blog.edu.turku.fi\/tyovaenopisto\/wp-json\/wp\/v2\/pages"}],"about":[{"href":"https:\/\/blog.edu.turku.fi\/tyovaenopisto\/wp-json\/wp\/v2\/types\/page"}],"author":[{"embeddable":true,"href":"https:\/\/blog.edu.turku.fi\/tyovaenopisto\/wp-json\/wp\/v2\/users\/2817"}],"replies":[{"embeddable":true,"href":"https:\/\/blog.edu.turku.fi\/tyovaenopisto\/wp-json\/wp\/v2\/comments?post=15"}],"version-history":[{"count":1742,"href":"https:\/\/blog.edu.turku.fi\/tyovaenopisto\/wp-json\/wp\/v2\/pages\/15\/revisions"}],"predecessor-version":[{"id":4704,"href":"https:\/\/blog.edu.turku.fi\/tyovaenopisto\/wp-json\/wp\/v2\/pages\/15\/revisions\/4704"}],"wp:attachment":[{"href":"https:\/\/blog.edu.turku.fi\/tyovaenopisto\/wp-json\/wp\/v2\/media?parent=15"}],"curies":[{"name":"wp","href":"https:\/\/api.w.org\/{rel}","templated":true}]}}