{"id":129,"date":"2020-03-26T12:21:39","date_gmt":"2020-03-26T10:21:39","guid":{"rendered":"https:\/\/blog.edu.turku.fi\/tyovaenopisto\/?page_id=129"},"modified":"2026-04-20T06:18:09","modified_gmt":"2026-04-20T03:18:09","slug":"kahvio","status":"publish","type":"page","link":"https:\/\/blog.edu.turku.fi\/tyovaenopisto\/yhteystiedot\/kahvio\/","title":{"rendered":"Kahvio"},"content":{"rendered":"<h2>Caf\u00e9 Dominic<\/h2>\n<p>Caf\u00e9 Dominic toimii Turun suomenkielisen ty\u00f6v\u00e4enopiston Kaskenkatu 5:n opistotalon ala-aulassa. Kahvion tuotevalikoimaan sis\u00e4ltyy lounaskeiton ja peruskahvilatuotteiden lis\u00e4ksi my\u00f6s erikoiskahveja. Ostetun tuotteen voi nauttia paikan p\u00e4\u00e4ll\u00e4 tai ottaa halutessaan mukaan. Caf\u00e9 Dominicista voi tilata my\u00f6s pitopalvelun juhliin.<\/p>\n<h3>Aukioloajat<\/h3>\n<p>12.1.\u2013<\/p>\n<p>ma\u2013to 9:30\u201319:30<br \/>\npe 9:30\u201315:00<\/p>\n<h3>Lounaslista<\/h3>\n<div dir=\"ltr\" data-olk-copy-source=\"MessageBody\">\n<div dir=\"ltr\" data-olk-copy-source=\"MessageBody\">\n<div dir=\"ltr\" data-olk-copy-source=\"MessageBody\">\n<p>Viikko 17<\/p>\n<p>Viikon vegetaarinen (saatavilla joka p\u00e4iv\u00e4)<br \/>\nLinssikeitto V G L<\/p>\n<p>Ma 20.4.<br \/>\nLihakeitto G L<\/p>\n<p>Ti 21.4.<br \/>\nTonnikalakiusaus G L<\/p>\n<p>Ke 22.4.<br \/>\nLohikeitto G L<\/p>\n<p>To 23.4.<br \/>\nHernekeitto ja pannukakku G L<\/p>\n<p>Pe 24.4.<br \/>\nKFC (Kaskis Fried Chicken) ja salaattibuffet L (10 \u20ac)<\/p>\n<p>Lounas klo 11.30\u201314.30 hinta 7,50 \u20ac sis\u00e4lt\u00e4\u00e4 p\u00e4iv\u00e4n ruoan, leiv\u00e4n ja veden ruokajuomana.<\/p>\n<div>\n<p>Kahvi\/tee lounaan yhteydess\u00e4 +1 euroa.<\/p>\n<\/div>\n<\/div>\n<\/div>\n<\/div>\n<div dir=\"ltr\" data-olk-copy-source=\"MessageBody\"><\/div>\n<p>G= Gluteeniton<br \/>\nL= Laktoositon<br \/>\nV= Vegetaarinen<\/p>\n<p>&nbsp;<\/p>\n<h2>Yhteystiedot<\/h2>\n<p>Kaskenkatu 5, 20700 Turku<\/p>\n<p>cafedominic00(at)gmail.com<\/p>\n<p>&nbsp;<\/p>\n<h2>5.2.2026: Runebergintorttu kohoaa enn\u00e4tyskorkeuksiin<\/h2>\n<p>Caf\u00e9 Dominic juhlistaa omaa 5-vuotistaivaltaan leipomalla Suomen \u2013 ja luultavasti maailman \u2013 suurimman runebergintortun vuoden 2026 Runeberginp\u00e4iv\u00e4n kunniaksi.<\/p>\n<div>Runebergintortun koko paljastettiin keskiviikkona 4.2.2026. Leivoksella oli korkeutta oli 57 cm ja painoa yli 33 kg. Painoa kertyi lis\u00e4\u00e4 seuraavan p\u00e4iv\u00e4n aikana kun kakkua kostutettiin entisest\u00e4\u00e4n. Leivos viipaloitiin Runeberginp\u00e4iv\u00e4n\u00e4, 5.2.2026, palat tuunattiin ja tarjoiltiin kahvion asiakkaille.<\/div>\n<div><\/div>\n<div>\n<p>Aikaisempi enn\u00e4tys suurimmasta runebergintortusta on Porista vuodelta 2024. T\u00e4ll\u00e4 leivonnaisella oli korkeutta 46 cm.<\/p>\n<div><img loading=\"lazy\" decoding=\"async\" class=\"alignnone wp-image-4474\" style=\"font-size: 28px;font-weight: 900\" src=\"https:\/\/blog.edu.turku.fi\/tyovaenopisto\/files\/2026\/02\/Runerbergintorttu-04022026.jpg\" alt=\"57 cm korkea Runebergintorttu ja tekij\u00e4t takana.\" width=\"508\" height=\"381\" srcset=\"https:\/\/blog.edu.turku.fi\/tyovaenopisto\/files\/2026\/02\/Runerbergintorttu-04022026.jpg 1000w, https:\/\/blog.edu.turku.fi\/tyovaenopisto\/files\/2026\/02\/Runerbergintorttu-04022026-373x280.jpg 373w\" sizes=\"auto, (max-width: 508px) 85vw, 508px\" \/><\/div>\n<\/div>\n<p>Kuva: 4.2.2026 \u2013 Suomen suurin runebergintorttu \u2013 57 cm, yli 33 kg.<\/p>\n<p><img loading=\"lazy\" decoding=\"async\" class=\"alignnone size-full wp-image-4480\" src=\"https:\/\/blog.edu.turku.fi\/tyovaenopisto\/files\/2026\/02\/leivos-05022026.jpg\" alt=\"Isosta runebergintortusta leikattu pala\" width=\"500\" height=\"264\" \/><\/p>\n<p>Kuva: Enn\u00e4tyskorkea leivos viipaloitiin, tuunattiin ja tarjoiltiin asiakkaille 5.2.2026<\/p>\n<p>&nbsp;<\/p>\n<p>&nbsp;<\/p>\n<p><img loading=\"lazy\" decoding=\"async\" class=\"alignnone size-large wp-image-2034\" src=\"https:\/\/blog.edu.turku.fi\/tyovaenopisto\/files\/2022\/11\/CafeDominic-s22-800x1020.jpg\" alt=\"Kahvion henkil\u00f6kuntaa tiskin \u00e4\u00e4rell\u00e4\" width=\"800\" height=\"1020\" srcset=\"https:\/\/blog.edu.turku.fi\/tyovaenopisto\/files\/2022\/11\/CafeDominic-s22.jpg 800w, https:\/\/blog.edu.turku.fi\/tyovaenopisto\/files\/2022\/11\/CafeDominic-s22-235x300.jpg 235w\" sizes=\"auto, (max-width: 800px) 85vw, 800px\" \/><\/p>\n<p><img loading=\"lazy\" decoding=\"async\" class=\"alignnone wp-image-2730\" src=\"https:\/\/blog.edu.turku.fi\/tyovaenopisto\/files\/2023\/10\/Porkkanakakku-S23-1024x823.jpg\" alt=\"Porkkanakakun paloja\" width=\"798\" height=\"641\" srcset=\"https:\/\/blog.edu.turku.fi\/tyovaenopisto\/files\/2023\/10\/Porkkanakakku-S23.jpg 1024w, https:\/\/blog.edu.turku.fi\/tyovaenopisto\/files\/2023\/10\/Porkkanakakku-S23-300x241.jpg 300w\" sizes=\"auto, (max-width: 798px) 85vw, 798px\" \/><\/p>\n","protected":false},"excerpt":{"rendered":"<p>Caf\u00e9 Dominic Caf\u00e9 Dominic toimii Turun suomenkielisen ty\u00f6v\u00e4enopiston Kaskenkatu 5:n opistotalon ala-aulassa. Kahvion tuotevalikoimaan sis\u00e4ltyy lounaskeiton ja peruskahvilatuotteiden lis\u00e4ksi my\u00f6s erikoiskahveja. Ostetun tuotteen voi nauttia paikan p\u00e4\u00e4ll\u00e4 tai ottaa halutessaan mukaan. Caf\u00e9 Dominicista voi tilata my\u00f6s pitopalvelun juhliin. Aukioloajat 12.1.\u2013 ma\u2013to 9:30\u201319:30 pe 9:30\u201315:00 Lounaslista Viikko 17 Viikon vegetaarinen (saatavilla joka p\u00e4iv\u00e4) Linssikeitto V G &hellip; <a href=\"https:\/\/blog.edu.turku.fi\/tyovaenopisto\/yhteystiedot\/kahvio\/\" class=\"more-link\">Jatka lukemista<span class=\"screen-reader-text\"> &#8221;Kahvio&#8221;<\/span><\/a><\/p>\n","protected":false},"author":2817,"featured_media":0,"parent":34,"menu_order":0,"comment_status":"closed","ping_status":"closed","template":"","meta":{"footnotes":""},"class_list":["post-129","page","type-page","status-publish","hentry"],"_links":{"self":[{"href":"https:\/\/blog.edu.turku.fi\/tyovaenopisto\/wp-json\/wp\/v2\/pages\/129","targetHints":{"allow":["GET"]}}],"collection":[{"href":"https:\/\/blog.edu.turku.fi\/tyovaenopisto\/wp-json\/wp\/v2\/pages"}],"about":[{"href":"https:\/\/blog.edu.turku.fi\/tyovaenopisto\/wp-json\/wp\/v2\/types\/page"}],"author":[{"embeddable":true,"href":"https:\/\/blog.edu.turku.fi\/tyovaenopisto\/wp-json\/wp\/v2\/users\/2817"}],"replies":[{"embeddable":true,"href":"https:\/\/blog.edu.turku.fi\/tyovaenopisto\/wp-json\/wp\/v2\/comments?post=129"}],"version-history":[{"count":364,"href":"https:\/\/blog.edu.turku.fi\/tyovaenopisto\/wp-json\/wp\/v2\/pages\/129\/revisions"}],"predecessor-version":[{"id":4706,"href":"https:\/\/blog.edu.turku.fi\/tyovaenopisto\/wp-json\/wp\/v2\/pages\/129\/revisions\/4706"}],"up":[{"embeddable":true,"href":"https:\/\/blog.edu.turku.fi\/tyovaenopisto\/wp-json\/wp\/v2\/pages\/34"}],"wp:attachment":[{"href":"https:\/\/blog.edu.turku.fi\/tyovaenopisto\/wp-json\/wp\/v2\/media?parent=129"}],"curies":[{"name":"wp","href":"https:\/\/api.w.org\/{rel}","templated":true}]}}