{"id":123,"date":"2020-03-26T12:18:37","date_gmt":"2020-03-26T10:18:37","guid":{"rendered":"https:\/\/blog.edu.turku.fi\/tyovaenopisto\/?page_id=123"},"modified":"2026-02-25T08:41:23","modified_gmt":"2026-02-25T06:41:23","slug":"opettajille-ja-luennoitsijoille","status":"publish","type":"page","link":"https:\/\/blog.edu.turku.fi\/tyovaenopisto\/opettajille-ja-luennoitsijoille\/","title":{"rendered":"Opettajille ja luennoitsijoille"},"content":{"rendered":"<h2>Tuntiopettajaksi ty\u00f6v\u00e4enopistoon?<\/h2>\n<p>Jos olet kiinnostunut tarjoutumaan opettajaksi ty\u00f6v\u00e4enopistoon ja tunnet ett\u00e4 olet t\u00e4h\u00e4n ty\u00f6h\u00f6n soveltuva, ota yhteytt\u00e4 meihin. Tammi\u2013helmikuussa suunnittelemme syksyll\u00e4 alkavan koko lukuvuoden ohjelmaa ja syys\u2013lokakuussa suunnittelemme kev\u00e4tlukukauden ohjelmaa.<\/p>\n<div>\n<p>\u2013 Opettajaksi tarjoutuva, l\u00e4het\u00e4 kurssiehdotus: <a href=\"https:\/\/link.webropolsurveys.com\/S\/FEEC9510A8FD2A97?fbclid=IwAR0MsFSfsLjySe8hPGFNLi60z2GGEBwbxCtUulBfQ6h-PdxrUSydOo7_YV0\">https:\/\/link.webropolsurveys.com\/S\/FEEC9510A8FD2A97<\/a><br \/>\n(Tee kurssiehdotuksesi Hellewiin, jos sinulla on Hellewi-tunnus)<\/p>\n<p>\u2013 <a href=\"https:\/\/blog.edu.turku.fi\/tyovaenopisto\/files\/2026\/02\/Kurssisuunnittelun_ohjeistus_2026-2027.pdf\">Kurssisuunnittelun ohjeistus 2026\u20132027 (pdf)<\/a><\/p>\n<\/div>\n<div>\n<p>\u2013 <a href=\"https:\/\/blog.edu.turku.fi\/tyovaenopisto\/files\/2026\/02\/suunnittelun-aikataulu-2026-2027.pdf\">Kurssisuunnittelun aikataulu 2026\u20132027 (pdf)<\/a><\/p>\n<\/div>\n<div>\u2013 Tiimivastaavilta saat apua kurssien suunnittelussa, ks. <a href=\"https:\/\/blog.edu.turku.fi\/tyovaenopisto\/henkilokunta\/\">https:\/\/blog.edu.turku.fi\/tyovaenopisto\/henkilokunta\/<\/a><\/div>\n<h2>Hellewi<\/h2>\n<p>Kurssisuunnitteluun, ilmoittautumistilanteen seuraamiseen, p\u00e4iv\u00e4kirjan t\u00e4ytt\u00e4miseen, viestint\u00e4\u00e4n.<\/p>\n<p>\u2013 Kirjautumisosoite: <a href=\"https:\/\/turku.opistopalvelut.fi\/#!\/login\" rel=\"alternate\">https:\/\/turku.opistopalvelut.fi<\/a><\/p>\n<p>\u2013 K\u00e4ytt\u00e4j\u00e4tunnukset: mika.tammenkoski[at]edu.turku.fi<\/p>\n<p>\u2013 Henkil\u00f6rekisteri: <a href=\"https:\/\/www.turku.fi\/tietosuoja\">https:\/\/www.turku.fi\/tietosuoja<\/a> Tietosuojaselosteet &gt; Lapset ja nuoret &gt; <em>Kurssien tai ryhmien hallintaj\u00e4rjestelm\u00e4n henkil\u00f6tietokanta (Hellewi):\u00a0<\/em><\/p>\n<h2>Edu.turku.fi-k\u00e4ytt\u00e4j\u00e4tunnus, s\u00e4hk\u00f6posti + office<\/h2>\n<p>Tietokoneelle kirjautumiseen, kopiointiin ja tulostamiseen, M365-palvelun (Outlook, Teams, Word, Powerpoint jne.) k\u00e4ytt\u00f6\u00f6n. K\u00e4ytt\u00e4j\u00e4tunnus ja s\u00e4hk\u00f6posti ovat voimassa ty\u00f6suhteen ollessa voimassa.<\/p>\n<p>1. Allekirjoita toimistosta saatava lomake <em>Turun kaupungin tietosuoja- ja tietoturvaohje<\/em> ja palauta se toimistoon.<\/p>\n<p>2. Pyyd\u00e4 edu-tunnusta\/-s\u00e4hk\u00f6postiosoitetta osoitteesta mika.tammenkoski[at]edu.turku.fi. Tunnus valmistuu muutamia p\u00e4ivi\u00e4 ennen ty\u00f6suhteesi alkamista.<\/p>\n<p>\u2013 Kirjautumisosoite: <a href=\"https:\/\/www.outlook.com\/edu.turku.fi\">https:\/\/www.outlook.com\/edu.turku.fi<\/a><\/p>\n<p>\u2013 K\u00e4ytt\u00e4j\u00e4tunnus: etunimi.sukunimi@edu.turku.fi<\/p>\n<p>\u2013 Salasana: luo itsellesi salasana osoitteessa <a href=\"https:\/\/id.edu.turku.fi\/\">https:\/\/id.edu.turku.fi<\/a><\/p>\n<p>\u2013 Ohjeistusta salasanan vaihtamiseen: <a href=\"https:\/\/edu.turku.fi\/ohjeet\/salasanojen-vaihtaminen\/\">https:\/\/edu.turku.fi\/ohjeet\/salasanojen-vaihtaminen\/<\/a><\/p>\n<p>3. Ota k\u00e4ytt\u00f6\u00f6n turvallinen tunnistautuminen, jos haluat lukea ty\u00f6s\u00e4hk\u00f6postia (k\u00e4ytt\u00e4\u00e4 M365-palveluita) ty\u00f6paikan ulkopuolella: <a href=\"https:\/\/edu.turku.fi\/uutiset-turvallisen-tunnistautumisen-ohjeet\/\">https:\/\/edu.turku.fi\/uutiset-turvallisen-tunnistautumisen-ohjeet\/<\/a><br \/>\nHuom! Turvallisen tunnistautumisen rekister\u00f6inti on mahdollista tehd\u00e4 vain Turun kaupungin sis\u00e4verkossa. Rekister\u00f6inti ei ole mahdollista ty\u00f6koneelta, jos sit\u00e4 k\u00e4ytt\u00e4\u00e4 sis\u00e4verkon ulkopuolella, esimerkiksi kotona.<\/p>\n<h2>Kopiointi ja tulostus \u2013 RFID-tarra ja edu-tunnus tarvitaan<\/h2>\n<p>\u2013 Kirjaudu opiston tietokoneelle. Asenna uniFLOW. Rekister\u00f6i RFID-tarra: <a href=\"https:\/\/blog.edu.turku.fi\/tyovaenopisto\/files\/2025\/01\/Monitoimilaitteiden-kaytto-2025.pdf\">https:\/\/blog.edu.turku.fi\/tyovaenopisto\/files\/2025\/01\/Monitoimilaitteiden-kaytto-2025.pdf<\/a><\/p>\n<h2><strong>Moodle \u2013 materiaalijaot, keskustelut, kotiteht\u00e4v\u00e4t ym.<\/strong><\/h2>\n<p>\u2013 Kirjautumisosoite: <a href=\"https:\/\/lukio.edu.turku.fi\">https:\/\/lukio.edu.turku.fi<\/a><\/p>\n<p>\u2013 Kirjaudu etunimi.sukunimi@edu.turku.fi-tunnuksellasi.<\/p>\n<p>\u2013 Moodle-pohjat: tee ensikirjautuminen Moodleen ja pyyd\u00e4 sitten kurssialustaa osoitteesta mika.tammenkoski[at]edu.turku.fi.<\/p>\n<p>\u2013 Opiskelijat luovat itselleen k\u00e4ytt\u00e4j\u00e4tunnuksen (<a href=\"https:\/\/lukio.edu.turku.fi\/login\/signup.php\">https:\/\/lukio.edu.turku.fi\/login\/signup.php<\/a>), jolla he kirjautuvat Moodleen. Lis\u00e4ksi he tarvitsevat opettajalta kurssiavaimen ja ohjeistuksen liittymiseen.<\/p>\n<p>Muokattava opiskelijoille l\u00e4hetett\u00e4v\u00e4 perusohje: Kuinka p\u00e4\u00e4sen Moodleen?<br \/>\n1. Luo itsellesi Moodle-tunnus osoitteessa https:\/\/lukio.edu.turku.fi\/login\/signup.php<br \/>\n2. Avaa s\u00e4hk\u00f6postisiisi tullut viesti &#8221;Lukio-Moodle: tunnuksen vahvistaminen&#8221;. S\u00e4hk\u00f6postiviestiss\u00e4 on linkki, jota klikkaamalla viimeistelet k\u00e4ytt\u00e4j\u00e4tunnuksesi k\u00e4ytt\u00f6\u00f6noton.<br \/>\n3. Avaa Moodle https:\/\/lukio.edu.turku.fi ja kirjoita yl\u00e4laidan HAE-kentt\u00e4\u00e4n kurssin nimi: viron syysalkeet<br \/>\n4. Valitse hakutuloksista oikea kurssi ja klikkaa &#8221;Osallistu kurssille&#8221;. Kirjoita sivun alalaidassa olevaan &#8221;Kurssialueelle liittyminen&#8221; -kentt\u00e4\u00e4n opettajalta saamasi kurssiavain: &lt;avain&gt;.<\/p>\n<h2>Lomakkeet<\/h2>\n<p><a name=\"lomakkeet\"><\/a><br \/>\n\u2013 Kurssiehdotuslomake: <a href=\"https:\/\/link.webropolsurveys.com\/S\/FEEC9510A8FD2A97\">https:\/\/link.webropolsurveys.com\/S\/FEEC9510A8FD2A97<\/a> (Tee kurssiehdotuksesi Hellewiin, jos sinulla on Hellewi-tunnus)<\/p>\n<p>\u2013 Matkalaskulomake tuntiopettajille: <a href=\"https:\/\/link.webropolsurveys.com\/S\/E5E446C55769EAF8\">https:\/\/link.webropolsurveys.com\/S\/E5E446C55769EAF8<\/a><\/p>\n<p>\u2013 Tuntiopettajan palkkatietolomake. T\u00e4ll\u00e4 lomakkeella ilmoitetaan HelleWi-palkanmaksussa huomioimattomat opetus- ja muun ty\u00f6n tunnit. <a href=\"https:\/\/link.webropolsurveys.com\/S\/EB68CEE2778072FF\">https:\/\/link.webropolsurveys.com\/S\/EB68CEE2778072FF<\/a><\/p>\n<p>\u2013 Tuntiopettajan henkil\u00f6tietolomake: <a href=\"https:\/\/link.webropolsurveys.com\/S\/B43268833167F55F\">https:\/\/link.webropolsurveys.com\/S\/B43268833167F55F<\/a><\/p>\n<h2>Opintopistekurssit<\/h2>\n<p>Kansalais- ja ty\u00f6v\u00e4enopistojen opintopistekursseilla on mahdollista saada opintopisteit\u00e4, jotka voidaan kirjata Oma Opintopolkuun.<\/p>\n<p>Tavoitteena on kuvata ja toteuttaa opetusta osaamisperusteisesti sek\u00e4 tuottaa osaamiskokonaisuuksia, jotka voidaan kirjata suoritteina Oma Opintopolkuun.<\/p>\n<p><a href=\"https:\/\/blog.edu.turku.fi\/tyovaenopisto\/files\/2023\/08\/Opintopistekurssit.pdf\">Opintopistekurssit<\/a> <a href=\"https:\/\/blog.edu.turku.fi\/tyovaenopisto\/files\/2023\/08\/Informointilomake.docx\">Informointilomake<\/a> <a href=\"https:\/\/blog.edu.turku.fi\/tyovaenopisto\/files\/2023\/08\/Suostumuslomake-Tsuto.pdf\">Suostumuslomake Tsuto<\/a><\/p>\n<h2>Luennoitsijoille<\/h2>\n<p><a name=\"luennoitsijoille\"><\/a><br \/>\nLuentoehdotukset, toiveet ja palautteet: tyovaenopisto@edu.turku.fi<\/p>\n<p>\u2013 <a href=\"https:\/\/blog.edu.turku.fi\/tyovaenopisto\/opetustilat\/\">Luentotilat<\/a><\/p>\n<p>\u2013 Luennoitsijan palkkiotietolomake: <a href=\"https:\/\/link.webropolsurveys.com\/S\/09EAA60C8AFE297B\">https:\/\/link.webropolsurveys.com\/S\/09EAA60C8AFE297B<\/a><\/p>\n<p>\u2013 Matkalaskulomake: <a href=\"https:\/\/link.webropolsurveys.com\/S\/27396E93B796F848\">https:\/\/link.webropolsurveys.com\/S\/27396E93B796F848<\/a><\/p>\n<h2>Ty\u00f6terveys<\/h2>\n<p>Ty\u00f6suhteen ollessa voimassa tuntiopettajille kuuluvat kaupungin ty\u00f6terveyspalvelut. Lis\u00e4tietoa Metkussa.<\/p>\n<p>\u2013 Ty\u00f6terveys sijaitsee osoitteessa H\u00e4meenkatu 10<\/p>\n<p>\u2013\u00a0 <a href=\"https:\/\/www.terveysturku.fi\">https:\/\/www.terveysturku.fi<\/a> &gt; Suosi nettiajanvarausta<\/p>\n<h2>\u00c4lytaulut<\/h2>\n<ol>\n<li>Kytke virta \u00e4lytauluun, tietokoneeseen ja tietokoneen n\u00e4ytt\u00f6\u00f6n. Sulje kannettavan tietokoneen kansi.<\/li>\n<li>Valitse \u00e4lytaulusta HDMI1.<\/li>\n<li>Paina &#8221;windows p&#8221; ja valitse avautuneesta valikosta &#8221;sama n\u00e4ytt\u00f6&#8221;, jos \u00e4lytaulun n\u00e4yt\u00f6ll\u00e4 ei n\u00e4y ohjelmien k\u00e4ynnistyskuvakkeita.<\/li>\n<li>\u00c4lytaulun Koti-painikkeen kautta saat piirto\/kirjoitus-tilan kyn\u00e4kuvakkeesta.<\/li>\n<\/ol>\n","protected":false},"excerpt":{"rendered":"<p>Tuntiopettajaksi ty\u00f6v\u00e4enopistoon? Jos olet kiinnostunut tarjoutumaan opettajaksi ty\u00f6v\u00e4enopistoon ja tunnet ett\u00e4 olet t\u00e4h\u00e4n ty\u00f6h\u00f6n soveltuva, ota yhteytt\u00e4 meihin. Tammi\u2013helmikuussa suunnittelemme syksyll\u00e4 alkavan koko lukuvuoden ohjelmaa ja syys\u2013lokakuussa suunnittelemme kev\u00e4tlukukauden ohjelmaa. \u2013 Opettajaksi tarjoutuva, l\u00e4het\u00e4 kurssiehdotus: https:\/\/link.webropolsurveys.com\/S\/FEEC9510A8FD2A97 (Tee kurssiehdotuksesi Hellewiin, jos sinulla on Hellewi-tunnus) \u2013 Kurssisuunnittelun ohjeistus 2026\u20132027 (pdf) \u2013 Kurssisuunnittelun aikataulu 2026\u20132027 (pdf) \u2013 Tiimivastaavilta &hellip; <a href=\"https:\/\/blog.edu.turku.fi\/tyovaenopisto\/opettajille-ja-luennoitsijoille\/\" class=\"more-link\">Jatka lukemista<span class=\"screen-reader-text\"> &#8221;Opettajille ja luennoitsijoille&#8221;<\/span><\/a><\/p>\n","protected":false},"author":2817,"featured_media":0,"parent":0,"menu_order":0,"comment_status":"closed","ping_status":"closed","template":"","meta":{"footnotes":""},"class_list":["post-123","page","type-page","status-publish","hentry"],"_links":{"self":[{"href":"https:\/\/blog.edu.turku.fi\/tyovaenopisto\/wp-json\/wp\/v2\/pages\/123","targetHints":{"allow":["GET"]}}],"collection":[{"href":"https:\/\/blog.edu.turku.fi\/tyovaenopisto\/wp-json\/wp\/v2\/pages"}],"about":[{"href":"https:\/\/blog.edu.turku.fi\/tyovaenopisto\/wp-json\/wp\/v2\/types\/page"}],"author":[{"embeddable":true,"href":"https:\/\/blog.edu.turku.fi\/tyovaenopisto\/wp-json\/wp\/v2\/users\/2817"}],"replies":[{"embeddable":true,"href":"https:\/\/blog.edu.turku.fi\/tyovaenopisto\/wp-json\/wp\/v2\/comments?post=123"}],"version-history":[{"count":295,"href":"https:\/\/blog.edu.turku.fi\/tyovaenopisto\/wp-json\/wp\/v2\/pages\/123\/revisions"}],"predecessor-version":[{"id":4564,"href":"https:\/\/blog.edu.turku.fi\/tyovaenopisto\/wp-json\/wp\/v2\/pages\/123\/revisions\/4564"}],"wp:attachment":[{"href":"https:\/\/blog.edu.turku.fi\/tyovaenopisto\/wp-json\/wp\/v2\/media?parent=123"}],"curies":[{"name":"wp","href":"https:\/\/api.w.org\/{rel}","templated":true}]}}