{"id":117,"date":"2020-03-26T12:17:33","date_gmt":"2020-03-26T10:17:33","guid":{"rendered":"https:\/\/blog.edu.turku.fi\/tyovaenopisto\/?page_id=117"},"modified":"2026-02-24T09:04:29","modified_gmt":"2026-02-24T07:04:29","slug":"hankkeet","status":"publish","type":"page","link":"https:\/\/blog.edu.turku.fi\/tyovaenopisto\/hankkeet\/","title":{"rendered":"Hankkeet"},"content":{"rendered":"<h3>Jatkuvan oppimisen ekosysteemi JOE<\/h3>\n<p>Turun alueen vapaan sivistysty\u00f6n oppilaitokset tekev\u00e4t yhteisty\u00f6t\u00e4 ja ovat laatineet <a href=\"https:\/\/blog.edu.turku.fi\/tyovaenopisto\/files\/2025\/05\/JOE_palvelukartta_2504.pdf\">palvelukartan<\/a> (pdf), jossa vapaan sivistysty\u00f6n tarjonnassa keskeiset jatkuvan oppimisen aihealueet on kuvattu.<\/p>\n<h2>Maahanmuuttajanaisten tukiryhm\u00e4t -hanke (AMIF)<\/h2>\n<p><img loading=\"lazy\" decoding=\"async\" class=\"alignnone wp-image-4282\" src=\"https:\/\/blog.edu.turku.fi\/tyovaenopisto\/files\/2025\/11\/FI_fundedbyEU_VERTICAL_RGB_POS-757x767.png\" alt=\"EU-logo, EU:n rahoittama hanke\" width=\"265\" height=\"269\" srcset=\"https:\/\/blog.edu.turku.fi\/tyovaenopisto\/files\/2025\/11\/FI_fundedbyEU_VERTICAL_RGB_POS-757x767.png 757w, https:\/\/blog.edu.turku.fi\/tyovaenopisto\/files\/2025\/11\/FI_fundedbyEU_VERTICAL_RGB_POS-276x280.png 276w, https:\/\/blog.edu.turku.fi\/tyovaenopisto\/files\/2025\/11\/FI_fundedbyEU_VERTICAL_RGB_POS.png 910w\" sizes=\"auto, (max-width: 265px) 85vw, 265px\" \/><\/p>\n<p>Hankkeen toiminta on suunnattu kolmansien maiden maahanmuuttajanaisille. Tavoitteena on vahvistaa osallistujien valmiuksia ty\u00f6nhakuun ja ty\u00f6el\u00e4m\u00e4\u00e4n, sek\u00e4 tarjota tukea ja k\u00e4yt\u00e4nn\u00f6n taitoja arkeen ja kotoutumiseen.<\/p>\n<p>Ty\u00f6el\u00e4m\u00e4taidot Ke klo 11.00\u201313.15 14.1.\u201310.6.2026<\/p>\n<p>Digitaidot el\u00e4m\u00e4\u00e4n Pe klo 9.00\u201311.45 16.1.\u201312.6.2026<\/p>\n<p>Matematiikan matkalla Ma klo 13.30\u201315.00 12.1.\u20138.6.2026<\/p>\n<p>Ruoanvalmistuksen perusteet Ti klo 13.00\u201315.15 20.1., 3.2., 24.2., 10.3., 24.3., 7.4., 21.4. ja 5.5.2026<\/p>\n","protected":false},"excerpt":{"rendered":"<p>Jatkuvan oppimisen ekosysteemi JOE Turun alueen vapaan sivistysty\u00f6n oppilaitokset tekev\u00e4t yhteisty\u00f6t\u00e4 ja ovat laatineet palvelukartan (pdf), jossa vapaan sivistysty\u00f6n tarjonnassa keskeiset jatkuvan oppimisen aihealueet on kuvattu. Maahanmuuttajanaisten tukiryhm\u00e4t -hanke (AMIF) Hankkeen toiminta on suunnattu kolmansien maiden maahanmuuttajanaisille. Tavoitteena on vahvistaa osallistujien valmiuksia ty\u00f6nhakuun ja ty\u00f6el\u00e4m\u00e4\u00e4n, sek\u00e4 tarjota tukea ja k\u00e4yt\u00e4nn\u00f6n taitoja arkeen ja kotoutumiseen. Ty\u00f6el\u00e4m\u00e4taidot &hellip; <a href=\"https:\/\/blog.edu.turku.fi\/tyovaenopisto\/hankkeet\/\" class=\"more-link\">Jatka lukemista<span class=\"screen-reader-text\"> &#8221;Hankkeet&#8221;<\/span><\/a><\/p>\n","protected":false},"author":2817,"featured_media":0,"parent":0,"menu_order":0,"comment_status":"closed","ping_status":"closed","template":"","meta":{"footnotes":""},"class_list":["post-117","page","type-page","status-publish","hentry"],"_links":{"self":[{"href":"https:\/\/blog.edu.turku.fi\/tyovaenopisto\/wp-json\/wp\/v2\/pages\/117","targetHints":{"allow":["GET"]}}],"collection":[{"href":"https:\/\/blog.edu.turku.fi\/tyovaenopisto\/wp-json\/wp\/v2\/pages"}],"about":[{"href":"https:\/\/blog.edu.turku.fi\/tyovaenopisto\/wp-json\/wp\/v2\/types\/page"}],"author":[{"embeddable":true,"href":"https:\/\/blog.edu.turku.fi\/tyovaenopisto\/wp-json\/wp\/v2\/users\/2817"}],"replies":[{"embeddable":true,"href":"https:\/\/blog.edu.turku.fi\/tyovaenopisto\/wp-json\/wp\/v2\/comments?post=117"}],"version-history":[{"count":60,"href":"https:\/\/blog.edu.turku.fi\/tyovaenopisto\/wp-json\/wp\/v2\/pages\/117\/revisions"}],"predecessor-version":[{"id":4535,"href":"https:\/\/blog.edu.turku.fi\/tyovaenopisto\/wp-json\/wp\/v2\/pages\/117\/revisions\/4535"}],"wp:attachment":[{"href":"https:\/\/blog.edu.turku.fi\/tyovaenopisto\/wp-json\/wp\/v2\/media?parent=117"}],"curies":[{"name":"wp","href":"https:\/\/api.w.org\/{rel}","templated":true}]}}