{"id":1140,"date":"2021-05-31T13:42:02","date_gmt":"2021-05-31T10:42:02","guid":{"rendered":"https:\/\/blog.edu.turku.fi\/tyovaenopisto\/?page_id=1140"},"modified":"2026-01-05T08:04:42","modified_gmt":"2026-01-05T06:04:42","slug":"suomi_haltuun","status":"publish","type":"page","link":"https:\/\/blog.edu.turku.fi\/tyovaenopisto\/suomi_haltuun\/","title":{"rendered":"Suomi haltuun -koulutus"},"content":{"rendered":"<h2>Maahanmuuttajien nuorisotakuukoulutus on nyt Suomi haltuun -koulutus!<\/h2>\n<p>Haku ei ole nyt avoinna.<\/p>\n<p><strong>Koulutuksen tavoite ja sis\u00e4lt\u00f6<\/strong><\/p>\n<p>\u2013 P\u00e4\u00e4paino on suomen kielen opetuksessa. Opetuksessa pyrit\u00e4\u00e4n vahvistamaan opiskelijan kielitaitoa niin, ett\u00e4 h\u00e4n voi tulevaisuudessa opiskella mahdollisimman t\u00e4ysipainoisesti toisen asteen koulutuksessa ja selviyty\u00e4 ty\u00f6el\u00e4m\u00e4ss\u00e4 suomen kielell\u00e4.<\/p>\n<p>\u2013 Selkiytet\u00e4\u00e4n nuoren suunnitelmia sek\u00e4 tarjotaan tukea koulutuksellisten ja ty\u00f6h\u00f6n liittyvien tavoitteiden hahmottamisessa.<\/p>\n<p>\u2013 Koulutuksessa painotetaan nuorten sosiaalisten valmiuksien vahvistamista, syrj\u00e4ytymisen ehk\u00e4isemist\u00e4 ja kulttuurista integraatiota.<\/p>\n<p>&nbsp;<\/p>\n<p><strong>Kenelle<\/strong><\/p>\n<p>\u2013 Heikossa opiskelu- tai ty\u00f6markkinatilanteessa oleville 18\u201335-vuotiaille maahanmuuttajanuorille.<\/p>\n<p>&nbsp;<\/p>\n<p><strong>Kenelle koulutus ei sovi<\/strong><\/p>\n<p>\u2013 Oppivelvollisille.<\/p>\n<p>&nbsp;<\/p>\n<p><strong>Suomen kielen taitotasot<\/strong><\/p>\n<p>Syksy 2025<\/p>\n<p>\u2013 Ryhm\u00e4 A: A0<\/p>\n<p>\u2013 Ryhm\u00e4 B: A2\u2013B<\/p>\n<p>Kev\u00e4t 2026<\/p>\n<p>\u2013 Ryhm\u00e4 A: A1.3<\/p>\n<p>\u2013 Ryhm\u00e4 B: A2\u2013B<\/p>\n<p>&nbsp;<\/p>\n<p><strong>Opintojen laajuus<\/strong><\/p>\n<p>\u2013 Maanantaista torstaihin klo 8.30\u201313.00<br \/>\n\u2013 20 tuntia \/ viikko<br \/>\n\u2013 Syyslukukausi 1.9.\u201311.12.2025 ja joululoma 12.12.2025\u201311.1.2026)<br \/>\n\u2013 Kev\u00e4tlukukausi 12.1.\u201313.5.2026 (talviloma 16.\u201322.2.2026)<\/p>\n<p>&nbsp;<\/p>\n<p><strong>Kustannukset<\/strong><\/p>\n<p>\u2013 Opiskelu on maksutonta.<\/p>\n<p>&nbsp;<\/p>\n<p><strong>Hakeminen ja lis\u00e4tiedot<\/strong><\/p>\n<p>Haku ei ole avoinna. Vapaita paikkoja voi tiedustella opettajilta tammikuussa.\u00a0<\/p>\n<p>Ohjaava opettaja Milla Lastusaari<br \/>\nmilla.lastusaari@edu.turku.fi \u2022 p. 040 658 8189<\/p>\n","protected":false},"excerpt":{"rendered":"<p>Maahanmuuttajien nuorisotakuukoulutus on nyt Suomi haltuun -koulutus! Haku ei ole nyt avoinna. Koulutuksen tavoite ja sis\u00e4lt\u00f6 \u2013 P\u00e4\u00e4paino on suomen kielen opetuksessa. Opetuksessa pyrit\u00e4\u00e4n vahvistamaan opiskelijan kielitaitoa niin, ett\u00e4 h\u00e4n voi tulevaisuudessa opiskella mahdollisimman t\u00e4ysipainoisesti toisen asteen koulutuksessa ja selviyty\u00e4 ty\u00f6el\u00e4m\u00e4ss\u00e4 suomen kielell\u00e4. \u2013 Selkiytet\u00e4\u00e4n nuoren suunnitelmia sek\u00e4 tarjotaan tukea koulutuksellisten ja ty\u00f6h\u00f6n liittyvien tavoitteiden &hellip; <a href=\"https:\/\/blog.edu.turku.fi\/tyovaenopisto\/suomi_haltuun\/\" class=\"more-link\">Jatka lukemista<span class=\"screen-reader-text\"> &#8221;Suomi haltuun -koulutus&#8221;<\/span><\/a><\/p>\n","protected":false},"author":2817,"featured_media":0,"parent":0,"menu_order":0,"comment_status":"closed","ping_status":"closed","template":"","meta":{"footnotes":""},"class_list":["post-1140","page","type-page","status-publish","hentry"],"_links":{"self":[{"href":"https:\/\/blog.edu.turku.fi\/tyovaenopisto\/wp-json\/wp\/v2\/pages\/1140","targetHints":{"allow":["GET"]}}],"collection":[{"href":"https:\/\/blog.edu.turku.fi\/tyovaenopisto\/wp-json\/wp\/v2\/pages"}],"about":[{"href":"https:\/\/blog.edu.turku.fi\/tyovaenopisto\/wp-json\/wp\/v2\/types\/page"}],"author":[{"embeddable":true,"href":"https:\/\/blog.edu.turku.fi\/tyovaenopisto\/wp-json\/wp\/v2\/users\/2817"}],"replies":[{"embeddable":true,"href":"https:\/\/blog.edu.turku.fi\/tyovaenopisto\/wp-json\/wp\/v2\/comments?post=1140"}],"version-history":[{"count":53,"href":"https:\/\/blog.edu.turku.fi\/tyovaenopisto\/wp-json\/wp\/v2\/pages\/1140\/revisions"}],"predecessor-version":[{"id":4388,"href":"https:\/\/blog.edu.turku.fi\/tyovaenopisto\/wp-json\/wp\/v2\/pages\/1140\/revisions\/4388"}],"wp:attachment":[{"href":"https:\/\/blog.edu.turku.fi\/tyovaenopisto\/wp-json\/wp\/v2\/media?parent=1140"}],"curies":[{"name":"wp","href":"https:\/\/api.w.org\/{rel}","templated":true}]}}